{"id":30010,"date":"2026-03-27T23:07:19","date_gmt":"2026-03-27T15:07:19","guid":{"rendered":"https:\/\/www.vape4wholesale.com\/?post_type=product&#038;p=30010"},"modified":"2026-03-28T08:52:11","modified_gmt":"2026-03-28T00:52:11","slug":"fumot-digital-box-12000-12k-europe-warehouse","status":"publish","type":"product","link":"https:\/\/www.vape4wholesale.com\/sl\/product\/fumot-digital-box-12000-12k-europe-warehouse","title":{"rendered":"Fumot Digital Box 12000 (12K) Evropsko skladi\u0161\u010de"},"content":{"rendered":"<p>Fumot Digital Box 12000 je visokozmogljiv vape za enkratno uporabo z mo\u017enostjo polnjenja, ki je zasnovan za dalj\u0161o uporabo in stalno delovanje. Predhodno napolnjen z 20 ml e-teko\u010dine v testnih pogojih omogo\u010da do 12.000 vdihov in je na voljo v \u0161tirih stopnjah nikotina: 0%, 2%, 3% in 5%, da ustreza razli\u010dnim \u017eeljam.<\/p>\n<p>Naprava je opremljena z \u017eivahnim zaslonom LED, ki v realnem \u010dasu zagotavlja informacije o stanju baterije in stanju e-teko\u010dine, tako da so uporabniki obve\u0161\u010deni \u017ee na prvi pogled. Tehnologija mre\u017easte spirale 0,8\u03a9 zagotavlja enakomerno segrevanje in bogato dostavo okusa, medtem ko vgrajena 550 mAh polnilna baterija in sodoben vhod za polnjenje Type-C omogo\u010data hitro in neproblemati\u010dno polnjenje. Digital Box 12000 z raznolikim izborom 56 okusov - od sadnih me\u0161anic in mentolovih mo\u017enosti do pija\u010d in tobaka - zdru\u017euje vrhunsko tehnologijo z uporabni\u0161ko usmerjenim dizajnom za vrhunsko izku\u0161njo vapinga.<\/p>\n<p>Poleg tega dobavljamo ta izdelek iz na\u0161ega evropskega skladi\u0161\u010da, to je brezpla\u010dna dostava, ki zagotavlja hitro in zanesljivo dostavo v ve\u010dino evropskih dr\u017eav v pribli\u017eno enem tednu do 10 dni.<\/p>\n<h2><strong>Fumot Digital Box 12000 Tehni\u010dne specifikacije<\/strong><\/h2>\n<div class=\"ds-scroll-area ds-scroll-area--show-on-focus-within _1210dd7 c03cafe9\">\n<div class=\"ds-scroll-area__gutters\">\n<div class=\"ds-scroll-area__vertical-gutter\"><\/div>\n<\/div>\n<table>\n<thead>\n<tr>\n<th>Parameter<\/th>\n<th>Specifikacija<\/th>\n<\/tr>\n<\/thead>\n<tbody>\n<tr>\n<td><strong>Kapaciteta e-teko\u010dine<\/strong><\/td>\n<td>20 ml<\/td>\n<\/tr>\n<tr>\n<td><strong>\u0160tevilo puhlic<\/strong><\/td>\n<td>Do 12.000 vpihov (v testnih pogojih)<\/td>\n<\/tr>\n<tr>\n<td><strong>Mo\u017enosti jakosti nikotina<\/strong><\/td>\n<td>0%, 2%, 3%, 5%<\/td>\n<\/tr>\n<tr>\n<td><strong>Zmogljivost baterije<\/strong><\/td>\n<td>550 mAh (vgrajena akumulatorska baterija)<\/td>\n<\/tr>\n<tr>\n<td><strong>Polnilna vrata<\/strong><\/td>\n<td>Type-C<\/td>\n<\/tr>\n<tr>\n<td><strong>Tip tuljave<\/strong><\/td>\n<td>Mre\u017easta tuljava<\/td>\n<\/tr>\n<tr>\n<td><strong>Odpornost tuljave<\/strong><\/td>\n<td>0.8\u03a9<\/td>\n<\/tr>\n<tr>\n<td><strong>Prikaz<\/strong><\/td>\n<td>Prikazovalnik LED (prikazuje stanje baterije in raven e-teko\u010dine)<\/td>\n<\/tr>\n<tr>\n<td><strong>Mo\u017enosti okusa<\/strong><\/td>\n<td>56 okusov<\/td>\n<\/tr>\n<tr>\n<td><strong>Akumulatorska<\/strong><\/td>\n<td>Da<\/td>\n<\/tr>\n<\/tbody>\n<\/table>\n<p>&nbsp;<\/p>\n<h2><strong>Razpolo\u017eljivi okusi<\/strong><\/h2>\n<p>1. Hladna meta<br \/>\n2. \u010ce\u0161njev led<br \/>\n3. Cherry Cola<br \/>\n4. Grozdni led<br \/>\n5. Bujni led<br \/>\n6. Ice Pop<br \/>\n7. Jagodni led<br \/>\n8. Roza limonada<br \/>\n9. Mango na ledu<br \/>\n10. Me\u0161ano jagodi\u010devje<br \/>\n11. Jagodni krof<br \/>\n12. Grozdje jagode<br \/>\n13. Borovnica malina<br \/>\n14. Jagodna lubenica<br \/>\n15. Jagodna banana<br \/>\n16. Led iz lubenice<br \/>\n17. Dr. Blue<br \/>\n18. Borovnice na ledu<br \/>\n19. Kivi Pasijonka Guava<br \/>\n20. Jagodni kivi<br \/>\n21. Peach Mango<br \/>\n22. Breskov led<br \/>\n23. Led iz rde\u010dega jabolka<br \/>\n24. Borovnica Bubblegum<br \/>\n25. Jagodna limonada<br \/>\n26. Blue Razz Lemonade<br \/>\n27. Bluesour Raspberry<br \/>\n28. Jagodni Red Bull<br \/>\n29. Jabol\u010dno jagodi\u010devje Blast<br \/>\n30. \u017dve\u010dilni gumi z lubenico<br \/>\n31. Malinova lubenica<br \/>\n32. \u010crni led<br \/>\n33. Borovnica \u010ce\u0161nja Brusnica<br \/>\n34. Jagodni pomp (granatno jabolko)<br \/>\n35. Vimto<br \/>\n36. Cherry Berry<br \/>\n37. Limona in limeta<br \/>\n38. Bingo Crush<br \/>\n39. Blueberry Kiwi<br \/>\n40. Jabol\u010dni cimet<br \/>\n41. Banana Ice<br \/>\n42. Dragonfruit Ice<br \/>\n43. Sadna fuzija<br \/>\n44. Grozdna meta<br \/>\n45. Ljubezen 66<br \/>\n46. Ananasov led<br \/>\n47. Red Energy Ice<br \/>\n48. Dve jabolki<br \/>\n49. Tobak<br \/>\n50. Cola Ice<br \/>\n51. Ledeni \u010daj Lemon Ice<br \/>\n52. Ledeni \u010daj Peach Ice<br \/>\n53. Modri gumijasti medvedek Razz<br \/>\n54. Kubanski mentolni mojito<br \/>\n55. \u017dve\u010dilni gumi Juicy Fruit<br \/>\n56. Ribena Gummy Lemon<\/p>\n<\/div>\n<h2><strong>Pakiranje in te\u017ea<\/strong><\/h2>\n<ul>\n<li>0,095 kg\/PCS, enojni z majhnim paketom<\/li>\n<li>10 kosov v srednje veliki \u0161katli<\/li>\n<li>200 kosov v glavni \u0161katli<\/li>\n<\/ul>\n<figure id=\"attachment_26810\" aria-describedby=\"caption-attachment-26810\" style=\"width: 800px\" class=\"wp-caption alignnone\"><img loading=\"lazy\" decoding=\"async\" class=\"wp-image-26810 size-full\" title=\"Fumot Digital Box 12000 za enkratno uporabo Vape na debelo jagoda Donut\" src=\"https:\/\/www.vape4wholesale.com\/wp-content\/uploads\/2023\/10\/Fumot-Digital-12000-Disposable-Vape-Wholesale-Strawberry-Donut-1.jpg\" alt=\"Fumot Digital Box 12000 za enkratno uporabo Vape na debelo jagoda Donut\" width=\"800\" height=\"800\" srcset=\"https:\/\/www.vape4wholesale.com\/wp-content\/uploads\/2023\/10\/Fumot-Digital-12000-Disposable-Vape-Wholesale-Strawberry-Donut-1.jpg 800w, https:\/\/www.vape4wholesale.com\/wp-content\/uploads\/2023\/10\/Fumot-Digital-12000-Disposable-Vape-Wholesale-Strawberry-Donut-1-300x300.jpg 300w, https:\/\/www.vape4wholesale.com\/wp-content\/uploads\/2023\/10\/Fumot-Digital-12000-Disposable-Vape-Wholesale-Strawberry-Donut-1-150x150.jpg 150w, https:\/\/www.vape4wholesale.com\/wp-content\/uploads\/2023\/10\/Fumot-Digital-12000-Disposable-Vape-Wholesale-Strawberry-Donut-1-768x768.jpg 768w, https:\/\/www.vape4wholesale.com\/wp-content\/uploads\/2023\/10\/Fumot-Digital-12000-Disposable-Vape-Wholesale-Strawberry-Donut-1-12x12.jpg 12w, https:\/\/www.vape4wholesale.com\/wp-content\/uploads\/2023\/10\/Fumot-Digital-12000-Disposable-Vape-Wholesale-Strawberry-Donut-1-247x247.jpg 247w, https:\/\/www.vape4wholesale.com\/wp-content\/uploads\/2023\/10\/Fumot-Digital-12000-Disposable-Vape-Wholesale-Strawberry-Donut-1-510x510.jpg 510w, https:\/\/www.vape4wholesale.com\/wp-content\/uploads\/2023\/10\/Fumot-Digital-12000-Disposable-Vape-Wholesale-Strawberry-Donut-1-100x100.jpg 100w\" sizes=\"auto, (max-width: 800px) 100vw, 800px\" \/><figcaption id=\"caption-attachment-26810\" class=\"wp-caption-text\">Fumot Digital Box 12000 za enkratno uporabo Vape na debelo jagoda Donut<\/figcaption><\/figure>\n<p>&nbsp;<\/p>\n<h2>ZAKAJ MI?<\/h2>\r\n<ul>\r\n<li>Resni\u010dni, zanesljivi in strokovni vir za vape.<\/li>\r\n<li>100% Originalno jamstvo: Zavra\u010damo ponarejanje: zagotavljamo samo originalne in pristne izdelke.<\/li>\r\n<li>100% Zagotovilo za dostavo: 100%: uporabljamo najbolj\u0161i na\u010din po\u0161iljanja, da zagotovimo, da prejmete naro\u010dilo 100%.<\/li>\r\n<li>Po odpremi vam bomo posredovali \u0161tevilko za sledenje in nalepko za po\u0161iljanje ter spremljali blago, dokler ga ne podpi\u0161ete.<\/li>\r\n<li>Brez carinskih te\u017eav, brez tarif<\/li>\r\n<\/ul>","protected":false},"excerpt":{"rendered":"<p><b><span style=\"color: #00a859;\">Brezpla\u010dna po\u0161tnina<\/span>\u00a0iz evropskega skladi\u0161\u010da, 7-15 delovnih dni dobavni rok.<\/b><\/p>\r\n<div class=\"wsppc_div_block woocommerce_before_add_to_cart_form\">\r\n<p><strong>Prosto carinjenje pred dostavo &amp; 100% Jamstvo dostave<\/strong><\/p>\r\n<\/div>","protected":false},"featured_media":26805,"comment_status":"open","ping_status":"closed","template":"","meta":[],"pwb-brand":[1269],"product_cat":[938],"product_tag":[22,24,172,556],"class_list":{"0":"post-30010","1":"product","2":"type-product","3":"status-publish","4":"has-post-thumbnail","6":"pwb-brand-fumot","7":"product_cat-europe-warehouse","8":"product_tag-disposable","9":"product_tag-wholesale","10":"product_tag-20-0ml","11":"product_tag-12000-puffs","12":"product_shipping_class-eu-warehouse","13":"wcpa_has_options","15":"first","16":"instock","17":"shipping-taxable","18":"purchasable","19":"product-type-variable"},"aioseo_notices":[],"brands":[{"id":1269,"name":"Fumot","slug":"fumot"}],"_links":{"self":[{"href":"https:\/\/www.vape4wholesale.com\/sl\/wp-json\/wp\/v2\/product\/30010","targetHints":{"allow":["GET"]}}],"collection":[{"href":"https:\/\/www.vape4wholesale.com\/sl\/wp-json\/wp\/v2\/product"}],"about":[{"href":"https:\/\/www.vape4wholesale.com\/sl\/wp-json\/wp\/v2\/types\/product"}],"replies":[{"embeddable":true,"href":"https:\/\/www.vape4wholesale.com\/sl\/wp-json\/wp\/v2\/comments?post=30010"}],"wp:featuredmedia":[{"embeddable":true,"href":"https:\/\/www.vape4wholesale.com\/sl\/wp-json\/wp\/v2\/media\/26805"}],"wp:attachment":[{"href":"https:\/\/www.vape4wholesale.com\/sl\/wp-json\/wp\/v2\/media?parent=30010"}],"wp:term":[{"taxonomy":"pwb-brand","embeddable":true,"href":"https:\/\/www.vape4wholesale.com\/sl\/wp-json\/wp\/v2\/pwb-brand?post=30010"},{"taxonomy":"product_cat","embeddable":true,"href":"https:\/\/www.vape4wholesale.com\/sl\/wp-json\/wp\/v2\/product_cat?post=30010"},{"taxonomy":"product_tag","embeddable":true,"href":"https:\/\/www.vape4wholesale.com\/sl\/wp-json\/wp\/v2\/product_tag?post=30010"}],"curies":[{"name":"wp","href":"https:\/\/api.w.org\/{rel}","templated":true}]}}