{"id":26299,"date":"2025-12-14T20:41:16","date_gmt":"2025-12-14T12:41:16","guid":{"rendered":"https:\/\/www.vape4wholesale.com\/?post_type=product&#038;p=26299"},"modified":"2026-04-07T11:04:33","modified_gmt":"2026-04-07T03:04:33","slug":"razz-bar-60k-enkratno-vape-na-debelo","status":"publish","type":"product","link":"https:\/\/www.vape4wholesale.com\/sl\/product\/razz-bar-60k-disposable-vape-wholesale","title":{"rendered":"Razz Bar 60K enkratno uporabni vape na debelo"},"content":{"rendered":"<p class=\"ds-markdown-paragraph\">. <a title=\"Bar Razz\" href=\"https:\/\/www.vape4wholesale.com\/sl\/product_brand\/bar-razz\/\" target=\"_blank\" rel=\"noopener\"><strong>Bar Razz<\/strong><\/a> 60K Puffs Crystal Disposable Vape je vrhunska naprava, zasnovana za izra\u017eanje osebnosti. Njena izjemna lastnost je gladka, elegantna kristalna ohi\u0161je, ki ji daje sofisticiran videz in ob\u010dutek, s \u010dimer se lo\u010di od obi\u010dajnih vape naprav. Zasnovana za izjemno vzdr\u017eljivost, omogo\u010da neverjetnih 60.000 potegov iz velikega 64 ml prednapolnjenega rezervoarja za e-teko\u010dino, kar zagotavlja dolgotrajno delovanje in vrednost.<\/p>\n<p class=\"ds-markdown-paragraph\">U\u017eivajte v gladki, okusni pari, ki jo zagotavlja zanesljiva 650 mAh polnilna baterija s priro\u010dnim polnjenjem Type-C in napredno mre\u017easto tuljavo. Ta tehnologija zagotavlja bogat, enakomeren okus od prvega do zadnjega vdiha. Razz Bar zadovolji razli\u010dne okuse in ponuja izbiro med 2% (20 mg) ali 5% (50 mg) nikotinske soli ter \u0161iroko paleto 16 skrbno izdelanih okusov \u2013 od priljubljenih sadnih me\u0161anic, kot je borovnica in lubenica, do edinstvenih me\u0161anic, kot je jagodna vanilijeva koka.<\/p>\n<p class=\"ds-markdown-paragraph\">Ta enkratni vape je idealen za trgovce na drobno in distributerje, saj zdru\u017euje visoko zmogljivost in vrhunsko tr\u017enost. Enotno prozorno ohi\u0161je je opremljeno s stilskimi nalepkami, ki ozna\u010dujejo posamezne okuse, kar mu daje sofisticiran videz. Razz Bar 60K Puffs Crystal Disposable Vape je zanesljiv in zelo iskan izdelek, ki je na zalogi v EU za hitro in enostavno dostavo. Pripravljen je, da pove\u010da va\u0161e zaloge in zadovolji \u0161irok spekter okusov va\u0161ih strank.<\/p>\n<h2 class=\"ds-markdown-paragraph\">Razz Bar 60K enkratni vape Hitri podatki<\/h2>\n<ul>\n<li class=\"ds-markdown-paragraph\">\u0160tevilo potegov: do 60.000 potegov<\/li>\n<li class=\"ds-markdown-paragraph\">Kapaciteta e-teko\u010dine: 64 ml vnaprej napolnjen rezervoar<\/li>\n<li class=\"ds-markdown-paragraph\">Baterija: 650 mAh, polnilna (polnjenje tipa C)<\/li>\n<li class=\"ds-markdown-paragraph\">Vsebnost nikotina: 2% (20 mg) in 5% (50 mg)<\/li>\n<li class=\"ds-markdown-paragraph\">Tehnologija tuljave: Napredna mre\u017easta tuljava za gladek okus<\/li>\n<li class=\"ds-markdown-paragraph\">Oblika: vrhunska, brez\u0161ivna lupina, podobna kristalu<\/li>\n<li class=\"ds-markdown-paragraph\">Izbor okusov: 16 priljubljenih in edinstvenih okusov<\/li>\n<li class=\"ds-markdown-paragraph\">Lokacija zaloge: skladi\u0161\u010de EU za hitro dostavo<\/li>\n<\/ul>\n<h2>Razpolo\u017eljivi okusi<\/h2>\n<p>1.Strawberry Banana<\/p>\n<p>2. So\u010dni breskov sladoled<\/p>\n<p>3. Coco Loco<\/p>\n<p>4. Borovnica Kisla malina<\/p>\n<p>5.Sladkorna pena<\/p>\n<p>6.Gumijasti medvedek<\/p>\n<p>7. Borovnica in lubenica<\/p>\n<p>8. Limona, breskev in pasijonka<\/p>\n<p>9. \u010crni ledeni zmajski sade\u017e jagoda<\/p>\n<p>10. Me\u0161ane jagode<\/p>\n<p>11. Ljubezen 66<\/p>\n<p>12.Strawberry Kiwi<\/p>\n<p>13. Tropsko sadje<\/p>\n<p>14.Jagodna vanilijeva koka<\/p>\n<p>15. Limona in limeta<\/p>\n<p>16. Poletne sanje<\/p>\n<figure id=\"attachment_26298\" aria-describedby=\"caption-attachment-26298\" style=\"width: 800px\" class=\"wp-caption alignnone\"><img loading=\"lazy\" decoding=\"async\" class=\"size-full wp-image-26298\" title=\"Razz Bar 60K enkratno uporabni vape\" src=\"https:\/\/www.vape4wholesale.com\/wp-content\/uploads\/2025\/12\/Razz-Bar-60K-Disposable-Vape.webp\" alt=\"Razz Bar 60K enkratno uporabni vape\" width=\"800\" height=\"1055\" srcset=\"https:\/\/www.vape4wholesale.com\/wp-content\/uploads\/2025\/12\/Razz-Bar-60K-Disposable-Vape.webp 800w, https:\/\/www.vape4wholesale.com\/wp-content\/uploads\/2025\/12\/Razz-Bar-60K-Disposable-Vape-510x673.webp 510w, https:\/\/www.vape4wholesale.com\/wp-content\/uploads\/2025\/12\/Razz-Bar-60K-Disposable-Vape-227x300.webp 227w, https:\/\/www.vape4wholesale.com\/wp-content\/uploads\/2025\/12\/Razz-Bar-60K-Disposable-Vape-776x1024.webp 776w, https:\/\/www.vape4wholesale.com\/wp-content\/uploads\/2025\/12\/Razz-Bar-60K-Disposable-Vape-768x1013.webp 768w, https:\/\/www.vape4wholesale.com\/wp-content\/uploads\/2025\/12\/Razz-Bar-60K-Disposable-Vape-9x12.webp 9w, https:\/\/www.vape4wholesale.com\/wp-content\/uploads\/2025\/12\/Razz-Bar-60K-Disposable-Vape-64x84.webp 64w\" sizes=\"auto, (max-width: 800px) 100vw, 800px\" \/><figcaption id=\"caption-attachment-26298\" class=\"wp-caption-text\">Razz Bar 60K enkratno uporabni vape<\/figcaption><\/figure>\n<p><img loading=\"lazy\" decoding=\"async\" class=\"size-full wp-image-26292\" title=\"Razz Bar 60K enkratno uporabni vape na debelo 1\" src=\"https:\/\/www.vape4wholesale.com\/wp-content\/uploads\/2025\/12\/Razz-Bar-60K-Disposable-Vape-Wholesale_1.webp\" alt=\"Razz Bar 60K enkratno uporabni vape na debelo 1\" width=\"800\" height=\"800\" srcset=\"https:\/\/www.vape4wholesale.com\/wp-content\/uploads\/2025\/12\/Razz-Bar-60K-Disposable-Vape-Wholesale_1.webp 800w, https:\/\/www.vape4wholesale.com\/wp-content\/uploads\/2025\/12\/Razz-Bar-60K-Disposable-Vape-Wholesale_1-247x247.webp 247w, https:\/\/www.vape4wholesale.com\/wp-content\/uploads\/2025\/12\/Razz-Bar-60K-Disposable-Vape-Wholesale_1-100x100.webp 100w, https:\/\/www.vape4wholesale.com\/wp-content\/uploads\/2025\/12\/Razz-Bar-60K-Disposable-Vape-Wholesale_1-510x510.webp 510w\" sizes=\"auto, (max-width: 800px) 100vw, 800px\" \/><\/p>\n<h2>ZAKAJ MI?<\/h2>\r\n<ul>\r\n<li>Resni\u010dni, zanesljivi in strokovni vir za vape.<\/li>\r\n<li>100% Originalno jamstvo: Zavra\u010damo ponarejanje: zagotavljamo samo originalne in pristne izdelke.<\/li>\r\n<li>100% Zagotovilo za dostavo: 100%: uporabljamo najbolj\u0161i na\u010din po\u0161iljanja, da zagotovimo, da prejmete naro\u010dilo 100%.<\/li>\r\n<li>Po odpremi vam bomo posredovali \u0161tevilko za sledenje in nalepko za po\u0161iljanje ter spremljali blago, dokler ga ne podpi\u0161ete.<\/li>\r\n<li>Brez carinskih te\u017eav, brez tarif<\/li>\r\n<\/ul>","protected":false},"excerpt":{"rendered":"<p><b><span style=\"color: #00a859;\">Brezpla\u010dna po\u0161tnina<\/span>\u00a0iz evropskega skladi\u0161\u010da, 7-15 delovnih dni dobavni rok.<\/b><\/p>\r\n<div class=\"wsppc_div_block woocommerce_before_add_to_cart_form\">\r\n<p><strong>Prosto carinjenje pred dostavo &amp; 100% Jamstvo dostave<\/strong><\/p>\r\n<\/div>","protected":false},"featured_media":26292,"comment_status":"open","ping_status":"closed","template":"","meta":[],"pwb-brand":[1266],"product_cat":[938],"product_tag":[1209,1246,22,24,1114],"class_list":{"0":"post-26299","1":"product","2":"type-product","3":"status-publish","4":"has-post-thumbnail","6":"pwb-brand-razz-bar","7":"product_cat-europe-warehouse","8":"product_tag-razz-bar","9":"product_tag-64-0ml","10":"product_tag-disposable","11":"product_tag-wholesale","12":"product_tag-60000-puffs","13":"product_shipping_class-eu-warehouse","14":"wcpa_has_options","16":"first","17":"instock","18":"shipping-taxable","19":"purchasable","20":"product-type-variable"},"aioseo_notices":[],"brands":[{"id":1266,"name":"Bar Razz","slug":"bar-razz"}],"_links":{"self":[{"href":"https:\/\/www.vape4wholesale.com\/sl\/wp-json\/wp\/v2\/product\/26299","targetHints":{"allow":["GET"]}}],"collection":[{"href":"https:\/\/www.vape4wholesale.com\/sl\/wp-json\/wp\/v2\/product"}],"about":[{"href":"https:\/\/www.vape4wholesale.com\/sl\/wp-json\/wp\/v2\/types\/product"}],"replies":[{"embeddable":true,"href":"https:\/\/www.vape4wholesale.com\/sl\/wp-json\/wp\/v2\/comments?post=26299"}],"wp:featuredmedia":[{"embeddable":true,"href":"https:\/\/www.vape4wholesale.com\/sl\/wp-json\/wp\/v2\/media\/26292"}],"wp:attachment":[{"href":"https:\/\/www.vape4wholesale.com\/sl\/wp-json\/wp\/v2\/media?parent=26299"}],"wp:term":[{"taxonomy":"pwb-brand","embeddable":true,"href":"https:\/\/www.vape4wholesale.com\/sl\/wp-json\/wp\/v2\/pwb-brand?post=26299"},{"taxonomy":"product_cat","embeddable":true,"href":"https:\/\/www.vape4wholesale.com\/sl\/wp-json\/wp\/v2\/product_cat?post=26299"},{"taxonomy":"product_tag","embeddable":true,"href":"https:\/\/www.vape4wholesale.com\/sl\/wp-json\/wp\/v2\/product_tag?post=26299"}],"curies":[{"name":"wp","href":"https:\/\/api.w.org\/{rel}","templated":true}]}}