{"id":25492,"date":"2025-10-25T00:19:34","date_gmt":"2025-10-24T16:19:34","guid":{"rendered":"https:\/\/www.vape4wholesale.com\/?post_type=product&#038;p=25492"},"modified":"2026-03-30T11:15:26","modified_gmt":"2026-03-30T03:15:26","slug":"vozol-rave-40000-puffs-enkratno-vape-debelo","status":"publish","type":"product","link":"https:\/\/www.vape4wholesale.com\/sl\/product\/vozol-rave-40000-puffs-disposable-vape-wholesale","title":{"rendered":"Vozol Rave 40000 Puffs za enkratno uporabo Vape na debelo"},"content":{"rendered":"<p class=\"ds-markdown-paragraph\">Spletna stran <a title=\"Vozol\" href=\"\/sl\/product_brand\/vozol\/\" target=\"_blank\" rel=\"noopener\"><strong>Vozol<\/strong><\/a> Rave 40000 Puffs Vape za enkratno uporabo je naprava, ki je zasnovana tako, da na novo opredeljuje izku\u0161njo vapinga. Je prvi vape za enkratno uporabo na svetu, ki ima revolucionarni 270-stopinjski zaslon za zaznavanje, ki omogo\u010da jasen pregled nad baterijo in stopnjo e-teko\u010dine pod katerim koli kotom. Napredni \u010dipi Dual MCU in spirale Dual Mesh zagotavljajo bogat okus in gosto proizvodnjo pare. Z ogromno koli\u010dino 35 ml vnaprej napolnjenega e-teko\u010dina in dolgotrajno 1000 mAh baterijo za ponovno polnjenje je zasnovan tako, da omogo\u010da neverjetnih 40.000 vdihov, s \u010dimer postavlja nove standarde za zmogljivost in dolgo \u017eivljenjsko dobo.<\/p>\n<p class=\"ds-markdown-paragraph\">Vozol Rave 40000 je opremljen z inovativnimi funkcijami, ki vam omogo\u010dajo nadzor. Preklapljajte med dvema na\u010dinoma mo\u010di - izberite obi\u010dajni na\u010din za polnih 40.000 izpihov ali na\u010din Surge za intenzivnej\u0161e do\u017eivetje s 25.000 izpihi. Z na\u010dinom Beat-Synced Party Mode, v katerem lu\u010di LED ple\u0161ejo v ritmu va\u0161e glasbe, popestrite vsako prilo\u017enost. Animacija Eclipse Vaping Animation na zaslonu ustvari o\u010darljiv vizualni u\u010dinek ob vsaki uporabi. Zaradi napredne tehnologije S.I.L.C. vam je zagotovljeno gladko in enakomerno \u017eganje, z izjemno hitrim polnjenjem pa boste 80% napolnili v samo 20 minutah, kar zmanj\u0161uje \u010das izpada.<\/p>\n<h2 class=\"ds-markdown-paragraph\"><strong>Vozol Rave 40000 Glavne zna\u010dilnosti in inovacije<\/strong><\/h2>\n<ul>\n<li>\n<p class=\"ds-markdown-paragraph\">Prvi zaslon z 270-stopinjskim zaznavanjem na svetu: To je osupljiv LED-zaslon, ki intuitivno prikazuje stanje baterije in e-teko\u010dine iz kateregakoli kota. Ni\u010d ve\u010d ugibanja - vedno poznate svoje stanje.<\/p>\n<\/li>\n<li>\n<p class=\"ds-markdown-paragraph\">Dva inteligentna na\u010dina napajanja: Prilagodite intenzivnost vapinga.<\/p>\n<ul>\n<li>\n<p class=\"ds-markdown-paragraph\">Obi\u010dajni na\u010din: Za dosledno in dolgotrajno izku\u0161njo, ki zagotavlja polnih 40.000 puhov.<\/p>\n<\/li>\n<li>\n<p class=\"ds-markdown-paragraph\">Na\u010din za prenapetost: Za intenzivnej\u0161i okus in proizvodnjo pare, ki omogo\u010da do 25.000 vpihov.<\/p>\n<\/li>\n<\/ul>\n<\/li>\n<li>\n<p class=\"ds-markdown-paragraph\">Na\u010din zabave z ritmi: Pustite glasbi, da prevzame nadzor! Vgrajene lu\u010di LED se sinhronizirajo z ritmom okolice in vsako seanso spremenijo v \u017eivahno zabavo.<\/p>\n<\/li>\n<li>\n<p class=\"ds-markdown-paragraph\">80% Polnjenje v 20 minutah: Nikoli ve\u010d ne \u010dakajte dolgo na vape. Z na\u0161o napredno tehnologijo hitrega polnjenja boste v samo 20 minutah ponovno dosegli mo\u010d 80%.<\/p>\n<\/li>\n<li>\n<p class=\"ds-markdown-paragraph\">Napredna notranja tehnologija:<\/p>\n<ul>\n<li>\n<p class=\"ds-markdown-paragraph\">Dvojna mre\u017ena tuljava: Zagotavlja bogatej\u0161i okus in gostej\u0161e oblake pare pri vsakem potegu.<\/p>\n<\/li>\n<li>\n<p class=\"ds-markdown-paragraph\">Dvojni \u010dip MCU: zagotavlja vrhunsko procesorsko mo\u010d za nemoteno delovanje vseh naprednih funkcij.<\/p>\n<\/li>\n<li>\n<p class=\"ds-markdown-paragraph\">S.I.L.C Tech: zagotavlja gladko, dosledno in neprepustno izku\u0161njo vapinga.<\/p>\n<\/li>\n<\/ul>\n<\/li>\n<li>\n<p class=\"ds-markdown-paragraph\">Animacija Eclipse Vaping: U\u017eivajte v o\u010darljivem vizualnem prikazu na zaslonu LED ob vsakem izdihu, tako da bo va\u0161 trenutek vapinga resni\u010dno filmski.<\/p>\n<\/li>\n<\/ul>\n<h2><strong>Razpolo\u017eljivi okusi<\/strong><\/h2>\n<p>1. Blue Razz Ice<br \/>\n2. Borovni\u010dev led<br \/>\n3. Borovnica lubenica<br \/>\n4. Cherry Cola<br \/>\n5. \u010ce\u0161nja jagoda<br \/>\n6. Hladna meta<br \/>\n7. Dvojno jabolko<br \/>\n8. Zmajsko sadje Banana<br \/>\n9. Grozdni led<br \/>\n10. Kivi pasijonka<br \/>\n11. Ljubezen 777<br \/>\n12. Mango Ice<br \/>\n13. Mango breskev<br \/>\n14. Breskov led<br \/>\n15. Limonada iz breskev in malin<br \/>\n16. Jagodni led<br \/>\n17. Jagodni kivi<br \/>\n18. Jagodni mango<br \/>\n19. Jagodna lubenica<br \/>\n20. Breskev s slamico<br \/>\n21. Lubenica Bubblegum<br \/>\n22. Led iz lubenice<br \/>\n23. Melona Razz Rancher<\/p>\n<h2 class=\"ds-markdown-paragraph\"><strong>Podrobnosti o pakiranju<\/strong><\/h2>\n<p class=\"ds-markdown-paragraph\">Prikazovalna \u0161katla: 10 kosov<br \/>\nGlavna \u0161katla: 200 kosov<br \/>\nTe\u017ea \u0161katle: 25,5 kg<br \/>\nDimenzije \u0161katle: 560 x 265 x 365 mm<\/p>\n<figure id=\"attachment_25527\" aria-describedby=\"caption-attachment-25527\" style=\"width: 800px\" class=\"wp-caption alignnone\"><img loading=\"lazy\" decoding=\"async\" class=\"wp-image-25527 size-full\" title=\"Vozol Rave 40000 Puffs za enkratno uporabo Vape Blue Razz Ice\" src=\"https:\/\/www.vape4wholesale.com\/wp-content\/uploads\/2025\/10\/Vozol-Rave-40000-Puffs-Disposable-Vape_Blue-Razz-Ice.webp\" alt=\"Vozol Rave 40000 Puffs za enkratno uporabo Vape Blue Razz Ice\" width=\"800\" height=\"800\" srcset=\"https:\/\/www.vape4wholesale.com\/wp-content\/uploads\/2025\/10\/Vozol-Rave-40000-Puffs-Disposable-Vape_Blue-Razz-Ice.webp 800w, https:\/\/www.vape4wholesale.com\/wp-content\/uploads\/2025\/10\/Vozol-Rave-40000-Puffs-Disposable-Vape_Blue-Razz-Ice-247x247.webp 247w, https:\/\/www.vape4wholesale.com\/wp-content\/uploads\/2025\/10\/Vozol-Rave-40000-Puffs-Disposable-Vape_Blue-Razz-Ice-100x100.webp 100w, https:\/\/www.vape4wholesale.com\/wp-content\/uploads\/2025\/10\/Vozol-Rave-40000-Puffs-Disposable-Vape_Blue-Razz-Ice-510x510.webp 510w, https:\/\/www.vape4wholesale.com\/wp-content\/uploads\/2025\/10\/Vozol-Rave-40000-Puffs-Disposable-Vape_Blue-Razz-Ice-300x300.webp 300w, https:\/\/www.vape4wholesale.com\/wp-content\/uploads\/2025\/10\/Vozol-Rave-40000-Puffs-Disposable-Vape_Blue-Razz-Ice-150x150.webp 150w, https:\/\/www.vape4wholesale.com\/wp-content\/uploads\/2025\/10\/Vozol-Rave-40000-Puffs-Disposable-Vape_Blue-Razz-Ice-768x768.webp 768w, https:\/\/www.vape4wholesale.com\/wp-content\/uploads\/2025\/10\/Vozol-Rave-40000-Puffs-Disposable-Vape_Blue-Razz-Ice-12x12.webp 12w, https:\/\/www.vape4wholesale.com\/wp-content\/uploads\/2025\/10\/Vozol-Rave-40000-Puffs-Disposable-Vape_Blue-Razz-Ice-64x64.webp 64w\" sizes=\"auto, (max-width: 800px) 100vw, 800px\" \/><figcaption id=\"caption-attachment-25527\" class=\"wp-caption-text\">Vozol Rave 40000 Puffs za enkratno uporabo Vape na debelo<\/figcaption><\/figure>\n<h2>ZAKAJ MI?<\/h2>\r\n<ul>\r\n<li>Resni\u010dni, zanesljivi in strokovni vir za vape.<\/li>\r\n<li>100% Originalno jamstvo: Zavra\u010damo ponarejanje: zagotavljamo samo originalne in pristne izdelke.<\/li>\r\n<li>100% Zagotovilo za dostavo: 100%: uporabljamo najbolj\u0161i na\u010din po\u0161iljanja, da zagotovimo, da prejmete naro\u010dilo 100%.<\/li>\r\n<li>Po odpremi vam bomo posredovali \u0161tevilko za sledenje in nalepko za po\u0161iljanje ter spremljali blago, dokler ga ne podpi\u0161ete.<\/li>\r\n<li>Brez carinskih te\u017eav, brez tarif<\/li>\r\n<\/ul>","protected":false},"excerpt":{"rendered":"<p><b><span style=\"color: #00a859;\">Brezpla\u010dna po\u0161tnina<\/span>\u00a0iz evropskega skladi\u0161\u010da, 7-15 delovnih dni dobavni rok.<\/b><\/p>\r\n<div class=\"wsppc_div_block woocommerce_before_add_to_cart_form\">\r\n<p><strong>Prosto carinjenje pred dostavo &amp; 100% Jamstvo dostave<\/strong><\/p>\r\n<\/div>","protected":false},"featured_media":25530,"comment_status":"open","ping_status":"closed","template":"","meta":[],"pwb-brand":[1276],"product_cat":[938],"product_tag":[1137,22,24,933,1016],"class_list":{"0":"post-25492","1":"product","2":"type-product","3":"status-publish","4":"has-post-thumbnail","6":"pwb-brand-vozol","7":"product_cat-europe-warehouse","8":"product_tag-vozol","9":"product_tag-disposable","10":"product_tag-wholesale","11":"product_tag-35-0ml","12":"product_tag-40000-puffs","13":"product_shipping_class-eu-warehouse","15":"first","16":"instock","17":"featured","18":"shipping-taxable","19":"purchasable","20":"product-type-variable"},"aioseo_notices":[],"brands":[{"id":1276,"name":"Vozol","slug":"vozol"}],"_links":{"self":[{"href":"https:\/\/www.vape4wholesale.com\/sl\/wp-json\/wp\/v2\/product\/25492","targetHints":{"allow":["GET"]}}],"collection":[{"href":"https:\/\/www.vape4wholesale.com\/sl\/wp-json\/wp\/v2\/product"}],"about":[{"href":"https:\/\/www.vape4wholesale.com\/sl\/wp-json\/wp\/v2\/types\/product"}],"replies":[{"embeddable":true,"href":"https:\/\/www.vape4wholesale.com\/sl\/wp-json\/wp\/v2\/comments?post=25492"}],"wp:featuredmedia":[{"embeddable":true,"href":"https:\/\/www.vape4wholesale.com\/sl\/wp-json\/wp\/v2\/media\/25530"}],"wp:attachment":[{"href":"https:\/\/www.vape4wholesale.com\/sl\/wp-json\/wp\/v2\/media?parent=25492"}],"wp:term":[{"taxonomy":"pwb-brand","embeddable":true,"href":"https:\/\/www.vape4wholesale.com\/sl\/wp-json\/wp\/v2\/pwb-brand?post=25492"},{"taxonomy":"product_cat","embeddable":true,"href":"https:\/\/www.vape4wholesale.com\/sl\/wp-json\/wp\/v2\/product_cat?post=25492"},{"taxonomy":"product_tag","embeddable":true,"href":"https:\/\/www.vape4wholesale.com\/sl\/wp-json\/wp\/v2\/product_tag?post=25492"}],"curies":[{"name":"wp","href":"https:\/\/api.w.org\/{rel}","templated":true}]}}