{"id":25425,"date":"2025-10-24T01:05:24","date_gmt":"2025-10-23T17:05:24","guid":{"rendered":"https:\/\/www.vape4wholesale.com\/?post_type=product&#038;p=25425"},"modified":"2026-03-19T19:06:00","modified_gmt":"2026-03-19T11:06:00","slug":"vozol-zvezda-40000-puffs-enkratno-vape-debelo","status":"publish","type":"product","link":"https:\/\/www.vape4wholesale.com\/sl\/product\/vozol-star-40000-puffs-disposable-vape-wholesale","title":{"rendered":"Vozol Star 40000 Puffs za enkratno uporabo Vape na debelo"},"content":{"rendered":"<p class=\"ds-markdown-paragraph\">Spletna stran <a title=\"Vozol\" href=\"\/sl\/product_brand\/vozol\/\" target=\"_blank\" rel=\"noopener\"><strong>Vozol<\/strong><\/a> Star 40000 Puffs Vape za enkratno uporabo postavlja nove standarde trajnosti in priro\u010dnosti v svetu vapov za enkratno uporabo. Zasnovan je za izku\u0161njo brez primere, saj zdru\u017euje ogromno zmogljivost 20 ml vnaprej napolnjenega e-teko\u010dine z robustno vgrajeno baterijo 1000 mAh, kar vam zagotavlja neverjetnih 40.000 izpuhov. Izberite svojo popolno intenzivnost z mo\u017enostmi 20 mg\/ml ali 50 mg\/ml nikotina.<\/p>\n<p class=\"ds-markdown-paragraph\">Prilagoditve so vam na dosegu roke z inovativnim sistemom z dvema na\u010dinoma delovanja. Preklopite med na\u010dinom \u201cRegular\u201d za dalj\u0161e in bolj gladko potegovanje ali pa aktivirajte na\u010din \u201cSurge\u201d za ve\u010dje in mo\u010dnej\u0161e oblake. Ta vsestranskost vam omogo\u010da, da seanso vapinga prilagodite svojemu razpolo\u017eenju in \u017eeljam ter tako prevzamete popoln nadzor.<\/p>\n<p class=\"ds-markdown-paragraph\">Poleg svoje mo\u010di se Vozol Star pona\u0161a s prefinjeno in prakti\u010dno zasnovo. Njegovo ohi\u0161je ima edinstveno teksturo, ki spominja na kamen, kar zagotavlja izrazit videz in varen oprijem. Jasen, navpi\u010den zaslon se razteza po napravi in v realnem \u010dasu prikazuje stanje va\u0161ega e-teko\u010dina in baterije. Za popolno higieno in za\u0161\u010dito je napravi prilo\u017een poseben protipra\u0161ni pokrov\u010dek, ki ustnik ohranja \u010dist, ko ga ne uporabljate.<\/p>\n<h2 class=\"ds-markdown-paragraph\"><strong>Vozol Star 40000 Puffs Vape za enkratno uporabo Klju\u010dne lastnosti<\/strong><\/h2>\n<ol>\n<li class=\"ds-markdown-paragraph\">Masivno \u0161tevilo puffov: U\u017eivajte v dalj\u0161i izku\u0161nji vapinga z do 40.000 izpihi iz ene naprave.<\/li>\n<li class=\"ds-markdown-paragraph\">Visoka zmogljivost: Predhodno napolnjen s 35 ml e-teko\u010dine in napajan z zanesljivo baterijo 1000 mAh.<\/li>\n<li class=\"ds-markdown-paragraph\">Dvojni na\u010dini uparjanja: Prilagodite svoj udarec z dvema razli\u010dnima na\u010dinoma.\u00a0<strong>Obi\u010dajni na\u010din<\/strong>: Za dalj\u0161e in bolj gladke puhanje &amp; <strong>Na\u010din prenapetosti<\/strong>: Za ve\u010dje in intenzivnej\u0161e oblake.<\/li>\n<li class=\"ds-markdown-paragraph\">Edinstvena zasnova s kamnito teksturo: Za vrhunski videz in ob\u010dutek je zna\u010dilno in elegantno ohi\u0161je s teksturo, ki spominja na skalo.<\/li>\n<li class=\"ds-markdown-paragraph\">Navpi\u010dni zaslon po celotni dol\u017eini: Na elegantnem, navpi\u010dno usmerjenem zaslonu, ki se razteza vzdol\u017e naprave, so v realnem \u010dasu na voljo jasne informacije o ravni e-teko\u010dine in zmogljivosti baterije.<\/li>\n<li class=\"ds-markdown-paragraph\">Higienski pokrov\u010dek, odporen na prah: Prilo\u017een je edinstven za\u0161\u010ditni pokrov\u010dek. Ko ustnika ne uporabljate, ga preprosto pokrijte, da ostane \u010dist ter brez prahu in drugih odpadkov.<\/li>\n<\/ol>\n<h2><strong>Hitre podrobnosti<\/strong><\/h2>\n<ul>\n<li class=\"ds-markdown-paragraph\"><strong>Puffs:<\/strong>\u00a0Do 40000<\/li>\n<li class=\"ds-markdown-paragraph\"><strong>Kapaciteta e-teko\u010dine:<\/strong> 35 ml (vnaprej napolnjen)<\/li>\n<li class=\"ds-markdown-paragraph\"><strong>Baterija:<\/strong>\u00a01000 mAh za polnjenje<\/li>\n<li class=\"ds-markdown-paragraph\"><strong>Mo\u010d nikotina:<\/strong>\u00a020 mg\/ml ali 50 mg\/ml<\/li>\n<li class=\"ds-markdown-paragraph\"><strong>Na\u010dini:<\/strong>\u00a0Dvojni na\u010din (obi\u010dajni in prenapetostni)<\/li>\n<li class=\"ds-markdown-paragraph\"><strong>Oblikovanje:<\/strong>\u00a0Edinstveno telo s kamnito strukturo<\/li>\n<li class=\"ds-markdown-paragraph\"><strong>Zaslon:<\/strong>\u00a0Vertikalni zaslon za E-teko\u010dino in baterijo<\/li>\n<li class=\"ds-markdown-paragraph\"><strong>Funkcija:<\/strong>\u00a0Higienski pokrov\u010dek ustnika, odporen proti prahu<\/li>\n<\/ul>\n<h2 class=\"ds-markdown-paragraph\"><strong>Vozol Star 40000 <\/strong><strong>Razpolo\u017eljivi okusi<\/strong><\/h2>\n<p>1. Blue Razz Ice<br \/>\n2. Borovni\u010dev led<br \/>\n3. Borovni\u010deva meta<br \/>\n4. Borovnica lubenica<br \/>\n5. Cherimoya Grapefruit Berries<br \/>\n6. Cherry Cola<br \/>\n7. Grozdni led<br \/>\n8. Mango Ice<br \/>\n9. Mango breskev<br \/>\n10. Melonski \u017eve\u010dilni gumi<br \/>\n11. Melonin led<br \/>\n12. Breskov led<br \/>\n13. Kisli jabol\u010dni led<br \/>\n14. Jagodni led<br \/>\n15. Jagodni kivi<br \/>\n16. Jagodna lubenica<br \/>\n17. Breskev s slamico<br \/>\n18. Vzbull<br \/>\n19. \u017dve\u010dilni gumi z lubenico<br \/>\n20. Lubenica Grozdje Boysenberry<br \/>\n21. Led iz lubenice<br \/>\n22. Kisla breskev z lubenico<br \/>\n23. Bela breskev malina<\/p>\n<h2><strong>Podrobnosti o pakiranju<\/strong><\/h2>\n<p>1 PC \/ ena majhna \u0161katla<br \/>\n10 kosov\/razstavna \u0161katla<br \/>\n200 kosov\/karton<\/p>\n<figure id=\"attachment_25462\" aria-describedby=\"caption-attachment-25462\" style=\"width: 800px\" class=\"wp-caption alignnone\"><img loading=\"lazy\" decoding=\"async\" class=\"size-full wp-image-25462\" title=\"Vozol Star 40000 Vape za enkratno uporabo na debelo Peach Ice\" src=\"https:\/\/www.vape4wholesale.com\/wp-content\/uploads\/2025\/10\/Vozol-Star-40000-Disposable-Vape-Wholesale_Peach-Ice.webp\" alt=\"Vozol Star 40000 Vape za enkratno uporabo na debelo Peach Ice\" width=\"800\" height=\"800\" srcset=\"https:\/\/www.vape4wholesale.com\/wp-content\/uploads\/2025\/10\/Vozol-Star-40000-Disposable-Vape-Wholesale_Peach-Ice.webp 800w, https:\/\/www.vape4wholesale.com\/wp-content\/uploads\/2025\/10\/Vozol-Star-40000-Disposable-Vape-Wholesale_Peach-Ice-247x247.webp 247w, https:\/\/www.vape4wholesale.com\/wp-content\/uploads\/2025\/10\/Vozol-Star-40000-Disposable-Vape-Wholesale_Peach-Ice-100x100.webp 100w, https:\/\/www.vape4wholesale.com\/wp-content\/uploads\/2025\/10\/Vozol-Star-40000-Disposable-Vape-Wholesale_Peach-Ice-510x510.webp 510w, https:\/\/www.vape4wholesale.com\/wp-content\/uploads\/2025\/10\/Vozol-Star-40000-Disposable-Vape-Wholesale_Peach-Ice-300x300.webp 300w, https:\/\/www.vape4wholesale.com\/wp-content\/uploads\/2025\/10\/Vozol-Star-40000-Disposable-Vape-Wholesale_Peach-Ice-150x150.webp 150w, https:\/\/www.vape4wholesale.com\/wp-content\/uploads\/2025\/10\/Vozol-Star-40000-Disposable-Vape-Wholesale_Peach-Ice-768x768.webp 768w, https:\/\/www.vape4wholesale.com\/wp-content\/uploads\/2025\/10\/Vozol-Star-40000-Disposable-Vape-Wholesale_Peach-Ice-12x12.webp 12w, https:\/\/www.vape4wholesale.com\/wp-content\/uploads\/2025\/10\/Vozol-Star-40000-Disposable-Vape-Wholesale_Peach-Ice-64x64.webp 64w\" sizes=\"auto, (max-width: 800px) 100vw, 800px\" \/><figcaption id=\"caption-attachment-25462\" class=\"wp-caption-text\">Vozol Star 40000 Vape za enkratno uporabo na debelo<\/figcaption><\/figure>\n<h2>ZAKAJ MI?<\/h2>\r\n<ul>\r\n<li>Resni\u010dni, zanesljivi in strokovni vir za vape.<\/li>\r\n<li>100% Originalno jamstvo: Zavra\u010damo ponarejanje: zagotavljamo samo originalne in pristne izdelke.<\/li>\r\n<li>100% Zagotovilo za dostavo: 100%: uporabljamo najbolj\u0161i na\u010din po\u0161iljanja, da zagotovimo, da prejmete naro\u010dilo 100%.<\/li>\r\n<li>Po odpremi vam bomo posredovali \u0161tevilko za sledenje in nalepko za po\u0161iljanje ter spremljali blago, dokler ga ne podpi\u0161ete.<\/li>\r\n<li>Brez carinskih te\u017eav, brez tarif<\/li>\r\n<\/ul>","protected":false},"excerpt":{"rendered":"<p><b><span style=\"color: #00a859;\">Free shipping<\/span>\u00a0from Europe warehouse, 7-15 working days delivery time.<\/b><\/p>\r\n<div class=\"wsppc_div_block woocommerce_before_add_to_cart_form\">\r\n<p><strong>Clear customs before delivery &amp; 100% Delivery Guarantee<\/strong><\/p>\r\n<\/div>","protected":false},"featured_media":25465,"comment_status":"open","ping_status":"closed","template":"","meta":[],"pwb-brand":[1276],"product_cat":[938],"product_tag":[22,24,933,1016,1137],"class_list":{"0":"post-25425","1":"product","2":"type-product","3":"status-publish","4":"has-post-thumbnail","6":"pwb-brand-vozol","7":"product_cat-europe-warehouse","8":"product_tag-disposable","9":"product_tag-wholesale","10":"product_tag-35-0ml","11":"product_tag-40000-puffs","12":"product_tag-vozol","13":"product_shipping_class-eu-warehouse","15":"first","16":"instock","17":"featured","18":"shipping-taxable","19":"purchasable","20":"product-type-variable"},"aioseo_notices":[],"brands":[{"id":1276,"name":"Vozol","slug":"vozol"}],"_links":{"self":[{"href":"https:\/\/www.vape4wholesale.com\/sl\/wp-json\/wp\/v2\/product\/25425","targetHints":{"allow":["GET"]}}],"collection":[{"href":"https:\/\/www.vape4wholesale.com\/sl\/wp-json\/wp\/v2\/product"}],"about":[{"href":"https:\/\/www.vape4wholesale.com\/sl\/wp-json\/wp\/v2\/types\/product"}],"replies":[{"embeddable":true,"href":"https:\/\/www.vape4wholesale.com\/sl\/wp-json\/wp\/v2\/comments?post=25425"}],"wp:featuredmedia":[{"embeddable":true,"href":"https:\/\/www.vape4wholesale.com\/sl\/wp-json\/wp\/v2\/media\/25465"}],"wp:attachment":[{"href":"https:\/\/www.vape4wholesale.com\/sl\/wp-json\/wp\/v2\/media?parent=25425"}],"wp:term":[{"taxonomy":"pwb-brand","embeddable":true,"href":"https:\/\/www.vape4wholesale.com\/sl\/wp-json\/wp\/v2\/pwb-brand?post=25425"},{"taxonomy":"product_cat","embeddable":true,"href":"https:\/\/www.vape4wholesale.com\/sl\/wp-json\/wp\/v2\/product_cat?post=25425"},{"taxonomy":"product_tag","embeddable":true,"href":"https:\/\/www.vape4wholesale.com\/sl\/wp-json\/wp\/v2\/product_tag?post=25425"}],"curies":[{"name":"wp","href":"https:\/\/api.w.org\/{rel}","templated":true}]}}