{"id":25392,"date":"2025-10-23T12:09:24","date_gmt":"2025-10-23T04:09:24","guid":{"rendered":"https:\/\/www.vape4wholesale.com\/?post_type=product&#038;p=25392"},"modified":"2026-03-15T22:37:40","modified_gmt":"2026-03-15T14:37:40","slug":"uwin-randm-tornado-beat-35k-enkratno-vape","status":"publish","type":"product","link":"https:\/\/www.vape4wholesale.com\/sl\/product\/uwin-randm-tornado-beat-35k-disposable-vape","title":{"rendered":"Uwin RandM Tornado Beat 35K Vape za enkratno uporabo"},"content":{"rendered":"<p class=\"ds-markdown-paragraph\">Spletna stran <a title=\"UWIN\" href=\"https:\/\/www.vape4wholesale.com\/sl\/product_brand\/uwin\/\" target=\"_blank\" rel=\"noopener\"><strong>Uwin<\/strong><\/a> RandM Tornado Beat 35K Vape za enkratno uporabo dvigne va\u0161o izku\u0161njo vapinga na naslednjo raven, saj svoje \u017eivahne lu\u010di RGB brez te\u017eav sinhronizira z ritmom va\u0161e glasbe. Zahvaljujo\u010d pametnemu senzorju na dnu se spremeni v dinami\u010dno svetlobno predstavo, zato je popoln pripomo\u010dek za zabave, klube in vsa no\u010dna sre\u010danja, kjer \u017eelite ustvariti nepozabno vzdu\u0161je.<\/p>\n<p class=\"ds-markdown-paragraph\">Poleg edinstvene svetlobne funkcije je Tornado Beat 35K zasnovan za izjemno zmogljivost in dolgo \u017eivljenjsko dobo. Zagotavlja ogromno 35.000 izpuhov, ki jih poganja zanesljiva baterija s kapaciteto 850 mAh in priro\u010dnim priklju\u010dkom Type-C. Napredna mre\u017easta spirala poskrbi, da ob vsaki uporabi u\u017eivate v bogatem okusu in gostih oblakih pare. Izbirate lahko med 16 slastnimi okusi in prilagodite vnos nikotina z mo\u017enostmi 0%, 2%, 3% ali 5%, ki popolnoma ustrezajo va\u0161im \u017eeljam.<\/p>\n<h2><strong>Uwin RandM Tornado Beat 35K Klju\u010dne lastnosti<\/strong><\/h2>\n<ul>\n<li>\n<p class=\"ds-markdown-paragraph\"><strong>\ud83c\udfb5 Razsvetljava RGB Beat-Sync:<\/strong>\u00a0Vgrajeni spodnji senzor zazna glasbo in poskrbi, da \u017eivahne lu\u010di RGB utripajo v ritmu, kar va\u0161 vape spremeni v dinami\u010dno svetlobno predstavo.<\/p>\n<\/li>\n<li>\n<p class=\"ds-markdown-paragraph\"><strong>\ud83d\ude80 Masivno \u0161tevilo puffov:<\/strong>\u00a0U\u017eivajte v dalj\u0161i izku\u0161nji vapinga z neverjetnimi 35.000 izpihi na napravo.<\/p>\n<\/li>\n<li>\n<p class=\"ds-markdown-paragraph\"><strong>\ud83c\udfb6 Kot nala\u0161\u010d za no\u010dno \u017eivljenje:<\/strong>\u00a0Posebej zasnovan za izbolj\u0161anje va\u0161e izku\u0161nje na zabavi. Idealno za ve\u010derne zabave v barih, klubih ali dru\u017eenja s prijatelji.<\/p>\n<\/li>\n<li>\n<p class=\"ds-markdown-paragraph\"><strong>\ud83d\udd0b Akumulatorski in dolgotrajni:<\/strong>\u00a0Opremljen je z baterijo s kapaciteto 850 mAh in priro\u010dnim priklju\u010dkom Type-C za hitro polnjenje, kar zagotavlja, da naprava zdr\u017ei tudi v najdalj\u0161ih no\u010deh.<\/p>\n<\/li>\n<li>\n<p class=\"ds-markdown-paragraph\"><strong>\ud83c\udf6c 12 slastnih okusov:<\/strong>\u00a0Izbirate lahko med \u0161irokim spektrom okusov, ki zadovoljijo vsak okus.<\/p>\n<\/li>\n<li>\n<p class=\"ds-markdown-paragraph\"><strong>\u2601\ufe0f Superior Mesh Coil:<\/strong>\u00a0Napredna tehnologija mre\u017easte tuljave zagotavlja bogatej\u0161i okus in gostej\u0161e oblake pare z vsakim potegom.<\/p>\n<\/li>\n<li>\n<p class=\"ds-markdown-paragraph\"><strong>\ud83e\udded Ve\u010d mo\u017enosti uporabe nikotina:<\/strong>\u00a0Na voljo so mo\u017enosti nikotina 0%, 2%, 3% in 5%, ki ustrezajo va\u0161im \u017eeljam.<\/p>\n<\/li>\n<\/ul>\n<h2><strong>Hitre specifikacije izdelka<\/strong><\/h2>\n<ol>\n<li class=\"ds-markdown-paragraph\">Puffs: Pribli\u017eno 35.000<\/li>\n<li class=\"ds-markdown-paragraph\">Baterija: 850mAh kobaltna baterija za ponovno polnjenje<\/li>\n<li class=\"ds-markdown-paragraph\">Polnilni priklju\u010dek: Tip C<\/li>\n<li class=\"ds-markdown-paragraph\">Navijalka: Mre\u017easta tuljava<\/li>\n<li class=\"ds-markdown-paragraph\">Mo\u010d nikotina: 0%, 2%, 3%, 5%<\/li>\n<li class=\"ds-markdown-paragraph\">Razpolo\u017eljivi okusi: 12<\/li>\n<li class=\"ds-markdown-paragraph\">Razsvetljava: RGB lu\u010di s senzorjem glasbenega utripa<\/li>\n<\/ol>\n<h2><strong>Uwin RandM Tornado Beat 35K okusov na voljo<\/strong><\/h2>\n<p>1.Blueberry Raspberry<br \/>\n2.Strawberry lubenica<br \/>\n3.Blueberry na ledu<br \/>\n4.Watermelon Ice<br \/>\n5.Summer Peach Ice<br \/>\n6.Cherry Ice<br \/>\n7.Strawberry Raspberry Cherry Ice<br \/>\n8.Kiwi Passion Fruit Guava<br \/>\n9.Strawberry Ice<br \/>\n10.Cherry Cola<br \/>\n11.Mixed Berries<br \/>\n12.Mr Blue<\/p>\n<h2 class=\"ds-markdown-paragraph\"><strong>Podrobnosti o pakiranju<\/strong><\/h2>\n<p class=\"ds-markdown-paragraph\">1 kos \/ ena \u0161katla<br \/>\n10 kosov \/ prikazovalnik<br \/>\n\u0160tevilo kosov v \u0161katli: 160 kosov<br \/>\nTe\u017ea \u0161katle: 20 kg<br \/>\nVelikost \u0161katle: 41,2 x 33,2 x 32,5 cm<\/p>\n<figure id=\"attachment_25405\" aria-describedby=\"caption-attachment-25405\" style=\"width: 1000px\" class=\"wp-caption alignnone\"><img loading=\"lazy\" decoding=\"async\" class=\"size-full wp-image-25405\" title=\"Uwin RandM Tornado premagal 35K borovnice na ledu\" src=\"https:\/\/www.vape4wholesale.com\/wp-content\/uploads\/2025\/10\/Uwin-RandM-Tornado-Beat-35K_Blueberry-On-Ice.webp\" alt=\"Uwin RandM Tornado premagal 35K borovnice na ledu\" width=\"1000\" height=\"1000\" srcset=\"https:\/\/www.vape4wholesale.com\/wp-content\/uploads\/2025\/10\/Uwin-RandM-Tornado-Beat-35K_Blueberry-On-Ice.webp 1000w, https:\/\/www.vape4wholesale.com\/wp-content\/uploads\/2025\/10\/Uwin-RandM-Tornado-Beat-35K_Blueberry-On-Ice-247x247.webp 247w, https:\/\/www.vape4wholesale.com\/wp-content\/uploads\/2025\/10\/Uwin-RandM-Tornado-Beat-35K_Blueberry-On-Ice-100x100.webp 100w, https:\/\/www.vape4wholesale.com\/wp-content\/uploads\/2025\/10\/Uwin-RandM-Tornado-Beat-35K_Blueberry-On-Ice-510x510.webp 510w, https:\/\/www.vape4wholesale.com\/wp-content\/uploads\/2025\/10\/Uwin-RandM-Tornado-Beat-35K_Blueberry-On-Ice-300x300.webp 300w, https:\/\/www.vape4wholesale.com\/wp-content\/uploads\/2025\/10\/Uwin-RandM-Tornado-Beat-35K_Blueberry-On-Ice-150x150.webp 150w, https:\/\/www.vape4wholesale.com\/wp-content\/uploads\/2025\/10\/Uwin-RandM-Tornado-Beat-35K_Blueberry-On-Ice-768x768.webp 768w, https:\/\/www.vape4wholesale.com\/wp-content\/uploads\/2025\/10\/Uwin-RandM-Tornado-Beat-35K_Blueberry-On-Ice-12x12.webp 12w, https:\/\/www.vape4wholesale.com\/wp-content\/uploads\/2025\/10\/Uwin-RandM-Tornado-Beat-35K_Blueberry-On-Ice-64x64.webp 64w\" sizes=\"auto, (max-width: 1000px) 100vw, 1000px\" \/><figcaption id=\"caption-attachment-25405\" class=\"wp-caption-text\">Uwin RandM Tornado Beat 35K Vape za enkratno uporabo<\/figcaption><\/figure>\n<h2>ZAKAJ MI?<\/h2>\r\n<ul>\r\n<li>Resni\u010dni, zanesljivi in strokovni vir za vape.<\/li>\r\n<li>100% Originalno jamstvo: Zavra\u010damo ponarejanje: zagotavljamo samo originalne in pristne izdelke.<\/li>\r\n<li>100% Zagotovilo za dostavo: 100%: uporabljamo najbolj\u0161i na\u010din po\u0161iljanja, da zagotovimo, da prejmete naro\u010dilo 100%.<\/li>\r\n<li>Po odpremi vam bomo posredovali \u0161tevilko za sledenje in nalepko za po\u0161iljanje ter spremljali blago, dokler ga ne podpi\u0161ete.<\/li>\r\n<li>Brez carinskih te\u017eav, brez tarif<\/li>\r\n<\/ul>","protected":false},"excerpt":{"rendered":"<div class=\"wsppc_div_block woocommerce_before_add_to_cart_form\">\r\n<p><strong><span style=\"color: #00a859;\">Clear customs<\/span> before delivery &amp; 100% Delivery Guarantee, Delivery in 19~25 days around.\u00a0<\/strong><\/p>\r\n<\/div>","protected":false},"featured_media":25417,"comment_status":"open","ping_status":"closed","template":"","meta":[],"pwb-brand":[1274],"product_cat":[873],"product_tag":[22,24,692,936,1023],"class_list":{"0":"post-25392","1":"product","2":"type-product","3":"status-publish","4":"has-post-thumbnail","6":"pwb-brand-uwin","7":"product_cat-above-20k-puffs","8":"product_tag-disposable","9":"product_tag-wholesale","10":"product_tag-25-0ml","11":"product_tag-uwin","12":"product_tag-35000-puffs","13":"wcpa_has_options","15":"first","16":"instock","17":"featured","18":"shipping-taxable","19":"purchasable","20":"product-type-variable"},"aioseo_notices":[],"brands":[{"id":1274,"name":"Uwin","slug":"uwin"}],"_links":{"self":[{"href":"https:\/\/www.vape4wholesale.com\/sl\/wp-json\/wp\/v2\/product\/25392","targetHints":{"allow":["GET"]}}],"collection":[{"href":"https:\/\/www.vape4wholesale.com\/sl\/wp-json\/wp\/v2\/product"}],"about":[{"href":"https:\/\/www.vape4wholesale.com\/sl\/wp-json\/wp\/v2\/types\/product"}],"replies":[{"embeddable":true,"href":"https:\/\/www.vape4wholesale.com\/sl\/wp-json\/wp\/v2\/comments?post=25392"}],"wp:featuredmedia":[{"embeddable":true,"href":"https:\/\/www.vape4wholesale.com\/sl\/wp-json\/wp\/v2\/media\/25417"}],"wp:attachment":[{"href":"https:\/\/www.vape4wholesale.com\/sl\/wp-json\/wp\/v2\/media?parent=25392"}],"wp:term":[{"taxonomy":"pwb-brand","embeddable":true,"href":"https:\/\/www.vape4wholesale.com\/sl\/wp-json\/wp\/v2\/pwb-brand?post=25392"},{"taxonomy":"product_cat","embeddable":true,"href":"https:\/\/www.vape4wholesale.com\/sl\/wp-json\/wp\/v2\/product_cat?post=25392"},{"taxonomy":"product_tag","embeddable":true,"href":"https:\/\/www.vape4wholesale.com\/sl\/wp-json\/wp\/v2\/product_tag?post=25392"}],"curies":[{"name":"wp","href":"https:\/\/api.w.org\/{rel}","templated":true}]}}