{"id":25336,"date":"2025-10-23T00:03:28","date_gmt":"2025-10-22T16:03:28","guid":{"rendered":"https:\/\/www.vape4wholesale.com\/?post_type=product&#038;p=25336"},"modified":"2026-02-23T03:11:20","modified_gmt":"2026-02-22T19:11:20","slug":"waspe-aiviou-6in1-150k-za-enkratno-uporabo-vape-na-debelo","status":"publish","type":"product","link":"https:\/\/www.vape4wholesale.com\/sl\/product\/waspe-aiviou-6in1-150k-disposable-vape-wholesale","title":{"rendered":"Waspe Aiviou 6in1 150K Vape za enkratno uporabo na debelo"},"content":{"rendered":"<p class=\"ds-markdown-paragraph\">. <a title=\"Waspe\" href=\"https:\/\/www.vape4wholesale.com\/sl\/product_brand\/waspe\/\" target=\"_blank\" rel=\"noopener\"><strong>Waspe<\/strong><\/a> Aiviou 6v1 150K naprava za enkratno uporabo, ki ponuja impresivnih 150.000 vdihov. Ta vsestranski sistem je vnaprej napolnjen s 64 ml e-teko\u010dine, poganja pa ga zanesljiva 650 mAh polnilna baterija s priro\u010dnim polnjenjem Type-C. Uporabniku prijazno zasnovo odlikuje jasen LED-zaslon, ki vas obve\u0161\u010da o preostalem e-teko\u010dini in mo\u010di baterije, vse skupaj pa je shranjeno v elegantnem, prenosnem ohi\u0161ju, ki tehta le 140 g.<\/p>\n<p class=\"ds-markdown-paragraph\">Zna\u010dilnost Aiviouja je revolucionarni sistem okusov 6 v 1. V njem se nahajajo tri neodvisne mre\u017easte tuljave 1,0ohm in kapsule z e-teko\u010dino. S preprostim obra\u010danjem ustnika lahko nemoteno preklapljate med vapingom iz ene same kapsule za \u010dist okus ali iz dveh kapsul hkrati, da ustvarite me\u0161anico okusov po meri, ki ponuja \u0161est razli\u010dnih na\u010dinov (A-AB-B-BC-C-CA).<\/p>\n<p class=\"ds-markdown-paragraph\">Naprava Waspe Aiviou je zasnovana za vrhunsko in dolgotrajno izku\u0161njo ter zdru\u017euje visoko zmogljivost in inovativno tehnologijo. Izberite \u017eeleno jakost nikotina (0%, 2% ali 5%) in u\u017eivajte v dosledni proizvodnji pare z okusom, ki jo zagotavljajo tuljave s trojno mre\u017eo. Ta naprava je popolna izbira za vaperje, ki i\u0161\u010dejo popolno udobje, veliko \u0161tevilo izpuhov in neskon\u010dne mo\u017enosti okusov v enem samem, prefinjenem paketu.<\/p>\n<h2 class=\"ds-markdown-paragraph\"><strong>Waspe Aiviou 6v1 150K Klju\u010dne lastnosti<\/strong><\/h2>\n<ul>\n<li>Ogromno 150.000 puffov: Z izjemno dolgo \u017eivljenjsko dobo ni potrebe po pogostih zamenjavah.<\/li>\n<li>Revolucionarni sistem okusov 6 v 1: Aiviou. Vrtljiv ustnik omogo\u010da preklapljanje med tremi posameznimi okusi ali kombinacijo dveh okusov za me\u0161anico po meri. Cikel (A-AB-B-BC-C-CA) ponuja \u0161est razli\u010dnih na\u010dinov uparjanja.<\/li>\n<li>Trojni neodvisni podi: vsebuje tri lo\u010dene 1,0ohm mre\u017easte tuljave, vsako s svojo komoro za e-teko\u010dino.<\/li>\n<li>Visoka kapaciteta E-teko\u010dine: Predhodno napolnjen s skupno 64 ml vrhunskega e-teko\u010dina.<\/li>\n<li>Ve\u010d mo\u017enosti za izbiro nikotina: Na voljo so mo\u017enosti nikotina 0%, 2% in 5%, ki ustrezajo va\u0161im \u017eeljam.<\/li>\n<li>Uporabniku prijazen zaslon LED: LED: na prvi pogled jasno spremlja preostalo koli\u010dino e-teko\u010dine in \u017eivljenjsko dobo baterije.<\/li>\n<li>Zanesljiva baterija 650 mAh in polnjenje tipa C: Za hitro in priro\u010dno polnjenje je vgrajena akumulatorska baterija 650 mAh s sodobnim polnjenjem prek USB tipa C.<\/li>\n<\/ul>\n<h2 class=\"ds-markdown-paragraph\"><strong>Hitre specifikacije<\/strong><\/h2>\n<ol>\n<li class=\"ds-markdown-paragraph\">Puffsi: 150.000<\/li>\n<li class=\"ds-markdown-paragraph\">Mre\u017ena tuljava: 1.0ohm x 3<\/li>\n<li class=\"ds-markdown-paragraph\">Skupaj E-teko\u010dina: 64 ml<\/li>\n<li class=\"ds-markdown-paragraph\">Nikotin: 0% \/ 2% \/ 5%<\/li>\n<li class=\"ds-markdown-paragraph\">Baterija: 650 mAh (za ponovno polnjenje)<\/li>\n<li class=\"ds-markdown-paragraph\">Polnilni priklju\u010dek: Tip C<\/li>\n<li class=\"ds-markdown-paragraph\">Zaslon: LED za e-teko\u010dino in baterijo<\/li>\n<li class=\"ds-markdown-paragraph\">Te\u017ea izdelka: 140 g<\/li>\n<li class=\"ds-markdown-paragraph\">Velikost izdelka: 53 x 46 x 138 mm<\/li>\n<\/ol>\n<h2 class=\"ds-markdown-paragraph\"><strong>Kako <\/strong><strong>Orodje Waspe Aiviou 6v1 150K <\/strong><strong>Sistemska dela<\/strong><\/h2>\n<p class=\"ds-markdown-paragraph\">Preprosto zavrtite ustnik, da izberete \u017eeleni na\u010din. Vapirate lahko iz enega od treh posameznih strokov za \u010dist okus ali iz kombinacije dveh strokov za edinstven, ve\u010dplasten okus. To nemoteno preklapljanje med tremi posameznimi in tremi dvojnimi kapsulami ustvarja \u0161est razli\u010dnih izku\u0161enj (A, AB, B, BC, C, CA).<\/p>\n<h2><strong>Razpolo\u017eljivi okusi<\/strong><\/h2>\n<ol>\n<li>lubenica Ice &amp; Lemon Lime &amp; Lemon Peach<\/li>\n<li>Borovni\u010dev led in jagodni kivi in \u010de\u0161njev jagodni led<\/li>\n<li>Red Bull Ice &amp; Raspberry Pomp &amp; Sour Mango Strawberry<\/li>\n<li>Jagodna lubenica in so\u010den breskov led ter led s trojnim jagodi\u010devjem<\/li>\n<li>Cherry Cola Ice &amp; Strawberry Red Bull Ice &amp; Watermelon Raspberry<\/li>\n<li>Grozdni led in modri Razz \u010ce\u0161nja in jagodni led<\/li>\n<li>Me\u0161ano jagodi\u010devje &amp; Black Dragon Ice &amp; Strawberry Cherry Cola<\/li>\n<li>Fizzy Cola Ice &amp; Energy Drink &amp; Cherry Ice<\/li>\n<li>jagoda banana in kivi lubenica in kokosova jagoda<\/li>\n<li>Red Bull Cola Ice &amp; Strawberry Raspberry Cherry &amp; Blackberry Dragon Fruit<\/li>\n<li>Jagodna lubenica Bubblegum &amp; Sour Mango Ice &amp; Strawberry Grape Ice<\/li>\n<li>Melona Passion Fruit &amp; Blackberry Ice &amp; Apple Kiwi<\/li>\n<\/ol>\n<h2><strong>Podrobnosti o pakiranju<\/strong><\/h2>\n<ul>\n<li>Te\u017ea izdelka: 140 g\/kos<\/li>\n<li>Velikost izdelka: 53 * 46 * 138 mm<\/li>\n<li>Koli\u010dina: 160 kosov v \u0161katli, 10 kosov v \u0161katli<\/li>\n<li>Te\u017ea: 23 kg<\/li>\n<\/ul>\n<figure id=\"attachment_25362\" aria-describedby=\"caption-attachment-25362\" style=\"width: 800px\" class=\"wp-caption alignnone\"><img loading=\"lazy\" decoding=\"async\" class=\"size-full wp-image-25362\" title=\"Waspe Aiviou 6v1 150K za enkratno uporabo Vape #1\" src=\"https:\/\/www.vape4wholesale.com\/wp-content\/uploads\/2025\/10\/Waspe-Aiviou-6in1-150K-Disposable-Vape_1-1.webp\" alt=\"Waspe Aiviou 6v1 150K za enkratno uporabo Vape #1\" width=\"800\" height=\"800\" srcset=\"https:\/\/www.vape4wholesale.com\/wp-content\/uploads\/2025\/10\/Waspe-Aiviou-6in1-150K-Disposable-Vape_1-1.webp 800w, https:\/\/www.vape4wholesale.com\/wp-content\/uploads\/2025\/10\/Waspe-Aiviou-6in1-150K-Disposable-Vape_1-1-247x247.webp 247w, https:\/\/www.vape4wholesale.com\/wp-content\/uploads\/2025\/10\/Waspe-Aiviou-6in1-150K-Disposable-Vape_1-1-100x100.webp 100w, https:\/\/www.vape4wholesale.com\/wp-content\/uploads\/2025\/10\/Waspe-Aiviou-6in1-150K-Disposable-Vape_1-1-510x510.webp 510w, https:\/\/www.vape4wholesale.com\/wp-content\/uploads\/2025\/10\/Waspe-Aiviou-6in1-150K-Disposable-Vape_1-1-300x300.webp 300w, https:\/\/www.vape4wholesale.com\/wp-content\/uploads\/2025\/10\/Waspe-Aiviou-6in1-150K-Disposable-Vape_1-1-150x150.webp 150w, https:\/\/www.vape4wholesale.com\/wp-content\/uploads\/2025\/10\/Waspe-Aiviou-6in1-150K-Disposable-Vape_1-1-768x768.webp 768w, https:\/\/www.vape4wholesale.com\/wp-content\/uploads\/2025\/10\/Waspe-Aiviou-6in1-150K-Disposable-Vape_1-1-12x12.webp 12w, https:\/\/www.vape4wholesale.com\/wp-content\/uploads\/2025\/10\/Waspe-Aiviou-6in1-150K-Disposable-Vape_1-1-64x64.webp 64w\" sizes=\"auto, (max-width: 800px) 100vw, 800px\" \/><figcaption id=\"caption-attachment-25362\" class=\"wp-caption-text\">Waspe Aiviou 6in1 150K Vape za enkratno uporabo na debelo<\/figcaption><\/figure>\n<h2>ZAKAJ MI?<\/h2>\r\n<ul>\r\n<li>Resni\u010dni, zanesljivi in strokovni vir za vape.<\/li>\r\n<li>100% Originalno jamstvo: Zavra\u010damo ponarejanje: zagotavljamo samo originalne in pristne izdelke.<\/li>\r\n<li>100% Zagotovilo za dostavo: 100%: uporabljamo najbolj\u0161i na\u010din po\u0161iljanja, da zagotovimo, da prejmete naro\u010dilo 100%.<\/li>\r\n<li>Po odpremi vam bomo posredovali \u0161tevilko za sledenje in nalepko za po\u0161iljanje ter spremljali blago, dokler ga ne podpi\u0161ete.<\/li>\r\n<li>Brez carinskih te\u017eav, brez tarif<\/li>\r\n<\/ul>","protected":false},"excerpt":{"rendered":"<div class=\"wsppc_div_block woocommerce_before_add_to_cart_form\">\r\n<p><strong><span style=\"color: #00a859;\">Clear customs<\/span> before delivery &amp; 100% Delivery Guarantee, Delivery in 19~25 days around.\u00a0<\/strong><\/p>\r\n<\/div>","protected":false},"featured_media":25357,"comment_status":"open","ping_status":"closed","template":"","meta":[],"pwb-brand":[1272],"product_cat":[873],"product_tag":[24,999,1246,1248,22],"class_list":{"0":"post-25336","1":"product","2":"type-product","3":"status-publish","4":"has-post-thumbnail","6":"pwb-brand-waspe","7":"product_cat-above-20k-puffs","8":"product_tag-wholesale","9":"product_tag-waspe","10":"product_tag-64-0ml","11":"product_tag-150000-puffs","12":"product_tag-disposable","13":"wcpa_has_options","15":"first","16":"instock","17":"featured","18":"shipping-taxable","19":"purchasable","20":"product-type-variable"},"aioseo_notices":[],"brands":[{"id":1272,"name":"Waspe","slug":"waspe"}],"_links":{"self":[{"href":"https:\/\/www.vape4wholesale.com\/sl\/wp-json\/wp\/v2\/product\/25336","targetHints":{"allow":["GET"]}}],"collection":[{"href":"https:\/\/www.vape4wholesale.com\/sl\/wp-json\/wp\/v2\/product"}],"about":[{"href":"https:\/\/www.vape4wholesale.com\/sl\/wp-json\/wp\/v2\/types\/product"}],"replies":[{"embeddable":true,"href":"https:\/\/www.vape4wholesale.com\/sl\/wp-json\/wp\/v2\/comments?post=25336"}],"wp:featuredmedia":[{"embeddable":true,"href":"https:\/\/www.vape4wholesale.com\/sl\/wp-json\/wp\/v2\/media\/25357"}],"wp:attachment":[{"href":"https:\/\/www.vape4wholesale.com\/sl\/wp-json\/wp\/v2\/media?parent=25336"}],"wp:term":[{"taxonomy":"pwb-brand","embeddable":true,"href":"https:\/\/www.vape4wholesale.com\/sl\/wp-json\/wp\/v2\/pwb-brand?post=25336"},{"taxonomy":"product_cat","embeddable":true,"href":"https:\/\/www.vape4wholesale.com\/sl\/wp-json\/wp\/v2\/product_cat?post=25336"},{"taxonomy":"product_tag","embeddable":true,"href":"https:\/\/www.vape4wholesale.com\/sl\/wp-json\/wp\/v2\/product_tag?post=25336"}],"curies":[{"name":"wp","href":"https:\/\/api.w.org\/{rel}","templated":true}]}}