{"id":25326,"date":"2025-10-22T21:57:30","date_gmt":"2025-10-22T13:57:30","guid":{"rendered":"https:\/\/www.vape4wholesale.com\/?post_type=product&#038;p=25326"},"modified":"2026-01-26T13:38:15","modified_gmt":"2026-01-26T13:38:15","slug":"fihp-multi-120k-6in1-za-enkratno-uporabo-vape-na-debelo","status":"publish","type":"product","link":"https:\/\/www.vape4wholesale.com\/sl\/product\/fihp-multi-120k-6in1-disposable-vape-wholesale","title":{"rendered":"FIHP MULTI 120K 6in1 Vape za enkratno uporabo na debelo"},"content":{"rendered":"<p class=\"ds-markdown-paragraph\">Spletna stran <a title=\"FIHP\" href=\"https:\/\/www.vape4wholesale.com\/sl\/product_brand\/fihp\/\" target=\"_blank\" rel=\"noopener\"><strong>FIHP<\/strong> <\/a>MULTI 120K 6v1 Vape za enkratno uporabo na novo opredeljuje udobje in raznolikost ter ponuja revolucionarno izku\u0161njo vapinga \u0161est v enem v eni napravi. Bistvo inovacije je preprosta, a genialna zasnova: vrtljiv zgornji ustnik, ki omogo\u010da nemoteno preklapljanje med \u0161estimi razli\u010dnimi okusi. Vsak okus se nahaja v samostojni kapsuli z e-teko\u010dino, zato je to prava naprava z ve\u010d okusi in popolna izbira za zahtevne vaperje, ki se nikoli ne \u017eelijo zadovoljiti le z enim okusom.<\/p>\n<p class=\"ds-markdown-paragraph\">Ta zmogljiva naprava, zasnovana za vrhunsko zmogljivost in dolgo \u017eivljenjsko dobo, zagotavlja impresivnih 120.000 pufov, ki jih poganja 0,9ohm tuljava z dvojno mre\u017eo, ki zagotavlja bogat okus in dosledno gosto proizvodnjo pare. Napolnjena je s 64 ml visokokakovostnega e-teko\u010dina, ki je po va\u0161ih \u017eeljah na voljo z nikotinsko mo\u010djo 2% ali 5%. Vgrajena baterija s kapaciteto 650 mAh, ki jo podpira sodoben priklju\u010dek za polnjenje Type-C, zagotavlja, da je va\u0161a naprava vedno pripravljena za uporabo, pametni LED-zaslon pa vas priro\u010dno obve\u0161\u010da o stanju baterije in e-teko\u010dina.<\/p>\n<h2 class=\"ds-markdown-paragraph\"><strong>FIHP MULTI 120K 6in1 Klju\u010dne lastnosti<\/strong><\/h2>\n<ul>\n<li>Revolucijski sistem 6 v 1: MULTI 120K. V napravi je \u0161est neodvisnih kapsul za e-teko\u010dino. Z enostavnim obra\u010danjem zgornjega ustnika brez te\u017eav preklapljajte med svojimi najljub\u0161imi okusi. To je prava naprava z ve\u010d okusi, ne le z me\u0161anim e-teko\u010dinom.<\/li>\n<li>Masivno \u0161tevilo puffov: U\u017eivajte v dalj\u0161i izku\u0161nji vapinga z impresivnimi 120.000 pufi iz ene same naprave.<\/li>\n<li>Dvojna mre\u017easta tuljava in premium e-teko\u010dina: V 64 ml visokokakovostnega e-teko\u010dina je name\u0161\u010dena napredna 0,9ohm tuljava Dual Mesh, ki zagotavlja bogat okus in gosto proizvodnjo pare.<\/li>\n<li>Baterija s kapaciteto 650 mAh: podprta z zanesljivim vhodom za polnjenje tipa C za hitro in priro\u010dno polnjenje.<\/li>\n<li>Pametni zaslon LED: Za brezskrbno vapiranje spremljajte \u017eivljenjsko dobo baterije in raven e-teko\u010dine na prvi pogled.<\/li>\n<li>Razli\u010dne nikotinske mo\u010di: na voljo sta 2% (20 mg) in 5% (50 mg) nikotina, ki ustrezata va\u0161im \u017eeljam.<\/li>\n<\/ul>\n<h2 class=\"ds-markdown-paragraph\"><strong>Hitre specifikacije<\/strong><\/h2>\n<ul>\n<li>Podpora Puffs: 120.000<\/li>\n<li>Okusi: 6 v 1 ve\u010d okusov (prek vrtljivega ustnika)<\/li>\n<li>Navijalka: Dvojna mre\u017easta, 0,9ohm<\/li>\n<li>Zmogljivost e-teko\u010dine: 64 ml (v 6 lo\u010denih strokih)<\/li>\n<li>Mo\u010d nikotina: 2% ali 5%<\/li>\n<li>Baterija: 650 mAh (za ponovno polnjenje)<\/li>\n<li>Polnilni priklju\u010dek: Tip C<\/li>\n<li>Zaslon: LED indikator baterije in e-teko\u010dine<\/li>\n<li>Velikost izdelka: 44 x 44 x 112 mm<\/li>\n<\/ul>\n<h2 class=\"ds-markdown-paragraph\"><strong>FIHP MULTI 120K 6in1 Okusi na voljo<\/strong><\/h2>\n<p>01# Led z lubenico \/ Red Bull \/ jagoda kivi \/ borovnica led \/ limona limeta \/ jagoda lubenica<\/p>\n<p>02# Jagoda Banana \/ Dvojno jabolko \/ Malina Lubenica \/ Kisel mango Ananas \/ Tropsko sadje \/ Limona Breskev<\/p>\n<p>03# Ananas Kokos \/ Blue Razz \/ Me\u0161ano jagodi\u010devje \/ Mango breskev \/ Borovnica malina \/ Jagoda Vanilla Coke<\/p>\n<p>04# Breskev Jagoda \/ Trojna melona \/ Grozdni led \/ \u010crni zmaj Led \/ Fizzy Cherry Led \/ Gumijasti medvedek<\/p>\n<p>05# Rainbow Candy \/ Cherry Cola Ice \/ Love 666 \/ Mango Ice \/ Blueberry Cotton Candy \/ Peach Ice<\/p>\n<p>06# Aloe Lychee Ice \/ Pink Lemon \/ Glacier Ice \/ Pine Needle Mint \/ Black Currant Ice \/ Watermelon Lemon<\/p>\n<h2 class=\"ds-markdown-paragraph\"><strong>Podrobnosti o pakiranju<\/strong><\/h2>\n<p>1 kos \/ ena \u0161katla<br \/>\n10 kosov \/ prikazovalnik<br \/>\n160 kosov\/karton 540 x 440 x 260 mm<br \/>\n27 kg \/ \u0161katla<\/p>\n<figure id=\"attachment_25327\" aria-describedby=\"caption-attachment-25327\" style=\"width: 1000px\" class=\"wp-caption alignnone\"><img loading=\"lazy\" decoding=\"async\" class=\"wp-image-25327 size-full\" title=\"FIHP MULTI 120K 6in1 Vape za enkratno uporabo na debelo\" src=\"https:\/\/www.vape4wholesale.com\/wp-content\/uploads\/2025\/10\/FIHP-MULTI-12K-6in1-Disposable-Vape-Wholesale.webp\" alt=\"FIHP MULTI 120K 6in1 Vape za enkratno uporabo na debelo\" width=\"1000\" height=\"767\" srcset=\"https:\/\/www.vape4wholesale.com\/wp-content\/uploads\/2025\/10\/FIHP-MULTI-12K-6in1-Disposable-Vape-Wholesale.webp 1000w, https:\/\/www.vape4wholesale.com\/wp-content\/uploads\/2025\/10\/FIHP-MULTI-12K-6in1-Disposable-Vape-Wholesale-510x391.webp 510w, https:\/\/www.vape4wholesale.com\/wp-content\/uploads\/2025\/10\/FIHP-MULTI-12K-6in1-Disposable-Vape-Wholesale-300x230.webp 300w, https:\/\/www.vape4wholesale.com\/wp-content\/uploads\/2025\/10\/FIHP-MULTI-12K-6in1-Disposable-Vape-Wholesale-768x589.webp 768w, https:\/\/www.vape4wholesale.com\/wp-content\/uploads\/2025\/10\/FIHP-MULTI-12K-6in1-Disposable-Vape-Wholesale-16x12.webp 16w, https:\/\/www.vape4wholesale.com\/wp-content\/uploads\/2025\/10\/FIHP-MULTI-12K-6in1-Disposable-Vape-Wholesale-64x49.webp 64w\" sizes=\"auto, (max-width: 1000px) 100vw, 1000px\" \/><figcaption id=\"caption-attachment-25327\" class=\"wp-caption-text\">FIHP MULTI 120K 6in1 Vape za enkratno uporabo na debelo<\/figcaption><\/figure>\n<h2>ZAKAJ MI?<\/h2>\r\n<ul>\r\n<li>Resni\u010dni, zanesljivi in strokovni vir za vape.<\/li>\r\n<li>100% Originalno jamstvo: Zavra\u010damo ponarejanje: zagotavljamo samo originalne in pristne izdelke.<\/li>\r\n<li>100% Zagotovilo za dostavo: 100%: uporabljamo najbolj\u0161i na\u010din po\u0161iljanja, da zagotovimo, da prejmete naro\u010dilo 100%.<\/li>\r\n<li>Po odpremi vam bomo posredovali \u0161tevilko za sledenje in nalepko za po\u0161iljanje ter spremljali blago, dokler ga ne podpi\u0161ete.<\/li>\r\n<li>Brez carinskih te\u017eav, brez tarif<\/li>\r\n<\/ul>","protected":false},"excerpt":{"rendered":"<div class=\"wsppc_div_block woocommerce_before_add_to_cart_form\">\r\n<p><strong><span style=\"color: #00a859;\">Clear customs<\/span> before delivery &amp; 100% Delivery Guarantee, Delivery in 19~25 days around.\u00a0<\/strong><\/p>\r\n<\/div>","protected":false},"featured_media":25325,"comment_status":"open","ping_status":"closed","template":"","meta":[],"pwb-brand":[1279],"product_cat":[873],"product_tag":[1219,1246,22,24,878],"class_list":{"0":"post-25326","1":"product","2":"type-product","3":"status-publish","4":"has-post-thumbnail","6":"pwb-brand-fihp","7":"product_cat-above-20k-puffs","8":"product_tag-120000-puffs","9":"product_tag-64-0ml","10":"product_tag-disposable","11":"product_tag-wholesale","12":"product_tag-fihp","13":"wcpa_has_options","15":"first","16":"instock","17":"shipping-taxable","18":"purchasable","19":"product-type-variable"},"aioseo_notices":[],"brands":[{"id":1279,"name":"FIHP","slug":"fihp"}],"_links":{"self":[{"href":"https:\/\/www.vape4wholesale.com\/sl\/wp-json\/wp\/v2\/product\/25326","targetHints":{"allow":["GET"]}}],"collection":[{"href":"https:\/\/www.vape4wholesale.com\/sl\/wp-json\/wp\/v2\/product"}],"about":[{"href":"https:\/\/www.vape4wholesale.com\/sl\/wp-json\/wp\/v2\/types\/product"}],"replies":[{"embeddable":true,"href":"https:\/\/www.vape4wholesale.com\/sl\/wp-json\/wp\/v2\/comments?post=25326"}],"wp:featuredmedia":[{"embeddable":true,"href":"https:\/\/www.vape4wholesale.com\/sl\/wp-json\/wp\/v2\/media\/25325"}],"wp:attachment":[{"href":"https:\/\/www.vape4wholesale.com\/sl\/wp-json\/wp\/v2\/media?parent=25326"}],"wp:term":[{"taxonomy":"pwb-brand","embeddable":true,"href":"https:\/\/www.vape4wholesale.com\/sl\/wp-json\/wp\/v2\/pwb-brand?post=25326"},{"taxonomy":"product_cat","embeddable":true,"href":"https:\/\/www.vape4wholesale.com\/sl\/wp-json\/wp\/v2\/product_cat?post=25326"},{"taxonomy":"product_tag","embeddable":true,"href":"https:\/\/www.vape4wholesale.com\/sl\/wp-json\/wp\/v2\/product_tag?post=25326"}],"curies":[{"name":"wp","href":"https:\/\/api.w.org\/{rel}","templated":true}]}}