{"id":25297,"date":"2025-10-22T20:54:47","date_gmt":"2025-10-22T12:54:47","guid":{"rendered":"https:\/\/www.vape4wholesale.com\/?post_type=product&#038;p=25297"},"modified":"2026-01-26T13:38:20","modified_gmt":"2026-01-26T13:38:20","slug":"fihp-60000-3v1-trojni-okusi-za-enkratno-uporabo-vape-na-debelo","status":"publish","type":"product","link":"https:\/\/www.vape4wholesale.com\/sl\/product\/fihp-60000-3in1-triple-flavors-disposable-vape-wholesale","title":{"rendered":"FIHP 60000 3v1 Triple Flavors Vape za enkratno uporabo na debelo"},"content":{"rendered":"<p class=\"ds-markdown-paragraph\">Spletna stran <a title=\"FIHP\" href=\"https:\/\/www.vape4wholesale.com\/sl\/product_brand\/fihp\/\" target=\"_blank\" rel=\"noopener\"><strong>FIHP<\/strong><\/a> 60000 3v1 Triple Flavors Vape za enkratno uporabo postavlja nove standarde trajnosti in okusa, saj zagotavlja neprimerljivo ve\u010d kot 60.000 vdihov iz ene naprave. Napolnjen je z veliko 54 ml e-teko\u010dine, ki je na voljo v nikotinski jakosti 2% ali 5%. Srce te izku\u0161nje je napredna spirala Dual Mesh Coil (0,9ohm), ki spretno uparja edinstveno e-teko\u010dino z okusom Triple Flavor in ustvarja bogato, kompleksno in dosledno zadovoljivo paro od za\u010detka do konca.<\/p>\n<p class=\"ds-markdown-paragraph\">Naprava je zasnovana za najve\u010dje udobje in zmogljivost ter opremljena z robustno baterijo s kapaciteto 650 mAh in sodobnim priklju\u010dkom za polnjenje tipa C, ki vam zagotavlja napajanje, kadar koli ga potrebujete. Vgrajeni zaslon LED omogo\u010da jasno preverjanje ravni napolnjenosti baterije v realnem \u010dasu, zato vas nikoli ne bo presenetila. Zaradi elegantne in ergonomske oblike, ki meri 42*42*110 mm, je izredno prenosen, a dovolj zmogljiv, da bo va\u0161 celodnevni sopotnik pri vapingu.<\/p>\n<h2 class=\"ds-markdown-paragraph\"><strong>FIHP 60000 3v1 Triple Flavors Vape Klju\u010dne lastnosti<\/strong><\/h2>\n<ul>\n<li class=\"ds-markdown-paragraph\">Ogromno 60.000 puffov: Oblikovan za izjemno dolgo \u017eivljenjsko dobo, zaradi \u010desar ni potrebna pogosta zamenjava.<\/li>\n<li class=\"ds-markdown-paragraph\">Izku\u0161nja trojnega okusa: U\u017eivajte v dinami\u010dnem in kompleksnem profilu okusa, ki se razvija z vsakim potegom.<\/li>\n<li class=\"ds-markdown-paragraph\">Tehnologija dvojne mre\u017easte tuljave (0,9ohm): Na\u0161a napredna tuljava z dvojno mre\u017eo zagotavlja hitrej\u0161e segrevanje, bogatej\u0161i okus in gostej\u0161o proizvodnjo pare.<\/li>\n<li class=\"ds-markdown-paragraph\">Velika 54ml vnaprej napolnjena E-teko\u010dina: Vnaprej napolnjen z veliko 54 ml visokokakovostnega solnega nikotinskega e-teko\u010dina. Izberite med 2% ali 5% nikotinsko mo\u010djo, ki ustreza va\u0161im \u017eeljam.<\/li>\n<li class=\"ds-markdown-paragraph\">Vgrajena baterija 650 mAh: zagotavlja dovolj energije za celotno \u017eivljenjsko dobo naprave.<\/li>\n<li class=\"ds-markdown-paragraph\">Hitro polnjenje tipa C: S sodobnim polnilnim priklju\u010dkom USB Type-C se hitro vrnite k vapiranju.<\/li>\n<li class=\"ds-markdown-paragraph\">Jasen zaslon LED: LED: enostavno spremljajte stanje baterije, da ne bo presene\u010denj.<\/li>\n<\/ul>\n<h2><strong>Hitre specifikacije izdelka<\/strong><\/h2>\n<p>Kapaciteta Puff: Pribli\u017eno 60.000 puffov<br \/>\nKapaciteta e-teko\u010dine: 54ml (vnaprej napolnjena)<br \/>\nMo\u010d nikotina: 2% ali 5%<br \/>\nBaterija: 650 mah za polnjenje<br \/>\nPolnilni priklju\u010dek: Tip C<br \/>\nNavijalka: Dvojna mre\u017easta tuljava, 0,9ohm<br \/>\nZaslon: LED indikator baterije<br \/>\nDimenzije izdelka: 42 x 42 x 110 mm<br \/>\nOkus: Trojni okus<br \/>\nInformacije o dostavi (za trgovce na debelo):<br \/>\nVelikost \u0161katle: 470 x 390 x 260 mm<br \/>\nKoli\u010dina v \u0161katli: 160 kosov<br \/>\nBruto te\u017ea na karton: 21,5 kg<\/p>\n<h2 class=\"ds-markdown-paragraph\"><strong>FIHP 60000 3v1 Triple Flavors na voljo<\/strong><\/h2>\n<p>01# Ledena lubenica in Red Bull ter jagoda in kivi<br \/>\n02# Lemon Lime &amp; Strawberry Lubenica in borovnica Ice<br \/>\n03# jagoda banana in dvojno jabolko ter malina lubenica<br \/>\n04# Jagoda kivi in kisli mango ananas in Red Bull<br \/>\n05# Tropsko sadje in jagoda lubenica in breskev z limono<br \/>\n06# Ananas Kokos &amp; Blue Razz &amp; jagoda Banana<br \/>\n07# Jagoda malina in trojna melona in kisel mango ananas<br \/>\n08# Me\u0161ano jagodi\u010devje in malina lubenica in mango breskev<br \/>\n09# Borovnice, maline in jagode Vanilija, kola in limona, limeta<br \/>\n10# Ledena lubenica in breskev jagodi\u010devje in trojna melona<\/p>\n<h2><strong>Podrobnosti o pakiranju<\/strong><\/h2>\n<p>1 kos \/ ena \u0161katla<br \/>\n10 kosov \/ prikazovalnik<br \/>\n160 kosov v \u0161katli (velikost \u0161katle: 470 x 390 x 260 mm)<br \/>\nBruto te\u017ea na karton: 21,5 kg<\/p>\n<figure id=\"attachment_25311\" aria-describedby=\"caption-attachment-25311\" style=\"width: 800px\" class=\"wp-caption alignnone\"><img loading=\"lazy\" decoding=\"async\" class=\"wp-image-25311 size-full\" title=\"FIHP 60000 3v1 Triple Flavors za enkratno uporabo Vape 1\" src=\"https:\/\/www.vape4wholesale.com\/wp-content\/uploads\/2025\/10\/FIHP-60000-3in1-Triple-Flavors-Disposable-Vape_1.webp\" alt=\"FIHP 60000 3v1 Triple Flavors za enkratno uporabo Vape 1\" width=\"800\" height=\"800\" srcset=\"https:\/\/www.vape4wholesale.com\/wp-content\/uploads\/2025\/10\/FIHP-60000-3in1-Triple-Flavors-Disposable-Vape_1.webp 800w, https:\/\/www.vape4wholesale.com\/wp-content\/uploads\/2025\/10\/FIHP-60000-3in1-Triple-Flavors-Disposable-Vape_1-247x247.webp 247w, https:\/\/www.vape4wholesale.com\/wp-content\/uploads\/2025\/10\/FIHP-60000-3in1-Triple-Flavors-Disposable-Vape_1-100x100.webp 100w, https:\/\/www.vape4wholesale.com\/wp-content\/uploads\/2025\/10\/FIHP-60000-3in1-Triple-Flavors-Disposable-Vape_1-510x510.webp 510w, https:\/\/www.vape4wholesale.com\/wp-content\/uploads\/2025\/10\/FIHP-60000-3in1-Triple-Flavors-Disposable-Vape_1-300x300.webp 300w, https:\/\/www.vape4wholesale.com\/wp-content\/uploads\/2025\/10\/FIHP-60000-3in1-Triple-Flavors-Disposable-Vape_1-150x150.webp 150w, https:\/\/www.vape4wholesale.com\/wp-content\/uploads\/2025\/10\/FIHP-60000-3in1-Triple-Flavors-Disposable-Vape_1-768x768.webp 768w, https:\/\/www.vape4wholesale.com\/wp-content\/uploads\/2025\/10\/FIHP-60000-3in1-Triple-Flavors-Disposable-Vape_1-12x12.webp 12w, https:\/\/www.vape4wholesale.com\/wp-content\/uploads\/2025\/10\/FIHP-60000-3in1-Triple-Flavors-Disposable-Vape_1-64x64.webp 64w\" sizes=\"auto, (max-width: 800px) 100vw, 800px\" \/><figcaption id=\"caption-attachment-25311\" class=\"wp-caption-text\">FIHP 60000 3v1 Triple Flavors za enkratno uporabo Vape<\/figcaption><\/figure>\n<h2>ZAKAJ MI?<\/h2>\r\n<ul>\r\n<li>Resni\u010dni, zanesljivi in strokovni vir za vape.<\/li>\r\n<li>100% Originalno jamstvo: Zavra\u010damo ponarejanje: zagotavljamo samo originalne in pristne izdelke.<\/li>\r\n<li>100% Zagotovilo za dostavo: 100%: uporabljamo najbolj\u0161i na\u010din po\u0161iljanja, da zagotovimo, da prejmete naro\u010dilo 100%.<\/li>\r\n<li>Po odpremi vam bomo posredovali \u0161tevilko za sledenje in nalepko za po\u0161iljanje ter spremljali blago, dokler ga ne podpi\u0161ete.<\/li>\r\n<li>Brez carinskih te\u017eav, brez tarif<\/li>\r\n<\/ul>","protected":false},"excerpt":{"rendered":"<div class=\"wsppc_div_block woocommerce_before_add_to_cart_form\">\r\n<p><strong><span style=\"color: #00a859;\">Clear customs<\/span> before delivery &amp; 100% Delivery Guarantee, Delivery in 19~25 days around.\u00a0<\/strong><\/p>\r\n<\/div>","protected":false},"featured_media":25316,"comment_status":"open","ping_status":"closed","template":"","meta":[],"pwb-brand":[1279],"product_cat":[873],"product_tag":[22,24,878,1114,1115],"class_list":{"0":"post-25297","1":"product","2":"type-product","3":"status-publish","4":"has-post-thumbnail","6":"pwb-brand-fihp","7":"product_cat-above-20k-puffs","8":"product_tag-disposable","9":"product_tag-wholesale","10":"product_tag-fihp","11":"product_tag-60000-puffs","12":"product_tag-54-0ml","13":"wcpa_has_options","15":"first","16":"instock","17":"shipping-taxable","18":"purchasable","19":"product-type-variable"},"aioseo_notices":[],"brands":[{"id":1279,"name":"FIHP","slug":"fihp"}],"_links":{"self":[{"href":"https:\/\/www.vape4wholesale.com\/sl\/wp-json\/wp\/v2\/product\/25297","targetHints":{"allow":["GET"]}}],"collection":[{"href":"https:\/\/www.vape4wholesale.com\/sl\/wp-json\/wp\/v2\/product"}],"about":[{"href":"https:\/\/www.vape4wholesale.com\/sl\/wp-json\/wp\/v2\/types\/product"}],"replies":[{"embeddable":true,"href":"https:\/\/www.vape4wholesale.com\/sl\/wp-json\/wp\/v2\/comments?post=25297"}],"wp:featuredmedia":[{"embeddable":true,"href":"https:\/\/www.vape4wholesale.com\/sl\/wp-json\/wp\/v2\/media\/25316"}],"wp:attachment":[{"href":"https:\/\/www.vape4wholesale.com\/sl\/wp-json\/wp\/v2\/media?parent=25297"}],"wp:term":[{"taxonomy":"pwb-brand","embeddable":true,"href":"https:\/\/www.vape4wholesale.com\/sl\/wp-json\/wp\/v2\/pwb-brand?post=25297"},{"taxonomy":"product_cat","embeddable":true,"href":"https:\/\/www.vape4wholesale.com\/sl\/wp-json\/wp\/v2\/product_cat?post=25297"},{"taxonomy":"product_tag","embeddable":true,"href":"https:\/\/www.vape4wholesale.com\/sl\/wp-json\/wp\/v2\/product_tag?post=25297"}],"curies":[{"name":"wp","href":"https:\/\/api.w.org\/{rel}","templated":true}]}}