{"id":25164,"date":"2025-10-21T11:22:55","date_gmt":"2025-10-21T03:22:55","guid":{"rendered":"https:\/\/www.vape4wholesale.com\/?post_type=product&#038;p=25164"},"modified":"2026-01-27T15:47:12","modified_gmt":"2026-01-27T15:47:12","slug":"happ-bar-mt50000-za-enkratno-uporabo-vape-na-debelo","status":"publish","type":"product","link":"https:\/\/www.vape4wholesale.com\/sl\/product\/happ-bar-mt50000-disposable-vape-wholesale","title":{"rendered":"Happ Bar MT50000 Vape za enkratno uporabo na debelo"},"content":{"rendered":"<p class=\"ds-markdown-paragraph\">Spletna stran\u00a0<a title=\"Bar Happ\" href=\"https:\/\/www.vape4wholesale.com\/sl\/product_brand\/bar-srece\/\" target=\"_blank\" rel=\"noopener\"><strong>Bar Happ<\/strong><\/a> MT50000 je revolucionarna naprava za enkratno uporabo, zasnovana za neprimerljivo vzdr\u017eljivost in zmogljivost. Z osupljivimi 50.000 vdihi je ta naprava narejena tako, da zdr\u017ei in ponuja izjemno izku\u0161njo vapinga brez potrebe po pogostih zamenjavah.<\/p>\n<p class=\"ds-markdown-paragraph\">Happ Bar MT50000 z veliko kapaciteto 45 ml vnaprej napolnjenega e-teko\u010dina in zmogljivo baterijo 650 mAh za polnjenje (prek priro\u010dnega vhoda Type-C) vam zagotavlja enakomeren okus in proizvodnjo pare od prvega do zadnjega \u0161ihta. Vgrajena 1,0ohm tuljava zagotavlja gladko in zadovoljivo potegovanje, ki je popolnoma uravnote\u017eeno glede intenzivnosti okusa in koli\u010dine pare.<\/p>\n<p class=\"ds-markdown-paragraph\">Izberite \u017eeleno jakost nikotina 2% ali 5%, ki ustreza va\u0161emu osebnemu slogu vapinga. Naprava vklju\u010duje tudi prakti\u010den zaslon LCD, ki v realnem \u010dasu prikazuje trajanje baterije in raven e-teko\u010dine, tako da imate vedno nadzor.<\/p>\n<p class=\"ds-markdown-paragraph\">Na voljo je 15 vznemirljivih okusov, med katerimi lahko izbirate, zato je za vsak okus nekaj zanimivega. Ne glede na to, ali \u017eelite sadne, ledene ali klasi\u010dne profile, Happ Bar MT50000 zagotavlja bogat in trajen okus v vsakem puhu.<\/p>\n<h2 class=\"ds-markdown-paragraph\"><strong>Lastnosti Happ Bar MT50000<\/strong><\/h2>\n<ul>\n<li class=\"ds-markdown-paragraph\">\u2705\u00a0<strong>50.000 puffov<\/strong>\u00a0- Izjemno dolga \u017eivljenjska doba<\/li>\n<li class=\"ds-markdown-paragraph\">\u2705\u00a0<strong>Mo\u017enosti nikotina:<\/strong>\u00a02% ali 5%<\/li>\n<li class=\"ds-markdown-paragraph\">\u2705\u00a0<strong>Baterija za polnjenje 650 mAh<\/strong> - Podprto polnjenje tipa C<\/li>\n<li class=\"ds-markdown-paragraph\">\u2705\u00a0<strong>45ml E-teko\u010dina Kapaciteta<\/strong><\/li>\n<li class=\"ds-markdown-paragraph\">\u2705\u00a0<strong>1,0ohm tuljava<\/strong>\u00a0- Optimizirano za proizvodnjo okusov in oblakov<\/li>\n<li class=\"ds-markdown-paragraph\">\u2705\u00a0<strong>Zaslon LCD<\/strong>\u00a0- Prikazuje stanje baterije in e-teko\u010dine<\/li>\n<li class=\"ds-markdown-paragraph\">\u2705\u00a0<strong>Na voljo je 15 okusov<\/strong>\u00a0- Raznolikost za vsak okus<\/li>\n<\/ul>\n<h2><strong>Razpolo\u017eljivi okusi<\/strong><\/h2>\n<ol>\n<li>Jagodni led<\/li>\n<li>jagoda kivi<\/li>\n<li>Modri jagodni led<\/li>\n<li>Led iz lubenice<\/li>\n<li>Ananasov kokosov apnen\u010dasti rum<\/li>\n<li>\u010crni zmaj jagoda<\/li>\n<li>Cherry Bomb<\/li>\n<li>Poletne sanje<\/li>\n<li>lubenica Kokos<\/li>\n<li>Jagoda Banana<\/li>\n<li>Ljubezen 66<\/li>\n<li>To\u010da breskev<\/li>\n<li>Lemonova to\u010da<\/li>\n<li>Cola Ice<\/li>\n<li>Kokosov raj<\/li>\n<\/ol>\n<h2><strong>Podrobnosti o pakiranju<\/strong><\/h2>\n<ul>\n<li>1\/ Posamezna \u0161katla<\/li>\n<li>10\/ Displaybox<\/li>\n<li>100\/karton<\/li>\n<\/ul>\n<figure id=\"attachment_25165\" aria-describedby=\"caption-attachment-25165\" style=\"width: 800px\" class=\"wp-caption alignnone\"><img loading=\"lazy\" decoding=\"async\" class=\"size-full wp-image-25165\" title=\"Happ Bar MT50000 za enkratno uporabo Vape Packing Box\" src=\"https:\/\/www.vape4wholesale.com\/wp-content\/uploads\/2025\/10\/Happ-Bar-MT50000-Disposable-Vape_Packing-Box.webp\" alt=\"Happ Bar MT50000 za enkratno uporabo Vape Packing Box\" width=\"800\" height=\"800\" srcset=\"https:\/\/www.vape4wholesale.com\/wp-content\/uploads\/2025\/10\/Happ-Bar-MT50000-Disposable-Vape_Packing-Box.webp 800w, https:\/\/www.vape4wholesale.com\/wp-content\/uploads\/2025\/10\/Happ-Bar-MT50000-Disposable-Vape_Packing-Box-247x247.webp 247w, https:\/\/www.vape4wholesale.com\/wp-content\/uploads\/2025\/10\/Happ-Bar-MT50000-Disposable-Vape_Packing-Box-100x100.webp 100w, https:\/\/www.vape4wholesale.com\/wp-content\/uploads\/2025\/10\/Happ-Bar-MT50000-Disposable-Vape_Packing-Box-510x510.webp 510w, https:\/\/www.vape4wholesale.com\/wp-content\/uploads\/2025\/10\/Happ-Bar-MT50000-Disposable-Vape_Packing-Box-300x300.webp 300w, https:\/\/www.vape4wholesale.com\/wp-content\/uploads\/2025\/10\/Happ-Bar-MT50000-Disposable-Vape_Packing-Box-150x150.webp 150w, https:\/\/www.vape4wholesale.com\/wp-content\/uploads\/2025\/10\/Happ-Bar-MT50000-Disposable-Vape_Packing-Box-768x768.webp 768w, https:\/\/www.vape4wholesale.com\/wp-content\/uploads\/2025\/10\/Happ-Bar-MT50000-Disposable-Vape_Packing-Box-12x12.webp 12w, https:\/\/www.vape4wholesale.com\/wp-content\/uploads\/2025\/10\/Happ-Bar-MT50000-Disposable-Vape_Packing-Box-64x64.webp 64w\" sizes=\"auto, (max-width: 800px) 100vw, 800px\" \/><figcaption id=\"caption-attachment-25165\" class=\"wp-caption-text\">Happ Bar MT50000 za enkratno uporabo Vape Packing Box<\/figcaption><\/figure>\n<figure id=\"attachment_25166\" aria-describedby=\"caption-attachment-25166\" style=\"width: 1000px\" class=\"wp-caption alignnone\"><img loading=\"lazy\" decoding=\"async\" class=\"size-full wp-image-25166\" title=\"Happ Bar MT50000 Vape za enkratno uporabo na debelo\" src=\"https:\/\/www.vape4wholesale.com\/wp-content\/uploads\/2025\/10\/Happ-Bar-MT50000-Disposable-Vape-Wholesale.webp\" alt=\"Happ Bar MT50000 Vape za enkratno uporabo na debelo\" width=\"1000\" height=\"560\" srcset=\"https:\/\/www.vape4wholesale.com\/wp-content\/uploads\/2025\/10\/Happ-Bar-MT50000-Disposable-Vape-Wholesale.webp 1000w, https:\/\/www.vape4wholesale.com\/wp-content\/uploads\/2025\/10\/Happ-Bar-MT50000-Disposable-Vape-Wholesale-510x286.webp 510w, https:\/\/www.vape4wholesale.com\/wp-content\/uploads\/2025\/10\/Happ-Bar-MT50000-Disposable-Vape-Wholesale-300x168.webp 300w, https:\/\/www.vape4wholesale.com\/wp-content\/uploads\/2025\/10\/Happ-Bar-MT50000-Disposable-Vape-Wholesale-768x430.webp 768w, https:\/\/www.vape4wholesale.com\/wp-content\/uploads\/2025\/10\/Happ-Bar-MT50000-Disposable-Vape-Wholesale-18x10.webp 18w, https:\/\/www.vape4wholesale.com\/wp-content\/uploads\/2025\/10\/Happ-Bar-MT50000-Disposable-Vape-Wholesale-64x36.webp 64w\" sizes=\"auto, (max-width: 1000px) 100vw, 1000px\" \/><figcaption id=\"caption-attachment-25166\" class=\"wp-caption-text\">Happ Bar MT50000 Vape za enkratno uporabo na debelo<\/figcaption><\/figure>\n<h2>ZAKAJ MI?<\/h2>\r\n<ul>\r\n<li>Resni\u010dni, zanesljivi in strokovni vir za vape.<\/li>\r\n<li>100% Originalno jamstvo: Zavra\u010damo ponarejanje: zagotavljamo samo originalne in pristne izdelke.<\/li>\r\n<li>100% Zagotovilo za dostavo: 100%: uporabljamo najbolj\u0161i na\u010din po\u0161iljanja, da zagotovimo, da prejmete naro\u010dilo 100%.<\/li>\r\n<li>Po odpremi vam bomo posredovali \u0161tevilko za sledenje in nalepko za po\u0161iljanje ter spremljali blago, dokler ga ne podpi\u0161ete.<\/li>\r\n<li>Brez carinskih te\u017eav, brez tarif<\/li>\r\n<\/ul>","protected":false},"excerpt":{"rendered":"<p><b><span style=\"color: #00a859;\">Free shipping<\/span>\u00a0from Europe warehouse, 7-15 working days delivery time.<\/b><\/p>\r\n<div class=\"wsppc_div_block woocommerce_before_add_to_cart_form\">\r\n<p><strong>Clear customs before delivery &amp; 100% Delivery Guarantee<\/strong><\/p>\r\n<\/div>","protected":false},"featured_media":25183,"comment_status":"open","ping_status":"closed","template":"","meta":[],"pwb-brand":[1267],"product_cat":[938],"product_tag":[1035,1082,22,24,964],"class_list":{"0":"post-25164","1":"product","2":"type-product","3":"status-publish","4":"has-post-thumbnail","6":"pwb-brand-happ-bar","7":"product_cat-europe-warehouse","8":"product_tag-happ-bar","9":"product_tag-50000-puffs","10":"product_tag-disposable","11":"product_tag-wholesale","12":"product_tag-45-0ml","13":"product_shipping_class-eu-warehouse","14":"wcpa_has_options","16":"first","17":"instock","18":"featured","19":"shipping-taxable","20":"purchasable","21":"product-type-variable"},"aioseo_notices":[],"brands":[{"id":1267,"name":"Bar Happ","slug":"bar-srece"}],"_links":{"self":[{"href":"https:\/\/www.vape4wholesale.com\/sl\/wp-json\/wp\/v2\/product\/25164","targetHints":{"allow":["GET"]}}],"collection":[{"href":"https:\/\/www.vape4wholesale.com\/sl\/wp-json\/wp\/v2\/product"}],"about":[{"href":"https:\/\/www.vape4wholesale.com\/sl\/wp-json\/wp\/v2\/types\/product"}],"replies":[{"embeddable":true,"href":"https:\/\/www.vape4wholesale.com\/sl\/wp-json\/wp\/v2\/comments?post=25164"}],"wp:featuredmedia":[{"embeddable":true,"href":"https:\/\/www.vape4wholesale.com\/sl\/wp-json\/wp\/v2\/media\/25183"}],"wp:attachment":[{"href":"https:\/\/www.vape4wholesale.com\/sl\/wp-json\/wp\/v2\/media?parent=25164"}],"wp:term":[{"taxonomy":"pwb-brand","embeddable":true,"href":"https:\/\/www.vape4wholesale.com\/sl\/wp-json\/wp\/v2\/pwb-brand?post=25164"},{"taxonomy":"product_cat","embeddable":true,"href":"https:\/\/www.vape4wholesale.com\/sl\/wp-json\/wp\/v2\/product_cat?post=25164"},{"taxonomy":"product_tag","embeddable":true,"href":"https:\/\/www.vape4wholesale.com\/sl\/wp-json\/wp\/v2\/product_tag?post=25164"}],"curies":[{"name":"wp","href":"https:\/\/api.w.org\/{rel}","templated":true}]}}