{"id":24550,"date":"2025-09-13T17:15:09","date_gmt":"2025-09-13T09:15:09","guid":{"rendered":"https:\/\/www.vape4wholesale.com\/?post_type=product&#038;p=24550"},"modified":"2026-01-26T13:38:27","modified_gmt":"2026-01-26T13:38:27","slug":"bang-legenda-120k-5v1-za-enkratno-uporabo-vape-na-debelo","status":"publish","type":"product","link":"https:\/\/www.vape4wholesale.com\/sl\/product\/bang-legend-120k-5in1-disposable-vape-wholesale","title":{"rendered":"Bang Legenda 120K 5v1 za enkratno uporabo Vape na debelo"},"content":{"rendered":"<p>Bang Legend 120K 5v1 je novi kralj izjemno dolgotrajnih par za enkratno uporabo, ki zagotavlja do 120.000 vdihov z neprimerljivo raznolikostjo okusov in zmogljivostjo. Vsaka naprava ima nastavljive okuse 5 v 1, ki vam omogo\u010dajo takoj\u0161nje preklapljanje med petimi vrhunskimi me\u0161anicami za vedno sve\u017e okus. Z nastavljivim pretokom zraka, pametnim zaslonom LED in mo\u017enostjo hitrega polnjenja Type-C je ta naprava zasnovana za vaperje, ki zahtevajo udobje in prilagajanje. Od sladkega sadja do ledeno hladnih curkov, vsak curek je gladek, aromati\u010den in zadovoljiv.<\/p>\n<h2><strong>Bang Legend 120K 5in1 Klju\u010dne lastnosti<\/strong><\/h2>\n<ul>\n<li>Masivnih 120.000 vdihov - Zasnovan za izjemno dolgo \u017eivljenjsko dobo.<\/li>\n<li>Nastavljivi okusi 5 v 1 - preklapljajte med petimi okusi v eni napravi.<\/li>\n<li>Nastavljiv pretok zraka - prilagodite gostoto pare svojim \u017eeljam.<\/li>\n<li>Pametni zaslon LED - Prikazuje \u010das delovanja baterije in raven e-teko\u010dine.<\/li>\n<li>Polnjenje prek tipa C - hitro in u\u010dinkovito polnjenje.<\/li>\n<li>Premium Mesh Coil tehnologija - izbolj\u0161ano oddajanje okusa in proizvodnja pare.<\/li>\n<\/ul>\n<h2><strong>Kompleti okusov<\/strong><\/h2>\n<ul>\n<li><strong>Nabor okusov 1<\/strong><\/li>\n<\/ul>\n<p>Okusi 5v1: Energy Drink, borovnica \u010de\u0161nja, jabolko grozdje, lubenica zmajski sade\u017e, mamba<br \/>\nNa voljo v 5 okusih:<\/p>\n<p>Energijski napitek - Drzen in gaziran s sladko-sladkim okusom za takoj\u0161njo osve\u017eitev.<br \/>\nBorovnica in \u010de\u0161nja - So\u010dne borovnice in globoke, zrele \u010de\u0161nje tvorijo so\u010den jagodni duet.<br \/>\nApple Grape - hrustljavo zeleno jabolko, pome\u0161ano s sladkim vijoli\u010dnim grozdjem, zagotavlja gladko sadno ravnovesje.<br \/>\nZmajska lubenica - Sladki tropski zmajski sade\u017ei, prepleteni s so\u010dno sve\u017eino melone.<br \/>\nMamba - eksoti\u010dna sadna sladica s tropskim pridihom.<\/p>\n<ul>\n<li><strong>Nabor okusov 2<\/strong><\/li>\n<\/ul>\n<p>Okusi 5v1: energetski napitek, breskev led, mango led, brusnica grozdje, \u010drni ribez<br \/>\nNa voljo v 5 okusih:<\/p>\n<p>Energijski napitek - Sladek in pene\u010d z energijskim okusom.<br \/>\nPeach Ice - So\u010dna breskev z mrzlim zaklju\u010dkom v obliki mentola.<br \/>\nMango Ice - Tropski mango, ohlajen z ledeno gladkostjo.<br \/>\nBrusnica Grape - trpka brusnica s sladko harmonijo grozdja.<br \/>\n\u010crni ribez - Drzen, pikanten \u010drni ribez z bogato globino jagodi\u010devja.<\/p>\n<ul>\n<li><strong>Nabor okusov 3<\/strong><\/li>\n<\/ul>\n<p>Okusi 5v1: Borovnica malina, breskev mango lubenica, \u010de\u0161njeva kola, grozdje robida led, mango breskev marelica<br \/>\nNa voljo v 5 okusih:<\/p>\n<p>Blueberry Raspberry - Sladke borovnice, pome\u0161ane s pikantnimi malinami.<br \/>\nBreskev in mango ter lubenica - so\u010dna breskev, tropski mango in osve\u017eilna lubenica.<br \/>\nCherry Coke - Klasi\u010dna kola s sladkim \u010de\u0161njevim pridihom.<br \/>\nGrape Blackberry Ice - Sladko grozdje z ledeno trpkimi robidami.<br \/>\nMango Peach Apricot - svilnato tropski trio manga, breskve in marelice.<\/p>\n<ul>\n<li><strong>Nabor okusov 4<\/strong><\/li>\n<\/ul>\n<p>Okusi 5v1: Fu\u017eine: borovnica malina, \u010drni zmaj led, mavri\u010dni bonbon, Fuji led, lubenica kisla breskev<br \/>\nNa voljo v 5 okusih:<\/p>\n<p>Borovnica Malina - So\u010dna sladkost jagodi\u010devja s pikantnim okusom.<br \/>\nBlack Dragon Ice - Drzno, skrivnostno temno sadje s hladnim nabojem.<br \/>\nRainbow Candy - Sladki ve\u010dsadni bonboni.<br \/>\nFuji Ice - hrustljavo jabolko Fuji z ledenim zaklju\u010dkom.<br \/>\nLubenica s kislo breskvijo - Sladka lubenica s pikantno kislostjo breskve.<\/p>\n<ul>\n<li><strong>Nabor okusov 5<\/strong><\/li>\n<\/ul>\n<p>Okusi 5v1: Borovnica Ice, Kivi Passion Fruit Guava, Triple Melon, Peach Pineapple, Passionate Kiss<br \/>\nNa voljo v 5 okusih:<\/p>\n<p>Borovni\u010dev led - Sve\u017ee borovnice, ohlajene do popolnosti.<br \/>\nKivi Pasijonka Guava - eksoti\u010dni trio pikantnega kivija, tropske pasijonke in kremaste guave.<br \/>\nTrojna melona - tri sorte melon za so\u010dno poletno me\u0161anico.<br \/>\nPeach Pineapple - Sladka breskev s tropskim ananasom.<br \/>\nStrasten poljub - romanti\u010dna me\u0161anica tropskega sadja s pridihom sladkosti.<\/p>\n<ul>\n<li><strong>Nabor okusov 6<\/strong><\/li>\n<\/ul>\n<p>Okusi 5v1: Sladica borovnice, lubenica Bubble Gum, kislo jabolko malina, Lotus sadje mango melona, pasijonka kivi limeta<br \/>\nNa voljo v 5 okusih:<\/p>\n<p>Borovni\u010dev led - Sladko, ledeno borovni\u010devo zadovoljstvo.<br \/>\nLubenica Bubble Gum - So\u010dna lubenica s sladko nostalgijo po sladkarijah.<br \/>\nKislo jabolko z malinami - hrustljavo jabolko s pikantnim malinovim pridihom.<br \/>\nLotus Fruit Mango Melon - Cvetli\u010dni lotos s tropskim mangom in melono.<br \/>\nPassion Fruit Kiwi Lime - pikantna pasijonka s kivijem in okusno limeto.<\/p>\n<ul>\n<li><strong>Nabor okusov 7<\/strong><\/li>\n<\/ul>\n<p>Okusi 5v1: , me\u0161ano jagodi\u010devje, jabol\u010dna hru\u0161ka, borovni\u010deva meta, poletni \u010das<br \/>\nNa voljo v 5 okusih:<\/p>\n<p>Lubenica Ice - osve\u017eilna ledena melona.<br \/>\nMe\u0161ano jagodi\u010devje - me\u0161anica zrelih, sladkih jagod.<br \/>\nJabolko hru\u0161ka - hrustljavo jabolko z gladko, blagodejno hru\u0161ko.<br \/>\nBorovnice z meto - So\u010dne borovnice s hladnim okusom mete.<br \/>\nSummer Time - Sezonska me\u0161anica tropskega sadja s hladilnim zaklju\u010dkom.<\/p>\n<ul>\n<li><strong>Nabor okusov 8<\/strong><\/li>\n<\/ul>\n<p>Okusi 5v1: , jagodni mango, kalifornijska \u010de\u0161nja, borovni\u010dev breskov led, jagodni led<br \/>\nNa voljo v 5 okusih:<\/p>\n<p>Ledena lubenica - klasi\u010den ledeni okus lubenice.<br \/>\nStrawberry Mango - Sladke jagode, pome\u0161ane s so\u010dnim mangom.<br \/>\nKalifornijska \u010de\u0161nja - krepka, na soncu dozorela \u010de\u0161nja.<br \/>\nBlueberry Peach Ice - Sadna borovnica in breskev z mrzlim pridihom.<br \/>\nBerry Ice - Me\u0161ano jagodi\u010devje z ledenim hladom.<\/p>\n<ul>\n<li><strong>Nabor okusov 9<\/strong><\/li>\n<\/ul>\n<p>Okusi 5v1: , grozdni led, rde\u010di mojito, bananin led, limonina limeta<br \/>\nNa voljo v 5 okusih:<\/p>\n<p>Jagodna lubenica - Sladka jagoda in so\u010dna lubenica.<br \/>\nGrape Ice - hrustljavo grozdje s hladilnim u\u010dinkom mentola.<br \/>\nRde\u010di mojito - sadna me\u0161anica koktajlov z metino sve\u017eino.<br \/>\nBanana Ice - Kremna banana s hladnim izdihom.<br \/>\nLemon Lime - pikantna citrusna iskrivost.<\/p>\n<ul>\n<li><strong>Nabor okusov 10<\/strong><\/li>\n<\/ul>\n<p>Okusi 5v1: , jabolko kantalupe, cola ice, mango breskev, ljubezen 66, jagoda lubenica, mango breskev<br \/>\nNa voljo v 5 okusih:<\/p>\n<p>Jagodna lubenica - klasi\u010den sladek in so\u010den duet.<br \/>\nCantaloupe Apple - gladka melona s hrustljavim jabolkom.<br \/>\nCola Ice - gazirana kola z mrzlim pridihom.<br \/>\nMango Peach - tropski mango z gladko breskvijo.<br \/>\nLove 66 - Eksoti\u010dni sadni koktajl s pridihom sve\u017eine.<\/p>\n<ul>\n<li><strong>Nabor okusov 11<\/strong><\/li>\n<\/ul>\n<p>Okusi 5v1: Jagoda kivi, jagoda banana, li\u010di led, lubenica jagoda, pasijonka mango<br \/>\nNa voljo v 5 okusih:<\/p>\n<p>Strawberry Kiwi - Sladke jagode s pikantnim kivijem.<br \/>\nJagodna banana - Kremna banana s so\u010dno jagodo.<br \/>\nLychee Ice - eksoti\u010dni li\u010di s hladnim vetri\u010dem.<br \/>\nMelona Berry - so\u010dna melona s sladkim jagodi\u010devjem.<br \/>\nPasijonka Mango - pikantna pasijonka s tropskim mangom.<\/p>\n<ul>\n<li><strong>Nabor okusov 12<\/strong><\/li>\n<\/ul>\n<p>Okusi 5v1: Jagoda kivi, borovnica lubenica, medvedek Fudge, borovnica Bubble Gum, kisel mango ananas<br \/>\nNa voljo v 5 okusih:<\/p>\n<p>Jagoda kivi - sladek in pikanten sadni duet.<br \/>\nBorovnice z lubenico - sve\u017ee borovnice s so\u010dno lubenico<br \/>\nBear Fudge - Sladki gumijasti bonboni s kremastim pridihom.<br \/>\nBlueberry Bubble Gum - Jagodni bonbonski u\u017eitek.<br \/>\nSour Mango Ananas - Tropska sladkost s pikantnim okusom.<\/p>\n<h2><strong>Podrobnosti o pakiranju<\/strong><\/h2>\n<ul>\n<li class=\"ds-markdown-paragraph\">Ena naprava Te\u017ea: 180 g<\/li>\n<li class=\"ds-markdown-paragraph\">Konfiguracija: 10 kosov v \u0161katli<\/li>\n<li class=\"ds-markdown-paragraph\">Skupna bruto te\u017ea\/100 kosov: 18,5 kg<\/li>\n<li class=\"ds-markdown-paragraph\">Dimenzije: 45,5 \u00d7 45 \u00d7 16 cm<\/li>\n<\/ul>\n<figure id=\"attachment_24536\" aria-describedby=\"caption-attachment-24536\" style=\"width: 800px\" class=\"wp-caption alignnone\"><img loading=\"lazy\" decoding=\"async\" class=\"size-full wp-image-24536\" title=\"Bang Legenda 120K 5v1 za enkratno uporabo Vape na debelo 11\" src=\"https:\/\/www.vape4wholesale.com\/wp-content\/uploads\/2025\/09\/Bang-Legend-120K-5in1-Disposable-Vape-Wholesale_11.webp\" alt=\"Bang Legenda 120K 5v1 za enkratno uporabo Vape na debelo 11\" width=\"800\" height=\"800\" srcset=\"https:\/\/www.vape4wholesale.com\/wp-content\/uploads\/2025\/09\/Bang-Legend-120K-5in1-Disposable-Vape-Wholesale_11.webp 800w, https:\/\/www.vape4wholesale.com\/wp-content\/uploads\/2025\/09\/Bang-Legend-120K-5in1-Disposable-Vape-Wholesale_11-247x247.webp 247w, https:\/\/www.vape4wholesale.com\/wp-content\/uploads\/2025\/09\/Bang-Legend-120K-5in1-Disposable-Vape-Wholesale_11-100x100.webp 100w, https:\/\/www.vape4wholesale.com\/wp-content\/uploads\/2025\/09\/Bang-Legend-120K-5in1-Disposable-Vape-Wholesale_11-510x510.webp 510w, https:\/\/www.vape4wholesale.com\/wp-content\/uploads\/2025\/09\/Bang-Legend-120K-5in1-Disposable-Vape-Wholesale_11-300x300.webp 300w, https:\/\/www.vape4wholesale.com\/wp-content\/uploads\/2025\/09\/Bang-Legend-120K-5in1-Disposable-Vape-Wholesale_11-150x150.webp 150w, https:\/\/www.vape4wholesale.com\/wp-content\/uploads\/2025\/09\/Bang-Legend-120K-5in1-Disposable-Vape-Wholesale_11-768x768.webp 768w, https:\/\/www.vape4wholesale.com\/wp-content\/uploads\/2025\/09\/Bang-Legend-120K-5in1-Disposable-Vape-Wholesale_11-12x12.webp 12w, https:\/\/www.vape4wholesale.com\/wp-content\/uploads\/2025\/09\/Bang-Legend-120K-5in1-Disposable-Vape-Wholesale_11-64x64.webp 64w\" sizes=\"auto, (max-width: 800px) 100vw, 800px\" \/><figcaption id=\"caption-attachment-24536\" class=\"wp-caption-text\">Bang Legenda 120K 5v1 za enkratno uporabo Vape na debelo<\/figcaption><\/figure>\n<h2>ZAKAJ MI?<\/h2>\r\n<ul>\r\n<li>Resni\u010dni, zanesljivi in strokovni vir za vape.<\/li>\r\n<li>100% Originalno jamstvo: Zavra\u010damo ponarejanje: zagotavljamo samo originalne in pristne izdelke.<\/li>\r\n<li>100% Zagotovilo za dostavo: 100%: uporabljamo najbolj\u0161i na\u010din po\u0161iljanja, da zagotovimo, da prejmete naro\u010dilo 100%.<\/li>\r\n<li>Po odpremi vam bomo posredovali \u0161tevilko za sledenje in nalepko za po\u0161iljanje ter spremljali blago, dokler ga ne podpi\u0161ete.<\/li>\r\n<li>Brez carinskih te\u017eav, brez tarif<\/li>\r\n<\/ul>","protected":false},"excerpt":{"rendered":"<div class=\"wsppc_div_block woocommerce_before_add_to_cart_form\">\r\n<p><strong><span style=\"color: #00a859;\">Opraviti carinsko po\u0161to<\/span> pred dostavo &amp; 100% Garancija dostave, Dostava v pribli\u017eno 19\u201325 dneh.\u00a0<\/strong><\/p>\r\n<\/div>","protected":false},"featured_media":24543,"comment_status":"open","ping_status":"closed","template":"","meta":[],"pwb-brand":[1275],"product_cat":[873],"product_tag":[1081,1219,22,24,249],"class_list":{"0":"post-24550","1":"product","2":"type-product","3":"status-publish","4":"has-post-thumbnail","6":"pwb-brand-bang","7":"product_cat-above-20k-puffs","8":"product_tag-50-0ml","9":"product_tag-120000-puffs","10":"product_tag-disposable","11":"product_tag-wholesale","12":"product_tag-bang","13":"wcpa_has_options","15":"first","16":"instock","17":"featured","18":"shipping-taxable","19":"purchasable","20":"product-type-variable"},"aioseo_notices":[],"brands":[{"id":1275,"name":"Bang","slug":"bang"}],"_links":{"self":[{"href":"https:\/\/www.vape4wholesale.com\/sl\/wp-json\/wp\/v2\/product\/24550","targetHints":{"allow":["GET"]}}],"collection":[{"href":"https:\/\/www.vape4wholesale.com\/sl\/wp-json\/wp\/v2\/product"}],"about":[{"href":"https:\/\/www.vape4wholesale.com\/sl\/wp-json\/wp\/v2\/types\/product"}],"replies":[{"embeddable":true,"href":"https:\/\/www.vape4wholesale.com\/sl\/wp-json\/wp\/v2\/comments?post=24550"}],"wp:featuredmedia":[{"embeddable":true,"href":"https:\/\/www.vape4wholesale.com\/sl\/wp-json\/wp\/v2\/media\/24543"}],"wp:attachment":[{"href":"https:\/\/www.vape4wholesale.com\/sl\/wp-json\/wp\/v2\/media?parent=24550"}],"wp:term":[{"taxonomy":"pwb-brand","embeddable":true,"href":"https:\/\/www.vape4wholesale.com\/sl\/wp-json\/wp\/v2\/pwb-brand?post=24550"},{"taxonomy":"product_cat","embeddable":true,"href":"https:\/\/www.vape4wholesale.com\/sl\/wp-json\/wp\/v2\/product_cat?post=24550"},{"taxonomy":"product_tag","embeddable":true,"href":"https:\/\/www.vape4wholesale.com\/sl\/wp-json\/wp\/v2\/product_tag?post=24550"}],"curies":[{"name":"wp","href":"https:\/\/api.w.org\/{rel}","templated":true}]}}