{"id":23613,"date":"2025-07-23T00:46:15","date_gmt":"2025-07-22T16:46:15","guid":{"rendered":"https:\/\/www.vape4wholesale.com\/?post_type=product&#038;p=23613"},"modified":"2026-04-15T17:53:00","modified_gmt":"2026-04-15T09:53:00","slug":"happ-bar-gr50000-enkratno-vape-na-debelo","status":"publish","type":"product","link":"https:\/\/www.vape4wholesale.com\/sl\/product\/happ-bar-gr50000-disposable-vape-wholesale","title":{"rendered":"Happ Bar GR50000 Vape za enkratno uporabo na debelo"},"content":{"rendered":"<p class=\"ds-markdown-paragraph\"><strong><a title=\"Bar Happ\" href=\"\/sl\/product_brand\/bar-srece\/\" target=\"_blank\" rel=\"noopener\">Bar Happ<\/a> GR50000<\/strong>\u00a0je inovativna naprava za enkratno uporabo z revolucionarnim sistemom dvojnega okusa 2 v 1. Z edinstvenim gumbom za preklop okusa, ki je name\u0161\u010den med dvema mo\u017enostma, lahko uporabniki hkrati u\u017eivajo v dveh razli\u010dnih okusih - to je prva inovacija v industriji.<\/p>\n<p class=\"ds-markdown-paragraph\">Ohranja zna\u010dilno obliko serije GR in se pona\u0161a z ergonomsko vdolbino na sredini, ki zagotavlja ve\u010dje udobje pri dr\u017eanju. Pod sredinskim delom je vgrajen zaslon, ki v realnem \u010dasu natan\u010dno prikazuje stanje e-teko\u010dine in baterije. Na zadnji strani je krmilnik za prilagajanje okusa, ki omogo\u010da nemoteno preklapljanje med okusi.<\/p>\n<p>Happ Bar GR50000 je zasnovan za dolgo \u017eivljenjsko dobo in vsestranskost ter omogo\u010da impresivnih 50.000 izpihov, ki jih poganja baterija s 650 mAh (podpira polnjenje tipa C). Dva rezervoarja za 23 ml e-teko\u010dine (skupaj 46 ml) omogo\u010data dalj\u0161o uporabo, medtem ko 1,0\u03a9 mre\u017ena tuljava zagotavlja bogato in dosledno proizvodnjo okusa.<\/p>\n<h2 class=\"ds-markdown-paragraph\"><strong>Happ Bar GR50000 Vape za enkratno uporabo Hitre podrobnosti<\/strong><\/h2>\n<ul>\n<li class=\"ds-markdown-paragraph\"><strong>Puffs:<\/strong>\u00a050,000<\/li>\n<li class=\"ds-markdown-paragraph\"><strong>Nikotin:<\/strong> 2% \/ 5%<\/li>\n<li class=\"ds-markdown-paragraph\"><strong>Baterija:<\/strong>\u00a0650 mAh (za polnjenje tipa C)<\/li>\n<li class=\"ds-markdown-paragraph\"><strong>E-teko\u010dina:<\/strong> 23 ml + 23 ml (dvojni rezervoar)<\/li>\n<li class=\"ds-markdown-paragraph\"><strong>Navijalka:<\/strong> Dvojna 1,0\u03a9 mre\u017ena tuljava<\/li>\n<li class=\"ds-markdown-paragraph\"><strong>Okusi:<\/strong> 12 parov<\/li>\n<li class=\"ds-markdown-paragraph\"><strong>Inovacije:<\/strong>\u00a0Hkratno uparjanje z dvema okusoma 2 v 1<\/li>\n<li class=\"ds-markdown-paragraph\"><strong>Zaslon:<\/strong>\u00a0E-teko\u010dina in indikator baterije<\/li>\n<li class=\"ds-markdown-paragraph\"><strong>Oblikovanje:<\/strong>\u00a0Ergonomski ro\u010daj z nadzorom okusa<\/li>\n<\/ul>\n<h2><strong>Razpolo\u017eljivi okusi<\/strong><\/h2>\n<p>Led z lubenico \/ jagoda z banano<br \/>\nGrozdni led \/ jagoda kivi<br \/>\nCola Ice \/ Fizzy Cherry<br \/>\nJagodni led \/ mango breskev lubenica<br \/>\nTropsko sadje \/ Jagoda lubenica<br \/>\nRed Bull \/ Cool Mint<br \/>\nJagoda Vanilla Cola \/ Ananas Kokos<br \/>\nlubenica malina \/ ljubezen 66<br \/>\nGospod Blue \/ Lemon Ice<br \/>\nJagoda malina \u010de\u0161nja \/ po\u0161ast breskev<br \/>\nBlack Dragon Ice \/ Peach Ice<br \/>\nBreskev Mango Ananas \/ Vanilijev led<\/p>\n<figure id=\"attachment_23641\" aria-describedby=\"caption-attachment-23641\" style=\"width: 1616px\" class=\"wp-caption alignnone\"><img loading=\"lazy\" decoding=\"async\" class=\"size-full wp-image-23641\" title=\"Happ Bar GR50000 Vape za enkratno uporabo na debelo 14\" src=\"https:\/\/www.vape4wholesale.com\/wp-content\/uploads\/2025\/07\/Happ-Bar-GR50000-Disposable-Vape-Wholesale_14.webp\" alt=\"Happ Bar GR50000 Vape za enkratno uporabo na debelo 14\" width=\"1616\" height=\"800\" srcset=\"https:\/\/www.vape4wholesale.com\/wp-content\/uploads\/2025\/07\/Happ-Bar-GR50000-Disposable-Vape-Wholesale_14.webp 1616w, https:\/\/www.vape4wholesale.com\/wp-content\/uploads\/2025\/07\/Happ-Bar-GR50000-Disposable-Vape-Wholesale_14-510x252.webp 510w, https:\/\/www.vape4wholesale.com\/wp-content\/uploads\/2025\/07\/Happ-Bar-GR50000-Disposable-Vape-Wholesale_14-300x149.webp 300w, https:\/\/www.vape4wholesale.com\/wp-content\/uploads\/2025\/07\/Happ-Bar-GR50000-Disposable-Vape-Wholesale_14-1024x507.webp 1024w, https:\/\/www.vape4wholesale.com\/wp-content\/uploads\/2025\/07\/Happ-Bar-GR50000-Disposable-Vape-Wholesale_14-768x380.webp 768w, https:\/\/www.vape4wholesale.com\/wp-content\/uploads\/2025\/07\/Happ-Bar-GR50000-Disposable-Vape-Wholesale_14-1536x760.webp 1536w, https:\/\/www.vape4wholesale.com\/wp-content\/uploads\/2025\/07\/Happ-Bar-GR50000-Disposable-Vape-Wholesale_14-18x9.webp 18w, https:\/\/www.vape4wholesale.com\/wp-content\/uploads\/2025\/07\/Happ-Bar-GR50000-Disposable-Vape-Wholesale_14-64x32.webp 64w\" sizes=\"auto, (max-width: 1616px) 100vw, 1616px\" \/><figcaption id=\"caption-attachment-23641\" class=\"wp-caption-text\">Happ Bar GR50000 Vape za enkratno uporabo na debelo<\/figcaption><\/figure>\n<h2>ZAKAJ MI?<\/h2>\r\n<ul>\r\n<li>Resni\u010dni, zanesljivi in strokovni vir za vape.<\/li>\r\n<li>100% Originalno jamstvo: Zavra\u010damo ponarejanje: zagotavljamo samo originalne in pristne izdelke.<\/li>\r\n<li>100% Zagotovilo za dostavo: 100%: uporabljamo najbolj\u0161i na\u010din po\u0161iljanja, da zagotovimo, da prejmete naro\u010dilo 100%.<\/li>\r\n<li>Po odpremi vam bomo posredovali \u0161tevilko za sledenje in nalepko za po\u0161iljanje ter spremljali blago, dokler ga ne podpi\u0161ete.<\/li>\r\n<li>Brez carinskih te\u017eav, brez tarif<\/li>\r\n<\/ul>","protected":false},"excerpt":{"rendered":"<p><b><span style=\"color: #00a859;\">Free shipping<\/span>\u00a0from Europe warehouse, 7-15 working days delivery time.<\/b><\/p>\r\n<div class=\"wsppc_div_block woocommerce_before_add_to_cart_form\">\r\n<p><strong>Clear customs before delivery &amp; 100% Delivery Guarantee<\/strong><\/p>\r\n<\/div>","protected":false},"featured_media":23640,"comment_status":"open","ping_status":"closed","template":"","meta":[],"pwb-brand":[1267],"product_cat":[938],"product_tag":[22,24,1035,1082,1210],"class_list":{"0":"post-23613","1":"product","2":"type-product","3":"status-publish","4":"has-post-thumbnail","6":"pwb-brand-happ-bar","7":"product_cat-europe-warehouse","8":"product_tag-disposable","9":"product_tag-wholesale","10":"product_tag-happ-bar","11":"product_tag-50000-puffs","12":"product_tag-46-0ml","13":"product_shipping_class-eu-warehouse","14":"wcpa_has_options","16":"first","17":"instock","18":"featured","19":"shipping-taxable","20":"purchasable","21":"product-type-variable"},"aioseo_notices":[],"brands":[{"id":1267,"name":"Bar Happ","slug":"bar-srece"}],"_links":{"self":[{"href":"https:\/\/www.vape4wholesale.com\/sl\/wp-json\/wp\/v2\/product\/23613","targetHints":{"allow":["GET"]}}],"collection":[{"href":"https:\/\/www.vape4wholesale.com\/sl\/wp-json\/wp\/v2\/product"}],"about":[{"href":"https:\/\/www.vape4wholesale.com\/sl\/wp-json\/wp\/v2\/types\/product"}],"replies":[{"embeddable":true,"href":"https:\/\/www.vape4wholesale.com\/sl\/wp-json\/wp\/v2\/comments?post=23613"}],"wp:featuredmedia":[{"embeddable":true,"href":"https:\/\/www.vape4wholesale.com\/sl\/wp-json\/wp\/v2\/media\/23640"}],"wp:attachment":[{"href":"https:\/\/www.vape4wholesale.com\/sl\/wp-json\/wp\/v2\/media?parent=23613"}],"wp:term":[{"taxonomy":"pwb-brand","embeddable":true,"href":"https:\/\/www.vape4wholesale.com\/sl\/wp-json\/wp\/v2\/pwb-brand?post=23613"},{"taxonomy":"product_cat","embeddable":true,"href":"https:\/\/www.vape4wholesale.com\/sl\/wp-json\/wp\/v2\/product_cat?post=23613"},{"taxonomy":"product_tag","embeddable":true,"href":"https:\/\/www.vape4wholesale.com\/sl\/wp-json\/wp\/v2\/product_tag?post=23613"}],"curies":[{"name":"wp","href":"https:\/\/api.w.org\/{rel}","templated":true}]}}