{"id":23370,"date":"2025-07-08T00:11:30","date_gmt":"2025-07-07T16:11:30","guid":{"rendered":"https:\/\/www.vape4wholesale.com\/?post_type=product&#038;p=23370"},"modified":"2026-01-26T13:38:40","modified_gmt":"2026-01-26T13:38:40","slug":"sreca-bar-ss25000-enkratno-vape-na-debelo","status":"publish","type":"product","link":"https:\/\/www.vape4wholesale.com\/sl\/izdelek\/sreca-bar-ss25000-enkratno-vape-na-debelo","title":{"rendered":"Happ Bar SS25000 Vape za enkratno uporabo na debelo"},"content":{"rendered":"<p class=\"ds-markdown-paragraph\">Spletna stran\u00a0<strong><a title=\"Bar Happ\" href=\"https:\/\/www.vape4wholesale.com\/sl\/product_brand\/bar-srece\/\" target=\"_blank\" rel=\"noopener\">Bar Happ<\/a> SS25000<\/strong> Vape za enkratno uporabo odlikuje vrhunska ve\u010dmaterialna konstrukcija, ki zdru\u017euje barvite poudarke iz umetnega usnja z elegantnimi kovinskimi detajli, ki potekajo po celotnem ohi\u0161ju. Gumb za vklop je brezhibno vgrajen v mat \u010drno plo\u0161\u010do, na kateri je tudi prozoren zaslon LCD za spremljanje v realnem \u010dasu.<\/p>\n<p class=\"ds-markdown-paragraph\">Za razliko od ve\u010dine vapingov za enkratno uporabo, ki se aktivirajo samodejno, SS25000 za natan\u010den nadzor zahteva ro\u010dno upravljanje. Za uporabo preprosto petkrat pritisnite gumb za vklop, nato pa trikrat hitro kliknite za preklop med na\u010dini. Ima dva na\u010dina izhoda:<\/p>\n<ul>\n<li>\n<p class=\"ds-markdown-paragraph\">Pametni na\u010din: Nastavljiva mo\u010d od 5 W do 30 W za prilagojeno uparjanje.<\/p>\n<\/li>\n<li>\n<p class=\"ds-markdown-paragraph\">Na\u010din pove\u010danja: za najve\u010djo intenzivnost.<\/p>\n<\/li>\n<\/ul>\n<p class=\"ds-markdown-paragraph\">Poleg tega ta naprava omogo\u010da ponovno polnjenje. Za polnjenje:<\/p>\n<ol start=\"1\">\n<li>\n<p class=\"ds-markdown-paragraph\">Odstranite ustnik.<\/p>\n<\/li>\n<li>\n<p class=\"ds-markdown-paragraph\">Odstranite silikonske \u010depke na obeh straneh cevi.<\/p>\n<\/li>\n<li>\n<p class=\"ds-markdown-paragraph\">Dodajte e-teko\u010dino (izogibajte se sredinski luknji za zra\u010dni tok).<\/p>\n<\/li>\n<\/ol>\n<h2><strong>Happ Bar SS25000 Vape za enkratno uporabo Hitre podrobnosti<\/strong><\/h2>\n<ul>\n<li>\n<p class=\"ds-markdown-paragraph\">\u0160tevilo puffov: 25,000<\/p>\n<\/li>\n<li>\n<p class=\"ds-markdown-paragraph\">Tuljava: 0,6\u03a9 mre\u017ena tuljava (izbolj\u0161an okus in para)<\/p>\n<\/li>\n<li>\n<p class=\"ds-markdown-paragraph\">Nastavljiv pretok zraka<\/p>\n<\/li>\n<li>\n<p class=\"ds-markdown-paragraph\">Oblikovanje za ponovno polnjenje<\/p>\n<\/li>\n<li>\n<p class=\"ds-markdown-paragraph\">Baterija za polnjenje 650 mAh (polnjenje tipa C)<\/p>\n<\/li>\n<li>\n<p class=\"ds-markdown-paragraph\">Dvojni na\u010dini: Pove\u010danje in pametni<\/p>\n<\/li>\n<li>\n<p class=\"ds-markdown-paragraph\">Zaslon LCD: Prikazuje raven akumulatorja in mo\u010d<\/p>\n<\/li>\n<\/ul>\n<h2><strong>Razpolo\u017eljivi okusi<\/strong><\/h2>\n<p>Ledena breskev<br \/>\nJagodni pun\u010d<br \/>\nGrozdna meta<br \/>\nMango Ice<br \/>\nDvojno jabolko<br \/>\nBorovni\u010dev \u017eve\u010dilni gumi<br \/>\nCitronska meta<br \/>\nBujni led<br \/>\njagoda kivi<br \/>\nJagodni led<br \/>\n\u010carobna ljubezen<br \/>\nFiesta s \u010de\u0161njami<\/p>\n<figure id=\"attachment_23352\" aria-describedby=\"caption-attachment-23352\" style=\"width: 800px\" class=\"wp-caption alignnone\"><img loading=\"lazy\" decoding=\"async\" class=\"size-full wp-image-23352\" title=\"Happ Bar SS25000 enkratno Vape Double Appe\" src=\"https:\/\/www.vape4wholesale.com\/wp-content\/uploads\/2025\/07\/Happ-Bar-SS25000-Disposable-Vape_Double-Appe.webp\" alt=\"Happ Bar SS25000 enkratno Vape Double Appe\" width=\"800\" height=\"800\" srcset=\"https:\/\/www.vape4wholesale.com\/wp-content\/uploads\/2025\/07\/Happ-Bar-SS25000-Disposable-Vape_Double-Appe.webp 800w, https:\/\/www.vape4wholesale.com\/wp-content\/uploads\/2025\/07\/Happ-Bar-SS25000-Disposable-Vape_Double-Appe-247x247.webp 247w, https:\/\/www.vape4wholesale.com\/wp-content\/uploads\/2025\/07\/Happ-Bar-SS25000-Disposable-Vape_Double-Appe-100x100.webp 100w, https:\/\/www.vape4wholesale.com\/wp-content\/uploads\/2025\/07\/Happ-Bar-SS25000-Disposable-Vape_Double-Appe-510x510.webp 510w\" sizes=\"auto, (max-width: 800px) 100vw, 800px\" \/><figcaption id=\"caption-attachment-23352\" class=\"wp-caption-text\">Happ Bar SS25000 enkratno Vape Double Appe<\/figcaption><\/figure>\n[scf-template id=&#8217;16903&#8242;]","protected":false},"excerpt":{"rendered":"<p><b><span style=\"color: #00a859;\">Free shipping<\/span>\u00a0from Europe warehouse, 7-15 working days delivery time.<\/b><\/p>\r\n<div class=\"wsppc_div_block woocommerce_before_add_to_cart_form\">\r\n<p><strong>Clear customs before delivery &amp; 100% Delivery Guarantee<\/strong><\/p>\r\n<\/div>","protected":false},"featured_media":23352,"comment_status":"open","ping_status":"closed","template":"","meta":[],"pwb-brand":[1267],"product_cat":[938],"product_tag":[22,24,692,915,1035],"class_list":{"0":"post-23370","1":"product","2":"type-product","3":"status-publish","4":"has-post-thumbnail","6":"pwb-brand-happ-bar","7":"product_cat-europe-warehouse","8":"product_tag-disposable","9":"product_tag-wholesale","10":"product_tag-25-0ml","11":"product_tag-25000-puffs","12":"product_tag-happ-bar","13":"product_shipping_class-eu-warehouse","15":"first","16":"outofstock","17":"featured","18":"shipping-taxable","19":"purchasable","20":"product-type-variable"},"aioseo_notices":[],"brands":[{"id":1267,"name":"Bar Happ","slug":"bar-srece"}],"_links":{"self":[{"href":"https:\/\/www.vape4wholesale.com\/sl\/wp-json\/wp\/v2\/product\/23370","targetHints":{"allow":["GET"]}}],"collection":[{"href":"https:\/\/www.vape4wholesale.com\/sl\/wp-json\/wp\/v2\/product"}],"about":[{"href":"https:\/\/www.vape4wholesale.com\/sl\/wp-json\/wp\/v2\/types\/product"}],"replies":[{"embeddable":true,"href":"https:\/\/www.vape4wholesale.com\/sl\/wp-json\/wp\/v2\/comments?post=23370"}],"wp:featuredmedia":[{"embeddable":true,"href":"https:\/\/www.vape4wholesale.com\/sl\/wp-json\/wp\/v2\/media\/23352"}],"wp:attachment":[{"href":"https:\/\/www.vape4wholesale.com\/sl\/wp-json\/wp\/v2\/media?parent=23370"}],"wp:term":[{"taxonomy":"pwb-brand","embeddable":true,"href":"https:\/\/www.vape4wholesale.com\/sl\/wp-json\/wp\/v2\/pwb-brand?post=23370"},{"taxonomy":"product_cat","embeddable":true,"href":"https:\/\/www.vape4wholesale.com\/sl\/wp-json\/wp\/v2\/product_cat?post=23370"},{"taxonomy":"product_tag","embeddable":true,"href":"https:\/\/www.vape4wholesale.com\/sl\/wp-json\/wp\/v2\/product_tag?post=23370"}],"curies":[{"name":"wp","href":"https:\/\/api.w.org\/{rel}","templated":true}]}}