{"id":23271,"date":"2025-07-07T00:00:13","date_gmt":"2025-07-06T16:00:13","guid":{"rendered":"https:\/\/www.vape4wholesale.com\/?post_type=product&#038;p=23271"},"modified":"2026-03-19T19:03:58","modified_gmt":"2026-03-19T11:03:58","slug":"fumot-digitalna-opica-40000-puffs-enkratno-vape-na-debelo","status":"publish","type":"product","link":"https:\/\/www.vape4wholesale.com\/sl\/product\/fumot-digital-monkey-40000-puffs-disposable-vape-wholesale","title":{"rendered":"Fumot Digital Monkey 40000 Puffs Vape za enkratno uporabo na debelo"},"content":{"rendered":"<p>Spletna stran<strong><a title=\"Fumot\" href=\"https:\/\/www.vape4wholesale.com\/sl\/product_brand\/fumot\/\" target=\"_blank\" rel=\"noopener\"> Fumot<\/a> Digital Monkey 40000<\/strong> je vape za enkratno uporabo z dvojno mre\u017easto spiralo s pametnim zaslonom in preklopnimi na\u010dini. Kot nadgrajena razli\u010dica priljubljenega <a title=\"Fumot 12000\" href=\"https:\/\/www.vape4wholesale.com\/sl\/izdelek\/fumot-digitalna-skatla-12000-za-enkratno-uporabo-vape-na-debelo\/\" target=\"_blank\" rel=\"noopener\">Fumot 12000<\/a> ima elegantno zunanjost z vzorcem glazure in velik sprednji zaslon. Na zaslonu ni le grafika \"Digital Monkey\", temve\u010d so na njem v realnem \u010dasu na voljo tudi informacije o ravni teko\u010dine, \u017eivljenjski dobi baterije in trenutnem na\u010dinu uparjanja. Ta naprava ponuja dva na\u010dina uparjanja Double Engine Mode in single Engine Mode, ki ju lahko preprosto preklopite z gumbom na spodnjem delu naprave. Digital Monkey je na voljo v 16 okusih in ponuja 2 jakosti nikotina, da zadovolji razli\u010dne \u017eelje.<\/p>\n<p>Na zaslonu Digital Monkey so v realnem \u010dasu na voljo informacije o ravni e-teko\u010dine, \u017eivljenjski dobi baterije in trenutnem na\u010dinu uparjanja Dual Engine Mode (D) ali Single Engine Mode (S), ki izbolj\u0161ajo va\u0161o izku\u0161njo uparjanja.<\/p>\n<p>Dual Mesh vape uporablja grelni element z dvema plastema mre\u017eastega materiala, ki ustvarja ve\u010djo povr\u0161ino za stik z e-teko\u010dino in njeno enakomerno segrevanje. To omogo\u010da bolj gladek in zadovoljiv okus.<\/p>\n<p>Z vgrajeno baterijo s kapaciteto 850 mAh, ki jo lahko ve\u010dkrat napolnite, tako da ne boste obti\u010dali s praznimi baterijami za enkratno uporabo, \u0161e preden zmanjka e-teko\u010dine.<\/p>\n<h2><strong>Fumot Digital Monkey 40000 Puffs Vape za enkratno uporabo Hitre podrobnosti<\/strong><\/h2>\n<ul>\n<li class=\"ds-markdown-paragraph\">Puffs: Do 40.000<\/li>\n<li class=\"ds-markdown-paragraph\">Baterija: 850 mAh (polnjenje prek USB-C)<\/li>\n<li class=\"ds-markdown-paragraph\">Navijalka: Dvojna mre\u017ea (bolj gladek in aromati\u010den par)<\/li>\n<li class=\"ds-markdown-paragraph\">Zaslon: Pametni zaslon (raven e-teko\u010dine v realnem \u010dasu, baterija, indikator na\u010dina)<\/li>\n<li>Kapaciteta e-teko\u010dine: 16 ml (vnaprej napolnjena)<\/li>\n<li class=\"ds-markdown-paragraph\">Mo\u010d nikotina: 2% (20 mg) in 5% (50 mg)<\/li>\n<li class=\"ds-markdown-paragraph\">Okusi: 16 mo\u017enosti (raznolikost za razli\u010dne okuse)<\/li>\n<li class=\"ds-markdown-paragraph\">Oblikovanje: Zunanjost z glaziranim vzorcem + grafika \"Digital Monkey\"<\/li>\n<li class=\"ds-markdown-paragraph\">Nadgrajeno iz: Fumot 12000 (bolj\u0161i zaslon, dvojna mre\u017ea, dalj\u0161a \u017eivljenjska doba)<\/li>\n<li class=\"ds-markdown-paragraph\">Na\u010dini dela: Dvojni motor (D) - intenzivnej\u0161i hlapi\/ enojni motor (S) - standardno uparjanje (preklapljanje s spodnjim gumbom)<\/li>\n<\/ul>\n<h2><strong>Razpolo\u017eljivi okusi<\/strong><\/h2>\n<p>1. Banana Ice<br \/>\n2. Jagodna lubenica<br \/>\n3. Menjalnica Miami<br \/>\n4. Borovnica malina<br \/>\n5. \u010crni led<br \/>\n6. Beli gumijasti led<br \/>\n7. Led iz lubenice<br \/>\n8. So\u010dni breskov led<br \/>\n9. Roza limonada<br \/>\n10. Jagodni mango<br \/>\n11. Breskev mango lubenica<br \/>\n12. Grozdna limona<br \/>\n13. Tropska mavrica Blast<br \/>\n14. Cherry Bomb<br \/>\n15. Bonboni z jagodami in meto<br \/>\n16. Dvojno jabolko<\/p>\n<figure id=\"attachment_23272\" aria-describedby=\"caption-attachment-23272\" style=\"width: 1248px\" class=\"wp-caption alignnone\"><img loading=\"lazy\" decoding=\"async\" class=\"size-full wp-image-23272\" title=\"Fumot Digital Monkey 40000 Puffs Vape za enkratno uporabo\" src=\"https:\/\/www.vape4wholesale.com\/wp-content\/uploads\/2025\/07\/Fumot-Digital-Monkey-40000-Puffs-Disposable-Vape.webp\" alt=\"Fumot Digital Monkey 40000 Puffs Vape za enkratno uporabo\" width=\"1248\" height=\"800\" srcset=\"https:\/\/www.vape4wholesale.com\/wp-content\/uploads\/2025\/07\/Fumot-Digital-Monkey-40000-Puffs-Disposable-Vape.webp 1248w, https:\/\/www.vape4wholesale.com\/wp-content\/uploads\/2025\/07\/Fumot-Digital-Monkey-40000-Puffs-Disposable-Vape-510x327.webp 510w, https:\/\/www.vape4wholesale.com\/wp-content\/uploads\/2025\/07\/Fumot-Digital-Monkey-40000-Puffs-Disposable-Vape-300x192.webp 300w, https:\/\/www.vape4wholesale.com\/wp-content\/uploads\/2025\/07\/Fumot-Digital-Monkey-40000-Puffs-Disposable-Vape-1024x656.webp 1024w, https:\/\/www.vape4wholesale.com\/wp-content\/uploads\/2025\/07\/Fumot-Digital-Monkey-40000-Puffs-Disposable-Vape-768x492.webp 768w, https:\/\/www.vape4wholesale.com\/wp-content\/uploads\/2025\/07\/Fumot-Digital-Monkey-40000-Puffs-Disposable-Vape-18x12.webp 18w, https:\/\/www.vape4wholesale.com\/wp-content\/uploads\/2025\/07\/Fumot-Digital-Monkey-40000-Puffs-Disposable-Vape-64x41.webp 64w\" sizes=\"auto, (max-width: 1248px) 100vw, 1248px\" \/><figcaption id=\"caption-attachment-23272\" class=\"wp-caption-text\">Fumot Digital Monkey 40000 Puffs Vape za enkratno uporabo<\/figcaption><\/figure>\n<h2>ZAKAJ MI?<\/h2>\r\n<ul>\r\n<li>Resni\u010dni, zanesljivi in strokovni vir za vape.<\/li>\r\n<li>100% Originalno jamstvo: Zavra\u010damo ponarejanje: zagotavljamo samo originalne in pristne izdelke.<\/li>\r\n<li>100% Zagotovilo za dostavo: 100%: uporabljamo najbolj\u0161i na\u010din po\u0161iljanja, da zagotovimo, da prejmete naro\u010dilo 100%.<\/li>\r\n<li>Po odpremi vam bomo posredovali \u0161tevilko za sledenje in nalepko za po\u0161iljanje ter spremljali blago, dokler ga ne podpi\u0161ete.<\/li>\r\n<li>Brez carinskih te\u017eav, brez tarif<\/li>\r\n<\/ul>","protected":false},"excerpt":{"rendered":"<div class=\"wsppc_div_block woocommerce_before_add_to_cart_form\">\r\n<p><strong><span style=\"color: #00a859;\">Opraviti carinsko po\u0161to<\/span> pred dostavo &amp; 100% Garancija dostave, Dostava v pribli\u017eno 19\u201325 dneh.\u00a0<\/strong><\/p>\r\n<\/div>","protected":false},"featured_media":23259,"comment_status":"open","ping_status":"closed","template":"","meta":[],"pwb-brand":[1269],"product_cat":[873],"product_tag":[22,24,592,933,1016],"class_list":{"0":"post-23271","1":"product","2":"type-product","3":"status-publish","4":"has-post-thumbnail","6":"pwb-brand-fumot","7":"product_cat-above-20k-puffs","8":"product_tag-disposable","9":"product_tag-wholesale","10":"product_tag-fumot","11":"product_tag-35-0ml","12":"product_tag-40000-puffs","13":"wcpa_has_options","15":"first","16":"outofstock","17":"featured","18":"shipping-taxable","19":"purchasable","20":"product-type-variable"},"aioseo_notices":[],"brands":[{"id":1269,"name":"Fumot","slug":"fumot"}],"_links":{"self":[{"href":"https:\/\/www.vape4wholesale.com\/sl\/wp-json\/wp\/v2\/product\/23271","targetHints":{"allow":["GET"]}}],"collection":[{"href":"https:\/\/www.vape4wholesale.com\/sl\/wp-json\/wp\/v2\/product"}],"about":[{"href":"https:\/\/www.vape4wholesale.com\/sl\/wp-json\/wp\/v2\/types\/product"}],"replies":[{"embeddable":true,"href":"https:\/\/www.vape4wholesale.com\/sl\/wp-json\/wp\/v2\/comments?post=23271"}],"wp:featuredmedia":[{"embeddable":true,"href":"https:\/\/www.vape4wholesale.com\/sl\/wp-json\/wp\/v2\/media\/23259"}],"wp:attachment":[{"href":"https:\/\/www.vape4wholesale.com\/sl\/wp-json\/wp\/v2\/media?parent=23271"}],"wp:term":[{"taxonomy":"pwb-brand","embeddable":true,"href":"https:\/\/www.vape4wholesale.com\/sl\/wp-json\/wp\/v2\/pwb-brand?post=23271"},{"taxonomy":"product_cat","embeddable":true,"href":"https:\/\/www.vape4wholesale.com\/sl\/wp-json\/wp\/v2\/product_cat?post=23271"},{"taxonomy":"product_tag","embeddable":true,"href":"https:\/\/www.vape4wholesale.com\/sl\/wp-json\/wp\/v2\/product_tag?post=23271"}],"curies":[{"name":"wp","href":"https:\/\/api.w.org\/{rel}","templated":true}]}}