{"id":23199,"date":"2025-07-06T11:39:53","date_gmt":"2025-07-06T03:39:53","guid":{"rendered":"https:\/\/www.vape4wholesale.com\/?post_type=product&#038;p=23199"},"modified":"2026-03-05T15:41:40","modified_gmt":"2026-03-05T07:41:40","slug":"fumot-leopard-40k-40000-puffs-enkratno-vape-na-debelo","status":"publish","type":"product","link":"https:\/\/www.vape4wholesale.com\/sl\/product\/fumot-leopard-40k-40000-puffs-disposable-vape-wholesale","title":{"rendered":"Fumot Leopard 40K 40000 Puffs Vape za enkratno uporabo na debelo"},"content":{"rendered":"<p>Spletna stran <a title=\"Fumot\" href=\"https:\/\/www.vape4wholesale.com\/sl\/product_brand\/fumot\/\" target=\"_blank\" rel=\"noopener\">Fumot<\/a> Leopard 40K je visokozmogljiv vape za enkratno uporabo, ki ponuja do 40.000 vdihov. Zasnovan je z dvojnimi mre\u017eastimi tuljavami in prozorno zunanjo lupino ter ima ilustracijo boldeoparda, ki dodaja edinstven vizualni pridih. Vgrajeni indikator LED ne prikazuje le ravni e-teko\u010dine in baterije, temve\u010d zagotavlja tudi \u017eivahne svetlobne u\u010dinke. Leopard 40K je na voljo v 25 okusih in ponuja 4 mo\u017enosti za jakost nikotina, ki ustrezajo razli\u010dnim \u017eeljam.<\/p>\n<p>Dual Mesh Vape uporablja grelni element z dvema plastema mre\u017eastega materiala, ki ustvarja ve\u010djo povr\u0161ino za stik z e-teko\u010dino in njeno enakomerno segrevanje. To zagotavlja bolj gladek in zadovoljiv okus ter bolj stabilen okus skozi celotno \u017eivljenjsko dobo vape.<\/p>\n<p>Na zaslonu naprave Leopard 40k sta prikazana tudi napajanje in koli\u010dina e-teko\u010dine!\u0160tevilka na levi strani (nad simbolom kapljice vode) predstavlja koli\u010dino e-teko\u010dine, ki je trenutno ostala v napravi, \u0161tevilka na desni strani (nad simbolom baterije) pa predstavlja trenutno stanje napajanja naprave.<\/p>\n<p>Leopard 40K ima kristalno \u010disto prozorno lupino, v kateri je v popolnosti prikazana osupljiva ilustracija leoparda.Vsaka \u010drta, barva in izraz umetnine so o\u017eivljeni, kar ustvarja drzno vizualno izjavo, ki se razlikuje od obi\u010dajnih modelov za vaped.<\/p>\n<p>USB-C ali USB tipa C je najnovej\u0161i univerzalni standard za \u017ei\u010dno povezovanje pametnih naprav. je naslednik starej\u0161ih standardov, kot sta Micro-USB in USB-A, ki so \u0161e vedno pogosti, vendar hitro izginjajo. vgrajena baterija s kapaciteto 700 mAh je polnilna, zato ne boste obti\u010dali s praznimi baterijami za enkratno uporabo, dokler se ne izprazni e-teko\u010dina.<\/p>\n<h2><strong>Fumot Leopard 40K Puffs Vape za enkratno uporabo Hitre podrobnosti<\/strong><\/h2>\n<ul>\n<li>\n<p class=\"ds-markdown-paragraph\"><strong>Mo\u010d nikotina:<\/strong>\u00a02% \/ 5% (20 mg\/50 mg)<\/p>\n<\/li>\n<li>\n<p class=\"ds-markdown-paragraph\"><strong>Baterija:<\/strong>\u00a0700 mAh za polnjenje (USB tipa C)<\/p>\n<\/li>\n<li>\n<p class=\"ds-markdown-paragraph\"><strong>\u0160tevilo puffov:<\/strong>\u00a0Do\u00a0<strong>40.000 vpihov<\/strong><\/p>\n<\/li>\n<li>\n<p class=\"ds-markdown-paragraph\"><strong>Tehnologija tuljave:<\/strong>\u00a0<strong>Dvojna mre\u017ena tuljava<\/strong>\u00a0za bogatej\u0161i okus<\/p>\n<\/li>\n<li>\n<p class=\"ds-markdown-paragraph\"><strong>Okusi:<\/strong>\u00a0<strong>16 premium mo\u017enosti<\/strong><\/p>\n<\/li>\n<li>\n<p class=\"ds-markdown-paragraph\"><strong>Zaslon:<\/strong>\u00a0<strong>Zaslon HD<\/strong>\u00a0(indikatorji e-teko\u010dine in baterije)<\/p>\n<\/li>\n<\/ul>\n<h2><strong>Razpolo\u017eljivi okusi<\/strong><\/h2>\n<ol>\n<li>Me\u0161ano jagodi\u010devje<\/li>\n<li>Borovnica malina<\/li>\n<li>Jagodna lubenica<\/li>\n<li>Jagodni led<\/li>\n<li>Cherry Ice<\/li>\n<li>Led iz lubenice<\/li>\n<li>Kivi Pasijonka Guava<\/li>\n<li>Dr. Blue<\/li>\n<li>Borovnice na ledu<\/li>\n<li>Peach Berry<\/li>\n<li>Roza limonada<\/li>\n<li>Jagoda Banana<\/li>\n<li>lubenica Bubblegum<\/li>\n<li>Peachy Mango Ananas<\/li>\n<li>Black Dragon Ice<\/li>\n<li>Borovnica \u010ce\u0161nja Brusnica<\/li>\n<\/ol>\n<figure id=\"attachment_23232\" aria-describedby=\"caption-attachment-23232\" style=\"width: 2560px\" class=\"wp-caption alignnone\"><img loading=\"lazy\" decoding=\"async\" class=\"size-full wp-image-23232\" title=\"Fumot Leopard 40K 40000 Puffs Vape za enkratno uporabo\" src=\"https:\/\/www.vape4wholesale.com\/wp-content\/uploads\/2025\/07\/Fumot-Leopard-40K-40000-Puffs-Disposable-Vape-scaled.webp\" alt=\"Fumot Leopard 40K 40000 Puffs Vape za enkratno uporabo\" width=\"2560\" height=\"1536\" srcset=\"https:\/\/www.vape4wholesale.com\/wp-content\/uploads\/2025\/07\/Fumot-Leopard-40K-40000-Puffs-Disposable-Vape-scaled.webp 2560w, https:\/\/www.vape4wholesale.com\/wp-content\/uploads\/2025\/07\/Fumot-Leopard-40K-40000-Puffs-Disposable-Vape-scaled-510x306.webp 510w, https:\/\/www.vape4wholesale.com\/wp-content\/uploads\/2025\/07\/Fumot-Leopard-40K-40000-Puffs-Disposable-Vape-300x180.webp 300w, https:\/\/www.vape4wholesale.com\/wp-content\/uploads\/2025\/07\/Fumot-Leopard-40K-40000-Puffs-Disposable-Vape-1024x614.webp 1024w, https:\/\/www.vape4wholesale.com\/wp-content\/uploads\/2025\/07\/Fumot-Leopard-40K-40000-Puffs-Disposable-Vape-768x461.webp 768w, https:\/\/www.vape4wholesale.com\/wp-content\/uploads\/2025\/07\/Fumot-Leopard-40K-40000-Puffs-Disposable-Vape-1536x922.webp 1536w, https:\/\/www.vape4wholesale.com\/wp-content\/uploads\/2025\/07\/Fumot-Leopard-40K-40000-Puffs-Disposable-Vape-2048x1229.webp 2048w, https:\/\/www.vape4wholesale.com\/wp-content\/uploads\/2025\/07\/Fumot-Leopard-40K-40000-Puffs-Disposable-Vape-18x12.webp 18w, https:\/\/www.vape4wholesale.com\/wp-content\/uploads\/2025\/07\/Fumot-Leopard-40K-40000-Puffs-Disposable-Vape-64x38.webp 64w\" sizes=\"auto, (max-width: 2560px) 100vw, 2560px\" \/><figcaption id=\"caption-attachment-23232\" class=\"wp-caption-text\">Fumot Leopard 40K 40000 Puffs Vape za enkratno uporabo<\/figcaption><\/figure>\n<h2>ZAKAJ MI?<\/h2>\r\n<ul>\r\n<li>Resni\u010dni, zanesljivi in strokovni vir za vape.<\/li>\r\n<li>100% Originalno jamstvo: Zavra\u010damo ponarejanje: zagotavljamo samo originalne in pristne izdelke.<\/li>\r\n<li>100% Zagotovilo za dostavo: 100%: uporabljamo najbolj\u0161i na\u010din po\u0161iljanja, da zagotovimo, da prejmete naro\u010dilo 100%.<\/li>\r\n<li>Po odpremi vam bomo posredovali \u0161tevilko za sledenje in nalepko za po\u0161iljanje ter spremljali blago, dokler ga ne podpi\u0161ete.<\/li>\r\n<li>Brez carinskih te\u017eav, brez tarif<\/li>\r\n<\/ul>","protected":false},"excerpt":{"rendered":"<div class=\"wsppc_div_block woocommerce_before_add_to_cart_form\">\r\n<p><strong><span style=\"color: #00a859;\">Clear customs<\/span> before delivery &amp; 100% Delivery Guarantee, Delivery in 19~25 days around.\u00a0<\/strong><\/p>\r\n<\/div>","protected":false},"featured_media":23222,"comment_status":"open","ping_status":"closed","template":"","meta":[],"pwb-brand":[1269],"product_cat":[873],"product_tag":[933,1016,22,24,592],"class_list":{"0":"post-23199","1":"product","2":"type-product","3":"status-publish","4":"has-post-thumbnail","6":"pwb-brand-fumot","7":"product_cat-above-20k-puffs","8":"product_tag-35-0ml","9":"product_tag-40000-puffs","10":"product_tag-disposable","11":"product_tag-wholesale","12":"product_tag-fumot","13":"wcpa_has_options","15":"first","16":"instock","17":"featured","18":"shipping-taxable","19":"purchasable","20":"product-type-variable"},"aioseo_notices":[],"brands":[{"id":1269,"name":"Fumot","slug":"fumot"}],"_links":{"self":[{"href":"https:\/\/www.vape4wholesale.com\/sl\/wp-json\/wp\/v2\/product\/23199","targetHints":{"allow":["GET"]}}],"collection":[{"href":"https:\/\/www.vape4wholesale.com\/sl\/wp-json\/wp\/v2\/product"}],"about":[{"href":"https:\/\/www.vape4wholesale.com\/sl\/wp-json\/wp\/v2\/types\/product"}],"replies":[{"embeddable":true,"href":"https:\/\/www.vape4wholesale.com\/sl\/wp-json\/wp\/v2\/comments?post=23199"}],"wp:featuredmedia":[{"embeddable":true,"href":"https:\/\/www.vape4wholesale.com\/sl\/wp-json\/wp\/v2\/media\/23222"}],"wp:attachment":[{"href":"https:\/\/www.vape4wholesale.com\/sl\/wp-json\/wp\/v2\/media?parent=23199"}],"wp:term":[{"taxonomy":"pwb-brand","embeddable":true,"href":"https:\/\/www.vape4wholesale.com\/sl\/wp-json\/wp\/v2\/pwb-brand?post=23199"},{"taxonomy":"product_cat","embeddable":true,"href":"https:\/\/www.vape4wholesale.com\/sl\/wp-json\/wp\/v2\/product_cat?post=23199"},{"taxonomy":"product_tag","embeddable":true,"href":"https:\/\/www.vape4wholesale.com\/sl\/wp-json\/wp\/v2\/product_tag?post=23199"}],"curies":[{"name":"wp","href":"https:\/\/api.w.org\/{rel}","templated":true}]}}