{"id":23178,"date":"2025-07-06T01:06:56","date_gmt":"2025-07-05T17:06:56","guid":{"rendered":"https:\/\/www.vape4wholesale.com\/?post_type=product&#038;p=23178"},"modified":"2026-03-30T11:11:13","modified_gmt":"2026-03-30T03:11:13","slug":"bang-blaze-60000-4in1-60k-puffs-enkratno-vape-na-debelo","status":"publish","type":"product","link":"https:\/\/www.vape4wholesale.com\/sl\/izdelek\/bang-blaze-60000-4in1-60k-puffs-enkratno-vape-na-debelo","title":{"rendered":"Bang Blaze 60000 4v1 60K Puffs Vape za enkratno uporabo na debelo"},"content":{"rendered":"<p class=\"ds-markdown-paragraph\">Spletna stran <a title=\"Bang\" href=\"https:\/\/www.vape4wholesale.com\/sl\/product_brand\/bang\/\" target=\"_blank\" rel=\"noopener\">Bang<\/a> Blaze 60000 4v1 je prva revolucionarna naprava za uparjanje 4 v 1 na svetu, ki ima vgrajene \u0161tiri kapsule z razli\u010dnimi okusi. S preprostim dvigom ustnika lahko brez te\u017eav preklapljate med \u0161tirimi razli\u010dnimi okusi - vse v eni sami napravi.<\/p>\n<p class=\"ds-markdown-paragraph\">Za razliko od obi\u010dajnih cilindri\u010dnih vapingov se Bang Blaze 60000 pona\u0161a s kotno obliko za bolj\u0161i oprijem in ergonomsko udobje. Opremljen je s \u0161tirimi 14-mililitrskimi kapsulami s skupno 56 ml e-teko\u010dine, kar zagotavlja dolgotrajno vapiranje brez pogostega menjavanja.<\/p>\n<p class=\"ds-markdown-paragraph\">Naprava, ki jo poganja akumulatorska baterija 650 mAh s hitrim polnjenjem prek USB-C, je v koraku z va\u0161im tempom. Vgrajeni zaslon LCD omogo\u010da spremljanje \u017eivljenjske dobe baterije in ravni e-teko\u010dine v realnem \u010dasu, tako da imate vedno nadzor.<\/p>\n<h2><strong>Bang Blaze 60000 4v1 Vape Hitre podrobnosti<\/strong><\/h2>\n<ul>\n<li class=\"ds-markdown-paragraph\"><strong>Puffs:<\/strong>\u00a060,000+<\/li>\n<li class=\"ds-markdown-paragraph\"><strong>Kapaciteta e-teko\u010dine:<\/strong>\u00a056 ml (4 \u00d7 14 ml vnaprej napolnjeni stroki)<\/li>\n<li class=\"ds-markdown-paragraph\"><strong>Baterija:<\/strong>\u00a0650 mAh (polnjenje, hitro polnjenje tipa C)<\/li>\n<li class=\"ds-markdown-paragraph\"><strong>Odpornost tuljave:<\/strong>\u00a01.0\u03a9 mre\u017ena tuljava<\/li>\n<li class=\"ds-markdown-paragraph\"><strong>Priklju\u010dek za polnjenje:<\/strong> USB Type-C<\/li>\n<li><strong>Mo\u010d nikotina<\/strong>: 0%, 2%, 5%<\/li>\n<\/ul>\n<h2><strong>Razpolo\u017eljivi okusi<\/strong><\/h2>\n<p>1.Watermelon Ice * Blueberry Mint * Fuji Ice * Lime Romance<br \/>\n2.Watermelon Ice * Blueberry Cherry * Summer Time * Sour Mango Ananas<br \/>\n3.Blueberry Ice * Peach Ice * Rainbow Candy * Lemon Sour Orange<br \/>\n4.Blueberry Ice * Peach Mango Watermelon * Passion Kiss * Melon Apple<br \/>\n5.Blueberry Raspberry * Mixed Berry * California Cherry * Passion Fruit Mango<br \/>\n6.Blueberry Raspberry * Grape Ice * Berry Ice * Aloe Mango Melon<br \/>\n7.Energy Drink * jagoda banana * mango breskev marelica * pasijonka kivi limeta<br \/>\n8.Energy Drinkblueberry Watermelon * Sour Apple Raspberry * Gumny Bear<br \/>\n9.Strawberry Mango * Watermelon Bubble Gum * Red Mojito * Love66<br \/>\n10.Strawberry Mango * Strawberry Kiwi * Apple Grape * Watermelon Dragon Fruit<br \/>\n11.Strawberry Watermelon * Black Ice * Thirteen Melon * Cranberry Grape<br \/>\n12. jagoda lubenica * kivi Pasijonka Guava * mango led * lubenica kisla breskev<\/p>\n<h2><strong>Podrobnosti o pakiranju<\/strong><\/h2>\n<ul>\n<li class=\"ds-markdown-paragraph\">Ena naprava Te\u017ea: 144 g<\/li>\n<li class=\"ds-markdown-paragraph\">Konfiguracija: 10 kosov v \u0161katli<\/li>\n<li class=\"ds-markdown-paragraph\">Skupna bruto te\u017ea\/100 kosov: 15,8 kg<\/li>\n<li class=\"ds-markdown-paragraph\">Dimenzije: 45,5 \u00d7 45 \u00d7 16 cm<\/li>\n<\/ul>\n<figure id=\"attachment_23066\" aria-describedby=\"caption-attachment-23066\" style=\"width: 800px\" class=\"wp-caption alignnone\"><img loading=\"lazy\" decoding=\"async\" class=\"size-full wp-image-23066\" title=\"Bang Blaze 4v1 60K Puffs za enkratno uporabo Vape Wholesael (11)\" src=\"https:\/\/www.vape4wholesale.com\/wp-content\/uploads\/2025\/06\/Bang-Blaze-4in1-60K-Puffs-Disposable-Vape-Wholesael-11.webp\" alt=\"Bang Blaze 4v1 60K Puffs za enkratno uporabo Vape Wholesael (11)\" width=\"800\" height=\"800\" srcset=\"https:\/\/www.vape4wholesale.com\/wp-content\/uploads\/2025\/06\/Bang-Blaze-4in1-60K-Puffs-Disposable-Vape-Wholesael-11.webp 800w, https:\/\/www.vape4wholesale.com\/wp-content\/uploads\/2025\/06\/Bang-Blaze-4in1-60K-Puffs-Disposable-Vape-Wholesael-11-247x247.webp 247w, https:\/\/www.vape4wholesale.com\/wp-content\/uploads\/2025\/06\/Bang-Blaze-4in1-60K-Puffs-Disposable-Vape-Wholesael-11-100x100.webp 100w, https:\/\/www.vape4wholesale.com\/wp-content\/uploads\/2025\/06\/Bang-Blaze-4in1-60K-Puffs-Disposable-Vape-Wholesael-11-510x510.webp 510w\" sizes=\"auto, (max-width: 800px) 100vw, 800px\" \/><figcaption id=\"caption-attachment-23066\" class=\"wp-caption-text\">Bang Blaze 4v1 60K Puffs Vape za enkratno uporabo na debelo<\/figcaption><\/figure>\n<h2>ZAKAJ MI?<\/h2>\r\n<ul>\r\n<li>Resni\u010dni, zanesljivi in strokovni vir za vape.<\/li>\r\n<li>100% Originalno jamstvo: Zavra\u010damo ponarejanje: zagotavljamo samo originalne in pristne izdelke.<\/li>\r\n<li>100% Zagotovilo za dostavo: 100%: uporabljamo najbolj\u0161i na\u010din po\u0161iljanja, da zagotovimo, da prejmete naro\u010dilo 100%.<\/li>\r\n<li>Po odpremi vam bomo posredovali \u0161tevilko za sledenje in nalepko za po\u0161iljanje ter spremljali blago, dokler ga ne podpi\u0161ete.<\/li>\r\n<li>Brez carinskih te\u017eav, brez tarif<\/li>\r\n<\/ul>","protected":false},"excerpt":{"rendered":"<div class=\"wsppc_div_block woocommerce_before_add_to_cart_form\">\r\n<p><strong><span style=\"color: #00a859;\">Clear customs<\/span> before delivery &amp; 100% Delivery Guarantee, Delivery in 19~25 days around.\u00a0<\/strong><\/p>\r\n<\/div>","protected":false},"featured_media":23066,"comment_status":"open","ping_status":"closed","template":"","meta":[],"pwb-brand":[1275],"product_cat":[873],"product_tag":[22,24,249,1114,1203],"class_list":{"0":"post-23178","1":"product","2":"type-product","3":"status-publish","4":"has-post-thumbnail","6":"pwb-brand-bang","7":"product_cat-above-20k-puffs","8":"product_tag-disposable","9":"product_tag-wholesale","10":"product_tag-bang","11":"product_tag-60000-puffs","12":"product_tag-56-0ml","13":"wcpa_has_options","15":"first","16":"instock","17":"featured","18":"shipping-taxable","19":"purchasable","20":"product-type-variable"},"aioseo_notices":[],"brands":[{"id":1275,"name":"Bang","slug":"bang"}],"_links":{"self":[{"href":"https:\/\/www.vape4wholesale.com\/sl\/wp-json\/wp\/v2\/product\/23178","targetHints":{"allow":["GET"]}}],"collection":[{"href":"https:\/\/www.vape4wholesale.com\/sl\/wp-json\/wp\/v2\/product"}],"about":[{"href":"https:\/\/www.vape4wholesale.com\/sl\/wp-json\/wp\/v2\/types\/product"}],"replies":[{"embeddable":true,"href":"https:\/\/www.vape4wholesale.com\/sl\/wp-json\/wp\/v2\/comments?post=23178"}],"wp:featuredmedia":[{"embeddable":true,"href":"https:\/\/www.vape4wholesale.com\/sl\/wp-json\/wp\/v2\/media\/23066"}],"wp:attachment":[{"href":"https:\/\/www.vape4wholesale.com\/sl\/wp-json\/wp\/v2\/media?parent=23178"}],"wp:term":[{"taxonomy":"pwb-brand","embeddable":true,"href":"https:\/\/www.vape4wholesale.com\/sl\/wp-json\/wp\/v2\/pwb-brand?post=23178"},{"taxonomy":"product_cat","embeddable":true,"href":"https:\/\/www.vape4wholesale.com\/sl\/wp-json\/wp\/v2\/product_cat?post=23178"},{"taxonomy":"product_tag","embeddable":true,"href":"https:\/\/www.vape4wholesale.com\/sl\/wp-json\/wp\/v2\/product_tag?post=23178"}],"curies":[{"name":"wp","href":"https:\/\/api.w.org\/{rel}","templated":true}]}}