{"id":23160,"date":"2025-07-06T00:21:03","date_gmt":"2025-07-05T16:21:03","guid":{"rendered":"https:\/\/www.vape4wholesale.com\/?post_type=product&#038;p=23160"},"modified":"2026-03-30T11:11:59","modified_gmt":"2026-03-30T03:11:59","slug":"bang-king-triple-3in1-85k-puffs-enkratno-vape-na-debelo","status":"publish","type":"product","link":"https:\/\/www.vape4wholesale.com\/sl\/product\/bang-king-triple-3in1-85k-puffs-disposable-vape-wholesale","title":{"rendered":"Bang King Triple 3in1 85K Puffs Vape za enkratno uporabo na debelo"},"content":{"rendered":"<p class=\"ds-markdown-paragraph\"><a title=\"Bang\" href=\"https:\/\/www.vape4wholesale.com\/sl\/product_brand\/bang\/\" target=\"_blank\" rel=\"noopener\">Bang<\/a> King Triple 3v1 85K Puffs Vape za enkratno uporabo je inovativna vsestranska naprava za uparjanje, ki vsebuje tri kartu\u0161e z razli\u010dnimi okusi v eni enoti. S preprostim mehanizmom za dviganje in obra\u010danje ustnika lahko brez te\u017eav preklapljate med okusi na zahtevo.<\/p>\n<p class=\"ds-markdown-paragraph\">Naprava, ki je opremljena s 63 ml e-teko\u010dine (pribli\u017eno 21 ml na kartu\u0161o), zagotavlja dolgotrajno u\u017eivanje. Vgrajeni zaslon omogo\u010da spremljanje ravni e-teko\u010dine in stanja baterije v realnem \u010dasu, tako da ste popolnoma obve\u0161\u010deni o delovanju naprave.<\/p>\n<p class=\"ds-markdown-paragraph\">Poganja ga 600 mAh akumulatorska baterija tipa C, ki omogo\u010da dalj\u0161o uporabo brez pogostega polnjenja. Da bi zadovoljili razli\u010dne \u017eelje, ponujamo 16 edinstvenih kombinacij okusov z mo\u017enostmi jakosti nikotina 0%, 2% in 5% - kot nala\u0161\u010d za prilo\u017enostne in izku\u0161ene vaperje.<\/p>\n<h2><strong>Bang King Triple 3in1 85K Vape Klju\u010dne lastnosti<\/strong><\/h2>\n<p>&nbsp;<\/p>\n<ul>\n<li>Sistem treh okusov - brez te\u017eav preklapljajte med tremi okusi<\/li>\n<li>63 ml celotnega e-teko\u010dina (21 ml na kartu\u0161o)<\/li>\n<li>Pametni zaslon - Spremljajte raven soka in baterije<\/li>\n<li>Baterija za polnjenje USB-C s kapaciteto 600 mAh<\/li>\n<li>1,0\u03a9*3 mre\u017ena tuljava - optimizirana za gladek in aromati\u010den par<\/li>\n<li>16 vrst okusov | 0%\/2%\/5% mo\u017enosti nikotina<\/li>\n<\/ul>\n<h2><strong>Razpolo\u017eljivi okusi<\/strong><\/h2>\n<p>1.Watermelon Ice \/ Red Bull \/ Strawberry Kiwi<br \/>\n2.Lemon Lime \/ jagoda lubenica \/ borovnica Ice<br \/>\n3.Strawberry Banana \/ Raspberry Watermelon \/ Pink Lemonade<br \/>\n4.Blue Razz Cherry \/ Cool Mint \/Peach Mango<br \/>\n5.Tropsko sadje \/ jagoda lubenica \/ limona breskev<br \/>\n6.Pinapple Coconut \/ Strawberry Banana \/ Blue Razz<br \/>\n7.Strawberry Watermelon \/ Triple Melon \/ Strawberry Ice<br \/>\n8.Miexd Sadje \/ mango breskev \/ grozdni led<br \/>\n9.Strawberry Vanilla Coke \/ Peach Ice \/ Black Dragon Ice<br \/>\n10.Lush Ice \/ kivi Pasijonka Guava \/ jagoda Mango<br \/>\n11.Strawberry lubenica \/ lubenica \/ Blue Razz<br \/>\n12.Jagodna limonada \/ Jagodni Red Bull \/ Jagodni Pomp<br \/>\n13.Dvojno jabolko \/ sadna fuzija \/ pinapple<br \/>\n14.Cola Ice \/ Mr Blue \/ Cherry Cola<br \/>\n15.Strawberry Donut \/ Banana Ice \/ Love 66<br \/>\n16.Ice Tea Lomon Ice \/ Mango ON Ice \/ Lychee Ice<\/p>\n<h2><strong>Podrobnosti o pakiranju<\/strong><\/h2>\n<ul>\n<li>1\/samostojna \u0161katla<\/li>\n<li>10\/ Prikazna \u0161katla<\/li>\n<li>100\/karton, 15,0 kg<\/li>\n<\/ul>\n<figure id=\"attachment_22956\" aria-describedby=\"caption-attachment-22956\" style=\"width: 800px\" class=\"wp-caption alignnone\"><img loading=\"lazy\" decoding=\"async\" class=\"size-full wp-image-22956\" title=\"Bang King Triple 3v1 85K Puffs za enkratno uporabo Vape Lemon Peach\" src=\"https:\/\/www.vape4wholesale.com\/wp-content\/uploads\/2025\/06\/Bang-King-Triple-3in1-85K-Puffs-Disposable-Vape-Lemon-Peach.webp\" alt=\"Bang King Triple 3v1 85K Puffs za enkratno uporabo Vape Lemon Peach\" width=\"800\" height=\"800\" srcset=\"https:\/\/www.vape4wholesale.com\/wp-content\/uploads\/2025\/06\/Bang-King-Triple-3in1-85K-Puffs-Disposable-Vape-Lemon-Peach.webp 800w, https:\/\/www.vape4wholesale.com\/wp-content\/uploads\/2025\/06\/Bang-King-Triple-3in1-85K-Puffs-Disposable-Vape-Lemon-Peach-247x247.webp 247w, https:\/\/www.vape4wholesale.com\/wp-content\/uploads\/2025\/06\/Bang-King-Triple-3in1-85K-Puffs-Disposable-Vape-Lemon-Peach-100x100.webp 100w, https:\/\/www.vape4wholesale.com\/wp-content\/uploads\/2025\/06\/Bang-King-Triple-3in1-85K-Puffs-Disposable-Vape-Lemon-Peach-510x510.webp 510w, https:\/\/www.vape4wholesale.com\/wp-content\/uploads\/2025\/06\/Bang-King-Triple-3in1-85K-Puffs-Disposable-Vape-Lemon-Peach-300x300.webp 300w, https:\/\/www.vape4wholesale.com\/wp-content\/uploads\/2025\/06\/Bang-King-Triple-3in1-85K-Puffs-Disposable-Vape-Lemon-Peach-150x150.webp 150w, https:\/\/www.vape4wholesale.com\/wp-content\/uploads\/2025\/06\/Bang-King-Triple-3in1-85K-Puffs-Disposable-Vape-Lemon-Peach-768x768.webp 768w, https:\/\/www.vape4wholesale.com\/wp-content\/uploads\/2025\/06\/Bang-King-Triple-3in1-85K-Puffs-Disposable-Vape-Lemon-Peach-12x12.webp 12w, https:\/\/www.vape4wholesale.com\/wp-content\/uploads\/2025\/06\/Bang-King-Triple-3in1-85K-Puffs-Disposable-Vape-Lemon-Peach-64x64.webp 64w\" sizes=\"auto, (max-width: 800px) 100vw, 800px\" \/><figcaption id=\"caption-attachment-22956\" class=\"wp-caption-text\">Bang King Triple 3v1 85K Puffs za enkratno uporabo Vape Lemon Peach<\/figcaption><\/figure>\n<h2>ZAKAJ MI?<\/h2>\r\n<ul>\r\n<li>Resni\u010dni, zanesljivi in strokovni vir za vape.<\/li>\r\n<li>100% Originalno jamstvo: Zavra\u010damo ponarejanje: zagotavljamo samo originalne in pristne izdelke.<\/li>\r\n<li>100% Zagotovilo za dostavo: 100%: uporabljamo najbolj\u0161i na\u010din po\u0161iljanja, da zagotovimo, da prejmete naro\u010dilo 100%.<\/li>\r\n<li>Po odpremi vam bomo posredovali \u0161tevilko za sledenje in nalepko za po\u0161iljanje ter spremljali blago, dokler ga ne podpi\u0161ete.<\/li>\r\n<li>Brez carinskih te\u017eav, brez tarif<\/li>\r\n<\/ul>","protected":false},"excerpt":{"rendered":"<div class=\"wsppc_div_block woocommerce_before_add_to_cart_form\">\r\n<p><strong><span style=\"color: #00a859;\">Clear customs<\/span> before delivery &amp; 100% Delivery Guarantee, Delivery in 19~25 days around.\u00a0<\/strong><\/p>\r\n<\/div>\n<p><span style=\"color: #d83131;\"><strong>Tega izdelka nismo ve\u010d dobavljali.<\/strong><\/span><\/p>\n<p><a title=\"Waspe 3v1 60000 trojni vape\" href=\"https:\/\/www.vape4wholesale.com\/sl\/izdelek\/waspe-aiviou-3v1-60000-puffs-enkratno-vape\/\" target=\"_blank\" rel=\"noopener\"><strong>Kliknite tukaj<\/strong><\/a> za naro\u010dilo na\u0161ega priporo\u010denega alternativnega izdelka.<\/p>","protected":false},"featured_media":22964,"comment_status":"open","ping_status":"closed","template":"","meta":[],"pwb-brand":[1275],"product_cat":[873],"product_tag":[22,24,249,1200,1201],"class_list":{"0":"post-23160","1":"product","2":"type-product","3":"status-publish","4":"has-post-thumbnail","6":"pwb-brand-bang","7":"product_cat-above-20k-puffs","8":"product_tag-disposable","9":"product_tag-wholesale","10":"product_tag-bang","11":"product_tag-63-0ml","12":"product_tag-85000-puffs","13":"wcpa_has_options","15":"first","16":"instock","17":"featured","18":"shipping-taxable","19":"purchasable","20":"product-type-variable"},"aioseo_notices":[],"brands":[{"id":1275,"name":"Bang","slug":"bang"}],"_links":{"self":[{"href":"https:\/\/www.vape4wholesale.com\/sl\/wp-json\/wp\/v2\/product\/23160","targetHints":{"allow":["GET"]}}],"collection":[{"href":"https:\/\/www.vape4wholesale.com\/sl\/wp-json\/wp\/v2\/product"}],"about":[{"href":"https:\/\/www.vape4wholesale.com\/sl\/wp-json\/wp\/v2\/types\/product"}],"replies":[{"embeddable":true,"href":"https:\/\/www.vape4wholesale.com\/sl\/wp-json\/wp\/v2\/comments?post=23160"}],"wp:featuredmedia":[{"embeddable":true,"href":"https:\/\/www.vape4wholesale.com\/sl\/wp-json\/wp\/v2\/media\/22964"}],"wp:attachment":[{"href":"https:\/\/www.vape4wholesale.com\/sl\/wp-json\/wp\/v2\/media?parent=23160"}],"wp:term":[{"taxonomy":"pwb-brand","embeddable":true,"href":"https:\/\/www.vape4wholesale.com\/sl\/wp-json\/wp\/v2\/pwb-brand?post=23160"},{"taxonomy":"product_cat","embeddable":true,"href":"https:\/\/www.vape4wholesale.com\/sl\/wp-json\/wp\/v2\/product_cat?post=23160"},{"taxonomy":"product_tag","embeddable":true,"href":"https:\/\/www.vape4wholesale.com\/sl\/wp-json\/wp\/v2\/product_tag?post=23160"}],"curies":[{"name":"wp","href":"https:\/\/api.w.org\/{rel}","templated":true}]}}