{"id":23021,"date":"2025-06-26T23:11:15","date_gmt":"2025-06-26T15:11:15","guid":{"rendered":"https:\/\/www.vape4wholesale.com\/?post_type=product&#038;p=23021"},"modified":"2026-03-30T11:11:35","modified_gmt":"2026-03-30T03:11:35","slug":"bang-polje-3v1-80k-puffs-enkratno-vape-na-debelo","status":"publish","type":"product","link":"https:\/\/www.vape4wholesale.com\/sl\/product\/bang-box-3in1-80k-puffs-disposable-vape-wholesale","title":{"rendered":"Bang Box 3v1 80K Puffs za enkratno uporabo Vape na debelo"},"content":{"rendered":"<p><a href=\"https:\/\/www.vape4wholesale.com\/sl\/product_brand\/bang\/\" target=\"_blank\" rel=\"noopener\">Bang<\/a> Box 3v1 80K Vape za enkratno uporabo revolucionira izku\u0161njo vapinga z inovativnim sistemom podov 3 v 1. Z vgrajenimi trojnimi stroki in vrtljivim ustnikom omogo\u010da takoj\u0161nje preklapljanje med okusi, ne da bi potrebovali ve\u010d naprav. Z impresivnimi 80.000 vdihi, dolgotrajno zmogljivostjo 60 ml e-teko\u010dine in polnilno baterijo 850 mAh tipa C je ta naprava zasnovana za dalj\u0161o in nemoteno uporabo. Pametni zaslon vas v realnem \u010dasu obve\u0161\u010da o stanju e-teko\u010dine in \u017eivljenjski dobi baterije, tako da vas nikoli ne bo presenetil.<\/p>\n<p>U\u017eivajte v prilagojeni izku\u0161nji z dvema vrstama nikotinske mo\u010di (20 mg ali 50 mg) in 12 \u010dudovitimi okusi, od sadnih do ledenih me\u0161anic. Kompaktna, neprepustna zasnova zagotavlja gladko in aromati\u010dno potegovanje brez gumbov ali zapletenih nastavitev - samo \u010disto udobje. Bang Box 3v1 se brez te\u017eav prilagodi va\u0161im \u017eeljam, ne glede na to, ali ste ljubitelj okusov ali pa intenzivni kadilec.<\/p>\n<h2 class=\"ds-markdown-paragraph\">Bang Box 3v1 80K Vape za enkratno uporabo Hitre podrobnosti<\/h2>\n<ul>\n<li class=\"ds-markdown-paragraph\">Puffs: Do 80.000<\/li>\n<li class=\"ds-markdown-paragraph\">Kapaciteta e-teko\u010dine: 60 ml (vnaprej napolnjena)<\/li>\n<li class=\"ds-markdown-paragraph\">Baterija: 850 mAh za polnjenje (tip C)<\/li>\n<li class=\"ds-markdown-paragraph\">Mo\u010d nikotina: 20 mg (2%) \/ 50 mg (5%)<\/li>\n<li class=\"ds-markdown-paragraph\">Okusi: 12 edinstvenih mo\u017enosti<\/li>\n<li class=\"ds-markdown-paragraph\">Zaslon: Pametni zaslon (raven e-teko\u010dine in baterije)<\/li>\n<li class=\"ds-markdown-paragraph\">Glavna zna\u010dilnost: Trikratni okusi 3 v 1<\/li>\n<li class=\"ds-markdown-paragraph\">Oblikovanje: Kompakten, odporen proti pu\u0161\u010danju, brez gumbov<\/li>\n<li class=\"ds-markdown-paragraph\">Idealno za: Raznolikost okusov in dolgotrajno uparjanje<\/li>\n<\/ul>\n<h2>Razpolo\u017eljivi okusi<\/h2>\n<p>1) jagoda banana \/ malina lubenica \/ ljubezen 666<br \/>\n2) Tropsko sadje \/ jagoda lubenica \/ limona breskev<br \/>\n3) jagoda Vanilla Cola \/ kislo jabolko malina \/ limonska limeta<br \/>\n4) Dvojno grozdje \/ jagoda Mango \/ borovnica kisla malina led<br \/>\n5) lubeni\u010dni sladoled \/ jagodni sladoled \/ trojni lubeni\u010dni sladoled<br \/>\n6) Limonska kola Soda \/ lubeni\u010dni \u017eve\u010dilni gumi \/ Black Dragon Ice<br \/>\n7) Triple Berry Ice \/Mango Peach \/Strawberry Kiwi<br \/>\n8) Jagodni led \/ Jagodna lubenica \/ Ananas Mango Breskev<br \/>\n9) Ananas Kokos \/ Jagoda Malina Candy \/ Modri Razz Ice<br \/>\n10) Limona limeta \/ mango breskev lubenica \/ borovni\u010dev led<br \/>\n11) lubeni\u010dni led \/ Red Bull \/ jagodni kivi<br \/>\n12) Jagodni kivi \/ kisli ananas mango \/ jagodni Red Bull<\/p>\n<figure id=\"attachment_23023\" aria-describedby=\"caption-attachment-23023\" style=\"width: 800px\" class=\"wp-caption alignnone\"><img loading=\"lazy\" decoding=\"async\" class=\"size-full wp-image-23023\" title=\"Bang Box 3v1 80K Puffs za enkratno uporabo Vape na debelo\" src=\"https:\/\/www.vape4wholesale.com\/wp-content\/uploads\/2025\/06\/Bang-Box-3in1-80K-Puffs-Disposable-Vape-Wholesale-1.webp\" alt=\"Bang Box 3v1 80K Puffs za enkratno uporabo Vape na debelo\" width=\"800\" height=\"1422\" srcset=\"https:\/\/www.vape4wholesale.com\/wp-content\/uploads\/2025\/06\/Bang-Box-3in1-80K-Puffs-Disposable-Vape-Wholesale-1.webp 800w, https:\/\/www.vape4wholesale.com\/wp-content\/uploads\/2025\/06\/Bang-Box-3in1-80K-Puffs-Disposable-Vape-Wholesale-1-510x907.webp 510w, https:\/\/www.vape4wholesale.com\/wp-content\/uploads\/2025\/06\/Bang-Box-3in1-80K-Puffs-Disposable-Vape-Wholesale-1-169x300.webp 169w, https:\/\/www.vape4wholesale.com\/wp-content\/uploads\/2025\/06\/Bang-Box-3in1-80K-Puffs-Disposable-Vape-Wholesale-1-576x1024.webp 576w, https:\/\/www.vape4wholesale.com\/wp-content\/uploads\/2025\/06\/Bang-Box-3in1-80K-Puffs-Disposable-Vape-Wholesale-1-768x1365.webp 768w, https:\/\/www.vape4wholesale.com\/wp-content\/uploads\/2025\/06\/Bang-Box-3in1-80K-Puffs-Disposable-Vape-Wholesale-1-7x12.webp 7w, https:\/\/www.vape4wholesale.com\/wp-content\/uploads\/2025\/06\/Bang-Box-3in1-80K-Puffs-Disposable-Vape-Wholesale-1-64x114.webp 64w\" sizes=\"auto, (max-width: 800px) 100vw, 800px\" \/><figcaption id=\"caption-attachment-23023\" class=\"wp-caption-text\">Bang Box 3v1 80K Puffs za enkratno uporabo Vape na debelo<\/figcaption><\/figure>\n<h2>ZAKAJ MI?<\/h2>\r\n<ul>\r\n<li>Resni\u010dni, zanesljivi in strokovni vir za vape.<\/li>\r\n<li>100% Originalno jamstvo: Zavra\u010damo ponarejanje: zagotavljamo samo originalne in pristne izdelke.<\/li>\r\n<li>100% Zagotovilo za dostavo: 100%: uporabljamo najbolj\u0161i na\u010din po\u0161iljanja, da zagotovimo, da prejmete naro\u010dilo 100%.<\/li>\r\n<li>Po odpremi vam bomo posredovali \u0161tevilko za sledenje in nalepko za po\u0161iljanje ter spremljali blago, dokler ga ne podpi\u0161ete.<\/li>\r\n<li>Brez carinskih te\u017eav, brez tarif<\/li>\r\n<\/ul>","protected":false},"excerpt":{"rendered":"<div class=\"wsppc_div_block woocommerce_before_add_to_cart_form\">\r\n<p><strong><span style=\"color: #00a859;\">Opraviti carinsko po\u0161to<\/span> pred dostavo &amp; 100% Garancija dostave, Dostava v pribli\u017eno 19\u201325 dneh.\u00a0<\/strong><\/p>\r\n<\/div>","protected":false},"featured_media":22971,"comment_status":"open","ping_status":"closed","template":"","meta":[],"pwb-brand":[1275],"product_cat":[873],"product_tag":[1182,1197,22,24,249],"class_list":{"0":"post-23021","1":"product","2":"type-product","3":"status-publish","4":"has-post-thumbnail","6":"pwb-brand-bang","7":"product_cat-above-20k-puffs","8":"product_tag-60-0ml","9":"product_tag-80000-puffs","10":"product_tag-disposable","11":"product_tag-wholesale","12":"product_tag-bang","13":"wcpa_has_options","15":"first","16":"instock","17":"featured","18":"shipping-taxable","19":"purchasable","20":"product-type-variable"},"aioseo_notices":[],"brands":[{"id":1275,"name":"Bang","slug":"bang"}],"_links":{"self":[{"href":"https:\/\/www.vape4wholesale.com\/sl\/wp-json\/wp\/v2\/product\/23021","targetHints":{"allow":["GET"]}}],"collection":[{"href":"https:\/\/www.vape4wholesale.com\/sl\/wp-json\/wp\/v2\/product"}],"about":[{"href":"https:\/\/www.vape4wholesale.com\/sl\/wp-json\/wp\/v2\/types\/product"}],"replies":[{"embeddable":true,"href":"https:\/\/www.vape4wholesale.com\/sl\/wp-json\/wp\/v2\/comments?post=23021"}],"wp:featuredmedia":[{"embeddable":true,"href":"https:\/\/www.vape4wholesale.com\/sl\/wp-json\/wp\/v2\/media\/22971"}],"wp:attachment":[{"href":"https:\/\/www.vape4wholesale.com\/sl\/wp-json\/wp\/v2\/media?parent=23021"}],"wp:term":[{"taxonomy":"pwb-brand","embeddable":true,"href":"https:\/\/www.vape4wholesale.com\/sl\/wp-json\/wp\/v2\/pwb-brand?post=23021"},{"taxonomy":"product_cat","embeddable":true,"href":"https:\/\/www.vape4wholesale.com\/sl\/wp-json\/wp\/v2\/product_cat?post=23021"},{"taxonomy":"product_tag","embeddable":true,"href":"https:\/\/www.vape4wholesale.com\/sl\/wp-json\/wp\/v2\/product_tag?post=23021"}],"curies":[{"name":"wp","href":"https:\/\/api.w.org\/{rel}","templated":true}]}}