{"id":23004,"date":"2025-06-26T19:48:47","date_gmt":"2025-06-26T11:48:47","guid":{"rendered":"https:\/\/www.vape4wholesale.com\/?post_type=product&#038;p=23004"},"modified":"2026-01-27T15:53:30","modified_gmt":"2026-01-27T15:53:30","slug":"lavie-twins-max-70000-puffs-enkratno-vape-na-debelo","status":"publish","type":"product","link":"https:\/\/www.vape4wholesale.com\/sl\/product\/lavie-twins-max-70000-puffs-disposable-vape-wholesale","title":{"rendered":"Lavie Twins Max 70000 Puffs za enkratno uporabo Vape na debelo"},"content":{"rendered":"<p class=\"ds-markdown-paragraph\">. <a title=\"Lavie\" href=\"https:\/\/www.vape4wholesale.com\/sl\/product_brand\/lavie\/\" target=\"_blank\" rel=\"noopener\"><strong>Lavie<\/strong><\/a> Twins Max 70000 izpuhov Ta vrhunska naprava za enkratno uporabo, zasnovana za vaperje, ki zahtevajo raznolikost in vzdr\u017eljivost, zagotavlja impresivnih 70.000 izpuhov zaradi ogromne kapacitete 60 ml e-teko\u010dine (2x30 ml). Polnilna baterija 850 mAh tipa C zagotavlja dalj\u0161o uporabo, zaradi lahke zasnove s te\u017eo 122 g pa je idealna za vaping na poti. Izbirate lahko med nikotinsko mo\u010djo 2% ali 5%, ki ustreza va\u0161im \u017eeljam, in vsaki\u010d u\u017eivate v gladkem in zadovoljujo\u010dem potegu.<\/p>\n<p class=\"ds-markdown-paragraph\">Odlikuje ga revolucionarni sistem dvojnega okusa. Preprosto potisnite ustnik naprej in nazaj, da takoj preklopite med dvema razli\u010dnima okusoma - ni vam treba nositi ve\u010d naprav. Z 12 vznemirljivimi mo\u017enostmi okusov lahko raziskujete neskon\u010dne kombinacije okusov, od sladkega sadja do osve\u017eilnega mentola. Ne glede na to, ali ste ljubitelj okusov ali pa intenzivni vaper, ta zasnova 2 v 1 ponuja neprimerljivo vsestranskost in u\u017eitek. pametni zaslon lahko v realnem \u010dasu spremlja stanje baterije in e-teko\u010dine.<\/p>\n<p class=\"ds-markdown-paragraph\">Idealen je za popotnike in celodnevne vaperje, saj zdru\u017euje dolgotrajno zmogljivost in inovativno funkcionalnost. Zaradi neprepustne konstrukcije in uporabniku prijaznega delovanja je zanesljiva izbira tako za za\u010detnike kot za izku\u0161ene uporabnike. \u010ce i\u0161\u010dete vape za enkratno uporabo, ki resni\u010dno zdr\u017ei dolgo pot in hkrati zagotavlja navdu\u0161enje z dvema okusoma, je Lavie Twins Max va\u0161a popolna izbira.<\/p>\n<h2>Lavie Twins Max 70000 Puffs Vape za enkratno uporabo Hitre podrobnosti<\/h2>\n<table style=\"border-collapse: collapse;width: 587.27pt\" border=\"0\" width=\"783\" cellspacing=\"0\" cellpadding=\"0\">\n<tbody>\n<tr style=\"height: 25.00pt\">\n<td class=\"et2\" style=\"height: 25.00pt;width: 141.75pt\" width=\"189\" height=\"33\"><strong>Funkcija<\/strong><\/td>\n<td class=\"et3\" style=\"width: 445.50pt\" width=\"594\"><strong>Specifikacija<\/strong><\/td>\n<\/tr>\n<tr style=\"height: 25.00pt\">\n<td class=\"et4\" style=\"height: 25.00pt;width: 141.75pt\" width=\"189\" height=\"33\">Puffs<\/td>\n<td class=\"et5\" style=\"width: 445.50pt\" width=\"594\">Do 70.000<\/td>\n<\/tr>\n<tr style=\"height: 25.00pt\">\n<td class=\"et4\" style=\"height: 25.00pt;width: 141.75pt\" width=\"189\" height=\"33\">Kapaciteta e-teko\u010dine<\/td>\n<td class=\"et5\" style=\"width: 445.50pt\" width=\"594\">60 ml (2 dvojni rezervoarja po 30 ml)<\/td>\n<\/tr>\n<tr style=\"height: 25.00pt\">\n<td class=\"et4\" style=\"height: 25.00pt;width: 141.75pt\" width=\"189\" height=\"33\">Baterija<\/td>\n<td class=\"et5\" style=\"width: 445.50pt\" width=\"594\">850 mAh (za ponovno polnjenje)<\/td>\n<\/tr>\n<tr style=\"height: 25.00pt\">\n<td class=\"et4\" style=\"height: 25.00pt;width: 141.75pt\" width=\"189\" height=\"33\">Polnilna vrata<\/td>\n<td class=\"et5\" style=\"width: 445.50pt\" width=\"594\">Type-C<\/td>\n<\/tr>\n<tr style=\"height: 25.00pt\">\n<td class=\"et4\" style=\"height: 25.00pt;width: 141.75pt\" width=\"189\" height=\"33\">Mo\u010d nikotina<\/td>\n<td class=\"et5\" style=\"width: 445.50pt\" width=\"594\">2% \/ 5%<\/td>\n<\/tr>\n<tr style=\"height: 25.00pt\">\n<td class=\"et4\" style=\"height: 25.00pt;width: 141.75pt\" width=\"189\" height=\"33\">Te\u017ea<\/td>\n<td class=\"et5\" style=\"width: 445.50pt\" width=\"594\">122g<\/td>\n<\/tr>\n<tr style=\"height: 25.00pt\">\n<td class=\"et4\" style=\"height: 25.00pt;width: 141.75pt\" width=\"189\" height=\"33\">Mo\u017enosti okusa<\/td>\n<td class=\"et5\" style=\"width: 445.50pt\" width=\"594\">12 edinstvenih dvojnih okusov<\/td>\n<\/tr>\n<tr style=\"height: 25.00pt\">\n<td class=\"et4\" style=\"height: 25.00pt;width: 141.75pt\" width=\"189\" height=\"33\">Klju\u010dne inovacije<\/td>\n<td class=\"et5\" style=\"width: 445.50pt\" width=\"594\">Ustnik Push-Switch za takoj\u0161nje spreminjanje okusa<\/td>\n<\/tr>\n<tr style=\"height: 25.00pt\">\n<td class=\"et6\" style=\"height: 25.00pt\" height=\"33\">Pametni zaslon<\/td>\n<td>Spremljanje ravni baterije in e-teko\u010dine v realnem \u010dasu za nemoteno vapiranje<\/td>\n<\/tr>\n<\/tbody>\n<\/table>\n<h2>Razpolo\u017eljivi okusi<\/h2>\n<p>Me\u0161ano jagodi\u010devje in \u0161ume\u010da \u010de\u0161nja<br \/>\nRed Bull lce &amp; Strawberry Mango<br \/>\nlubenica in limona Lime<br \/>\nVijoli\u010dno grozdje in dvojno jabolko<br \/>\nRed Bull Strawberny &amp; Blackcurrant lce<br \/>\nStrawberny Banana &amp; Ananas Cocount lce<br \/>\nJagoda lubenica Bubblegum in me\u0161ano sadje<br \/>\nFizzy Cherry lce &amp; Blueberry Cotton Candy<br \/>\nTrojna melona lce &amp; Rasperry lubenica<br \/>\nBlueberry lce &amp; Black Dragon lce<br \/>\nModra limonada Razz in lubenica Bubblegum<br \/>\nJagoda lubenica in borovnica malina<\/p>\n<h2>Podrobnosti o pakiranju<\/h2>\n<ul>\n<li>1\/ Posamezna \u0161katla<\/li>\n<li>10\/ Prikazna \u0161katla<\/li>\n<li>200\/karton<\/li>\n<\/ul>\n<p>&nbsp;<\/p>\n<p>&nbsp;<\/p>\n<figure id=\"attachment_22996\" aria-describedby=\"caption-attachment-22996\" style=\"width: 800px\" class=\"wp-caption alignnone\"><img loading=\"lazy\" decoding=\"async\" class=\"size-full wp-image-22996\" title=\"Lavie Twins Max 70K Puffs Dvojni okusi za enkratno uporabo Red Bull Ice &amp; Strawberry Mango\" src=\"https:\/\/www.vape4wholesale.com\/wp-content\/uploads\/2025\/06\/Lavie-Twins-Max-70K-Puffs-Double-Flavors-Disposable-Vape-Red-Bull-Ice-Strawberry-Mango.webp\" alt=\"Lavie Twins Max 70K Puffs Dvojni okusi za enkratno uporabo Red Bull Ice &amp; Strawberry Mango\" width=\"800\" height=\"800\" srcset=\"https:\/\/www.vape4wholesale.com\/wp-content\/uploads\/2025\/06\/Lavie-Twins-Max-70K-Puffs-Double-Flavors-Disposable-Vape-Red-Bull-Ice-Strawberry-Mango.webp 800w, https:\/\/www.vape4wholesale.com\/wp-content\/uploads\/2025\/06\/Lavie-Twins-Max-70K-Puffs-Double-Flavors-Disposable-Vape-Red-Bull-Ice-Strawberry-Mango-247x247.webp 247w, https:\/\/www.vape4wholesale.com\/wp-content\/uploads\/2025\/06\/Lavie-Twins-Max-70K-Puffs-Double-Flavors-Disposable-Vape-Red-Bull-Ice-Strawberry-Mango-100x100.webp 100w, https:\/\/www.vape4wholesale.com\/wp-content\/uploads\/2025\/06\/Lavie-Twins-Max-70K-Puffs-Double-Flavors-Disposable-Vape-Red-Bull-Ice-Strawberry-Mango-510x510.webp 510w, https:\/\/www.vape4wholesale.com\/wp-content\/uploads\/2025\/06\/Lavie-Twins-Max-70K-Puffs-Double-Flavors-Disposable-Vape-Red-Bull-Ice-Strawberry-Mango-300x300.webp 300w, https:\/\/www.vape4wholesale.com\/wp-content\/uploads\/2025\/06\/Lavie-Twins-Max-70K-Puffs-Double-Flavors-Disposable-Vape-Red-Bull-Ice-Strawberry-Mango-150x150.webp 150w, https:\/\/www.vape4wholesale.com\/wp-content\/uploads\/2025\/06\/Lavie-Twins-Max-70K-Puffs-Double-Flavors-Disposable-Vape-Red-Bull-Ice-Strawberry-Mango-768x768.webp 768w, https:\/\/www.vape4wholesale.com\/wp-content\/uploads\/2025\/06\/Lavie-Twins-Max-70K-Puffs-Double-Flavors-Disposable-Vape-Red-Bull-Ice-Strawberry-Mango-12x12.webp 12w, https:\/\/www.vape4wholesale.com\/wp-content\/uploads\/2025\/06\/Lavie-Twins-Max-70K-Puffs-Double-Flavors-Disposable-Vape-Red-Bull-Ice-Strawberry-Mango-64x64.webp 64w\" sizes=\"auto, (max-width: 800px) 100vw, 800px\" \/><figcaption id=\"caption-attachment-22996\" class=\"wp-caption-text\">Lavie Twins Max 70K Puffs Dvojni okusi za enkratno uporabo Red Bull Ice &amp; Strawberry Mango<\/figcaption><\/figure>\n<figure id=\"attachment_22990\" aria-describedby=\"caption-attachment-22990\" style=\"width: 1100px\" class=\"wp-caption alignnone\"><img loading=\"lazy\" decoding=\"async\" class=\"wp-image-22990 size-full\" title=\"Lavie Twins Max 70K Puffs Double Flavors za enkratno uporabo na debelo Vape\" src=\"https:\/\/www.vape4wholesale.com\/wp-content\/uploads\/2025\/06\/Lavie-Twins-Max-70K-Puffs-Double-Flavors-Disposable-Wholesale-Vape.webp\" alt=\"Lavie Twins Max 70K Puffs Double Flavors za enkratno uporabo na debelo Vape\" width=\"1100\" height=\"619\" srcset=\"https:\/\/www.vape4wholesale.com\/wp-content\/uploads\/2025\/06\/Lavie-Twins-Max-70K-Puffs-Double-Flavors-Disposable-Wholesale-Vape.webp 1100w, https:\/\/www.vape4wholesale.com\/wp-content\/uploads\/2025\/06\/Lavie-Twins-Max-70K-Puffs-Double-Flavors-Disposable-Wholesale-Vape-510x287.webp 510w, https:\/\/www.vape4wholesale.com\/wp-content\/uploads\/2025\/06\/Lavie-Twins-Max-70K-Puffs-Double-Flavors-Disposable-Wholesale-Vape-300x169.webp 300w, https:\/\/www.vape4wholesale.com\/wp-content\/uploads\/2025\/06\/Lavie-Twins-Max-70K-Puffs-Double-Flavors-Disposable-Wholesale-Vape-1024x576.webp 1024w, https:\/\/www.vape4wholesale.com\/wp-content\/uploads\/2025\/06\/Lavie-Twins-Max-70K-Puffs-Double-Flavors-Disposable-Wholesale-Vape-768x432.webp 768w, https:\/\/www.vape4wholesale.com\/wp-content\/uploads\/2025\/06\/Lavie-Twins-Max-70K-Puffs-Double-Flavors-Disposable-Wholesale-Vape-18x10.webp 18w, https:\/\/www.vape4wholesale.com\/wp-content\/uploads\/2025\/06\/Lavie-Twins-Max-70K-Puffs-Double-Flavors-Disposable-Wholesale-Vape-64x36.webp 64w\" sizes=\"auto, (max-width: 1100px) 100vw, 1100px\" \/><figcaption id=\"caption-attachment-22990\" class=\"wp-caption-text\">Lavie Twins Max 70K Puffs Double Flavors za enkratno uporabo na debelo Vape<\/figcaption><\/figure>\n<h2>ZAKAJ MI?<\/h2>\r\n<ul>\r\n<li>Resni\u010dni, zanesljivi in strokovni vir za vape.<\/li>\r\n<li>100% Originalno jamstvo: Zavra\u010damo ponarejanje: zagotavljamo samo originalne in pristne izdelke.<\/li>\r\n<li>100% Zagotovilo za dostavo: 100%: uporabljamo najbolj\u0161i na\u010din po\u0161iljanja, da zagotovimo, da prejmete naro\u010dilo 100%.<\/li>\r\n<li>Po odpremi vam bomo posredovali \u0161tevilko za sledenje in nalepko za po\u0161iljanje ter spremljali blago, dokler ga ne podpi\u0161ete.<\/li>\r\n<li>Brez carinskih te\u017eav, brez tarif<\/li>\r\n<\/ul>","protected":false},"excerpt":{"rendered":"<div class=\"wsppc_div_block woocommerce_before_add_to_cart_form\">\r\n<p><strong><span style=\"color: #00a859;\">Clear customs<\/span> before delivery &amp; 100% Delivery Guarantee, Delivery in 19~25 days around.\u00a0<\/strong><\/p>\r\n<\/div>","protected":false},"featured_media":23001,"comment_status":"open","ping_status":"closed","template":"","meta":[],"pwb-brand":[1277],"product_cat":[873],"product_tag":[1181,1182,22,24,37],"class_list":{"0":"post-23004","1":"product","2":"type-product","3":"status-publish","4":"has-post-thumbnail","6":"pwb-brand-lavie","7":"product_cat-above-20k-puffs","8":"product_tag-70000-puffs","9":"product_tag-60-0ml","10":"product_tag-disposable","11":"product_tag-wholesale","12":"product_tag-lavie","13":"wcpa_has_options","15":"first","16":"instock","17":"featured","18":"shipping-taxable","19":"purchasable","20":"product-type-variable"},"aioseo_notices":[],"brands":[{"id":1277,"name":"Lavie","slug":"lavie"}],"_links":{"self":[{"href":"https:\/\/www.vape4wholesale.com\/sl\/wp-json\/wp\/v2\/product\/23004","targetHints":{"allow":["GET"]}}],"collection":[{"href":"https:\/\/www.vape4wholesale.com\/sl\/wp-json\/wp\/v2\/product"}],"about":[{"href":"https:\/\/www.vape4wholesale.com\/sl\/wp-json\/wp\/v2\/types\/product"}],"replies":[{"embeddable":true,"href":"https:\/\/www.vape4wholesale.com\/sl\/wp-json\/wp\/v2\/comments?post=23004"}],"wp:featuredmedia":[{"embeddable":true,"href":"https:\/\/www.vape4wholesale.com\/sl\/wp-json\/wp\/v2\/media\/23001"}],"wp:attachment":[{"href":"https:\/\/www.vape4wholesale.com\/sl\/wp-json\/wp\/v2\/media?parent=23004"}],"wp:term":[{"taxonomy":"pwb-brand","embeddable":true,"href":"https:\/\/www.vape4wholesale.com\/sl\/wp-json\/wp\/v2\/pwb-brand?post=23004"},{"taxonomy":"product_cat","embeddable":true,"href":"https:\/\/www.vape4wholesale.com\/sl\/wp-json\/wp\/v2\/product_cat?post=23004"},{"taxonomy":"product_tag","embeddable":true,"href":"https:\/\/www.vape4wholesale.com\/sl\/wp-json\/wp\/v2\/product_tag?post=23004"}],"curies":[{"name":"wp","href":"https:\/\/api.w.org\/{rel}","templated":true}]}}