{"id":22859,"date":"2025-06-21T11:41:43","date_gmt":"2025-06-21T03:41:43","guid":{"rendered":"https:\/\/www.vape4wholesale.com\/?post_type=product&#038;p=22859"},"modified":"2026-04-07T17:01:45","modified_gmt":"2026-04-07T09:01:45","slug":"happ-bar-gr30000-enkratno-vape-na-debelo","status":"publish","type":"product","link":"https:\/\/www.vape4wholesale.com\/sl\/product\/happ-bar-gr30000-disposable-vape-wholesale","title":{"rendered":"Happ Bar GR30000 Vape za enkratno uporabo na debelo"},"content":{"rendered":"<p class=\"ds-markdown-paragraph\">Spletna stran\u00a0<a href=\"https:\/\/www.vape4wholesale.com\/sl\/product_brand\/bar-srece\/\" target=\"_blank\" rel=\"noopener\">Bar Happ<\/a> GR30000 Vape za enkratno uporabo je popolna nadgradnja <a href=\"https:\/\/www.vape4wholesale.com\/sl\/izdelek\/happ-bar-gr20000-za-enkratno-uporabo-vape-na-debelo\/\" target=\"_blank\" rel=\"noopener\">GR20000<\/a>, ki ponuja neprimerljivih 30.000 izpuhov za dolgotrajno zadovoljstvo. Ta vrhunski vape za enkratno uporabo z veliko kapaciteto 30 ml e-teko\u010dine in nastavljivim zra\u010dnim tokom vsaki\u010d zagotavlja gladke oblake z okusom. Izbirate lahko med nikotinsko mo\u010djo 2% ali 5%, ki ustreza va\u0161im \u017eeljam, in u\u017eivate v udobju 650 mAh akumulatorske baterije s polnjenjem prek USB Type-C. Vgrajen digitalni zaslon vas obve\u0161\u010da o trajanju baterije in nivoju e-soja, tako da vam nikoli ne bo nepri\u010dakovano zmanjkalo.<\/p>\n<p class=\"ds-markdown-paragraph\">Izkusite naslednjo generacijo vapinga za enkratno uporabo z najsodobnej\u0161imi nadgradnjami modela GR30000. Za razliko od standardnih izdelkov za enkratno uporabo ima 1,0ohm mre\u017easto tuljavo za bogatej\u0161i okus in dosledno proizvodnjo pare. Hitro polnjenje tipa C pomeni manj zastojev, 20 okusov pa zadovolji vsak okus - od sadnega do ledenega mentola. Ne glede na to, ali ste intenzivni vaperji ali imate raje bolj gladek udarec, lahko z nastavljivim zra\u010dnim tokom prilagodite poteg in si zagotovite popolno izku\u0161njo.<\/p>\n<p class=\"ds-markdown-paragraph\">Nadgradite z najdlje trajajo\u010dim vapom za enkratno uporabo-Happ Bar GR30000! S 30 ml e-teko\u010dine, mo\u017enostjo ponovnega polnjenja in elegantnim zaslonom preka\u0161a tradicionalne vappinge za enkratno uporabo. Kupujte zdaj in spoznajte 20 osve\u017eilnih okusov, ki so zasnovani za najve\u010dje zadovoljstvo.<\/p>\n<h2>Happ Bar GR30000 Vape za enkratno uporabo Hitre podrobnosti<\/h2>\n<p class=\"ds-markdown-paragraph\">\u2714 Puffs: 30.000 (podalj\u0161ana \u017eivljenjska doba)<br \/>\n\u2714 Mo\u010d nikotina: 2% in 5% (gladek ali mo\u010dan udarec)<br \/>\n\u2714 Baterija: 650 mAh (polnjenje prek tipa C)<br \/>\n\u2714 Kapaciteta e-teko\u010dine: 30 ml (vnaprej napolnjena, polnjenje ni potrebno)<br \/>\n\u2714 Odpornost tuljave: 1,0ohm mre\u017ea (uravnote\u017een okus in para)<br \/>\n\u2714 Zaslon zaslona: Prikazuje \u010das trajanja baterije in raven e-su\u0161ice<br \/>\n\u2714 Nadzor pretoka zraka: Nastavljiv za tesnej\u0161e\/prostej\u0161e \u010drpanje.<br \/>\n\u2714 Okusi: ve\u010d kot 20 mo\u017enosti (sadje, mentol, sladica itd.)<br \/>\n\u2714 Nadgradnja: izbolj\u0161ana tehnologija in zmogljivost v primerjavi z GR20000<\/p>\n<h2>Razpolo\u017eljivi okusi<\/h2>\n<p>1. Borovnica malina<br \/>\n2. Jagodni kivi<br \/>\n3. Malinova lubenica<br \/>\n4. Kivi Pasijonka Guava<br \/>\n5. Borovnica \u010ce\u0161nja Brusnica<br \/>\n6. Jagoda malina<br \/>\n7. Led iz lubenice<br \/>\n8. Jagodna banana<br \/>\n9. Borovni\u010dev led<br \/>\n10. Jagodni led<br \/>\n11. \u010ce\u0161njev led<br \/>\n12. Modri gumijasti medvedek Razz<br \/>\n13. Ananas in kokos<br \/>\n14. Jagodno-vaniljeva kokakola<br \/>\n15. Hami Melon<br \/>\n16. Lemonova to\u010da<br \/>\n17. Po\u0161astni mango<br \/>\n18. Cola Ice<br \/>\n19. Blackberry Mint<br \/>\n20. Breskova to\u010da<br \/>\n21. Kokosov raj<br \/>\n22. lubenica kivi<\/p>\n<figure id=\"attachment_22856\" aria-describedby=\"caption-attachment-22856\" style=\"width: 800px\" class=\"wp-caption alignnone\"><img loading=\"lazy\" decoding=\"async\" class=\"wp-image-22856 size-full\" title=\"Happ Bar GR30000 Vape za enkratno uporabo na debelo\" src=\"https:\/\/www.vape4wholesale.com\/wp-content\/uploads\/2025\/06\/Happ-Bar-GR30000-Disposable-Vape-Wholesale.webp\" alt=\"Happ Bar GR30000 Vape za enkratno uporabo na debelo\" width=\"800\" height=\"800\" srcset=\"https:\/\/www.vape4wholesale.com\/wp-content\/uploads\/2025\/06\/Happ-Bar-GR30000-Disposable-Vape-Wholesale.webp 800w, https:\/\/www.vape4wholesale.com\/wp-content\/uploads\/2025\/06\/Happ-Bar-GR30000-Disposable-Vape-Wholesale-247x247.webp 247w, https:\/\/www.vape4wholesale.com\/wp-content\/uploads\/2025\/06\/Happ-Bar-GR30000-Disposable-Vape-Wholesale-100x100.webp 100w, https:\/\/www.vape4wholesale.com\/wp-content\/uploads\/2025\/06\/Happ-Bar-GR30000-Disposable-Vape-Wholesale-510x510.webp 510w\" sizes=\"auto, (max-width: 800px) 100vw, 800px\" \/><figcaption id=\"caption-attachment-22856\" class=\"wp-caption-text\"><span style=\"vertical-align: inherit;\"><span style=\"vertical-align: inherit;\">Happ Bar GR30000 Vape za enkratno uporabo na debelo<\/span><\/span><\/figcaption><\/figure>\n<h2>ZAKAJ MI?<\/h2>\r\n<ul>\r\n<li>Resni\u010dni, zanesljivi in strokovni vir za vape.<\/li>\r\n<li>100% Originalno jamstvo: Zavra\u010damo ponarejanje: zagotavljamo samo originalne in pristne izdelke.<\/li>\r\n<li>100% Zagotovilo za dostavo: 100%: uporabljamo najbolj\u0161i na\u010din po\u0161iljanja, da zagotovimo, da prejmete naro\u010dilo 100%.<\/li>\r\n<li>Po odpremi vam bomo posredovali \u0161tevilko za sledenje in nalepko za po\u0161iljanje ter spremljali blago, dokler ga ne podpi\u0161ete.<\/li>\r\n<li>Brez carinskih te\u017eav, brez tarif<\/li>\r\n<\/ul>\n<p>&nbsp;<\/p>","protected":false},"excerpt":{"rendered":"<p><b><span style=\"color: #00a859;\">Brezpla\u010dna po\u0161tnina<\/span>\u00a0iz evropskega skladi\u0161\u010da, 7-15 delovnih dni dobavni rok.<\/b><\/p>\r\n<div class=\"wsppc_div_block woocommerce_before_add_to_cart_form\">\r\n<p><strong>Prosto carinjenje pred dostavo &amp; 100% Jamstvo dostave<\/strong><\/p>\r\n<\/div>","protected":false},"featured_media":22856,"comment_status":"open","ping_status":"closed","template":"","meta":[],"pwb-brand":[1267],"product_cat":[938],"product_tag":[22,24,683,850,1035],"class_list":{"0":"post-22859","1":"product","2":"type-product","3":"status-publish","4":"has-post-thumbnail","6":"pwb-brand-happ-bar","7":"product_cat-europe-warehouse","8":"product_tag-disposable","9":"product_tag-wholesale","10":"product_tag-30-0ml","11":"product_tag-30000-puffs","12":"product_tag-happ-bar","13":"product_shipping_class-eu-warehouse","14":"wcpa_has_options","16":"first","17":"instock","18":"featured","19":"shipping-taxable","20":"purchasable","21":"product-type-variable"},"aioseo_notices":[],"brands":[{"id":1267,"name":"Bar Happ","slug":"bar-srece"}],"_links":{"self":[{"href":"https:\/\/www.vape4wholesale.com\/sl\/wp-json\/wp\/v2\/product\/22859","targetHints":{"allow":["GET"]}}],"collection":[{"href":"https:\/\/www.vape4wholesale.com\/sl\/wp-json\/wp\/v2\/product"}],"about":[{"href":"https:\/\/www.vape4wholesale.com\/sl\/wp-json\/wp\/v2\/types\/product"}],"replies":[{"embeddable":true,"href":"https:\/\/www.vape4wholesale.com\/sl\/wp-json\/wp\/v2\/comments?post=22859"}],"wp:featuredmedia":[{"embeddable":true,"href":"https:\/\/www.vape4wholesale.com\/sl\/wp-json\/wp\/v2\/media\/22856"}],"wp:attachment":[{"href":"https:\/\/www.vape4wholesale.com\/sl\/wp-json\/wp\/v2\/media?parent=22859"}],"wp:term":[{"taxonomy":"pwb-brand","embeddable":true,"href":"https:\/\/www.vape4wholesale.com\/sl\/wp-json\/wp\/v2\/pwb-brand?post=22859"},{"taxonomy":"product_cat","embeddable":true,"href":"https:\/\/www.vape4wholesale.com\/sl\/wp-json\/wp\/v2\/product_cat?post=22859"},{"taxonomy":"product_tag","embeddable":true,"href":"https:\/\/www.vape4wholesale.com\/sl\/wp-json\/wp\/v2\/product_tag?post=22859"}],"curies":[{"name":"wp","href":"https:\/\/api.w.org\/{rel}","templated":true}]}}