{"id":22467,"date":"2025-05-28T20:21:32","date_gmt":"2025-05-28T12:21:32","guid":{"rendered":"https:\/\/www.vape4wholesale.com\/?post_type=product&#038;p=22467"},"modified":"2026-04-10T17:30:46","modified_gmt":"2026-04-10T09:30:46","slug":"fizzy-max-iii-6v1-60000-puffs-enkratno-vape-na-debelo","status":"publish","type":"product","link":"https:\/\/www.vape4wholesale.com\/sl\/product\/fizzy-max-iii-6in1-60000-puffs-disposable-vape-wholesale","title":{"rendered":"Fizzy Max III 6v1 60000 Puffs za enkratno uporabo Vape na debelo"},"content":{"rendered":"<p class=\"ds-markdown-paragraph\">Spletna stran\u00a0<strong><a title=\"Fizzy\" href=\"https:\/\/www.vape4wholesale.com\/sl\/product_brand\/sumece\/\" target=\"_blank\" rel=\"noopener\">Fizzy<\/a> Max III 6v1<\/strong> je naslednja generacija vape za enkratno uporabo z inovativno zasnovo. Opremljen je s tremi vnaprej napolnjenimi kapsulami z e-teko\u010dino, vendar ponuja veliko ve\u010d kot le tri razli\u010dne okuse. Z me\u0161anjem katerih koli dveh od treh okusov lahko ustvarite edinstveno in vznemirljivo izku\u0161njo okusa. Ko zdru\u017eite dva okusa, se pove\u010da pretok zraka, kar zagotavlja intenzivnej\u0161i in bolj zadovoljujo\u010d zadetek. To pomeni, da naprava u\u010dinkovito zagotavlja \u0161est razli\u010dnih okusov v enem samem vapiranju.<\/p>\n<p class=\"ds-markdown-paragraph\">Fizzy Max III 6v1 s skupno zmogljivostjo 50 ml e-teko\u010dine (3 \u00d7 16,7 ml) in zmogljivo baterijo s kapaciteto 850 mAh zagotavlja dolgotrajno delovanje in odpravlja skrb zaradi hitrega iz\u010drpavanja. Omogo\u010da do 60.000 vdihov, zato je idealna izbira za dalj\u0161o uporabo. Poleg tega ima naprava nastavljiv spodnji nadzor pretoka zraka in sistem z dvema na\u010dinoma delovanja (Normal &amp; Boost Mode), kar vam omogo\u010da, da prilagodite izku\u0161njo vapinga svojim \u017eeljam.<\/p>\n<h2><strong>Kako deluje sistem Fizzy Max III 6v1?<\/strong><\/h2>\n<ol start=\"1\">\n<li>\n<p class=\"ds-markdown-paragraph\">Za preklapljanje med okusi preprosto dvignite in zavrtite ustnik.<\/p>\n<\/li>\n<li>\n<p class=\"ds-markdown-paragraph\">Naprava gladko preklaplja med posameznimi okusi in hibridnimi kombinacijami v naslednjem vrstnem redu:<\/p>\n<ul>\n<li>\n<p class=\"ds-markdown-paragraph\">Okus A \u2192 Me\u0161anica AB<\/p>\n<\/li>\n<li>\n<p class=\"ds-markdown-paragraph\">Okus B \u2192 Me\u0161anica BC<\/p>\n<\/li>\n<li>\n<p class=\"ds-markdown-paragraph\">Okus C \u2192 Me\u0161anica CA<\/p>\n<\/li>\n<\/ul>\n<\/li>\n<\/ol>\n<p class=\"ds-markdown-paragraph\">Ta intuitivni mehanizem zagotavlja lahkoten prehod med vsemi \u0161estimi mo\u017enimi profili okusov, zato je izku\u0161nja 6 v 1 priro\u010dna in vznemirljiva. \u010de \u017eelite izvedeti ve\u010d o tem, si oglejte <a title=\"kako deluje fizzy max III 6in1?\" href=\"https:\/\/www.youtube.com\/watch?v=CoxB_HvaU3k\" target=\"_blank\" rel=\"noopener\">videoposnetek<\/a><\/p>\n<h2><strong>Optimizirano za razli\u010dne stile uparjanja<\/strong><\/h2>\n<p class=\"ds-markdown-paragraph\">Fizzy Max III je inteligentno prilagojen tako za vaping iz ust v plju\u010da (MTL) kot za vaping neposredno v plju\u010da (DL):<\/p>\n<ul>\n<li>\n<p class=\"ds-markdown-paragraph\">Na\u010din z enim okusom - odli\u010den za gladko in aromati\u010dno potegovanje iz ust v plju\u010da (MTL), ki zagotavlja klasi\u010den, tesen vdih, podoben tistemu pri obi\u010dajnih cigaretah. Idealno za u\u017eivanje v \u010distosti vsakega posameznega okusa.<\/p>\n<\/li>\n<li>\n<p class=\"ds-markdown-paragraph\">Na\u010din me\u0161anice dveh okusov - zasnovan za krepke in zra\u010dne zadetke z neposrednim plju\u010dnim delovanjem (DL), pove\u010dan pretok zraka in me\u0161ani okusi ustvarjajo intenzivnej\u0161e in obse\u017enej\u0161e hlape, kar izbolj\u0161a \u010dutno izku\u0161njo za lovce na oblake.<\/p>\n<\/li>\n<\/ul>\n<p class=\"ds-markdown-paragraph\">Ta vsestranska uporabnost zagotavlja, da se Fizzy Max III brez te\u017eav prilagodi va\u0161emu slogu, ne glede na to, ali imate raje omejen, aromati\u010den izpuh ali globok, zadovoljujo\u010d udarec v plju\u010da.<\/p>\n<div class=\"markdown-table-wrapper\">\n<h2><strong>Fizzy Max III 6in1 Hitre specifikacije<\/strong><\/h2>\n<div class=\"markdown-table-wrapper\">\n<table>\n<thead>\n<tr>\n<th><strong>Funkcija<\/strong><\/th>\n<th><strong>Specifikacija<\/strong><\/th>\n<\/tr>\n<\/thead>\n<tbody>\n<tr>\n<td><strong>Vrsta zasnove<\/strong><\/td>\n<td>Napreden vape za enkratno uporabo s hibridno tehnologijo okusov<\/td>\n<\/tr>\n<tr>\n<td><strong>Sistem okusov<\/strong><\/td>\n<td>6 v 1 (3 posamezni okusi + 3 prilagodljive me\u0161anice)<\/td>\n<\/tr>\n<tr>\n<td><strong>Kapaciteta e-teko\u010dine<\/strong><\/td>\n<td>Skupaj 50 ml (3 \u00d7 16,7 ml stroki)<\/td>\n<\/tr>\n<tr>\n<td><strong>Baterija<\/strong><\/td>\n<td>850 mAh za polnjenje<\/td>\n<\/tr>\n<tr>\n<td><strong>\u0160tevilo puhlic<\/strong><\/td>\n<td>Do 60.000 vpihov<\/td>\n<\/tr>\n<tr>\n<td><strong>Upravljanje pretoka zraka<\/strong><\/td>\n<td>Nastavljiv spodnji zra\u010dni tok<\/td>\n<\/tr>\n<tr>\n<td><strong>Na\u010dini delovanja<\/strong><\/td>\n<td>\u2013\u00a0<strong>Normalni na\u010din<\/strong>: Standardni izhod<br \/>\n\u2013\u00a0<strong>Na\u010din pove\u010danja<\/strong>: Izbolj\u0161ana intenzivnost pare in okusa<\/td>\n<\/tr>\n<tr>\n<td><strong>Stili uparjanja<\/strong><\/td>\n<td>\u2013\u00a0<strong>Enotni okusi<\/strong>: Tesno MTL (usta v plju\u010da)<br \/>\n\u2013\u00a0<strong>Dvojni okus<\/strong>: Airy DL (direktno plju\u010dno)<\/td>\n<\/tr>\n<tr>\n<td><strong>Preklapljanje okusov<\/strong><\/td>\n<td>Vrtljiv zgornji ustnik (A\u2192AB\u2192B\u2192BC\u2192C\u2192CA)<\/td>\n<\/tr>\n<\/tbody>\n<\/table>\n<h2><strong>Fizzy Max III Okusi na voljo<\/strong><\/h2>\n<p>1.Strawberry Watermelon &amp; Lemon Lime &amp; Blueberry Coconut<br \/>\n2.Blueberry Ice &amp; Fizzy Cherry &amp; Raspberry Lemon<br \/>\n3.Watermelon Ice &amp; Strawberry Vanilla Coke &amp; Mixed Berry<br \/>\n4.Strawberry Dragon Fruit &amp; Red Bull &amp; Raspberry Watermelon<br \/>\n5.Strawberry Raspberry &amp; Mango Peach &amp; Blueberry Watermelon<br \/>\n6.Strawberry Grozdje in borovnica Kokos in breskev Lemon<br \/>\n7.Blueberry Raspberry &amp; Triple Melon &amp; Strawberry Ice<br \/>\n8.Me\u0161ano jagodi\u010devje in kivi Pasijonka Guava in jagoda Melona<br \/>\n9.Strawberry Kiwi &amp; Blueberry Ice &amp; Watermelon Ice<br \/>\n10.Blue Razz Ice &amp; Strawberry Kiwi &amp; Sour Ananas Orange<br \/>\n11. Love 66 &amp; Red Bull Lubenica &amp; Jagoda Malina<br \/>\n12. Jagodni sladoled, gazirana kola in lubenica z okusom \u017eve\u010dilnega gumija<\/p>\n<h2><strong>Podrobnosti o pakiranju<\/strong><\/h2>\n<ul>\n<li>Prudktna te\u017ea: 151g\/pc<\/li>\n<li>Velikost izdelka: 42,8 * 42,2 * 125 mm<\/li>\n<li>Koli\u010dina: 120 kosov\/\u0161t., 10 kosov\/ \u0161katla<\/li>\n<li>G.W: 18 kg\/ctn<\/li>\n<\/ul>\n<p>&nbsp;<\/p>\n<figure id=\"attachment_22448\" aria-describedby=\"caption-attachment-22448\" style=\"width: 800px\" class=\"wp-caption alignnone\"><img loading=\"lazy\" decoding=\"async\" class=\"size-full wp-image-22448\" title=\"Fizzy Max III 60000 Puffs 6v1 za enkratno uporabo Vape na debelo (5)\" src=\"https:\/\/www.vape4wholesale.com\/wp-content\/uploads\/2025\/05\/Fizzy-Max-III-60000-Puffs-6in1-Disposable-Vape-Wholesale-5.webp\" alt=\"Fizzy Max III 60000 Puffs 6v1 za enkratno uporabo Vape na debelo (5)\" width=\"800\" height=\"800\" srcset=\"https:\/\/www.vape4wholesale.com\/wp-content\/uploads\/2025\/05\/Fizzy-Max-III-60000-Puffs-6in1-Disposable-Vape-Wholesale-5.webp 800w, https:\/\/www.vape4wholesale.com\/wp-content\/uploads\/2025\/05\/Fizzy-Max-III-60000-Puffs-6in1-Disposable-Vape-Wholesale-5-247x247.webp 247w, https:\/\/www.vape4wholesale.com\/wp-content\/uploads\/2025\/05\/Fizzy-Max-III-60000-Puffs-6in1-Disposable-Vape-Wholesale-5-100x100.webp 100w, https:\/\/www.vape4wholesale.com\/wp-content\/uploads\/2025\/05\/Fizzy-Max-III-60000-Puffs-6in1-Disposable-Vape-Wholesale-5-510x510.webp 510w, https:\/\/www.vape4wholesale.com\/wp-content\/uploads\/2025\/05\/Fizzy-Max-III-60000-Puffs-6in1-Disposable-Vape-Wholesale-5-300x300.webp 300w, https:\/\/www.vape4wholesale.com\/wp-content\/uploads\/2025\/05\/Fizzy-Max-III-60000-Puffs-6in1-Disposable-Vape-Wholesale-5-150x150.webp 150w, https:\/\/www.vape4wholesale.com\/wp-content\/uploads\/2025\/05\/Fizzy-Max-III-60000-Puffs-6in1-Disposable-Vape-Wholesale-5-768x768.webp 768w, https:\/\/www.vape4wholesale.com\/wp-content\/uploads\/2025\/05\/Fizzy-Max-III-60000-Puffs-6in1-Disposable-Vape-Wholesale-5-12x12.webp 12w, https:\/\/www.vape4wholesale.com\/wp-content\/uploads\/2025\/05\/Fizzy-Max-III-60000-Puffs-6in1-Disposable-Vape-Wholesale-5-64x64.webp 64w\" sizes=\"auto, (max-width: 800px) 100vw, 800px\" \/><figcaption id=\"caption-attachment-22448\" class=\"wp-caption-text\">Fizzy Max III 60000 Puffs 6v1 za enkratno uporabo Vape na debelo<\/figcaption><\/figure>\n<h2>ZAKAJ MI?<\/h2>\r\n<ul>\r\n<li>Resni\u010dni, zanesljivi in strokovni vir za vape.<\/li>\r\n<li>100% Originalno jamstvo: Zavra\u010damo ponarejanje: zagotavljamo samo originalne in pristne izdelke.<\/li>\r\n<li>100% Zagotovilo za dostavo: 100%: uporabljamo najbolj\u0161i na\u010din po\u0161iljanja, da zagotovimo, da prejmete naro\u010dilo 100%.<\/li>\r\n<li>Po odpremi vam bomo posredovali \u0161tevilko za sledenje in nalepko za po\u0161iljanje ter spremljali blago, dokler ga ne podpi\u0161ete.<\/li>\r\n<li>Brez carinskih te\u017eav, brez tarif<\/li>\r\n<\/ul>\n<\/div>\n<\/div>","protected":false},"excerpt":{"rendered":"<p><b><span style=\"color: #00a859;\">Free shipping<\/span>\u00a0from Europe warehouse, 7-15 working days delivery time.<\/b><\/p>\r\n<div class=\"wsppc_div_block woocommerce_before_add_to_cart_form\">\r\n<p><strong>Clear customs before delivery &amp; 100% Delivery Guarantee<\/strong><\/p>\r\n<\/div>\n<p><span style=\"color: #ed1c24;\"><strong>This product has been discontinued and replaced by a new version. \u2192<a href=\"https:\/\/www.vape4wholesale.com\/sl\/izdelek\/fizzy-max-iii-pro-6in1-60000-puffs-disposable-vape-wholesale\/\">Please click here to purchase<\/a>.<\/strong><\/span><\/p>","protected":false},"featured_media":22515,"comment_status":"open","ping_status":"closed","template":"","meta":[],"pwb-brand":[1268],"product_cat":[938],"product_tag":[24,948,1081,1114,22],"class_list":{"0":"post-22467","1":"product","2":"type-product","3":"status-publish","4":"has-post-thumbnail","6":"pwb-brand-fizzy","7":"product_cat-europe-warehouse","8":"product_tag-wholesale","9":"product_tag-fizzy","10":"product_tag-50-0ml","11":"product_tag-60000-puffs","12":"product_tag-disposable","13":"product_shipping_class-eu-warehouse","14":"wcpa_has_options","16":"first","17":"outofstock","18":"featured","19":"shipping-taxable","20":"purchasable","21":"product-type-variable"},"aioseo_notices":[],"brands":[{"id":1268,"name":"Fizzy","slug":"sumece"}],"_links":{"self":[{"href":"https:\/\/www.vape4wholesale.com\/sl\/wp-json\/wp\/v2\/product\/22467","targetHints":{"allow":["GET"]}}],"collection":[{"href":"https:\/\/www.vape4wholesale.com\/sl\/wp-json\/wp\/v2\/product"}],"about":[{"href":"https:\/\/www.vape4wholesale.com\/sl\/wp-json\/wp\/v2\/types\/product"}],"replies":[{"embeddable":true,"href":"https:\/\/www.vape4wholesale.com\/sl\/wp-json\/wp\/v2\/comments?post=22467"}],"wp:featuredmedia":[{"embeddable":true,"href":"https:\/\/www.vape4wholesale.com\/sl\/wp-json\/wp\/v2\/media\/22515"}],"wp:attachment":[{"href":"https:\/\/www.vape4wholesale.com\/sl\/wp-json\/wp\/v2\/media?parent=22467"}],"wp:term":[{"taxonomy":"pwb-brand","embeddable":true,"href":"https:\/\/www.vape4wholesale.com\/sl\/wp-json\/wp\/v2\/pwb-brand?post=22467"},{"taxonomy":"product_cat","embeddable":true,"href":"https:\/\/www.vape4wholesale.com\/sl\/wp-json\/wp\/v2\/product_cat?post=22467"},{"taxonomy":"product_tag","embeddable":true,"href":"https:\/\/www.vape4wholesale.com\/sl\/wp-json\/wp\/v2\/product_tag?post=22467"}],"curies":[{"name":"wp","href":"https:\/\/api.w.org\/{rel}","templated":true}]}}