{"id":22419,"date":"2025-05-28T14:12:30","date_gmt":"2025-05-28T06:12:30","guid":{"rendered":"https:\/\/www.vape4wholesale.com\/?post_type=product&#038;p=22419"},"modified":"2026-01-26T13:39:03","modified_gmt":"2026-01-26T13:39:03","slug":"fizzy-nova-plus-40000-puffs-enkratno-vape-na-debelo","status":"publish","type":"product","link":"https:\/\/www.vape4wholesale.com\/sl\/product\/fizzy-nova-plus-40000-puffs-disposable-vape-wholesale","title":{"rendered":"Fizzy Nova Plus 40000 Puffs za enkratno uporabo Vape na debelo"},"content":{"rendered":"<p class=\"ds-markdown-paragraph\"><a title=\"Fizzy\" href=\"https:\/\/www.vape4wholesale.com\/sl\/product_brand\/sumece\/\" target=\"_blank\" rel=\"noopener\">Fizzy<\/a> Nova Plus 40000 Puffs za enkratno uporabo, nadgrajen iz <a title=\"Fizzy Nova 20000 bonbonov\" href=\"https:\/\/www.vape4wholesale.com\/sl\/izdelek\/fizzy-nova-20000-puffs-enkratno-vape-na-debelo\/\" target=\"_blank\" rel=\"noopener\">Nova 20K<\/a>, ki zdru\u017euje izjemno zmogljivost in najsodobnej\u0161o tehnologijo. Z vnaprej napolnjenim rezervoarjem za 40 ml e-teko\u010dine in baterijo s kapaciteto 850 mAh (prek vhoda Type-C) zagotavlja impresivnih 40 000 puhov - idealno za dalj\u0161e u\u017eivanje brez pogostih zamenjav.<\/p>\n<p class=\"ds-markdown-paragraph\">Fizzy Nova Plus poleg vzdr\u017eljivosti izbolj\u0161uje tudi nadzor in vsestranskost. Nastavitev dveh na\u010dinov (ECO in BOOST) omogo\u010da nemoteno preklapljanje med energijsko u\u010dinkovitim puhanjem in mo\u010dnim delovanjem, kar ustreza razli\u010dnim razpolo\u017eenjem in potrebam. Poleg tega lahko z nastavljivim nadzorom pretoka zraka natan\u010dno prilagodite poteg, ne glede na to, ali imate raje tesen udarec iz ust v plju\u010da ali zra\u010dno izku\u0161njo z neposrednim potegom v plju\u010da.<\/p>\n<p class=\"ds-markdown-paragraph\">Za povrh se udobje in inovativnost sre\u010data z vgrajenim zaslonom LED, ki omogo\u010da spremljanje ravni e-teko\u010dine in stanja baterije v realnem \u010dasu. Fizzy Nova Plus je kompakten, a poln funkcij, zato je zasnovan za vaperje, ki no\u010dejo sklepati kompromisov, saj ponuja neprimerljivo dolgo \u017eivljenjsko dobo, prilagajanje in zmogljivost v eni sami elegantni napravi.<\/p>\n<h2>Fizzy Nova Plus 40000 Puffs za enkratno uporabo Vape Hitre podrobnosti<\/h2>\n<ul>\n<li>Puffi: 40000 puffov<\/li>\n<li>O\u010desna tuljava<\/li>\n<li>Nastavljiv na\u010din: ECO &amp; BOOST<\/li>\n<li>Krmiljenje pretoka zraka<\/li>\n<li>Eliquid: 40ml<\/li>\n<li>Baterija: 850 mAh<\/li>\n<li>Nikotin: 2%\/ 5%<\/li>\n<li>Polnjenje: tip C<\/li>\n<li>LED zaslon Baterija in raven teko\u010dine<\/li>\n<\/ul>\n<h2>Razpolo\u017eljivi okusi<\/h2>\n<p>1. Jagodni led<br \/>\n2. Borovni\u010dev kokos<br \/>\n3. Jagodni kivi<br \/>\n4. Borovni\u010dev led<br \/>\n5. Led iz lubenice<br \/>\n6. Breskev Mango lubenica<br \/>\n7. Kivi Pasijonka Guava<br \/>\n8. Malinova limona<br \/>\n9. Trojno jagodi\u010devje<br \/>\n10. Breskov led<br \/>\n11. Grozdna limeta<br \/>\n12. Blue Razz Lemonade<\/p>\n<h2>Podrobnosti o pakiranju<\/h2>\n<p>Prudct te\u017ea: 120g\/pc<br \/>\nVelikost izdelka: 52,5 * 24,5 * 104,3 mm<br \/>\nKoli\u010dina: 180 kosov \/ ctn, 10 kosov \/ \u0161katla<br \/>\nG.W: 22 kg\/ctn<\/p>\n<figure id=\"attachment_22408\" aria-describedby=\"caption-attachment-22408\" style=\"width: 800px\" class=\"wp-caption alignnone\"><img loading=\"lazy\" decoding=\"async\" class=\"size-full wp-image-22408\" title=\"Fizzy Nova Plus 40000 Puffs za enkratno uporabo Vape na debelo (1)\" src=\"https:\/\/www.vape4wholesale.com\/wp-content\/uploads\/2025\/05\/Fizzy-Nova-Plus-40000-Puffs-Disposable-Vape-Wholesale-1.jpg\" alt=\"Fizzy Nova Plus 40000 Puffs za enkratno uporabo Vape na debelo (1)\" width=\"800\" height=\"800\" srcset=\"https:\/\/www.vape4wholesale.com\/wp-content\/uploads\/2025\/05\/Fizzy-Nova-Plus-40000-Puffs-Disposable-Vape-Wholesale-1.jpg 800w, https:\/\/www.vape4wholesale.com\/wp-content\/uploads\/2025\/05\/Fizzy-Nova-Plus-40000-Puffs-Disposable-Vape-Wholesale-1-247x247.jpg 247w, https:\/\/www.vape4wholesale.com\/wp-content\/uploads\/2025\/05\/Fizzy-Nova-Plus-40000-Puffs-Disposable-Vape-Wholesale-1-100x100.jpg 100w, https:\/\/www.vape4wholesale.com\/wp-content\/uploads\/2025\/05\/Fizzy-Nova-Plus-40000-Puffs-Disposable-Vape-Wholesale-1-510x510.jpg 510w, https:\/\/www.vape4wholesale.com\/wp-content\/uploads\/2025\/05\/Fizzy-Nova-Plus-40000-Puffs-Disposable-Vape-Wholesale-1-300x300.jpg 300w, https:\/\/www.vape4wholesale.com\/wp-content\/uploads\/2025\/05\/Fizzy-Nova-Plus-40000-Puffs-Disposable-Vape-Wholesale-1-150x150.jpg 150w, https:\/\/www.vape4wholesale.com\/wp-content\/uploads\/2025\/05\/Fizzy-Nova-Plus-40000-Puffs-Disposable-Vape-Wholesale-1-768x768.jpg 768w, https:\/\/www.vape4wholesale.com\/wp-content\/uploads\/2025\/05\/Fizzy-Nova-Plus-40000-Puffs-Disposable-Vape-Wholesale-1-12x12.jpg 12w, https:\/\/www.vape4wholesale.com\/wp-content\/uploads\/2025\/05\/Fizzy-Nova-Plus-40000-Puffs-Disposable-Vape-Wholesale-1-64x64.jpg 64w\" sizes=\"auto, (max-width: 800px) 100vw, 800px\" \/><figcaption id=\"caption-attachment-22408\" class=\"wp-caption-text\">Fizzy Nova Plus 40000 Puffs za enkratno uporabo Vape na debelo<\/figcaption><\/figure>\n<h2>ZAKAJ MI?<\/h2>\r\n<ul>\r\n<li>Resni\u010dni, zanesljivi in strokovni vir za vape.<\/li>\r\n<li>100% Originalno jamstvo: Zavra\u010damo ponarejanje: zagotavljamo samo originalne in pristne izdelke.<\/li>\r\n<li>100% Zagotovilo za dostavo: 100%: uporabljamo najbolj\u0161i na\u010din po\u0161iljanja, da zagotovimo, da prejmete naro\u010dilo 100%.<\/li>\r\n<li>Po odpremi vam bomo posredovali \u0161tevilko za sledenje in nalepko za po\u0161iljanje ter spremljali blago, dokler ga ne podpi\u0161ete.<\/li>\r\n<li>Brez carinskih te\u017eav, brez tarif<\/li>\r\n<\/ul>","protected":false},"excerpt":{"rendered":"<p><b><span style=\"color: #00a859;\">Free shipping<\/span>\u00a0from Europe warehouse, 7-15 working days delivery time.<\/b><\/p>\r\n<div class=\"wsppc_div_block woocommerce_before_add_to_cart_form\">\r\n<p><strong>Clear customs before delivery &amp; 100% Delivery Guarantee<\/strong><\/p>\r\n<\/div>","protected":false},"featured_media":22465,"comment_status":"open","ping_status":"closed","template":"","meta":[],"pwb-brand":[1268],"product_cat":[938],"product_tag":[948,1016,1026,22,24],"class_list":{"0":"post-22419","1":"product","2":"type-product","3":"status-publish","4":"has-post-thumbnail","6":"pwb-brand-fizzy","7":"product_cat-europe-warehouse","8":"product_tag-fizzy","9":"product_tag-40000-puffs","10":"product_tag-40-0ml","11":"product_tag-disposable","12":"product_tag-wholesale","13":"product_shipping_class-eu-warehouse","14":"wcpa_has_options","16":"first","17":"instock","18":"featured","19":"shipping-taxable","20":"purchasable","21":"product-type-variable"},"aioseo_notices":[],"brands":[{"id":1268,"name":"Fizzy","slug":"sumece"}],"_links":{"self":[{"href":"https:\/\/www.vape4wholesale.com\/sl\/wp-json\/wp\/v2\/product\/22419","targetHints":{"allow":["GET"]}}],"collection":[{"href":"https:\/\/www.vape4wholesale.com\/sl\/wp-json\/wp\/v2\/product"}],"about":[{"href":"https:\/\/www.vape4wholesale.com\/sl\/wp-json\/wp\/v2\/types\/product"}],"replies":[{"embeddable":true,"href":"https:\/\/www.vape4wholesale.com\/sl\/wp-json\/wp\/v2\/comments?post=22419"}],"wp:featuredmedia":[{"embeddable":true,"href":"https:\/\/www.vape4wholesale.com\/sl\/wp-json\/wp\/v2\/media\/22465"}],"wp:attachment":[{"href":"https:\/\/www.vape4wholesale.com\/sl\/wp-json\/wp\/v2\/media?parent=22419"}],"wp:term":[{"taxonomy":"pwb-brand","embeddable":true,"href":"https:\/\/www.vape4wholesale.com\/sl\/wp-json\/wp\/v2\/pwb-brand?post=22419"},{"taxonomy":"product_cat","embeddable":true,"href":"https:\/\/www.vape4wholesale.com\/sl\/wp-json\/wp\/v2\/product_cat?post=22419"},{"taxonomy":"product_tag","embeddable":true,"href":"https:\/\/www.vape4wholesale.com\/sl\/wp-json\/wp\/v2\/product_tag?post=22419"}],"curies":[{"name":"wp","href":"https:\/\/api.w.org\/{rel}","templated":true}]}}