{"id":22135,"date":"2025-05-15T16:49:29","date_gmt":"2025-05-15T08:49:29","guid":{"rendered":"https:\/\/www.vape4wholesale.com\/?post_type=product&#038;p=22135"},"modified":"2026-01-26T13:39:05","modified_gmt":"2026-01-26T13:39:05","slug":"happ-bar-twin-pod-35000-enkratno-vape","status":"publish","type":"product","link":"https:\/\/www.vape4wholesale.com\/sl\/izdelek\/happ-bar-twin-pod-35000-enkratno-vape","title":{"rendered":"Happ Bar Twin Pod 35000 Vape za enkratno uporabo"},"content":{"rendered":"<p class=\"ds-markdown-paragraph\">Spletna stran <a title=\"Bar Happ\" href=\"https:\/\/www.vape4wholesale.com\/sl\/product_brand\/bar-srece\/\"><strong>Bar Happ<\/strong> <\/a>Twin Pod 35000 Vape za enkratno uporabo je vrhunska naprava z dvojnim okusom. Ta nadgrajena naprava z impresivnimi 35.000 izpuhi ima dva 18-mililitrska rezervoarja in vrtljiv ustnik, ki omogo\u010da enostavno preklapljanje med okusi. Napaja jo 650 mAh akumulatorska baterija tipa C in dvojne mre\u017easte tuljave (1,0ohm), ki zagotavljajo gladko, bogato paro in dolgotrajno delovanje.<\/p>\n<p class=\"ds-markdown-paragraph\">Na voljo sta 2% in 5% nikotina za izbiro ter elegantna gradientna oblika z zaslonom LED za elegantno izku\u0161njo vapinga. Sistem z dvema rezervoarjema odpravlja potrebo po ve\u010d napravah, pove\u010dana zmogljivost e-teko\u010dine pa zagotavlja dalj\u0161o uporabo. Idealen za vaperje, ki si \u017eelijo raznolikosti in udobja, ne da bi pri tem ogrozili okus ali kakovost hlapov.<\/p>\n<p class=\"ds-markdown-paragraph\">Zasnovan je za prenosnost in zmogljivost ter zdru\u017euje inovativnost in prakti\u010dnost. Zaradi privla\u010dne oblike, dolge \u017eivljenjske dobe baterije in tehnologije dvojnega okusa je izjemna izbira za celodnevno vaping. \u0160e danes nadgradite svojo izku\u0161njo s tem zmogljivim in opremljenim vapom za enkratno uporabo!<\/p>\n<h2 class=\"ds-markdown-paragraph\"><strong>Happ Bar Twin Pod 35000 Vape za enkratno uporabo Hitre podrobnosti<\/strong><\/h2>\n<ul>\n<li>\n<p class=\"ds-markdown-paragraph\"><strong>Puffs:<\/strong>\u00a035,000<\/p>\n<\/li>\n<li>\n<p class=\"ds-markdown-paragraph\"><strong>Nikotin:<\/strong>\u00a02% ali 5% (neobvezno)<\/p>\n<\/li>\n<li>\n<p class=\"ds-markdown-paragraph\"><strong>Baterija:<\/strong>\u00a0650 mAh (za polnjenje tipa C)<\/p>\n<\/li>\n<li>\n<p class=\"ds-markdown-paragraph\"><strong>Kapaciteta e-teko\u010dine:<\/strong> 36ML-18ml + 18ml (dvojni rezervoar)<\/p>\n<\/li>\n<li>\n<p class=\"ds-markdown-paragraph\"><strong>Navijalka:<\/strong>\u00a0Dvojna mre\u017ea (1,0ohm)<\/p>\n<\/li>\n<li>\n<p class=\"ds-markdown-paragraph\"><strong>Oblikovanje:<\/strong>\u00a0Gradientne barve + LED zaslon<\/p>\n<\/li>\n<\/ul>\n<h2><strong>Zakaj izbrati Happ Bar Twin Pod 35000?<\/strong><\/h2>\n<ul>\n<li class=\"ds-markdown-paragraph\">Dva okusa v eni napravi - z enim samim zasukom ustnika brez te\u017eav preklapljajte med okusi.<\/li>\n<li class=\"ds-markdown-paragraph\">Dalj\u0161a \u017eivljenjska doba in ve\u010dja ekonomi\u010dnost - ve\u010dja zmogljivost e-soksa pomeni manj zamenjav.<\/li>\n<li class=\"ds-markdown-paragraph\">Gladki in aromati\u010dni udarci - Napredne spirale z dvojno mre\u017eo pove\u010dajo hlape in okus.<\/li>\n<li class=\"ds-markdown-paragraph\">Privla\u010dna zasnova - Izstopajte z \u017eivahnim gradientnim zaklju\u010dkom in zaslonom LED.<\/li>\n<\/ul>\n<h2><strong>Razpolo\u017eljivi okusi<\/strong><\/h2>\n<ol>\n<li>Breskev Mango Ananas in jagodni led<\/li>\n<li>Limonada Blue Razz in breskov led<\/li>\n<li>Jagoda kivi &amp; Lush Ice<\/li>\n<li>Raspberry Fudge in dvojno jabolko<\/li>\n<li>Melonin led in limonina apna<\/li>\n<li>Borovnica malina limona in \u010de\u0161njev led<\/li>\n<li>jagoda Vanilla Coke in me\u0161ano jagodi\u010devje<\/li>\n<li>Borovnica, \u010de\u0161nja, brusnica in lubenica Bubble Gum<\/li>\n<li>Jagodni banana in cola Ice<\/li>\n<li>Ananasov kokosov in borovni\u010dev led<\/li>\n<li>Red Bull Ice &amp; Hami Melon<\/li>\n<li>Grozdni led in jabol\u010dna breskev<\/li>\n<\/ol>\n<figure id=\"attachment_22120\" aria-describedby=\"caption-attachment-22120\" style=\"width: 800px\" class=\"wp-caption alignnone\"><img loading=\"lazy\" decoding=\"async\" class=\"size-full wp-image-22120\" title=\"Happ Bar Twin Pod 35000 Blueberry Cherry Cranberry &amp; Watermelon Bubble Gum\" src=\"https:\/\/www.vape4wholesale.com\/wp-content\/uploads\/2025\/05\/Happ-Bar-Twin-Pod-35000-Blueberry-Cherry-Cranberry-Watermelon-Bubble-Gum.webp\" alt=\"Happ Bar Twin Pod 35000 Blueberry Cherry Cranberry &amp; Watermelon Bubble Gum\" width=\"800\" height=\"800\" srcset=\"https:\/\/www.vape4wholesale.com\/wp-content\/uploads\/2025\/05\/Happ-Bar-Twin-Pod-35000-Blueberry-Cherry-Cranberry-Watermelon-Bubble-Gum.webp 800w, https:\/\/www.vape4wholesale.com\/wp-content\/uploads\/2025\/05\/Happ-Bar-Twin-Pod-35000-Blueberry-Cherry-Cranberry-Watermelon-Bubble-Gum-247x247.webp 247w, https:\/\/www.vape4wholesale.com\/wp-content\/uploads\/2025\/05\/Happ-Bar-Twin-Pod-35000-Blueberry-Cherry-Cranberry-Watermelon-Bubble-Gum-100x100.webp 100w, https:\/\/www.vape4wholesale.com\/wp-content\/uploads\/2025\/05\/Happ-Bar-Twin-Pod-35000-Blueberry-Cherry-Cranberry-Watermelon-Bubble-Gum-510x510.webp 510w, https:\/\/www.vape4wholesale.com\/wp-content\/uploads\/2025\/05\/Happ-Bar-Twin-Pod-35000-Blueberry-Cherry-Cranberry-Watermelon-Bubble-Gum-300x300.webp 300w, https:\/\/www.vape4wholesale.com\/wp-content\/uploads\/2025\/05\/Happ-Bar-Twin-Pod-35000-Blueberry-Cherry-Cranberry-Watermelon-Bubble-Gum-150x150.webp 150w, https:\/\/www.vape4wholesale.com\/wp-content\/uploads\/2025\/05\/Happ-Bar-Twin-Pod-35000-Blueberry-Cherry-Cranberry-Watermelon-Bubble-Gum-768x768.webp 768w, https:\/\/www.vape4wholesale.com\/wp-content\/uploads\/2025\/05\/Happ-Bar-Twin-Pod-35000-Blueberry-Cherry-Cranberry-Watermelon-Bubble-Gum-12x12.webp 12w, https:\/\/www.vape4wholesale.com\/wp-content\/uploads\/2025\/05\/Happ-Bar-Twin-Pod-35000-Blueberry-Cherry-Cranberry-Watermelon-Bubble-Gum-64x64.webp 64w\" sizes=\"auto, (max-width: 800px) 100vw, 800px\" \/><figcaption id=\"caption-attachment-22120\" class=\"wp-caption-text\">Happ Bar Twin Pod 35000 Blueberry Cherry Cranberry &amp; Watermelon Bubble Gum<\/figcaption><\/figure>\n<h2>ZAKAJ MI?<\/h2>\r\n<ul>\r\n<li>Resni\u010dni, zanesljivi in strokovni vir za vape.<\/li>\r\n<li>100% Originalno jamstvo: Zavra\u010damo ponarejanje: zagotavljamo samo originalne in pristne izdelke.<\/li>\r\n<li>100% Zagotovilo za dostavo: 100%: uporabljamo najbolj\u0161i na\u010din po\u0161iljanja, da zagotovimo, da prejmete naro\u010dilo 100%.<\/li>\r\n<li>Po odpremi vam bomo posredovali \u0161tevilko za sledenje in nalepko za po\u0161iljanje ter spremljali blago, dokler ga ne podpi\u0161ete.<\/li>\r\n<li>Brez carinskih te\u017eav, brez tarif<\/li>\r\n<\/ul>","protected":false},"excerpt":{"rendered":"<p><b><span style=\"color: #00a859;\">Free shipping<\/span>\u00a0from Europe warehouse, 7-15 working days delivery time.<\/b><\/p>\r\n<div class=\"wsppc_div_block woocommerce_before_add_to_cart_form\">\r\n<p><strong>Clear customs before delivery &amp; 100% Delivery Guarantee<\/strong><\/p>\r\n<\/div>","protected":false},"featured_media":22122,"comment_status":"open","ping_status":"closed","template":"","meta":[],"pwb-brand":[1267],"product_cat":[938],"product_tag":[22,24,849,1023,1035],"class_list":{"0":"post-22135","1":"product","2":"type-product","3":"status-publish","4":"has-post-thumbnail","6":"pwb-brand-happ-bar","7":"product_cat-europe-warehouse","8":"product_tag-disposable","9":"product_tag-wholesale","10":"product_tag-36-0ml","11":"product_tag-35000-puffs","12":"product_tag-happ-bar","13":"product_shipping_class-eu-warehouse","14":"wcpa_has_options","16":"first","17":"instock","18":"featured","19":"shipping-taxable","20":"purchasable","21":"product-type-variable"},"aioseo_notices":[],"brands":[{"id":1267,"name":"Bar Happ","slug":"bar-srece"}],"_links":{"self":[{"href":"https:\/\/www.vape4wholesale.com\/sl\/wp-json\/wp\/v2\/product\/22135","targetHints":{"allow":["GET"]}}],"collection":[{"href":"https:\/\/www.vape4wholesale.com\/sl\/wp-json\/wp\/v2\/product"}],"about":[{"href":"https:\/\/www.vape4wholesale.com\/sl\/wp-json\/wp\/v2\/types\/product"}],"replies":[{"embeddable":true,"href":"https:\/\/www.vape4wholesale.com\/sl\/wp-json\/wp\/v2\/comments?post=22135"}],"wp:featuredmedia":[{"embeddable":true,"href":"https:\/\/www.vape4wholesale.com\/sl\/wp-json\/wp\/v2\/media\/22122"}],"wp:attachment":[{"href":"https:\/\/www.vape4wholesale.com\/sl\/wp-json\/wp\/v2\/media?parent=22135"}],"wp:term":[{"taxonomy":"pwb-brand","embeddable":true,"href":"https:\/\/www.vape4wholesale.com\/sl\/wp-json\/wp\/v2\/pwb-brand?post=22135"},{"taxonomy":"product_cat","embeddable":true,"href":"https:\/\/www.vape4wholesale.com\/sl\/wp-json\/wp\/v2\/product_cat?post=22135"},{"taxonomy":"product_tag","embeddable":true,"href":"https:\/\/www.vape4wholesale.com\/sl\/wp-json\/wp\/v2\/product_tag?post=22135"}],"curies":[{"name":"wp","href":"https:\/\/api.w.org\/{rel}","templated":true}]}}