{"id":21760,"date":"2025-04-28T22:00:11","date_gmt":"2025-04-28T14:00:11","guid":{"rendered":"https:\/\/www.vape4wholesale.com\/?post_type=product&#038;p=21760"},"modified":"2026-01-27T13:38:24","modified_gmt":"2026-01-27T13:38:24","slug":"vapsolo-king-pro-40000-puffs-enkratno-vape-na-debelo","status":"publish","type":"product","link":"https:\/\/www.vape4wholesale.com\/sl\/product\/vapsolo-king-pro-40000-puffs-disposable-vape-wholesale","title":{"rendered":"Vapsolo King Pro 40000 Puffs Vape za enkratno uporabo na debelo"},"content":{"rendered":"<p class=\"ds-markdown-paragraph\">.\u00a0<a title=\"Vapsolo\" href=\"https:\/\/www.vape4wholesale.com\/sl\/product_brand\/vapsolo\/\"><strong>Vapsolo<\/strong><\/a> King Pro 40000 Vape za enkratno uporabo je zasnovan tako, da zagotavlja impresivnih 40.000 vdihov na napravo. Ta vape za enkratno uporabo z veliko zmogljivostjo 40 ml e-teko\u010dine in baterijo s kapaciteto 650 mAh (priklju\u010dek Type-C) zagotavlja dalj\u0161o uporabo brez pogostih zamenjav.<\/p>\n<p class=\"ds-markdown-paragraph\">Vgrajeni LCD-zaslon omogo\u010da spremljanje baterije in e-teko\u010dine v realnem \u010dasu za dodatno udobje. King Pro je opremljen z mre\u017easto tuljavo 1,0\u03a9, zato z vsakim potegom proizvaja bogate, gladke okuse in gosto paro. Z nastavljivim nadzorom pretoka zraka, ki ustreza tako MTL (usta-plju\u010da) kot RDL (omejeno neposredno na plju\u010da), lahko \u0161e bolj prilagodite svojo izku\u0161njo uparjanja.<\/p>\n<h2><strong>Vapsolo King Pro 40000 Puffs Vape Klju\u010dne lastnosti<\/strong><\/h2>\n<p>\u2714 <strong>40.000 vpihov<\/strong>\u00a0- Izjemno dolgotrajno u\u017eivanje<br \/>\n\u2714\u00a0<strong>40 ml vnaprej napolnjenega e-teko\u010dina<\/strong>\u00a0- Polnila niso potrebna<br \/>\n\u2714\u00a0<strong>650 mAh baterija s polnjenjem tipa C<\/strong>\u00a0- Hitro in priro\u010dno polnjenje<br \/>\n\u2714\u00a0<strong>1,0\u03a9 mre\u017ena tuljava<\/strong>\u00a0- Izbolj\u0161an okus in proizvodnja pare<br \/>\n\u2714\u00a0<strong>Zaslon LCD<\/strong>\u00a0- Spremljajte stanje baterije in e-su\u0161ice<br \/>\n\u2714\u00a0<strong>Nastavljiv pretok zraka<\/strong>\u00a0- Prilagodite svojo odpornost proti vle\u010denju<\/p>\n<h2><strong>Razpolo\u017eljivi okusi<\/strong><\/h2>\n<ul>\n<li>01.Cherry Lemon<\/li>\n<li>02. Kivi Pasijonka Guava<\/li>\n<li>03. Ljubezen 66<\/li>\n<li>04. Lubeni\u010dni led<\/li>\n<li>05. Strawberry Kiwi<\/li>\n<li>06. Lemon Lime<\/li>\n<li>07. Strawberry Banana<\/li>\n<li>08. Black Ice Dragon Fruit Strawberry<\/li>\n<li>09. Peach Berry<\/li>\n<li>10. Jagodna lubenica<\/li>\n<li>11. Cherry Cola<\/li>\n<li>12. Grape Burst<\/li>\n<li>13. Me\u0161ano jagodi\u010devje<\/li>\n<li>14. Borovnica kisla malina<\/li>\n<li>15. Breskev Mango Ananas<\/li>\n<\/ul>\n<h2><strong>Podrobnosti o pakiranju<\/strong><\/h2>\n<ul>\n<li>1\/ enojna \u0161katla\/ 133g<\/li>\n<li>10\/ prikazovalnik<\/li>\n<li>200\/ glavna \u0161katla\/ 27,5 kg<\/li>\n<\/ul>\n<figure id=\"attachment_21787\" aria-describedby=\"caption-attachment-21787\" style=\"width: 800px\" class=\"wp-caption alignnone\"><img loading=\"lazy\" decoding=\"async\" class=\"size-full wp-image-21787\" title=\"jagoda banana Vapsolo King Pro 40000\" src=\"https:\/\/www.vape4wholesale.com\/wp-content\/uploads\/2025\/04\/strawberry-banana-Vapsolo-King-Pro-40000.webp\" alt=\"jagoda banana Vapsolo King Pro 40000\" width=\"800\" height=\"800\" srcset=\"https:\/\/www.vape4wholesale.com\/wp-content\/uploads\/2025\/04\/strawberry-banana-Vapsolo-King-Pro-40000.webp 800w, https:\/\/www.vape4wholesale.com\/wp-content\/uploads\/2025\/04\/strawberry-banana-Vapsolo-King-Pro-40000-247x247.webp 247w, https:\/\/www.vape4wholesale.com\/wp-content\/uploads\/2025\/04\/strawberry-banana-Vapsolo-King-Pro-40000-100x100.webp 100w, https:\/\/www.vape4wholesale.com\/wp-content\/uploads\/2025\/04\/strawberry-banana-Vapsolo-King-Pro-40000-510x510.webp 510w, https:\/\/www.vape4wholesale.com\/wp-content\/uploads\/2025\/04\/strawberry-banana-Vapsolo-King-Pro-40000-300x300.webp 300w, https:\/\/www.vape4wholesale.com\/wp-content\/uploads\/2025\/04\/strawberry-banana-Vapsolo-King-Pro-40000-150x150.webp 150w, https:\/\/www.vape4wholesale.com\/wp-content\/uploads\/2025\/04\/strawberry-banana-Vapsolo-King-Pro-40000-768x768.webp 768w, https:\/\/www.vape4wholesale.com\/wp-content\/uploads\/2025\/04\/strawberry-banana-Vapsolo-King-Pro-40000-12x12.webp 12w, https:\/\/www.vape4wholesale.com\/wp-content\/uploads\/2025\/04\/strawberry-banana-Vapsolo-King-Pro-40000-64x64.webp 64w\" sizes=\"auto, (max-width: 800px) 100vw, 800px\" \/><figcaption id=\"caption-attachment-21787\" class=\"wp-caption-text\">Vapsolo King Pro 40000 Puffs Vape za enkratno uporabo na debelo<\/figcaption><\/figure>\n<h2>ZAKAJ MI?<\/h2>\r\n<ul>\r\n<li>Resni\u010dni, zanesljivi in strokovni vir za vape.<\/li>\r\n<li>100% Originalno jamstvo: Zavra\u010damo ponarejanje: zagotavljamo samo originalne in pristne izdelke.<\/li>\r\n<li>100% Zagotovilo za dostavo: 100%: uporabljamo najbolj\u0161i na\u010din po\u0161iljanja, da zagotovimo, da prejmete naro\u010dilo 100%.<\/li>\r\n<li>Po odpremi vam bomo posredovali \u0161tevilko za sledenje in nalepko za po\u0161iljanje ter spremljali blago, dokler ga ne podpi\u0161ete.<\/li>\r\n<li>Brez carinskih te\u017eav, brez tarif<\/li>\r\n<\/ul>","protected":false},"excerpt":{"rendered":"<p><b><span style=\"color: #00a859;\">Brezpla\u010dna po\u0161tnina<\/span>\u00a0iz evropskega skladi\u0161\u010da, 7-15 delovnih dni dobavni rok.<\/b><\/p>\r\n<div class=\"wsppc_div_block woocommerce_before_add_to_cart_form\">\r\n<p><strong>Prosto carinjenje pred dostavo &amp; 100% Jamstvo dostave<\/strong><\/p>\r\n<\/div>","protected":false},"featured_media":21785,"comment_status":"open","ping_status":"closed","template":"","meta":[],"pwb-brand":[1271],"product_cat":[938],"product_tag":[1016,1026,22,24,899],"class_list":{"0":"post-21760","1":"product","2":"type-product","3":"status-publish","4":"has-post-thumbnail","6":"pwb-brand-vapsolo","7":"product_cat-europe-warehouse","8":"product_tag-40000-puffs","9":"product_tag-40-0ml","10":"product_tag-disposable","11":"product_tag-wholesale","12":"product_tag-vapsolo","13":"product_shipping_class-eu-warehouse","14":"wcpa_has_options","16":"first","17":"instock","18":"shipping-taxable","19":"purchasable","20":"product-type-variable"},"aioseo_notices":[],"brands":[{"id":1271,"name":"Vapsolo","slug":"vapsolo"}],"_links":{"self":[{"href":"https:\/\/www.vape4wholesale.com\/sl\/wp-json\/wp\/v2\/product\/21760","targetHints":{"allow":["GET"]}}],"collection":[{"href":"https:\/\/www.vape4wholesale.com\/sl\/wp-json\/wp\/v2\/product"}],"about":[{"href":"https:\/\/www.vape4wholesale.com\/sl\/wp-json\/wp\/v2\/types\/product"}],"replies":[{"embeddable":true,"href":"https:\/\/www.vape4wholesale.com\/sl\/wp-json\/wp\/v2\/comments?post=21760"}],"wp:featuredmedia":[{"embeddable":true,"href":"https:\/\/www.vape4wholesale.com\/sl\/wp-json\/wp\/v2\/media\/21785"}],"wp:attachment":[{"href":"https:\/\/www.vape4wholesale.com\/sl\/wp-json\/wp\/v2\/media?parent=21760"}],"wp:term":[{"taxonomy":"pwb-brand","embeddable":true,"href":"https:\/\/www.vape4wholesale.com\/sl\/wp-json\/wp\/v2\/pwb-brand?post=21760"},{"taxonomy":"product_cat","embeddable":true,"href":"https:\/\/www.vape4wholesale.com\/sl\/wp-json\/wp\/v2\/product_cat?post=21760"},{"taxonomy":"product_tag","embeddable":true,"href":"https:\/\/www.vape4wholesale.com\/sl\/wp-json\/wp\/v2\/product_tag?post=21760"}],"curies":[{"name":"wp","href":"https:\/\/api.w.org\/{rel}","templated":true}]}}