{"id":21602,"date":"2025-04-21T21:47:54","date_gmt":"2025-04-21T13:47:54","guid":{"rendered":"https:\/\/www.vape4wholesale.com\/?post_type=product&#038;p=21602"},"modified":"2026-05-02T03:37:46","modified_gmt":"2026-05-01T19:37:46","slug":"vozol-gear-power-20k-za-enkratno-uporabo-vape-na-debelo","status":"publish","type":"product","link":"https:\/\/www.vape4wholesale.com\/sl\/product\/vozol-gear-power-20k-disposable-vape-wholesale","title":{"rendered":"Vozol Gear Power 20K Vape za enkratno uporabo na debelo"},"content":{"rendered":"<p class=\"ds-markdown-paragraph\">. <a title=\"Vozol\" href=\"https:\/\/www.vape4wholesale.com\/sl\/product_brand\/vozol\/\"><strong>Vozol<\/strong><\/a> Gear Power 20K je napreden vape za enkratno uporabo, ki ga poganja tehnologija S.i.L.C. za izjemno gladek okus in proizvodnjo pare. Z inteligentnim sistemom dvojne mo\u010di lahko preklapljate med na\u010dinom Eco (do 20.000 vpihov) za dalj\u0161o uporabo ali na\u010dinom Power (do 12.000 vpihov) za intenzivnej\u0161e oblake in bogastvo - vse v eni kompaktni napravi.<\/p>\n<p class=\"ds-markdown-paragraph\">Ta vape je opremljen z dvojno mre\u017easto tuljavo, ki zagotavlja dosledno segrevanje in ve\u010djo jasnost okusa, medtem ko vas zaslon prek celotnega zaslona sproti obve\u0161\u010da o \u017eivljenjski dobi baterije in ravni e-teko\u010dine. Predhodno napolnjen z 20 ml vrhunskega e-teko\u010dina in 5% (50 mg) nikotina zagotavlja zadovoljiv udarec po grlu in mo\u010dno nikotinsko zadovoljstvo.<\/p>\n<h2>Vozol Gear Power 20K Vape Hitre podrobnosti<\/h2>\n<ul>\n<li>S.i.L.C. Tech<\/li>\n<li>Na\u010din dvojnega napajanja ECO\/POWER<\/li>\n<li>Do 20000 vdihov v var\u010dnem na\u010dinu<\/li>\n<li>Do 12.000 vdihov v na\u010dinu napajanja<\/li>\n<li>Dvojna mre\u017ena tuljava<\/li>\n<li>Celozaslonski zaslon<\/li>\n<li>20ml vnaprej napolnjenega E-teko\u010dina<\/li>\n<li>5% (50 mg) Mo\u010d nikotina<\/li>\n<\/ul>\n<h2>Razpolo\u017eljivi okusi<\/h2>\n<p>1. Led iz lubenice<br \/>\n2. Grozdni led<br \/>\n3. Mango Ice<br \/>\n4. Dvojni jabol\u010dni led<br \/>\n5. Lavafire<br \/>\n6. Nevihta z borovnicami<br \/>\n7. Modri mojito<br \/>\n8. Mango Ananas Grenivka<br \/>\n9. Jagodni kivi<br \/>\n10. Malinova lubenica<br \/>\n11. Blue Razz Ice<br \/>\n12. Jagodni mango<br \/>\n13. Lemon Lime<br \/>\n14. \u010ce\u0161njeva limonada<br \/>\n15. Me\u0161ano jagodi\u010devje<br \/>\n16. Dragon Fruit Banana Cherry<br \/>\n17. Citronska meta<br \/>\n19. Breskov led<br \/>\n20. Jagodna lubenica<\/p>\n<h2>Podrobnosti o pakiranju<\/h2>\n<ul>\n<li>1 \u0161katla s pentljo<\/li>\n<li>10\/display box<\/li>\n<li>200\/karton, 22,8 kg<\/li>\n<\/ul>\n<figure id=\"attachment_21614\" aria-describedby=\"caption-attachment-21614\" style=\"width: 750px\" class=\"wp-caption alignnone\"><img loading=\"lazy\" decoding=\"async\" class=\"wp-image-21614 size-full\" title=\"Vozol Gear Power 20K Vape za enkratno uporabo na debelo (1)\" src=\"https:\/\/www.vape4wholesale.com\/wp-content\/uploads\/2025\/04\/Vozol-Gear-Power-20K-Disposable-Vape-Wholesale-1.webp\" alt=\"Vozol Gear Power 20K Vape za enkratno uporabo na debelo (1)\" width=\"750\" height=\"800\" srcset=\"https:\/\/www.vape4wholesale.com\/wp-content\/uploads\/2025\/04\/Vozol-Gear-Power-20K-Disposable-Vape-Wholesale-1.webp 750w, https:\/\/www.vape4wholesale.com\/wp-content\/uploads\/2025\/04\/Vozol-Gear-Power-20K-Disposable-Vape-Wholesale-1-510x544.webp 510w, https:\/\/www.vape4wholesale.com\/wp-content\/uploads\/2025\/04\/Vozol-Gear-Power-20K-Disposable-Vape-Wholesale-1-281x300.webp 281w, https:\/\/www.vape4wholesale.com\/wp-content\/uploads\/2025\/04\/Vozol-Gear-Power-20K-Disposable-Vape-Wholesale-1-11x12.webp 11w, https:\/\/www.vape4wholesale.com\/wp-content\/uploads\/2025\/04\/Vozol-Gear-Power-20K-Disposable-Vape-Wholesale-1-64x68.webp 64w\" sizes=\"auto, (max-width: 750px) 100vw, 750px\" \/><figcaption id=\"caption-attachment-21614\" class=\"wp-caption-text\">Vozol Gear Power 20K Vape za enkratno uporabo na debelo<\/figcaption><\/figure>\n<h2>ZAKAJ MI?<\/h2>\r\n<ul>\r\n<li>Resni\u010dni, zanesljivi in strokovni vir za vape.<\/li>\r\n<li>100% Originalno jamstvo: Zavra\u010damo ponarejanje: zagotavljamo samo originalne in pristne izdelke.<\/li>\r\n<li>100% Zagotovilo za dostavo: 100%: uporabljamo najbolj\u0161i na\u010din po\u0161iljanja, da zagotovimo, da prejmete naro\u010dilo 100%.<\/li>\r\n<li>Po odpremi vam bomo posredovali \u0161tevilko za sledenje in nalepko za po\u0161iljanje ter spremljali blago, dokler ga ne podpi\u0161ete.<\/li>\r\n<li>Brez carinskih te\u017eav, brez tarif<\/li>\r\n<\/ul>","protected":false},"excerpt":{"rendered":"<p><b><span style=\"color: #00a859;\">Brezpla\u010dna po\u0161tnina<\/span>\u00a0iz evropskega skladi\u0161\u010da, 7-15 delovnih dni dobavni rok.<\/b><\/p>\r\n<div class=\"wsppc_div_block woocommerce_before_add_to_cart_form\">\r\n<p><strong>Prosto carinjenje pred dostavo &amp; 100% Jamstvo dostave<\/strong><\/p>\r\n<\/div>","protected":false},"featured_media":21612,"comment_status":"open","ping_status":"closed","template":"","meta":[],"pwb-brand":[1276],"product_cat":[938],"product_tag":[1137,22,24,172,794],"class_list":{"0":"post-21602","1":"product","2":"type-product","3":"status-publish","4":"has-post-thumbnail","6":"pwb-brand-vozol","7":"product_cat-europe-warehouse","8":"product_tag-vozol","9":"product_tag-disposable","10":"product_tag-wholesale","11":"product_tag-20-0ml","12":"product_tag-20000-puffs","13":"product_shipping_class-eu-warehouse","15":"first","16":"outofstock","17":"featured","18":"shipping-taxable","19":"purchasable","20":"product-type-variable"},"aioseo_notices":[],"brands":[{"id":1276,"name":"Vozol","slug":"vozol"}],"_links":{"self":[{"href":"https:\/\/www.vape4wholesale.com\/sl\/wp-json\/wp\/v2\/product\/21602","targetHints":{"allow":["GET"]}}],"collection":[{"href":"https:\/\/www.vape4wholesale.com\/sl\/wp-json\/wp\/v2\/product"}],"about":[{"href":"https:\/\/www.vape4wholesale.com\/sl\/wp-json\/wp\/v2\/types\/product"}],"replies":[{"embeddable":true,"href":"https:\/\/www.vape4wholesale.com\/sl\/wp-json\/wp\/v2\/comments?post=21602"}],"wp:featuredmedia":[{"embeddable":true,"href":"https:\/\/www.vape4wholesale.com\/sl\/wp-json\/wp\/v2\/media\/21612"}],"wp:attachment":[{"href":"https:\/\/www.vape4wholesale.com\/sl\/wp-json\/wp\/v2\/media?parent=21602"}],"wp:term":[{"taxonomy":"pwb-brand","embeddable":true,"href":"https:\/\/www.vape4wholesale.com\/sl\/wp-json\/wp\/v2\/pwb-brand?post=21602"},{"taxonomy":"product_cat","embeddable":true,"href":"https:\/\/www.vape4wholesale.com\/sl\/wp-json\/wp\/v2\/product_cat?post=21602"},{"taxonomy":"product_tag","embeddable":true,"href":"https:\/\/www.vape4wholesale.com\/sl\/wp-json\/wp\/v2\/product_tag?post=21602"}],"curies":[{"name":"wp","href":"https:\/\/api.w.org\/{rel}","templated":true}]}}