{"id":20867,"date":"2025-03-26T16:09:59","date_gmt":"2025-03-26T08:09:59","guid":{"rendered":"https:\/\/www.vape4wholesale.com\/?post_type=product&#038;p=20867"},"modified":"2026-03-30T11:15:50","modified_gmt":"2026-03-30T03:15:50","slug":"waspe-aiviou-3v1-60000-puffs-enkratno-vape","status":"publish","type":"product","link":"https:\/\/www.vape4wholesale.com\/sl\/product\/waspe-aiviou-3in1-60000-puffs-disposable-vape","title":{"rendered":"Waspe Aiviou 3v1 60000 Puffs za enkratno uporabo Vape"},"content":{"rendered":"<p>Spletna stran <a title=\"Waspe\" href=\"https:\/\/www.vape4wholesale.com\/sl\/product_brand\/waspe\/\">Waspe<\/a> Aiviou 3v1 60000 je napredna naprava za enkratno uporabo, ki s tremi okusi v eni kompaktni zasnovi prina\u0161a revolucijo v udobju. Z enostavnim obra\u010danjem zgornjega ustnika lahko uporabniki nemoteno preklapljajo med okusi, kar omogo\u010da vsestransko izku\u0161njo vapinga kot \u0161e nikoli prej. Njegova trikotna ergonomska oblika zagotavlja udoben oprijem in zdru\u017euje prakti\u010dnost z elegantno sodobno estetiko.<\/p>\n<p>Naprava je opremljena s tremi 18-mililitrskimi vnaprej napolnjenimi stroki (skupna prostornina 54 ml) in omogo\u010da dalj\u0161o uporabo brez pogostih zamenjav. Vgrajena mre\u017easta tuljava 0,9\u03a9 izbolj\u0161a proizvodnjo pare in zagotavlja dosledno bogat in poln okus med vsakim vdihom. Poleg tega vgrajeni digitalni zaslon omogo\u010da spremljanje ravni e-teko\u010dine in preostale \u017eivljenjske dobe baterije v realnem \u010dasu, kar zagotavlja optimalno delovanje v vsakem trenutku.<\/p>\n<p>Za osebno zadovoljstvo je Aiviou 3v1 na voljo v 12 strokovno izdelanih kombinacijah okusov, ki zadovoljijo \u0161tevilne \u017eelje. Uporabniki lahko izberejo tudi \u017eeleno jakost nikotina, saj so na voljo mo\u017enosti 0% (brez nikotina), 2% ali 5%.<\/p>\n<h2><strong>Waspe Aiviou 3v1 60000 Vape za enkratno uporabo Hitre podrobnosti<\/strong><\/h2>\n<ul>\n<li>Podpora Puffs: 60000 Puffs<\/li>\n<li>Trojni okus, 3 stroki<\/li>\n<li>Vrsta tuljave in odpornost: Omre\u017ena tuljava 0,9ohm*3<\/li>\n<li>E-teko\u010dina: 54ml (3*18ml)<\/li>\n<li>Nikotin: 0%\/ 2%\/ 5%<\/li>\n<li>Baterija: 650 mAh<\/li>\n<li>Polnjenje: tip C<\/li>\n<li>Led zaslon prikazuje baterijo in raven teko\u010dine<\/li>\n<\/ul>\n<h2><strong>Razpolo\u017eljivi okusi<\/strong><\/h2>\n<ul>\n<li>1.Watermelon Ice &amp; Strawberry Kiwi &amp; Lemon Lime<\/li>\n<li>2.Strawberry Watermelon &amp; Strawberry Raspberry Candy &amp; Grape Ice<\/li>\n<li>3.Blueberry Ice &amp; Black Dragon Ice &amp; Fizzy Cherry Ice<\/li>\n<li>4.Strawberry Raspberry Cherry &amp; Love 666 &amp; Cherry Candy Ice<\/li>\n<li>5.Peach Ice &amp; Ananas Mango Peach &amp; Cranberry Lemon<\/li>\n<li>6.Red Bull Ice &amp; Strawberry Mango &amp; Strawberry Watermelon Bubblegum<\/li>\n<li>7.Mixed Berries &amp; Gummy Bear &amp; Mixed Fruit<\/li>\n<li>8.Trikratni melonin led in mavri\u010dni bonboni in borovni\u010devi bonboni<\/li>\n<li>9.Grape Ice &amp; Strawberry Candy &amp; Strawberry Raspberry Cherry<\/li>\n<li>10.Strawberry Banana in ananas Kokosov led in mangov led<\/li>\n<li>11.Cherry Cola Ice &amp; Strawberry Cola &amp; Cola Ice<\/li>\n<li>12.Blueberry Raspberry &amp; Blueberry Cotton Candy &amp; Double Apple Ice<\/li>\n<\/ul>\n<h2><strong>Podrobnosti o pakiranju<\/strong><\/h2>\n<ul>\n<li>Te\u017ea izdelka: 130 g\/kos<\/li>\n<li>Velikost izdelka: 47 * 47 * 116 mm<\/li>\n<li>Koli\u010dina: 160 kosov v \u0161katli, 10 kosov v \u0161katli<\/li>\n<li>Te\u017ea: 21 kg<\/li>\n<\/ul>\n<figure id=\"attachment_20878\" aria-describedby=\"caption-attachment-20878\" style=\"width: 800px\" class=\"wp-caption alignnone\"><img loading=\"lazy\" decoding=\"async\" class=\"wp-image-20878 size-full\" title=\"Waspe Aiviou 3v1 60000 Puffs za enkratno uporabo Vape 2\" src=\"https:\/\/www.vape4wholesale.com\/wp-content\/uploads\/2025\/03\/Waspe-Aiviou-3in1-60000-Puffs-Disposable-Vape_2.webp\" alt=\"Waspe Aiviou 3v1 60000 Puffs za enkratno uporabo Vape 2\" width=\"800\" height=\"800\" srcset=\"https:\/\/www.vape4wholesale.com\/wp-content\/uploads\/2025\/03\/Waspe-Aiviou-3in1-60000-Puffs-Disposable-Vape_2.webp 800w, https:\/\/www.vape4wholesale.com\/wp-content\/uploads\/2025\/03\/Waspe-Aiviou-3in1-60000-Puffs-Disposable-Vape_2-247x247.webp 247w, https:\/\/www.vape4wholesale.com\/wp-content\/uploads\/2025\/03\/Waspe-Aiviou-3in1-60000-Puffs-Disposable-Vape_2-100x100.webp 100w, https:\/\/www.vape4wholesale.com\/wp-content\/uploads\/2025\/03\/Waspe-Aiviou-3in1-60000-Puffs-Disposable-Vape_2-510x510.webp 510w\" sizes=\"auto, (max-width: 800px) 100vw, 800px\" \/><figcaption id=\"caption-attachment-20878\" class=\"wp-caption-text\">Waspe Aiviou 3v1 60000 Puffs za enkratno uporabo Vape<\/figcaption><\/figure>\n<figure id=\"attachment_20877\" aria-describedby=\"caption-attachment-20877\" style=\"width: 955px\" class=\"wp-caption alignnone\"><img loading=\"lazy\" decoding=\"async\" class=\"size-large wp-image-20877\" title=\"Waspe Aiviou 3v1 60000 Puffs za enkratno uporabo Vape\" src=\"https:\/\/www.vape4wholesale.com\/wp-content\/uploads\/2025\/03\/Waspe-Aiviou-3in1-60000-Puffs-Disposable-Vape-955x1024.webp\" alt=\"Waspe Aiviou 3v1 60000 Puffs za enkratno uporabo Vape\" width=\"955\" height=\"1024\" \/><figcaption id=\"caption-attachment-20877\" class=\"wp-caption-text\">Waspe Aiviou 3v1 60000 Puffs za enkratno uporabo Vape<\/figcaption><\/figure>\n<h2>ZAKAJ MI?<\/h2>\r\n<ul>\r\n<li>Resni\u010dni, zanesljivi in strokovni vir za vape.<\/li>\r\n<li>100% Originalno jamstvo: Zavra\u010damo ponarejanje: zagotavljamo samo originalne in pristne izdelke.<\/li>\r\n<li>100% Zagotovilo za dostavo: 100%: uporabljamo najbolj\u0161i na\u010din po\u0161iljanja, da zagotovimo, da prejmete naro\u010dilo 100%.<\/li>\r\n<li>Po odpremi vam bomo posredovali \u0161tevilko za sledenje in nalepko za po\u0161iljanje ter spremljali blago, dokler ga ne podpi\u0161ete.<\/li>\r\n<li>Brez carinskih te\u017eav, brez tarif<\/li>\r\n<\/ul>","protected":false},"excerpt":{"rendered":"<div class=\"wsppc_div_block woocommerce_before_add_to_cart_form\">\r\n<p><strong><span style=\"color: #00a859;\">Opraviti carinsko po\u0161to<\/span> pred dostavo &amp; 100% Garancija dostave, Dostava v pribli\u017eno 19\u201325 dneh.\u00a0<\/strong><\/p>\r\n<\/div>","protected":false},"featured_media":20877,"comment_status":"open","ping_status":"closed","template":"","meta":[],"pwb-brand":[1272],"product_cat":[873],"product_tag":[999,1114,1115,22,24],"class_list":{"0":"post-20867","1":"product","2":"type-product","3":"status-publish","4":"has-post-thumbnail","6":"pwb-brand-waspe","7":"product_cat-above-20k-puffs","8":"product_tag-waspe","9":"product_tag-60000-puffs","10":"product_tag-54-0ml","11":"product_tag-disposable","12":"product_tag-wholesale","13":"wcpa_has_options","15":"first","16":"instock","17":"featured","18":"shipping-taxable","19":"purchasable","20":"product-type-variable"},"aioseo_notices":[],"brands":[{"id":1272,"name":"Waspe","slug":"waspe"}],"_links":{"self":[{"href":"https:\/\/www.vape4wholesale.com\/sl\/wp-json\/wp\/v2\/product\/20867","targetHints":{"allow":["GET"]}}],"collection":[{"href":"https:\/\/www.vape4wholesale.com\/sl\/wp-json\/wp\/v2\/product"}],"about":[{"href":"https:\/\/www.vape4wholesale.com\/sl\/wp-json\/wp\/v2\/types\/product"}],"replies":[{"embeddable":true,"href":"https:\/\/www.vape4wholesale.com\/sl\/wp-json\/wp\/v2\/comments?post=20867"}],"wp:featuredmedia":[{"embeddable":true,"href":"https:\/\/www.vape4wholesale.com\/sl\/wp-json\/wp\/v2\/media\/20877"}],"wp:attachment":[{"href":"https:\/\/www.vape4wholesale.com\/sl\/wp-json\/wp\/v2\/media?parent=20867"}],"wp:term":[{"taxonomy":"pwb-brand","embeddable":true,"href":"https:\/\/www.vape4wholesale.com\/sl\/wp-json\/wp\/v2\/pwb-brand?post=20867"},{"taxonomy":"product_cat","embeddable":true,"href":"https:\/\/www.vape4wholesale.com\/sl\/wp-json\/wp\/v2\/product_cat?post=20867"},{"taxonomy":"product_tag","embeddable":true,"href":"https:\/\/www.vape4wholesale.com\/sl\/wp-json\/wp\/v2\/product_tag?post=20867"}],"curies":[{"name":"wp","href":"https:\/\/api.w.org\/{rel}","templated":true}]}}