{"id":20829,"date":"2025-03-25T22:36:41","date_gmt":"2025-03-25T14:36:41","guid":{"rendered":"https:\/\/www.vape4wholesale.com\/?post_type=product&#038;p=20829"},"modified":"2026-03-30T11:12:46","modified_gmt":"2026-03-30T03:12:46","slug":"fizzy-twins-50000-puff-dvojni-okusi-za-enkratno-uporabo-vape-na-debelo","status":"publish","type":"product","link":"https:\/\/www.vape4wholesale.com\/sl\/product\/fizzy-twins-50000-puffs-dual-flavors-disposable-vape-wholesale","title":{"rendered":"Fizzy Twins 50000 Puffs Dual Flavors Vape za enkratno uporabo na debelo"},"content":{"rendered":"<p>Spletna stran <a title=\"Fizzy\" href=\"https:\/\/www.vape4wholesale.com\/sl\/product_brand\/sumece\/\" target=\"_blank\" rel=\"noopener\"><strong>Fizzy<\/strong><\/a> Twins 50000 je napreden vape za enkratno uporabo z dvema okusoma, ki vam omogo\u010da takoj\u0161nje preklapljanje med dvema razli\u010dnima okusoma z enim samim pritiskom ustnika. Poleg tega ima dva neodvisno nastavljiva sistema pretoka zraka, ki vam omogo\u010data, da prilagodite intenzivnost hlapov za vsak okus - in tako vsaki\u010d poskrbite za popolnoma prilagojeno izku\u0161njo.<\/p>\n<p>Dnevnik Fizzy Twins je zasnovan tako, da navdu\u0161uje, saj se pona\u0161a z elegantnim, svetle\u010dim ohi\u0161jem s poudarkom na traku, ki zdru\u017euje minimalisti\u010dni slog z izstopajo\u010do prefinjenostjo. Za dodatno udobje vgrajen zaslon na podstavku jasno prikazuje stanje e-teko\u010dine in baterije v realnem \u010dasu, tako da imate vedno nadzor nad dogajanjem.<\/p>\n<p>To pa \u0161e ni vse - ta vsestranska naprava ponuja dva na\u010dina (Normal in Boost), ki ustrezata razli\u010dnim \u017eganjem. Z 12 mamljivimi okusi in dvema mo\u017enostma jakosti nikotina (2% in 5%) Fizzy Twins zagotavlja neprimerljivo raznolikost, ki zadovolji vsakega uporabnika.<\/p>\n<h2><strong>Klju\u010dne lastnosti Fizzy Twins 50000 Puffs Dual Flavors Vape za enkratno uporabo<\/strong><\/h2>\n<ul>\n<li>Inovacija z dvema okusoma - s preprostim pritiskom na ustnik takoj preklopite med dvema okusoma v eni napravi.<\/li>\n<li>Dvojno nastavljiv pretok zraka - neodvisno uravnavajte nasi\u010denost s paro za vsak okus, s \u010dimer optimizirate okus in u\u010dinek v grlu.<\/li>\n<li>12 vznemirljivih okusov - \u0161iroka izbira za vse \u017eelje, od sadnih do osve\u017eilnih me\u0161anic.<\/li>\n<li>Dvojna mo\u010d nikotina - Izbirate lahko med nikotinom 2% (20 mg) ali 5% (50 mg) za prilagojeno izku\u0161njo.<\/li>\n<li>Visoka zmogljivost in mo\u017enost polnjenja - 850 mAh vgrajena baterija (mo\u017enost polnjenja prek USB-C) + 5 ml vnaprej napolnjenega e-teko\u010dina, kar zagotavlja dolgotrajno u\u017eivanje.<\/li>\n<li>Precision Mesh Coil - Napredna tehnologija segrevanja z mre\u017eo zagotavlja bolj gladek in bogat okus z vsakim potegom.<\/li>\n<li>Pametni zaslon LED - spremljanje ravni e-teko\u010dine in \u017eivljenjske dobe baterije v realnem \u010dasu za nemoteno uporabo.<\/li>\n<li>Dva na\u010dina (Normal\/Boost) - preklapljajte med uravnote\u017eeno paro (Normal) in intenzivnimi oblaki (Boost), da se prilagodite svojemu razpolo\u017eenju.<\/li>\n<li>Elegantna in elegantna zasnova - privla\u010dno svetle\u010de telo s sodobnimi detajli zna\u010dke - minimalisti\u010dno, a drzno.<\/li>\n<\/ul>\n<h2><strong>Razpolo\u017eljivi okusi<\/strong><\/h2>\n<p>1.Watermelon Ice \/ Strawberry Kiwi<br \/>\n2.Strawberry Kiwi Granatno jabolko \/ Red Bull<br \/>\n3.Blueberry Coconut \/ Grape Ice<br \/>\n4.Blue Razz Limonada \/ Trojna melona<br \/>\n5.Strawberry Watermelon \/ Blueberry Ice<br \/>\n6.Peach Mango lubenica \/ jagoda Banana<br \/>\n7.Raspberry Watermenlon \/ kivi Passion Fruit Guava<br \/>\n8.Ananas Breskev Pasijonka \/ Borovnica Malina<br \/>\n9.Watermelon Ice \/ Lemon Lime<br \/>\n10.Me\u0161ano jagodi\u010devje \/ breskev Ice<br \/>\n11.Strawberry Ice \/ Fizzy Cherry<br \/>\n12.Malinova limonada \/ jagodni led<br \/>\n13.Red Bull \u017eve\u010dilni gumi z jagodami in lubenico<br \/>\n14.Ljubezen 66 in jagodno-maleinske bonbone<br \/>\n15.Fizzy Cola in lubeni\u010dni led<\/p>\n<h2>Podrobnosti o pakiranju<\/h2>\n<ul>\n<li>1\/ Posamezna \u0161katla<\/li>\n<li>10\/ Prikazna \u0161katla<\/li>\n<li>120 kosov\/karton, 18 kg<\/li>\n<\/ul>\n<figure id=\"attachment_20842\" aria-describedby=\"caption-attachment-20842\" style=\"width: 1000px\" class=\"wp-caption alignnone\"><img loading=\"lazy\" decoding=\"async\" class=\"size-full wp-image-20842\" title=\"Fizzy Twins 50000 Puffs za enkratno uporabo Vape na debelo\" src=\"https:\/\/www.vape4wholesale.com\/wp-content\/uploads\/2025\/03\/Fizzy-Twins-50000-Puffs-Disposable-Vape-Wholesale.webp\" alt=\"Fizzy Twins 50000 Puffs za enkratno uporabo Vape na debelo\" width=\"1000\" height=\"1000\" srcset=\"https:\/\/www.vape4wholesale.com\/wp-content\/uploads\/2025\/03\/Fizzy-Twins-50000-Puffs-Disposable-Vape-Wholesale.webp 1000w, https:\/\/www.vape4wholesale.com\/wp-content\/uploads\/2025\/03\/Fizzy-Twins-50000-Puffs-Disposable-Vape-Wholesale-247x247.webp 247w, https:\/\/www.vape4wholesale.com\/wp-content\/uploads\/2025\/03\/Fizzy-Twins-50000-Puffs-Disposable-Vape-Wholesale-100x100.webp 100w, https:\/\/www.vape4wholesale.com\/wp-content\/uploads\/2025\/03\/Fizzy-Twins-50000-Puffs-Disposable-Vape-Wholesale-510x510.webp 510w\" sizes=\"auto, (max-width: 1000px) 100vw, 1000px\" \/><figcaption id=\"caption-attachment-20842\" class=\"wp-caption-text\">Fizzy Twins 50000 Puffs za enkratno uporabo Vape na debelo<\/figcaption><\/figure>\n<h2>ZAKAJ MI?<\/h2>\r\n<ul>\r\n<li>Resni\u010dni, zanesljivi in strokovni vir za vape.<\/li>\r\n<li>100% Originalno jamstvo: Zavra\u010damo ponarejanje: zagotavljamo samo originalne in pristne izdelke.<\/li>\r\n<li>100% Zagotovilo za dostavo: 100%: uporabljamo najbolj\u0161i na\u010din po\u0161iljanja, da zagotovimo, da prejmete naro\u010dilo 100%.<\/li>\r\n<li>Po odpremi vam bomo posredovali \u0161tevilko za sledenje in nalepko za po\u0161iljanje ter spremljali blago, dokler ga ne podpi\u0161ete.<\/li>\r\n<li>Brez carinskih te\u017eav, brez tarif<\/li>\r\n<\/ul>\n<p>&nbsp;<\/p>","protected":false},"excerpt":{"rendered":"<p><b><span style=\"color: #00a859;\">Brezpla\u010dna po\u0161tnina<\/span>\u00a0iz evropskega skladi\u0161\u010da, 7-15 delovnih dni dobavni rok.<\/b><\/p>\r\n<div class=\"wsppc_div_block woocommerce_before_add_to_cart_form\">\r\n<p><strong>Prosto carinjenje pred dostavo &amp; 100% Jamstvo dostave<\/strong><\/p>\r\n<\/div>","protected":false},"featured_media":20849,"comment_status":"open","ping_status":"closed","template":"","meta":[],"pwb-brand":[1268],"product_cat":[938],"product_tag":[948,1081,1082,22,24],"class_list":{"0":"post-20829","1":"product","2":"type-product","3":"status-publish","4":"has-post-thumbnail","6":"pwb-brand-fizzy","7":"product_cat-europe-warehouse","8":"product_tag-fizzy","9":"product_tag-50-0ml","10":"product_tag-50000-puffs","11":"product_tag-disposable","12":"product_tag-wholesale","13":"product_shipping_class-eu-warehouse","14":"wcpa_has_options","16":"first","17":"instock","18":"featured","19":"shipping-taxable","20":"purchasable","21":"product-type-variable"},"aioseo_notices":[],"brands":[{"id":1268,"name":"Fizzy","slug":"sumece"}],"_links":{"self":[{"href":"https:\/\/www.vape4wholesale.com\/sl\/wp-json\/wp\/v2\/product\/20829","targetHints":{"allow":["GET"]}}],"collection":[{"href":"https:\/\/www.vape4wholesale.com\/sl\/wp-json\/wp\/v2\/product"}],"about":[{"href":"https:\/\/www.vape4wholesale.com\/sl\/wp-json\/wp\/v2\/types\/product"}],"replies":[{"embeddable":true,"href":"https:\/\/www.vape4wholesale.com\/sl\/wp-json\/wp\/v2\/comments?post=20829"}],"wp:featuredmedia":[{"embeddable":true,"href":"https:\/\/www.vape4wholesale.com\/sl\/wp-json\/wp\/v2\/media\/20849"}],"wp:attachment":[{"href":"https:\/\/www.vape4wholesale.com\/sl\/wp-json\/wp\/v2\/media?parent=20829"}],"wp:term":[{"taxonomy":"pwb-brand","embeddable":true,"href":"https:\/\/www.vape4wholesale.com\/sl\/wp-json\/wp\/v2\/pwb-brand?post=20829"},{"taxonomy":"product_cat","embeddable":true,"href":"https:\/\/www.vape4wholesale.com\/sl\/wp-json\/wp\/v2\/product_cat?post=20829"},{"taxonomy":"product_tag","embeddable":true,"href":"https:\/\/www.vape4wholesale.com\/sl\/wp-json\/wp\/v2\/product_tag?post=20829"}],"curies":[{"name":"wp","href":"https:\/\/api.w.org\/{rel}","templated":true}]}}