{"id":20708,"date":"2025-03-19T22:23:39","date_gmt":"2025-03-19T14:23:39","guid":{"rendered":"https:\/\/www.vape4wholesale.com\/?post_type=product&#038;p=20708"},"modified":"2026-03-16T09:42:59","modified_gmt":"2026-03-16T01:42:59","slug":"zooy-zero-45000-puffs-za-enkratno-uporabo-vape-na-debelo-2","status":"publish","type":"product","link":"https:\/\/www.vape4wholesale.com\/sl\/product\/zooy-zero-45000-puffs-disposable-vape-wholesale","title":{"rendered":"Zooy Zero 45000 Puffs Vape za enkratno uporabo na debelo,Zooy Star 30000 Puffs Vape za enkratno uporabo na debelo,Zooy Zero 45000 Grape Apple,ZOOY STARS 30000 Puffs Vape za enkratno uporabo Blueberry Ice"},"content":{"rendered":"<p>Spletna stran <a title=\"Zooy\" href=\"https:\/\/www.vape4wholesale.com\/sl\/product_brand\/zooy\/\" target=\"_blank\" rel=\"noopener\"><strong>Zooy<\/strong><\/a> Zero 45000 is a state-of-the-art vaping device designed to deliver a fully customizable and satisfying experience. Its standout feature is the innovative NIC &amp; ICE Control, which allows users to effortlessly adjust both the cooling sensation and nicotine level through a user-friendly touch screen interface. With a long-lasting capacity of up to 45,000 puffs and a built-in 1000mAh battery, this device ensures extended use without frequent recharging.<\/p>\n<p>Equipped with a double mesh coil (0.6+1.5), the ZOOY ZERO 45000 delivers rich, flavorful vapor with every puff. The adjustable airflow feature allows users to fine-tune their vaping experience, whether they prefer a tighter draw or a more airy sensation. Additionally, the built-in smart display provides real-time information and easy access to settings, ensuring a seamless and intuitive user experience. The device also supports TYPE-C charging, offering fast and convenient power replenishment.<\/p>\n<h2><strong>Zooy Zero 45000 Puffs Disposable Vape <\/strong><strong>Key Features<\/strong><\/h2>\n<ul>\n<li><strong>Nicotine &amp; Ice Control:<\/strong>\u00a0Adjust the cooling sensation and nicotine level with a simple touch on the smart display screen.<\/li>\n<li><strong>Long-Lasting Performance:<\/strong>\u00a0Enjoy up to 45,000 puffs for an extended vaping experience.<\/li>\n<li><strong>10 Flavor Options:<\/strong>\u00a0Choose from a variety of flavors to suit your preferences.<\/li>\n<li><strong>Nastavljiv pretok zraka:<\/strong>\u00a0Customize your vaping experience with precise airflow control.<\/li>\n<li><strong>Double Mesh Coil (0.6+1.5):<\/strong>\u00a0Delivers rich flavor and smooth vapor production.<\/li>\n<li><strong>Built-in 1000mAh Battery:<\/strong>\u00a0Provides reliable power for long-lasting use.<\/li>\n<li><strong>Smart Display with Touch Screen:<\/strong>\u00a0Easily monitor and adjust settings with the intuitive touch screen interface.<\/li>\n<li><strong>TYPE-C Rechargeable:<\/strong>\u00a0Enjoy fast and convenient charging.<\/li>\n<\/ul>\n<h2><strong>Razpolo\u017eljivi okusi<\/strong><\/h2>\n<ol>\n<li>Led iz lubenice<\/li>\n<li>Borovni\u010dev led<\/li>\n<li>Jagodna lubenica<\/li>\n<li>Lemon Cola<\/li>\n<li>jagoda kivi<\/li>\n<li>Grape Apple<\/li>\n<li>Strawberry Orange Pop<\/li>\n<li>Blue Razz Ice<\/li>\n<li>Borovnica lubenica<\/li>\n<li>Mango Passion Guava,Strawberry Orange Pop,Zero 45000 je najsodobnej\u0161a naprava za uparjanje, zasnovana tako, da zagotavlja popolnoma prilagodljivo in zadovoljivo izku\u0161njo. Njena posebnost je inovativna funkcija NIC &amp; ICE Control, ki uporabnikom omogo\u010da, da z uporabniku prijaznim vmesnikom zaslona na dotik brez te\u017eav prilagodijo hladilni ob\u010dutek in raven nikotina. Z dolgotrajno zmogljivostjo do 45.000 vpihov in vgrajeno 1000 mAh baterijo ta naprava zagotavlja dalj\u0161o uporabo brez pogostega polnjenja.,ZOOY ZERO 45000 je opremljen z dvojno mre\u017easto tuljavo (0,6+1,5) in z vsakim vpihom zagotavlja bogato paro z okusom. Funkcija nastavljivega pretoka zraka uporabnikom omogo\u010da, da natan\u010dno prilagodijo svojo izku\u0161njo uparjanja, ne glede na to, ali imajo raje tesnej\u0161i poteg ali bolj zra\u010den ob\u010dutek. Poleg tega vgrajeni pametni zaslon zagotavlja informacije v realnem \u010dasu in enostaven dostop do nastavitev, kar zagotavlja brezhibno in intuitivno uporabni\u0161ko izku\u0161njo. Naprava podpira tudi polnjenje TYPE-C, ki omogo\u010da hitro in priro\u010dno polnjenje.,Zooy Zero 45000 vdihov za enkratno uporabo, klju\u010dne lastnosti,Nadzor nikotina in ledu:,S preprostim dotikom na zaslonu pametnega zaslona prilagodite hladilni ob\u010dutek in raven nikotina,Dolgotrajno delovanje:,U\u017eivajte v do 45.000 puffih za dalj\u0161o izku\u0161njo uparjanja.,10 mo\u017enosti okusov:,Izbirate lahko med razli\u010dnimi okusi, ki ustrezajo va\u0161im \u017eeljam.,Prilagodite svojo izku\u0161njo uparjanja z natan\u010dnim nadzorom pretoka zraka.,Dvojna mre\u017ena tuljava (0,6+1,5):,Zagotavlja bogat okus in gladko proizvodnjo hlapov,Vgrajena baterija 1000 mAh:,Zagotavlja zanesljivo mo\u010d za dolgotrajno uporabo.,Pametni zaslon z zaslonom na dotik:,Enostavno spremljajte in prilagajate nastavitve z intuitivnim vmesnikom zaslona na dotik.,Polnilnik TYPE-C:,U\u017eivajte v hitrem in priro\u010dnem polnjenju,Grozdno jabolko,Zooy Zero 45000 lubeni\u010dni led,Zooy Zero 45000 jagodni lubeni\u010dni led,Zooy Zero 45000 Blue Razz Ice,Zooy Zero 45000 borovni\u010dev led,Zooy Zero 45000 borovni\u010dev lubeni\u010dni led,Zooy Zero 45000 jagodni oran\u017eni pop,Zooy Zero 45000 jagodni kivi,Zooy Zero 45000 mango strastna guava,Zooy Zero 45000 limonina kola<\/li>\n<\/ol>\n<figure id=\"attachment_20713\" aria-describedby=\"caption-attachment-20713\" style=\"width: 800px\" class=\"wp-caption alignnone\"><img loading=\"lazy\" decoding=\"async\" class=\"size-large wp-image-20713\" title=\"Zooy Zero 45000 Watermelon Ice\" src=\"https:\/\/www.vape4wholesale.com\/wp-content\/uploads\/2025\/03\/Zooy-Zero-45000-Watermelon-Ice.jpg\" alt=\"Zooy Zero 45000 Watermelon Ice\" width=\"800\" height=\"800\" srcset=\"https:\/\/www.vape4wholesale.com\/wp-content\/uploads\/2025\/03\/Zooy-Zero-45000-Watermelon-Ice.jpg 800w, https:\/\/www.vape4wholesale.com\/wp-content\/uploads\/2025\/03\/Zooy-Zero-45000-Watermelon-Ice-247x247.jpg 247w, https:\/\/www.vape4wholesale.com\/wp-content\/uploads\/2025\/03\/Zooy-Zero-45000-Watermelon-Ice-100x100.jpg 100w, https:\/\/www.vape4wholesale.com\/wp-content\/uploads\/2025\/03\/Zooy-Zero-45000-Watermelon-Ice-510x510.jpg 510w, https:\/\/www.vape4wholesale.com\/wp-content\/uploads\/2025\/03\/Zooy-Zero-45000-Watermelon-Ice-64x64.jpg 64w, https:\/\/www.vape4wholesale.com\/wp-content\/uploads\/2025\/03\/Zooy-Zero-45000-Watermelon-Ice-300x300.jpg 300w, https:\/\/www.vape4wholesale.com\/wp-content\/uploads\/2025\/03\/Zooy-Zero-45000-Watermelon-Ice-150x150.jpg 150w, https:\/\/www.vape4wholesale.com\/wp-content\/uploads\/2025\/03\/Zooy-Zero-45000-Watermelon-Ice-768x768.jpg 768w, https:\/\/www.vape4wholesale.com\/wp-content\/uploads\/2025\/03\/Zooy-Zero-45000-Watermelon-Ice-12x12.jpg 12w\" sizes=\"auto, (max-width: 800px) 100vw, 800px\" \/><figcaption id=\"caption-attachment-20713\" class=\"wp-caption-text\">Zooy Zero 45000 Watermelon Ice<\/figcaption><\/figure>\n<figure id=\"attachment_20714\" aria-describedby=\"caption-attachment-20714\" style=\"width: 800px\" class=\"wp-caption alignnone\"><img loading=\"lazy\" decoding=\"async\" class=\"size-full wp-image-20714\" title=\"Zooy Zero 45000 Puffs Vape za enkratno uporabo na debelo,Zooy Star 30000 Puffs Vape za enkratno uporabo na debelo,Zooy Zero 45000 Grape Apple,ZOOY STARS 30000 Puffs Vape za enkratno uporabo Blueberry Ice\" src=\"https:\/\/www.vape4wholesale.com\/wp-content\/uploads\/2025\/03\/Zooy-Zero-45000-Puffs-Disposable-Vape-Wholesale.webp\" alt=\"Zooy Zero 45000 Puffs Vape za enkratno uporabo na debelo,Zooy Star 30000 Puffs Vape za enkratno uporabo na debelo,Zooy Zero 45000 Grape Apple,ZOOY STARS 30000 Puffs Vape za enkratno uporabo Blueberry Ice\" width=\"800\" height=\"800\" srcset=\"https:\/\/www.vape4wholesale.com\/wp-content\/uploads\/2025\/03\/Zooy-Zero-45000-Puffs-Disposable-Vape-Wholesale.webp 800w, https:\/\/www.vape4wholesale.com\/wp-content\/uploads\/2025\/03\/Zooy-Zero-45000-Puffs-Disposable-Vape-Wholesale-247x247.webp 247w, https:\/\/www.vape4wholesale.com\/wp-content\/uploads\/2025\/03\/Zooy-Zero-45000-Puffs-Disposable-Vape-Wholesale-100x100.webp 100w, https:\/\/www.vape4wholesale.com\/wp-content\/uploads\/2025\/03\/Zooy-Zero-45000-Puffs-Disposable-Vape-Wholesale-510x510.webp 510w\" sizes=\"auto, (max-width: 800px) 100vw, 800px\" \/><figcaption id=\"caption-attachment-20714\" class=\"wp-caption-text\">Zooy Zero 45000 Puffs Vape za enkratno uporabo na debelo,Zooy Star 30000 Puffs Vape za enkratno uporabo na debelo,Zooy Zero 45000 Grape Apple,ZOOY STARS 30000 Puffs Vape za enkratno uporabo Blueberry Ice<\/figcaption><\/figure>\n<h2>ZAKAJ MI?<\/h2>\r\n<ul>\r\n<li>Resni\u010dni, zanesljivi in strokovni vir za vape.<\/li>\r\n<li>100% Originalno jamstvo: Zavra\u010damo ponarejanje: zagotavljamo samo originalne in pristne izdelke.<\/li>\r\n<li>100% Zagotovilo za dostavo: 100%: uporabljamo najbolj\u0161i na\u010din po\u0161iljanja, da zagotovimo, da prejmete naro\u010dilo 100%.<\/li>\r\n<li>Po odpremi vam bomo posredovali \u0161tevilko za sledenje in nalepko za po\u0161iljanje ter spremljali blago, dokler ga ne podpi\u0161ete.<\/li>\r\n<li>Brez carinskih te\u017eav, brez tarif<\/li>\r\n<\/ul>","protected":false},"excerpt":{"rendered":"<p><b><span style=\"color: #00a859;\">Brezpla\u010dna po\u0161tnina<\/span>\u00a0iz evropskega skladi\u0161\u010da, 7-15 delovnih dni dobavni rok.<\/b><\/p>\r\n<div class=\"wsppc_div_block woocommerce_before_add_to_cart_form\">\r\n<p><strong>Prosto carinjenje pred dostavo &amp; 100% Jamstvo dostave<\/strong><\/p>\r\n<\/div>","protected":false},"featured_media":20715,"comment_status":"open","ping_status":"closed","template":"","meta":[],"pwb-brand":[1273],"product_cat":[938],"product_tag":[22,24,1022,1026,1087],"class_list":{"0":"post-20708","1":"product","2":"type-product","3":"status-publish","4":"has-post-thumbnail","6":"pwb-brand-zooy","7":"product_cat-europe-warehouse","8":"product_tag-disposable","9":"product_tag-wholesale","10":"product_tag-zooy","11":"product_tag-40-0ml","12":"product_tag-45000-puffs","13":"product_shipping_class-eu-warehouse","14":"wcpa_has_options","16":"first","17":"instock","18":"featured","19":"shipping-taxable","20":"purchasable","21":"product-type-variable"},"aioseo_notices":[],"brands":[{"id":1273,"name":"Zooy","slug":"zooy"}],"_links":{"self":[{"href":"https:\/\/www.vape4wholesale.com\/sl\/wp-json\/wp\/v2\/product\/20708","targetHints":{"allow":["GET"]}}],"collection":[{"href":"https:\/\/www.vape4wholesale.com\/sl\/wp-json\/wp\/v2\/product"}],"about":[{"href":"https:\/\/www.vape4wholesale.com\/sl\/wp-json\/wp\/v2\/types\/product"}],"replies":[{"embeddable":true,"href":"https:\/\/www.vape4wholesale.com\/sl\/wp-json\/wp\/v2\/comments?post=20708"}],"wp:featuredmedia":[{"embeddable":true,"href":"https:\/\/www.vape4wholesale.com\/sl\/wp-json\/wp\/v2\/media\/20715"}],"wp:attachment":[{"href":"https:\/\/www.vape4wholesale.com\/sl\/wp-json\/wp\/v2\/media?parent=20708"}],"wp:term":[{"taxonomy":"pwb-brand","embeddable":true,"href":"https:\/\/www.vape4wholesale.com\/sl\/wp-json\/wp\/v2\/pwb-brand?post=20708"},{"taxonomy":"product_cat","embeddable":true,"href":"https:\/\/www.vape4wholesale.com\/sl\/wp-json\/wp\/v2\/product_cat?post=20708"},{"taxonomy":"product_tag","embeddable":true,"href":"https:\/\/www.vape4wholesale.com\/sl\/wp-json\/wp\/v2\/product_tag?post=20708"}],"curies":[{"name":"wp","href":"https:\/\/api.w.org\/{rel}","templated":true}]}}