{"id":20400,"date":"2025-03-02T00:25:22","date_gmt":"2025-03-01T16:25:22","guid":{"rendered":"https:\/\/www.vape4wholesale.com\/?post_type=product&#038;p=20400"},"modified":"2026-04-10T06:27:45","modified_gmt":"2026-04-09T22:27:45","slug":"bang-king-50000-puffs-enkratno-vape-na-debelo","status":"publish","type":"product","link":"https:\/\/www.vape4wholesale.com\/sl\/product\/bang-king-50000-puffs-disposable-vape-wholesale","title":{"rendered":"Bang King 50000 Puffs za enkratno uporabo Vape na debelo"},"content":{"rendered":"<p>Spletna stran <a title=\"Bang\" href=\"https:\/\/www.vape4wholesale.com\/sl\/product_brand\/bang\/\" target=\"_blank\" rel=\"noopener\"><strong>Ban<\/strong><strong>g<\/strong><\/a> King 50000 Puffs Vape za enkratno uporabo podjetja DelphiTech je najsodobnej\u0161a naprava za uparjanje, zasnovana za tiste, ki cenijo slog in funkcionalnost. Ta inovativni izdelek z dvojnim sistemom za e-teko\u010dino uporabnikom omogo\u010da u\u017eivanje v dveh razli\u010dnih okusih v eni napravi, kar zagotavlja edinstveno in zadovoljivo izku\u0161njo vapinga. Z impresivno zmogljivostjo 50.000 vdihov je idealna za dolgotrajno uporabo, saj zagotavlja, da boste od vsake seanse dobili najve\u010d.<\/p>\n<p>Naprava se pona\u0161a z elegantno in sodobno zasnovo z ohi\u0161jem gradientne barve, ki ga dopolnjuje \u010drn digitalni zaslon. Ta zaslon v realnem \u010dasu zagotavlja informacije o preostali \u017eivljenjski dobi baterije in nivoju e-teko\u010dine, kar uporabnikom omogo\u010da enostavno spremljanje porabe. Napaja jo baterija s polnilno zmogljivostjo 850 mAh in vsebuje 50 ml e-teko\u010dine, kar zagotavlja dosledno delovanje in udobje. poleg tega ima naprava funkcijo nastavljivega pretoka zraka, ki vam omogo\u010da, da svojo izku\u0161njo uparjanja prilagodite svojim \u017eeljam.<\/p>\n<p>Na voljo je v 12 edinstvenih okusih, ki zadovoljijo razli\u010dne okuse. Uporabniki lahko izbirajo med koncentracijami nikotina 0%, 2%, 3% in 5%, zato je primeren tako za uporabnike brez nikotina kot za tiste, ki imajo raje razli\u010dne jakosti nikotina. Ne glede na to, ali ste izku\u0161eni vaper ali novinec, Bang King 50000 Puffs Disposable Vape ponuja popolno me\u0161anico sloga, udobja in u\u010dinkovitosti.<\/p>\n<h2><strong>Bang King 50000 Puffs Vape za enkratno uporabo Klju\u010dne lastnosti<\/strong><\/h2>\n<ol start=\"1\">\n<li><strong>Dvojni sistem E-teko\u010dina:<\/strong> U\u017eivajte v dveh razli\u010dnih okusih v eni napravi za edinstveno izku\u0161njo vapinga.<\/li>\n<li><strong>50.000 puffov:<\/strong> Pove\u010dana zmogljivost za dolgotrajno uporabo in zadovoljstvo.<\/li>\n<li><strong>Elegantno oblikovanje:<\/strong> Gradientna barva ohi\u0161ja s \u010drnim digitalnim zaslonom za sodoben in eleganten videz.<\/li>\n<li><strong>Digitalni zaslon:<\/strong> V realnem \u010dasu spremljajte \u017eivljenjsko dobo baterije in raven e-teko\u010dine.<\/li>\n<li><strong>Visoka zmogljivost:<\/strong> Vgrajena 50 ml e-teko\u010dine in 850 mAh akumulatorska baterija za dosledno delovanje.<\/li>\n<li><strong>Ve\u010d okusov:<\/strong> Na voljo je 12 edinstvenih okusov, ki ustrezajo razli\u010dnim okusom.<\/li>\n<li><strong>Mo\u017enosti nikotina:<\/strong> Izbirate lahko med koncentracijami nikotina 0%, 2%, 3% in 5%, ki ustrezajo razli\u010dnim potrebam uporabnikov.<\/li>\n<li><strong>Nastavljiv pretok zraka:<\/strong> S prilagodljivimi nastavitvami pretoka zraka prilagodite svojo izku\u0161njo vapinga.<\/li>\n<\/ol>\n<h2><strong>Razpolo\u017eljivi okusi<\/strong><\/h2>\n<p>1.Watermelon Ice &amp; Blueberry Mint<br \/>\n2.Watermelon &amp; Blueberry Cherry<br \/>\n3.Blueberry Ice &amp; Peach Mango Watermelon<br \/>\n4.Blueberry Ice &amp; Peach Ice<br \/>\n5.Blueberry Raspberry &amp; Mixed Berry<br \/>\n6.Blueberry Raspberry &amp; Grape Ice<br \/>\n7.Red Bull in jagodna banana<br \/>\n8.Red Bull in borovni\u010deva lubenica<br \/>\n9.Strawberry Mango &amp; Watermelon Bubblegum<br \/>\n10.Strawberry Mango &amp; Strawberry Kiwi<br \/>\n11.Strawberry Watermelon &amp; Black Dragon Ice<br \/>\n12.Strawberry lubenica in kivi Pasijonka Guava<\/p>\n<h2><strong>Podrobnosti o pakiranju<\/strong><\/h2>\n<ul>\n<li>10 kosov \/ Dispaly polje<\/li>\n<li>Dimenzije zunanje \u0161katle: Velikost \u0161katle: 61,5*28*34,5 cm<\/li>\n<li>Te\u017ea in koli\u010dina pakiranja: 27 kg \/200 kosov<\/li>\n<\/ul>\n<figure id=\"attachment_20371\" aria-describedby=\"caption-attachment-20371\" style=\"width: 800px\" class=\"wp-caption alignnone\"><img loading=\"lazy\" decoding=\"async\" class=\"size-full wp-image-20371\" title=\"Bang King 50000 Puffs za enkratno uporabo Vape Strawberry Mango &amp; Watermelon Bubblegum\" src=\"https:\/\/www.vape4wholesale.com\/wp-content\/uploads\/2025\/02\/Bang-King-50000-Puffs-Disposable-Vape-Strawberry-Mango-Watermelon-Bubblegum.webp\" alt=\"Bang King 50000 Puffs za enkratno uporabo Vape Strawberry Mango &amp; Watermelon Bubblegum\" width=\"800\" height=\"800\" srcset=\"https:\/\/www.vape4wholesale.com\/wp-content\/uploads\/2025\/02\/Bang-King-50000-Puffs-Disposable-Vape-Strawberry-Mango-Watermelon-Bubblegum.webp 800w, https:\/\/www.vape4wholesale.com\/wp-content\/uploads\/2025\/02\/Bang-King-50000-Puffs-Disposable-Vape-Strawberry-Mango-Watermelon-Bubblegum-247x247.webp 247w, https:\/\/www.vape4wholesale.com\/wp-content\/uploads\/2025\/02\/Bang-King-50000-Puffs-Disposable-Vape-Strawberry-Mango-Watermelon-Bubblegum-100x100.webp 100w, https:\/\/www.vape4wholesale.com\/wp-content\/uploads\/2025\/02\/Bang-King-50000-Puffs-Disposable-Vape-Strawberry-Mango-Watermelon-Bubblegum-510x510.webp 510w\" sizes=\"auto, (max-width: 800px) 100vw, 800px\" \/><figcaption id=\"caption-attachment-20371\" class=\"wp-caption-text\">Bang King 50000 Puffs za enkratno uporabo Vape<\/figcaption><\/figure>\n<figure id=\"attachment_20364\" aria-describedby=\"caption-attachment-20364\" style=\"width: 664px\" class=\"wp-caption alignnone\"><img loading=\"lazy\" decoding=\"async\" class=\"size-large wp-image-20364\" title=\"Bang King 50000 Puffs za enkratno uporabo Vape na debelo\" src=\"https:\/\/www.vape4wholesale.com\/wp-content\/uploads\/2025\/02\/Bang-King-50000-Puffs-Disposable-Vape-Wholesale-664x1024.webp\" alt=\"Bang King 50000 Puffs za enkratno uporabo Vape na debelo\" width=\"664\" height=\"1024\" srcset=\"https:\/\/www.vape4wholesale.com\/wp-content\/uploads\/2025\/02\/Bang-King-50000-Puffs-Disposable-Vape-Wholesale-664x1024.webp 664w, https:\/\/www.vape4wholesale.com\/wp-content\/uploads\/2025\/02\/Bang-King-50000-Puffs-Disposable-Vape-Wholesale-510x786.webp 510w, https:\/\/www.vape4wholesale.com\/wp-content\/uploads\/2025\/02\/Bang-King-50000-Puffs-Disposable-Vape-Wholesale-64x99.webp 64w, https:\/\/www.vape4wholesale.com\/wp-content\/uploads\/2025\/02\/Bang-King-50000-Puffs-Disposable-Vape-Wholesale-195x300.webp 195w, https:\/\/www.vape4wholesale.com\/wp-content\/uploads\/2025\/02\/Bang-King-50000-Puffs-Disposable-Vape-Wholesale-768x1184.webp 768w, https:\/\/www.vape4wholesale.com\/wp-content\/uploads\/2025\/02\/Bang-King-50000-Puffs-Disposable-Vape-Wholesale-8x12.webp 8w, https:\/\/www.vape4wholesale.com\/wp-content\/uploads\/2025\/02\/Bang-King-50000-Puffs-Disposable-Vape-Wholesale.webp 800w\" sizes=\"auto, (max-width: 664px) 100vw, 664px\" \/><figcaption id=\"caption-attachment-20364\" class=\"wp-caption-text\">Bang King 50000 Puffs za enkratno uporabo Vape na debelo<\/figcaption><\/figure>\n<h2>ZAKAJ MI?<\/h2>\r\n<ul>\r\n<li>Resni\u010dni, zanesljivi in strokovni vir za vape.<\/li>\r\n<li>100% Originalno jamstvo: Zavra\u010damo ponarejanje: zagotavljamo samo originalne in pristne izdelke.<\/li>\r\n<li>100% Zagotovilo za dostavo: 100%: uporabljamo najbolj\u0161i na\u010din po\u0161iljanja, da zagotovimo, da prejmete naro\u010dilo 100%.<\/li>\r\n<li>Po odpremi vam bomo posredovali \u0161tevilko za sledenje in nalepko za po\u0161iljanje ter spremljali blago, dokler ga ne podpi\u0161ete.<\/li>\r\n<li>Brez carinskih te\u017eav, brez tarif<\/li>\r\n<\/ul>","protected":false},"excerpt":{"rendered":"<div class=\"wsppc_div_block woocommerce_before_add_to_cart_form\">\r\n<p><strong><span style=\"color: #00a859;\">Opraviti carinsko po\u0161to<\/span> pred dostavo &amp; 100% Garancija dostave, Dostava v pribli\u017eno 19\u201325 dneh.\u00a0<\/strong><\/p>\r\n<\/div>","protected":false},"featured_media":20359,"comment_status":"open","ping_status":"closed","template":"","meta":[],"pwb-brand":[1275],"product_cat":[873],"product_tag":[1081,1082,22,24,249],"class_list":{"0":"post-20400","1":"product","2":"type-product","3":"status-publish","4":"has-post-thumbnail","6":"pwb-brand-bang","7":"product_cat-above-20k-puffs","8":"product_tag-50-0ml","9":"product_tag-50000-puffs","10":"product_tag-disposable","11":"product_tag-wholesale","12":"product_tag-bang","13":"wcpa_has_options","15":"first","16":"instock","17":"featured","18":"shipping-taxable","19":"purchasable","20":"product-type-variable"},"aioseo_notices":[],"brands":[{"id":1275,"name":"Bang","slug":"bang"}],"_links":{"self":[{"href":"https:\/\/www.vape4wholesale.com\/sl\/wp-json\/wp\/v2\/product\/20400","targetHints":{"allow":["GET"]}}],"collection":[{"href":"https:\/\/www.vape4wholesale.com\/sl\/wp-json\/wp\/v2\/product"}],"about":[{"href":"https:\/\/www.vape4wholesale.com\/sl\/wp-json\/wp\/v2\/types\/product"}],"replies":[{"embeddable":true,"href":"https:\/\/www.vape4wholesale.com\/sl\/wp-json\/wp\/v2\/comments?post=20400"}],"wp:featuredmedia":[{"embeddable":true,"href":"https:\/\/www.vape4wholesale.com\/sl\/wp-json\/wp\/v2\/media\/20359"}],"wp:attachment":[{"href":"https:\/\/www.vape4wholesale.com\/sl\/wp-json\/wp\/v2\/media?parent=20400"}],"wp:term":[{"taxonomy":"pwb-brand","embeddable":true,"href":"https:\/\/www.vape4wholesale.com\/sl\/wp-json\/wp\/v2\/pwb-brand?post=20400"},{"taxonomy":"product_cat","embeddable":true,"href":"https:\/\/www.vape4wholesale.com\/sl\/wp-json\/wp\/v2\/product_cat?post=20400"},{"taxonomy":"product_tag","embeddable":true,"href":"https:\/\/www.vape4wholesale.com\/sl\/wp-json\/wp\/v2\/product_tag?post=20400"}],"curies":[{"name":"wp","href":"https:\/\/api.w.org\/{rel}","templated":true}]}}