{"id":20372,"date":"2025-02-28T16:23:55","date_gmt":"2025-02-28T08:23:55","guid":{"rendered":"https:\/\/www.vape4wholesale.com\/?post_type=product&#038;p=20372"},"modified":"2026-01-27T15:41:16","modified_gmt":"2026-01-27T15:41:16","slug":"bang-36000-puffs-nadzor-ledu-za-enkratno-uporabo-vape-na-debelo","status":"publish","type":"product","link":"https:\/\/www.vape4wholesale.com\/sl\/product\/bang-36000-puffs-ice-control-disposable-vape-wholesale","title":{"rendered":"Bang 36000 Puffs Ice Control za enkratno uporabo Vape na debelo"},"content":{"rendered":"<p>Bang 36000 Ice Control z naprednim zaslonom, ob\u010dutljivim na dotik, na novo opredeljuje udobje, saj omogo\u010da enostavno prilagajanje mo\u010di ledu v va\u0161i pari. Ne glede na to, ali imate raje blag hlad ali drzen ledeni ob\u010dutek, vam ta naprava omogo\u010da prilagajanje na dosegu roke. Poleg tega vas njen barvni zaslon obve\u0161\u010da o stopnji napajanja, stopnji ledu in zmogljivosti e-teko\u010dine, kar zagotavlja nemoteno izku\u0161njo.<\/p>\n<p>Bang 36000 je z veliko prostornino 36 ml e-teko\u010dine in podporo za do 36.000 vdihov zasnovan za dolgo pot. Baterija s kapaciteto 850 mAh za ponovno polnjenje \u0161e pove\u010da vzdr\u017eljivost, zato je idealna za dalj\u0161o uporabo. Poleg tega elegantna in sodobna oblika zagotavlja popolno ravnovesje med slogom in funkcionalnostjo.<\/p>\n<p>Bang 36000 za potrebe vsakega vaperja ponuja nikotinske mo\u017enosti z mo\u010djo 0%, 2%, 3% in 5%. Ne glede na to, ali \u017eelite zmanj\u0161ati koli\u010dino ali si \u017eelite mo\u010dnej\u0161ega u\u010dinka, ta naprava vam ga zagotavlja. V kombinaciji z inovativno tehnologijo nadzora ledu in uporabniku prijaznimi funkcijami je naprava Bang 36000 najbolj\u0161i vape za enkratno uporabo za osebno in zadovoljivo izku\u0161njo. Izbolj\u0161ajte svojo igro vapinga \u0161e danes!<\/p>\n<h2>Bang 36000 Puffs Ice Control za enkratno uporabo Klju\u010dne lastnosti<\/h2>\n<ol start=\"1\">\n<li>Z gumbi, ob\u010dutljivimi na dotik, na velikem zaslonu prilagodite ledeno hladno intenzivnost izhoda pare.<\/li>\n<li>Celobarvni zaslon prikazuje preostalo \u017eivljenjsko dobo baterije, trenutno raven hlajenja z ledom in zmogljivost e-teko\u010dine.<\/li>\n<li>Podpira do 36.000 vdihov.<\/li>\n<li>Nikotinske mo\u017enosti: 0%, 2%, 3% in 5%.<\/li>\n<li>Kapaciteta e-teko\u010dine: 36ml.<\/li>\n<li>Kapaciteta baterije: 850 mAh, mo\u017enost polnjenja.<\/li>\n<\/ol>\n<h2>Razpolo\u017eljivi okusi<\/h2>\n<p>1.Strawberry Banana<br \/>\n2.Ljubezen 66<br \/>\n3.Ananas Kokos<br \/>\n4.Blueberry Raspberry<br \/>\n5.Strawberry lubenica<br \/>\n6.Strawberry Ice<br \/>\n7.Blueberry Ice<br \/>\n8.Trojno jagodi\u010devje<br \/>\n9.Strawberry Kiwi<br \/>\n10.Strawberry Mango<br \/>\n11.Red Bull<br \/>\n12.Watermelon Ice<\/p>\n<h2>Podrobnosti o pakiranju<\/h2>\n<ul>\n<li>Velikost \u0161katle: 49,6 * 36 * 27,7 cm<\/li>\n<li>160 kosov v \u0161katli<\/li>\n<li>21,8 kg \/ \u0161katla<\/li>\n<\/ul>\n<figure id=\"attachment_20356\" aria-describedby=\"caption-attachment-20356\" style=\"width: 800px\" class=\"wp-caption alignnone\"><img loading=\"lazy\" decoding=\"async\" class=\"wp-image-20356 size-full\" title=\"Bang 36000 Puffs Ice Control Vape za enkratno uporabo TRIPLE BERRY\" src=\"https:\/\/www.vape4wholesale.com\/wp-content\/uploads\/2025\/02\/Bang-36000-Puffs-Ice-Control-Disposable-Vape-TRIPLE-BERRY.webp\" alt=\"Bang 36000 Puffs Ice Control Vape za enkratno uporabo TRIPLE BERRY\" width=\"800\" height=\"800\" srcset=\"https:\/\/www.vape4wholesale.com\/wp-content\/uploads\/2025\/02\/Bang-36000-Puffs-Ice-Control-Disposable-Vape-TRIPLE-BERRY.webp 800w, https:\/\/www.vape4wholesale.com\/wp-content\/uploads\/2025\/02\/Bang-36000-Puffs-Ice-Control-Disposable-Vape-TRIPLE-BERRY-247x247.webp 247w, https:\/\/www.vape4wholesale.com\/wp-content\/uploads\/2025\/02\/Bang-36000-Puffs-Ice-Control-Disposable-Vape-TRIPLE-BERRY-100x100.webp 100w, https:\/\/www.vape4wholesale.com\/wp-content\/uploads\/2025\/02\/Bang-36000-Puffs-Ice-Control-Disposable-Vape-TRIPLE-BERRY-510x510.webp 510w\" sizes=\"auto, (max-width: 800px) 100vw, 800px\" \/><figcaption id=\"caption-attachment-20356\" class=\"wp-caption-text\">Bang 36000 Puffs Ice Control Vape za enkratno uporabo<\/figcaption><\/figure>\n<figure id=\"attachment_20358\" aria-describedby=\"caption-attachment-20358\" style=\"width: 800px\" class=\"wp-caption alignnone\"><img loading=\"lazy\" decoding=\"async\" class=\"size-full wp-image-20358\" title=\"Bang 36000 Puffs Ice Control za enkratno uporabo Vape na debelo\" src=\"https:\/\/www.vape4wholesale.com\/wp-content\/uploads\/2025\/02\/Bang-36000-Puffs-Ice-Control-Disposable-Vape-Wholesale.webp\" alt=\"Bang 36000 Puffs Ice Control za enkratno uporabo Vape na debelo\" width=\"800\" height=\"800\" srcset=\"https:\/\/www.vape4wholesale.com\/wp-content\/uploads\/2025\/02\/Bang-36000-Puffs-Ice-Control-Disposable-Vape-Wholesale.webp 800w, https:\/\/www.vape4wholesale.com\/wp-content\/uploads\/2025\/02\/Bang-36000-Puffs-Ice-Control-Disposable-Vape-Wholesale-247x247.webp 247w, https:\/\/www.vape4wholesale.com\/wp-content\/uploads\/2025\/02\/Bang-36000-Puffs-Ice-Control-Disposable-Vape-Wholesale-100x100.webp 100w, https:\/\/www.vape4wholesale.com\/wp-content\/uploads\/2025\/02\/Bang-36000-Puffs-Ice-Control-Disposable-Vape-Wholesale-510x510.webp 510w\" sizes=\"auto, (max-width: 800px) 100vw, 800px\" \/><figcaption id=\"caption-attachment-20358\" class=\"wp-caption-text\">Bang 36000 Puffs Ice Control za enkratno uporabo Vape na debelo<\/figcaption><\/figure>\n<h2>ZAKAJ MI?<\/h2>\r\n<ul>\r\n<li>Resni\u010dni, zanesljivi in strokovni vir za vape.<\/li>\r\n<li>100% Originalno jamstvo: Zavra\u010damo ponarejanje: zagotavljamo samo originalne in pristne izdelke.<\/li>\r\n<li>100% Zagotovilo za dostavo: 100%: uporabljamo najbolj\u0161i na\u010din po\u0161iljanja, da zagotovimo, da prejmete naro\u010dilo 100%.<\/li>\r\n<li>Po odpremi vam bomo posredovali \u0161tevilko za sledenje in nalepko za po\u0161iljanje ter spremljali blago, dokler ga ne podpi\u0161ete.<\/li>\r\n<li>Brez carinskih te\u017eav, brez tarif<\/li>\r\n<\/ul>","protected":false},"excerpt":{"rendered":"<div class=\"wsppc_div_block woocommerce_before_add_to_cart_form\">\r\n<p><strong><span style=\"color: #00a859;\">Opraviti carinsko po\u0161to<\/span> pred dostavo &amp; 100% Garancija dostave, Dostava v pribli\u017eno 19\u201325 dneh.\u00a0<\/strong><\/p>\r\n<\/div>","protected":false},"featured_media":20356,"comment_status":"open","ping_status":"closed","template":"","meta":[],"pwb-brand":[1275],"product_cat":[873],"product_tag":[22,24,249,849,988],"class_list":{"0":"post-20372","1":"product","2":"type-product","3":"status-publish","4":"has-post-thumbnail","6":"pwb-brand-bang","7":"product_cat-above-20k-puffs","8":"product_tag-disposable","9":"product_tag-wholesale","10":"product_tag-bang","11":"product_tag-36-0ml","12":"product_tag-36000-puffs","13":"wcpa_has_options","15":"first","16":"instock","17":"shipping-taxable","18":"purchasable","19":"product-type-variable"},"aioseo_notices":[],"brands":[{"id":1275,"name":"Bang","slug":"bang"}],"_links":{"self":[{"href":"https:\/\/www.vape4wholesale.com\/sl\/wp-json\/wp\/v2\/product\/20372","targetHints":{"allow":["GET"]}}],"collection":[{"href":"https:\/\/www.vape4wholesale.com\/sl\/wp-json\/wp\/v2\/product"}],"about":[{"href":"https:\/\/www.vape4wholesale.com\/sl\/wp-json\/wp\/v2\/types\/product"}],"replies":[{"embeddable":true,"href":"https:\/\/www.vape4wholesale.com\/sl\/wp-json\/wp\/v2\/comments?post=20372"}],"wp:featuredmedia":[{"embeddable":true,"href":"https:\/\/www.vape4wholesale.com\/sl\/wp-json\/wp\/v2\/media\/20356"}],"wp:attachment":[{"href":"https:\/\/www.vape4wholesale.com\/sl\/wp-json\/wp\/v2\/media?parent=20372"}],"wp:term":[{"taxonomy":"pwb-brand","embeddable":true,"href":"https:\/\/www.vape4wholesale.com\/sl\/wp-json\/wp\/v2\/pwb-brand?post=20372"},{"taxonomy":"product_cat","embeddable":true,"href":"https:\/\/www.vape4wholesale.com\/sl\/wp-json\/wp\/v2\/product_cat?post=20372"},{"taxonomy":"product_tag","embeddable":true,"href":"https:\/\/www.vape4wholesale.com\/sl\/wp-json\/wp\/v2\/product_tag?post=20372"}],"curies":[{"name":"wp","href":"https:\/\/api.w.org\/{rel}","templated":true}]}}