{"id":20283,"date":"2025-02-26T13:55:39","date_gmt":"2025-02-26T05:55:39","guid":{"rendered":"https:\/\/www.vape4wholesale.com\/?post_type=product&#038;p=20283"},"modified":"2026-01-27T15:43:12","modified_gmt":"2026-01-27T15:43:12","slug":"uwin-kristalni-dvojcki-40k-za-enkratno-uporabo-vape-na-debelo-2","status":"publish","type":"product","link":"https:\/\/www.vape4wholesale.com\/sl\/izdelek\/uwin-kristalni-dvojcki-40k-za-enkratno-uporabo-vape-na-debelo-2","title":{"rendered":"Uwin Crystal Twins 40K Vape za enkratno uporabo na debelo"},"content":{"rendered":"<p>Spletna stran\u00a0<a title=\"Uwin\" href=\"https:\/\/www.vape4wholesale.com\/sl\/product_brand\/uwin\/\" target=\"_blank\" rel=\"noopener\">Uwin<\/a> Crystal Twins 40K z revolucionarnim vrtljivim ustnikom na novo opredeljuje izku\u0161njo vapinga za enkratno uporabo, saj uporabnikom omogo\u010da nemoteno preklapljanje med dvema razli\u010dnima okusoma v eni sami napravi. Ta inovativna zasnova ne le pove\u010duje vsestranskost, temve\u010d tudi zagotavlja sve\u017eo in vznemirljivo izku\u0161njo vapljanja vsaki\u010d znova. Ne glede na to, ali hrepenite po sadnem izbruhu ali kremastem razvajanju, ta naprava brez te\u017eav zadovolji va\u0161e \u017eelje. Z ogromno zmogljivostjo 40.000 vdihov in velikodu\u0161no kapaciteto 30 ml e-teko\u010dine je izdelana tako, da zagotavlja dolgotrajno zadovoljstvo brez kompromisov.<\/p>\n<p>Uwin Crystal Twins 40K je zasnovan za zmogljivost in udobje, saj ga poganja kobaltna baterija s kapaciteto 850 mAh in priklju\u010dkom Type-C za hitro in u\u010dinkovito polnjenje. V kombinaciji z 0,6-ohm mre\u017easto spiralko zagotavlja gladko, dosledno proizvajanje pare in bogat okus. Naprava je na voljo v nikotinskih stopnjah 0%, 2%, 3% in 5%, zato ustreza \u0161irokemu razponu \u017eelja in je idealna tako za obi\u010dajne uporabnike kot za izku\u0161ene vaperje. Poleg tega lahko izbirate med 12 privla\u010dnimi okusi, zato lahko vsakdo najde nekaj za svoje okuse.<\/p>\n<p>Uwin Crystal Twins 40K je kot nala\u0161\u010d za veleprodajne kupce v priro\u010dni embala\u017ei, ki vsebuje 10 kosov v \u0161katli in 160 kosov v \u0161katli (18,5 kg na \u0161katlo). Zaradi kombinacije inovativne zasnove, vrhunske zmogljivosti in izjemne vrednosti je odli\u010dna izbira tako za trgovce na drobno kot za navdu\u0161ence nad vapingom. Izbolj\u0161ajte svojo izku\u0161njo vapinga \u0161e danes z Uwin Crystal Twins 40K - kjer se dvojni okusi sre\u010dajo z neprimerljivim udobjem.<\/p>\n<h2>Uwin Crystal Twins 40K za enkratno uporabo Klju\u010dne lastnosti<\/h2>\n<ul>\n<li>Sistem dvojnega okusa: Obrnite ustnik in u\u017eivajte v dveh razli\u010dnih okusih v eni napravi.<\/li>\n<li>Masivno \u0161tevilo puffov: Zagotavlja do 40.000 puhov, kar zagotavlja dolgotrajno u\u017eivanje.<\/li>\n<li>Velika zmogljivost e-teko\u010dine: Za dalj\u0161o uporabo je opremljen s 30 ml e-teko\u010dine.<\/li>\n<li>Baterija za ponovno polnjenje: Za hitro in priro\u010dno polnjenje je na voljo kobaltna baterija s kapaciteto 850 mAh in priklju\u010dkom Type-C.<\/li>\n<li>Napredna mre\u017ena tuljava: ima 0,6-ohm mre\u017easto tuljavo za gladko in dosledno proizvodnjo pare.<\/li>\n<li>Ve\u010d mo\u017enosti nikotina: Na voljo so stopnje nikotina 0%, 2%, 3% in 5%, ki ustrezajo va\u0161im \u017eeljam.<\/li>\n<li>\u0160irok izbor okusov: Izbirate lahko med 12 vznemirljivimi okusi, ki ustrezajo va\u0161emu okusu.<\/li>\n<\/ul>\n<h2>Razpolo\u017eljivi okusi<\/h2>\n<ul>\n<li>1.Blueberry On Ice \/ Summer Peach Ice<\/li>\n<li>2.Kiwi Passion Fruit Guava \/ Blueberry Raspberry<\/li>\n<li>3.Strawberry Kiwi\/ Grape Ice<\/li>\n<li>4.Kiwi Passion Fruit Guava \/ dve jabolki<\/li>\n<li>5.Strawberry Watermelon \/ Lemon Lime<\/li>\n<li>6.Blueberry Raspberry\/ Cherry Ice<\/li>\n<li>7.Strawberry Raspberry Cherry\/ Mr Blue<\/li>\n<li>8.Peach Mango Ananas\/ Red Bull<\/li>\n<li>9.Watermelon Ice\/me\u0161ani jagodi\u010devje<\/li>\n<li>10.Strawberry Banana\/ Love 66\uff08Passion Fruit Melon Ice\uff09<\/li>\n<\/ul>\n<h2><strong>Podrobnosti o pakiranju<\/strong><\/h2>\n<ol>\n<li>10 kosov v \u0161katli<\/li>\n<li>160 kosov v \u0161katli<\/li>\n<li>Te\u017ea \u0161katle: 18,5 kg<\/li>\n<\/ol>\n<figure id=\"attachment_20293\" aria-describedby=\"caption-attachment-20293\" style=\"width: 800px\" class=\"wp-caption alignnone\"><img loading=\"lazy\" decoding=\"async\" class=\"size-full wp-image-20293\" title=\"Uwin Crystal Twins 40K za enkratno uporabo Vape Strawberry Kiwi Grape Ice\" src=\"https:\/\/www.vape4wholesale.com\/wp-content\/uploads\/2025\/02\/Uwin-Crystal-Twins-40K-Disposable-Vape-Strawberry-Kiwi_Grape-Ice.webp\" alt=\"Uwin Crystal Twins 40K za enkratno uporabo Vape Strawberry Kiwi Grape Ice\" width=\"800\" height=\"800\" srcset=\"https:\/\/www.vape4wholesale.com\/wp-content\/uploads\/2025\/02\/Uwin-Crystal-Twins-40K-Disposable-Vape-Strawberry-Kiwi_Grape-Ice.webp 800w, https:\/\/www.vape4wholesale.com\/wp-content\/uploads\/2025\/02\/Uwin-Crystal-Twins-40K-Disposable-Vape-Strawberry-Kiwi_Grape-Ice-247x247.webp 247w, https:\/\/www.vape4wholesale.com\/wp-content\/uploads\/2025\/02\/Uwin-Crystal-Twins-40K-Disposable-Vape-Strawberry-Kiwi_Grape-Ice-100x100.webp 100w, https:\/\/www.vape4wholesale.com\/wp-content\/uploads\/2025\/02\/Uwin-Crystal-Twins-40K-Disposable-Vape-Strawberry-Kiwi_Grape-Ice-510x510.webp 510w, https:\/\/www.vape4wholesale.com\/wp-content\/uploads\/2025\/02\/Uwin-Crystal-Twins-40K-Disposable-Vape-Strawberry-Kiwi_Grape-Ice-64x64.webp 64w, https:\/\/www.vape4wholesale.com\/wp-content\/uploads\/2025\/02\/Uwin-Crystal-Twins-40K-Disposable-Vape-Strawberry-Kiwi_Grape-Ice-300x300.webp 300w, https:\/\/www.vape4wholesale.com\/wp-content\/uploads\/2025\/02\/Uwin-Crystal-Twins-40K-Disposable-Vape-Strawberry-Kiwi_Grape-Ice-150x150.webp 150w, https:\/\/www.vape4wholesale.com\/wp-content\/uploads\/2025\/02\/Uwin-Crystal-Twins-40K-Disposable-Vape-Strawberry-Kiwi_Grape-Ice-768x768.webp 768w, https:\/\/www.vape4wholesale.com\/wp-content\/uploads\/2025\/02\/Uwin-Crystal-Twins-40K-Disposable-Vape-Strawberry-Kiwi_Grape-Ice-12x12.webp 12w\" sizes=\"auto, (max-width: 800px) 100vw, 800px\" \/><figcaption id=\"caption-attachment-20293\" class=\"wp-caption-text\">Uwin Crystal Twins 40K Vape za enkratno uporabo na debelo<\/figcaption><\/figure>\n<figure id=\"attachment_20294\" aria-describedby=\"caption-attachment-20294\" style=\"width: 905px\" class=\"wp-caption alignnone\"><img loading=\"lazy\" decoding=\"async\" class=\"size-large wp-image-20294\" title=\"Uwin Crystal Twins 40K Vape za enkratno uporabo na debelo\" src=\"https:\/\/www.vape4wholesale.com\/wp-content\/uploads\/2025\/02\/Uwin-Crystal-Twins-40K-Disposable-Vape-Wholesale-905x1024.webp\" alt=\"Uwin Crystal Twins 40K Vape za enkratno uporabo na debelo\" width=\"905\" height=\"1024\" srcset=\"https:\/\/www.vape4wholesale.com\/wp-content\/uploads\/2025\/02\/Uwin-Crystal-Twins-40K-Disposable-Vape-Wholesale-905x1024.webp 905w, https:\/\/www.vape4wholesale.com\/wp-content\/uploads\/2025\/02\/Uwin-Crystal-Twins-40K-Disposable-Vape-Wholesale-510x577.webp 510w, https:\/\/www.vape4wholesale.com\/wp-content\/uploads\/2025\/02\/Uwin-Crystal-Twins-40K-Disposable-Vape-Wholesale-64x72.webp 64w, https:\/\/www.vape4wholesale.com\/wp-content\/uploads\/2025\/02\/Uwin-Crystal-Twins-40K-Disposable-Vape-Wholesale-265x300.webp 265w, https:\/\/www.vape4wholesale.com\/wp-content\/uploads\/2025\/02\/Uwin-Crystal-Twins-40K-Disposable-Vape-Wholesale-768x869.webp 768w, https:\/\/www.vape4wholesale.com\/wp-content\/uploads\/2025\/02\/Uwin-Crystal-Twins-40K-Disposable-Vape-Wholesale-11x12.webp 11w, https:\/\/www.vape4wholesale.com\/wp-content\/uploads\/2025\/02\/Uwin-Crystal-Twins-40K-Disposable-Vape-Wholesale.webp 1000w\" sizes=\"auto, (max-width: 905px) 100vw, 905px\" \/><figcaption id=\"caption-attachment-20294\" class=\"wp-caption-text\">Uwin Crystal Twins 40K Vape za enkratno uporabo na debelo<\/figcaption><\/figure>\n<h2>ZAKAJ MI?<\/h2>\r\n<ul>\r\n<li>Resni\u010dni, zanesljivi in strokovni vir za vape.<\/li>\r\n<li>100% Originalno jamstvo: Zavra\u010damo ponarejanje: zagotavljamo samo originalne in pristne izdelke.<\/li>\r\n<li>100% Zagotovilo za dostavo: 100%: uporabljamo najbolj\u0161i na\u010din po\u0161iljanja, da zagotovimo, da prejmete naro\u010dilo 100%.<\/li>\r\n<li>Po odpremi vam bomo posredovali \u0161tevilko za sledenje in nalepko za po\u0161iljanje ter spremljali blago, dokler ga ne podpi\u0161ete.<\/li>\r\n<li>Brez carinskih te\u017eav, brez tarif<\/li>\r\n<\/ul>","protected":false},"excerpt":{"rendered":"<div class=\"wsppc_div_block woocommerce_before_add_to_cart_form\">\r\n<p><strong><span style=\"color: #00a859;\">Clear customs<\/span> before delivery &amp; 100% Delivery Guarantee, Delivery in 19~25 days around.\u00a0<\/strong><\/p>\r\n<\/div>","protected":false},"featured_media":20288,"comment_status":"open","ping_status":"closed","template":"","meta":[],"pwb-brand":[1274],"product_cat":[873],"product_tag":[22,24,683,936,1016],"class_list":{"0":"post-20283","1":"product","2":"type-product","3":"status-publish","4":"has-post-thumbnail","6":"pwb-brand-uwin","7":"product_cat-above-20k-puffs","8":"product_tag-disposable","9":"product_tag-wholesale","10":"product_tag-30-0ml","11":"product_tag-uwin","12":"product_tag-40000-puffs","13":"wcpa_has_options","15":"first","16":"instock","17":"featured","18":"shipping-taxable","19":"purchasable","20":"product-type-variable"},"aioseo_notices":[],"brands":[{"id":1274,"name":"Uwin","slug":"uwin"}],"_links":{"self":[{"href":"https:\/\/www.vape4wholesale.com\/sl\/wp-json\/wp\/v2\/product\/20283","targetHints":{"allow":["GET"]}}],"collection":[{"href":"https:\/\/www.vape4wholesale.com\/sl\/wp-json\/wp\/v2\/product"}],"about":[{"href":"https:\/\/www.vape4wholesale.com\/sl\/wp-json\/wp\/v2\/types\/product"}],"replies":[{"embeddable":true,"href":"https:\/\/www.vape4wholesale.com\/sl\/wp-json\/wp\/v2\/comments?post=20283"}],"wp:featuredmedia":[{"embeddable":true,"href":"https:\/\/www.vape4wholesale.com\/sl\/wp-json\/wp\/v2\/media\/20288"}],"wp:attachment":[{"href":"https:\/\/www.vape4wholesale.com\/sl\/wp-json\/wp\/v2\/media?parent=20283"}],"wp:term":[{"taxonomy":"pwb-brand","embeddable":true,"href":"https:\/\/www.vape4wholesale.com\/sl\/wp-json\/wp\/v2\/pwb-brand?post=20283"},{"taxonomy":"product_cat","embeddable":true,"href":"https:\/\/www.vape4wholesale.com\/sl\/wp-json\/wp\/v2\/product_cat?post=20283"},{"taxonomy":"product_tag","embeddable":true,"href":"https:\/\/www.vape4wholesale.com\/sl\/wp-json\/wp\/v2\/product_tag?post=20283"}],"curies":[{"name":"wp","href":"https:\/\/api.w.org\/{rel}","templated":true}]}}