{"id":20242,"date":"2025-02-26T11:53:11","date_gmt":"2025-02-26T03:53:11","guid":{"rendered":"https:\/\/www.vape4wholesale.com\/?post_type=product&#038;p=20242"},"modified":"2026-01-27T13:44:46","modified_gmt":"2026-01-27T13:44:46","slug":"uwin-kristal-20000-puffs-enkratno-vape-na-debelo","status":"publish","type":"product","link":"https:\/\/www.vape4wholesale.com\/sl\/product\/uwin-crystal-20000-puffs-disposable-vape-wholesale","title":{"rendered":"Uwin Crystal 20000 Puffs za enkratno uporabo Vape na debelo"},"content":{"rendered":"<p>Spletna stran\u00a0<a title=\"Uwin\" href=\"https:\/\/www.vape4wholesale.com\/sl\/product_brand\/uwin\/\" target=\"_blank\" rel=\"noopener\"><strong>Uwin<\/strong><\/a> Crystal 20000 je vrhunska naprava SHISHA HOOKAH, zasnovana za izjemno izku\u0161njo vapinga. Z veliko zmogljivostjo 25 ml in podporo za do 20.000 vdihov ta naprava zagotavlja dolgotrajno u\u017eivanje brez potrebe po pogostem polnjenju. Zaradi impresivnega \u0161tevila puhov in velike zmogljivosti e-teko\u010dine je zanesljiva izbira tako za obi\u010dajne kot tudi za intenzivne uporabnike.<\/p>\n<p>Uwin Crystal 20000 je izdelan za udobje in u\u010dinkovitost, saj ima akumulatorsko baterijo 850 mAh in priro\u010den priklju\u010dek Type-C. Napredna tehnologija mre\u017easte tuljave izbolj\u0161a dostavo okusa ter zagotavlja gladko in zadovoljivo izku\u0161njo vapinga z vsakim potegom. Ne glede na to, ali ste doma ali na poti, vam ta naprava zagotavlja dosledno delovanje in preprosto uporabo.<\/p>\n<p>Poleg tega Uwin Crystal 20000 z 12 edinstvenimi okusi in nikotinskimi mo\u017enostmi od 0%, 2%, 3% in 5% zadovoljuje \u0161irok spekter \u017eelja. Ta vsestranskost zagotavlja, da lahko vsak uporabnik najde svojo popolno izbiro. Ne glede na to, ali ste izku\u0161eni navdu\u0161enec ali novinec v podjetju SHISHA HOOKAH, Uwin Crystal 20000 zdru\u017euje inovacije, slog in funkcionalnost za neprekosljivo izku\u0161njo vapinga.<\/p>\n<h2>Uwin Crystal 20000 Vape za enkratno uporabo Quick Detail<\/h2>\n<ul>\n<li>0% 2% 3% 5% Nikotin<\/li>\n<li>Puffi: 20000<\/li>\n<li>Zmogljivost: 25 ml<\/li>\n<li>200 kosov \/ \u0161katla<\/li>\n<li>10 kosov \/ \u0161katla<\/li>\n<li>Na voljo je 12 okusov<\/li>\n<li>850 mAh Polnilna kobaltna vrata tipa C<\/li>\n<li>Tuljava: mre\u017ena tuljava<\/li>\n<\/ul>\n<h2>Razpolo\u017eljivi okusi<\/h2>\n<p>1.Blueberry na ledu<br \/>\n2.Kiwi strastno sadje guava<br \/>\n3.Strawberry kivi<br \/>\n4.Me\u0161ano jagodi\u010devje<br \/>\n5.Strawberry lubenica<br \/>\n6.Grape ice<br \/>\n7.Watermelon led<br \/>\n8.Cherry Ice<br \/>\n9.Jagodni led<br \/>\n10.Peach Ice<br \/>\n11.Blueberry malina<br \/>\n12.Ljubezen 66<\/p>\n<h2>Podrobnosti o pakiranju<\/h2>\n<ul>\n<li>Vsaka \u0161katla: 20,3 kg<\/li>\n<li>Velikost \u0161katle: 39,5 * 39 * 30,5 cm<\/li>\n<\/ul>\n<figure id=\"attachment_20246\" aria-describedby=\"caption-attachment-20246\" style=\"width: 800px\" class=\"wp-caption alignnone\"><img loading=\"lazy\" decoding=\"async\" class=\"size-full wp-image-20246\" title=\"Uwin Crystal 20000 Puffs za enkratno uporabo Vape na debelo\" src=\"https:\/\/www.vape4wholesale.com\/wp-content\/uploads\/2025\/02\/Uwin-Crystal-20000-Puffs-Disposable-Vape-Wholesale.webp\" alt=\"Uwin Crystal 20000 Puffs za enkratno uporabo Vape na debelo\" width=\"800\" height=\"800\" srcset=\"https:\/\/www.vape4wholesale.com\/wp-content\/uploads\/2025\/02\/Uwin-Crystal-20000-Puffs-Disposable-Vape-Wholesale.webp 800w, https:\/\/www.vape4wholesale.com\/wp-content\/uploads\/2025\/02\/Uwin-Crystal-20000-Puffs-Disposable-Vape-Wholesale-247x247.webp 247w, https:\/\/www.vape4wholesale.com\/wp-content\/uploads\/2025\/02\/Uwin-Crystal-20000-Puffs-Disposable-Vape-Wholesale-100x100.webp 100w, https:\/\/www.vape4wholesale.com\/wp-content\/uploads\/2025\/02\/Uwin-Crystal-20000-Puffs-Disposable-Vape-Wholesale-510x510.webp 510w, https:\/\/www.vape4wholesale.com\/wp-content\/uploads\/2025\/02\/Uwin-Crystal-20000-Puffs-Disposable-Vape-Wholesale-64x64.webp 64w, https:\/\/www.vape4wholesale.com\/wp-content\/uploads\/2025\/02\/Uwin-Crystal-20000-Puffs-Disposable-Vape-Wholesale-300x300.webp 300w, https:\/\/www.vape4wholesale.com\/wp-content\/uploads\/2025\/02\/Uwin-Crystal-20000-Puffs-Disposable-Vape-Wholesale-150x150.webp 150w, https:\/\/www.vape4wholesale.com\/wp-content\/uploads\/2025\/02\/Uwin-Crystal-20000-Puffs-Disposable-Vape-Wholesale-768x768.webp 768w, https:\/\/www.vape4wholesale.com\/wp-content\/uploads\/2025\/02\/Uwin-Crystal-20000-Puffs-Disposable-Vape-Wholesale-12x12.webp 12w\" sizes=\"auto, (max-width: 800px) 100vw, 800px\" \/><figcaption id=\"caption-attachment-20246\" class=\"wp-caption-text\">Uwin Crystal 20000 Puffs za enkratno uporabo Vape na debelo<\/figcaption><\/figure>\n<figure id=\"attachment_20245\" aria-describedby=\"caption-attachment-20245\" style=\"width: 1000px\" class=\"wp-caption alignnone\"><img loading=\"lazy\" decoding=\"async\" class=\"size-full wp-image-20245\" title=\"Uwin Crystal 20000 Puffs enkratno Vape banner\" src=\"https:\/\/www.vape4wholesale.com\/wp-content\/uploads\/2025\/02\/Uwin-Crystal-20000-Puffs-Disposable-Vape-banner.webp\" alt=\"Uwin Crystal 20000 Puffs enkratno Vape banner\" width=\"1000\" height=\"667\" srcset=\"https:\/\/www.vape4wholesale.com\/wp-content\/uploads\/2025\/02\/Uwin-Crystal-20000-Puffs-Disposable-Vape-banner.webp 1000w, https:\/\/www.vape4wholesale.com\/wp-content\/uploads\/2025\/02\/Uwin-Crystal-20000-Puffs-Disposable-Vape-banner-510x340.webp 510w, https:\/\/www.vape4wholesale.com\/wp-content\/uploads\/2025\/02\/Uwin-Crystal-20000-Puffs-Disposable-Vape-banner-64x43.webp 64w, https:\/\/www.vape4wholesale.com\/wp-content\/uploads\/2025\/02\/Uwin-Crystal-20000-Puffs-Disposable-Vape-banner-300x200.webp 300w, https:\/\/www.vape4wholesale.com\/wp-content\/uploads\/2025\/02\/Uwin-Crystal-20000-Puffs-Disposable-Vape-banner-768x512.webp 768w, https:\/\/www.vape4wholesale.com\/wp-content\/uploads\/2025\/02\/Uwin-Crystal-20000-Puffs-Disposable-Vape-banner-18x12.webp 18w\" sizes=\"auto, (max-width: 1000px) 100vw, 1000px\" \/><figcaption id=\"caption-attachment-20245\" class=\"wp-caption-text\">Uwin Crystal 20000 Puffs enkratno Vape banner<\/figcaption><\/figure>\n<h2>ZAKAJ MI?<\/h2>\r\n<ul>\r\n<li>Resni\u010dni, zanesljivi in strokovni vir za vape.<\/li>\r\n<li>100% Originalno jamstvo: Zavra\u010damo ponarejanje: zagotavljamo samo originalne in pristne izdelke.<\/li>\r\n<li>100% Zagotovilo za dostavo: 100%: uporabljamo najbolj\u0161i na\u010din po\u0161iljanja, da zagotovimo, da prejmete naro\u010dilo 100%.<\/li>\r\n<li>Po odpremi vam bomo posredovali \u0161tevilko za sledenje in nalepko za po\u0161iljanje ter spremljali blago, dokler ga ne podpi\u0161ete.<\/li>\r\n<li>Brez carinskih te\u017eav, brez tarif<\/li>\r\n<\/ul>","protected":false},"excerpt":{"rendered":"<div class=\"wsppc_div_block woocommerce_before_add_to_cart_form\">\r\n<p><strong><span style=\"color: #00a859;\">Clear customs<\/span> before delivery &amp; 100% Delivery Guarantee, Delivery in 19~25 days around.\u00a0<\/strong><\/p>\r\n<\/div>","protected":false},"featured_media":20246,"comment_status":"open","ping_status":"closed","template":"","meta":[],"pwb-brand":[1274],"product_cat":[874],"product_tag":[936,22,24,692,794],"class_list":{"0":"post-20242","1":"product","2":"type-product","3":"status-publish","4":"has-post-thumbnail","6":"pwb-brand-uwin","7":"product_cat-shisha-type","8":"product_tag-uwin","9":"product_tag-disposable","10":"product_tag-wholesale","11":"product_tag-25-0ml","12":"product_tag-20000-puffs","13":"wcpa_has_options","15":"first","16":"instock","17":"featured","18":"shipping-taxable","19":"purchasable","20":"product-type-variable"},"aioseo_notices":[],"brands":[{"id":1274,"name":"Uwin","slug":"uwin"}],"_links":{"self":[{"href":"https:\/\/www.vape4wholesale.com\/sl\/wp-json\/wp\/v2\/product\/20242","targetHints":{"allow":["GET"]}}],"collection":[{"href":"https:\/\/www.vape4wholesale.com\/sl\/wp-json\/wp\/v2\/product"}],"about":[{"href":"https:\/\/www.vape4wholesale.com\/sl\/wp-json\/wp\/v2\/types\/product"}],"replies":[{"embeddable":true,"href":"https:\/\/www.vape4wholesale.com\/sl\/wp-json\/wp\/v2\/comments?post=20242"}],"wp:featuredmedia":[{"embeddable":true,"href":"https:\/\/www.vape4wholesale.com\/sl\/wp-json\/wp\/v2\/media\/20246"}],"wp:attachment":[{"href":"https:\/\/www.vape4wholesale.com\/sl\/wp-json\/wp\/v2\/media?parent=20242"}],"wp:term":[{"taxonomy":"pwb-brand","embeddable":true,"href":"https:\/\/www.vape4wholesale.com\/sl\/wp-json\/wp\/v2\/pwb-brand?post=20242"},{"taxonomy":"product_cat","embeddable":true,"href":"https:\/\/www.vape4wholesale.com\/sl\/wp-json\/wp\/v2\/product_cat?post=20242"},{"taxonomy":"product_tag","embeddable":true,"href":"https:\/\/www.vape4wholesale.com\/sl\/wp-json\/wp\/v2\/product_tag?post=20242"}],"curies":[{"name":"wp","href":"https:\/\/api.w.org\/{rel}","templated":true}]}}