{"id":19758,"date":"2025-02-05T21:57:56","date_gmt":"2025-02-05T13:57:56","guid":{"rendered":"https:\/\/www.vape4wholesale.com\/?post_type=product&#038;p=19758"},"modified":"2026-03-30T11:13:42","modified_gmt":"2026-03-30T03:13:42","slug":"fumot-tornado-20000-vape-za-enkratno-uporabo-na-debelo","status":"publish","type":"product","link":"https:\/\/www.vape4wholesale.com\/sl\/izdelek\/fumot-tornado-20000-vape-za-enkratno-uporabo-na-debelo","title":{"rendered":"Fumot Tornado 20000 Vape za enkratno uporabo na debelo"},"content":{"rendered":"<p><strong>Fumot Tornado 20000 Vape za enkratno uporabo<\/strong>\u00a0je naprava za vapiranje za enkratno uporabo z dvojno mre\u017easto tuljavo in pametnim zaslonom LED. Z dvojnimi mre\u017eastimi tuljavami lahko pri\u010dakujete bogatej\u0161i in bolj zadovoljiv okus z vsakim vdihom. pametni LED zaslon zagotavlja informacije v realnem \u010dasu in omogo\u010da, da vaperji na prvi pogled spoznajo podrobnosti o uvozu. zaslon prikazuje \u017eivljenjsko dobo baterije in raven e-su\u0161ice. Napolnjen je z 20 ml e-su\u0161ice in ga je mogo\u010de napihniti do 20.000-krat. Fumot Tornado 20000 ima tip 5% in 20 okusov, med katerimi lahko izbirate. Fumot Tornado 20000 je opremljen z 900 mAh akumulatorsko baterijo. Ta zmogljiva baterija zagotavlja dalj\u0161i \u010das uporabe in jo lahko preprosto napolnite prek vhoda tipa C. Poslovite se od uparjalnikov za enkratno uporabo, ki jim prehitro zmanjka baterije!<\/p>\n<h2><strong>Fumot Tornado 20000 Hitre podrobnosti<\/strong><\/h2>\n<ul>\n<li>Vrsta: Vklju\u010dite se v sistem: 5% Nic<\/li>\n<li>Baterija: 900mah akumulatorska baterija<\/li>\n<li>Puffs: 20000 puffs<\/li>\n<li>Zmogljivost: 20 ml<\/li>\n<li>Zaslon z indikatorjem olja in baterije<\/li>\n<li>Vrata tipa C<\/li>\n<li>20 okusov<\/li>\n<li>Navijalka: Dvojna mre\u017ena tuljava<\/li>\n<\/ul>\n<h2><strong>Razpolo\u017eljivi okusi<\/strong><\/h2>\n<p>1 borovnica malina trdi bonboni<br \/>\n2 Blue Razz<br \/>\n3 jagode kivi<br \/>\n4 breskev ananas pomaran\u010da<br \/>\n5 kegljev<br \/>\n6 breskev mango lubenica<br \/>\n7 Jagodni sladoled<br \/>\n8 hru\u0161kin led<br \/>\n9 sladkorna vata<br \/>\n10 fi\u017eol\u010dkov \u017eeleja<br \/>\n11 Kumari\u010dna limonada<br \/>\n12 Pina Colada<br \/>\n13 Huckleberry<br \/>\n14 lubeni\u010dni led<br \/>\n15 Jagodna lubenica<br \/>\n16 Me\u0161ano jagodi\u010devje<br \/>\n17 li\u010di Hami melona<br \/>\n18 Cherry Lime<br \/>\n19 Ananas Limona Zeleno jabolko<br \/>\n20 banana torta<br \/>\n21 Gospod Modri<br \/>\n22 \u010ce\u0161nje<br \/>\n23 borovnica malina<br \/>\n24 Cherry Cola<br \/>\n25 kivi Pasijonka Guava<br \/>\n26 Jagodni led<br \/>\n27 Jagodni malinovo-\u010de\u0161njev led<br \/>\n28 Cherry Berry<br \/>\n29 Borovnica kisla malina<br \/>\n30 breskev jagodi\u010devje<br \/>\n31 Modri gumijasti medvedek Razz<br \/>\n32 Hladna meta<br \/>\n33 Borovnice na ledu<br \/>\n34 Kaktusov led<br \/>\n35 rde\u010de grozdje limeta<br \/>\n36 Cola Lemon<br \/>\n37 \u010crni ribez Jabolko<br \/>\n38 Kaktus kivi<br \/>\n39 Cola Ice<br \/>\n40 Mango Grape lce<br \/>\n41 Borovni\u010dev kaktus lce<br \/>\n42 Grozdni kivi<br \/>\n43 jabolko grenivka<\/p>\n<figure id=\"attachment_26815\" aria-describedby=\"caption-attachment-26815\" style=\"width: 800px\" class=\"wp-caption alignnone\"><img loading=\"lazy\" decoding=\"async\" class=\"size-full wp-image-26815\" title=\"Fumot Tornado 20000 Vape za enkratno uporabo na debelo\" src=\"https:\/\/www.vape4wholesale.com\/wp-content\/uploads\/2025\/02\/Fumot-Tornado-20000-Disposable-Vape-Wholesale-1.jpg\" alt=\"Fumot Tornado 20000 Vape za enkratno uporabo na debelo\" width=\"800\" height=\"800\" srcset=\"https:\/\/www.vape4wholesale.com\/wp-content\/uploads\/2025\/02\/Fumot-Tornado-20000-Disposable-Vape-Wholesale-1.jpg 800w, https:\/\/www.vape4wholesale.com\/wp-content\/uploads\/2025\/02\/Fumot-Tornado-20000-Disposable-Vape-Wholesale-1-300x300.jpg 300w, https:\/\/www.vape4wholesale.com\/wp-content\/uploads\/2025\/02\/Fumot-Tornado-20000-Disposable-Vape-Wholesale-1-150x150.jpg 150w, https:\/\/www.vape4wholesale.com\/wp-content\/uploads\/2025\/02\/Fumot-Tornado-20000-Disposable-Vape-Wholesale-1-768x768.jpg 768w, https:\/\/www.vape4wholesale.com\/wp-content\/uploads\/2025\/02\/Fumot-Tornado-20000-Disposable-Vape-Wholesale-1-12x12.jpg 12w, https:\/\/www.vape4wholesale.com\/wp-content\/uploads\/2025\/02\/Fumot-Tornado-20000-Disposable-Vape-Wholesale-1-247x247.jpg 247w, https:\/\/www.vape4wholesale.com\/wp-content\/uploads\/2025\/02\/Fumot-Tornado-20000-Disposable-Vape-Wholesale-1-510x510.jpg 510w, https:\/\/www.vape4wholesale.com\/wp-content\/uploads\/2025\/02\/Fumot-Tornado-20000-Disposable-Vape-Wholesale-1-100x100.jpg 100w\" sizes=\"auto, (max-width: 800px) 100vw, 800px\" \/><figcaption id=\"caption-attachment-26815\" class=\"wp-caption-text\">Fumot Tornado 20000 Vape za enkratno uporabo na debelo<\/figcaption><\/figure>\n<h2>ZAKAJ MI?<\/h2>\r\n<ul>\r\n<li>Resni\u010dni, zanesljivi in strokovni vir za vape.<\/li>\r\n<li>100% Originalno jamstvo: Zavra\u010damo ponarejanje: zagotavljamo samo originalne in pristne izdelke.<\/li>\r\n<li>100% Zagotovilo za dostavo: 100%: uporabljamo najbolj\u0161i na\u010din po\u0161iljanja, da zagotovimo, da prejmete naro\u010dilo 100%.<\/li>\r\n<li>Po odpremi vam bomo posredovali \u0161tevilko za sledenje in nalepko za po\u0161iljanje ter spremljali blago, dokler ga ne podpi\u0161ete.<\/li>\r\n<li>Brez carinskih te\u017eav, brez tarif<\/li>\r\n<\/ul>","protected":false},"excerpt":{"rendered":"<div class=\"wsppc_div_block woocommerce_before_add_to_cart_form\">\r\n<p><strong><span style=\"color: #00a859;\">Clear customs<\/span> before delivery &amp; 100% Delivery Guarantee, Delivery in 19~25 days around.\u00a0<\/strong><\/p>\r\n<\/div>","protected":false},"featured_media":26815,"comment_status":"open","ping_status":"closed","template":"","meta":[],"pwb-brand":[1269],"product_cat":[873],"product_tag":[794,22,24,172,592],"class_list":{"0":"post-19758","1":"product","2":"type-product","3":"status-publish","4":"has-post-thumbnail","6":"pwb-brand-fumot","7":"product_cat-above-20k-puffs","8":"product_tag-20000-puffs","9":"product_tag-disposable","10":"product_tag-wholesale","11":"product_tag-20-0ml","12":"product_tag-fumot","13":"wcpa_has_options","15":"first","16":"instock","17":"featured","18":"shipping-taxable","19":"purchasable","20":"product-type-variable"},"aioseo_notices":[],"brands":[{"id":1269,"name":"Fumot","slug":"fumot"}],"_links":{"self":[{"href":"https:\/\/www.vape4wholesale.com\/sl\/wp-json\/wp\/v2\/product\/19758","targetHints":{"allow":["GET"]}}],"collection":[{"href":"https:\/\/www.vape4wholesale.com\/sl\/wp-json\/wp\/v2\/product"}],"about":[{"href":"https:\/\/www.vape4wholesale.com\/sl\/wp-json\/wp\/v2\/types\/product"}],"replies":[{"embeddable":true,"href":"https:\/\/www.vape4wholesale.com\/sl\/wp-json\/wp\/v2\/comments?post=19758"}],"wp:featuredmedia":[{"embeddable":true,"href":"https:\/\/www.vape4wholesale.com\/sl\/wp-json\/wp\/v2\/media\/26815"}],"wp:attachment":[{"href":"https:\/\/www.vape4wholesale.com\/sl\/wp-json\/wp\/v2\/media?parent=19758"}],"wp:term":[{"taxonomy":"pwb-brand","embeddable":true,"href":"https:\/\/www.vape4wholesale.com\/sl\/wp-json\/wp\/v2\/pwb-brand?post=19758"},{"taxonomy":"product_cat","embeddable":true,"href":"https:\/\/www.vape4wholesale.com\/sl\/wp-json\/wp\/v2\/product_cat?post=19758"},{"taxonomy":"product_tag","embeddable":true,"href":"https:\/\/www.vape4wholesale.com\/sl\/wp-json\/wp\/v2\/product_tag?post=19758"}],"curies":[{"name":"wp","href":"https:\/\/api.w.org\/{rel}","templated":true}]}}