{"id":19715,"date":"2025-02-04T23:14:18","date_gmt":"2025-02-04T15:14:18","guid":{"rendered":"https:\/\/www.vape4wholesale.com\/?post_type=product&#038;p=19715"},"modified":"2026-01-27T13:46:32","modified_gmt":"2026-01-27T13:46:32","slug":"bang-32000-puffov-za-enkratno-uporabo-vape-na-debelo","status":"publish","type":"product","link":"https:\/\/www.vape4wholesale.com\/sl\/product\/bang-32000-puffs-disposable-vape-wholesale","title":{"rendered":"Bang 32000 Puffs za enkratno uporabo Vape na debelo"},"content":{"rendered":"<p>Spletna stran <strong><a title=\"Bang\" href=\"https:\/\/www.vape4wholesale.com\/sl\/product_brand\/bang\/\">Bang<\/a> <\/strong>32000 je lepo oblikovan vape za enkratno uporabo, ki ponuja izjemno ravnovesje med okusom, zmogljivostjo in priro\u010dnostjo. Ne glede na to, ali ste izku\u0161en vaper ali novinec, ta naprava obljublja brezhibno in prilagodljivo izku\u0161njo z naprednimi funkcijami, kot so nastavljiva mo\u010d, pametni zaslon in velika zmogljivost 32.000 izpihov.<\/p>\n<h2><strong>Kaj naredi Bang 32000 Vape za enkratno uporabo izjemen<\/strong><\/h2>\n<ul>\n<li><strong>Izbirne ravni nikotina<\/strong><br \/>\nSpletna stran\u00a0<strong>Bang 32000 Puffs<\/strong>\u00a0ponuja \u0161tiri nikotinske mo\u017enosti:\u00a0<strong>0%, 2%, 3% in 5%<\/strong>. Izberite stopnjo, ki najbolj ustreza va\u0161im \u017eeljam, od u\u017eivanja brez nikotina do mo\u010dnej\u0161ega u\u010dinka za bolj izku\u0161ene uporabnike.<\/li>\n<li><strong>Ogromna kapaciteta puhala<\/strong><br \/>\nZ velikodu\u0161no\u00a0<strong>32.000 vpihov<\/strong>, je\u00a0<strong>Bang 32000 Puffs<\/strong>\u00a0ne potrebuje pogoste zamenjave. Pove\u010dana zmogljivost omogo\u010da neprekinjeno in dolgotrajno vapiranje.<\/li>\n<li><strong>Visoka kapaciteta E-teko\u010dine<\/strong><br \/>\nVklju\u010duje\u00a0<strong>32 ml e-teko\u010dine<\/strong>\u00a0rezervoar,\u00a0<strong>Bang 32000 Puffs<\/strong>\u00a0je zasnovan za optimalno dovajanje okusa, kar zmanj\u0161uje potrebo po stalnem polnjenju in omogo\u010da dalj\u0161e seanse.<\/li>\n<li><strong>Napredna dvojna mre\u017ena tuljava<\/strong><br \/>\nOpremljen je z\u00a0<strong>0,5\u03a9 dvojna mre\u017ena tuljava<\/strong>, ta naprava izbolj\u0161a proizvodnjo pare in konsistenco okusa ter zagotavlja gladko, krepko in bogato paro z vsakim potegom.<\/li>\n<li><strong>Pametni celozaslonski zaslon<\/strong><br \/>\nSpletna stran\u00a0<strong>Bang 32000 Puffs<\/strong>\u00a0je zasnovan z\u00a0<strong>pametni zaslon<\/strong>\u00a0ki prikazuje raven olja in \u017eivljenjsko dobo baterije, tako da ste vedno seznanjeni s stanjem naprave. Ni\u010d ve\u010d ugibanja!<\/li>\n<li><strong>Baterija za polnjenje 650 mAh<\/strong><br \/>\nPoganja ga dolgotrajna<strong>\u00a0Baterija 650 mAh<\/strong>ta naprava zagotavlja celodnevno izku\u0161njo vapinga. Poleg tega lahko s hitrim polnjenjem tipa C hitro in priro\u010dno napolnite vape.<\/li>\n<li><strong>Nastavljiva mo\u010d<\/strong><br \/>\nPrilagodite svojo izku\u0161njo vapinga z\u00a0<strong>nastavljiva mo\u010d<\/strong>\u00a0nastavitve. Ta funkcija vam omogo\u010da, da vape prilagodite svojim posebnim potrebam in si vsaki\u010d zagotovite popoln izpuh.<\/li>\n<\/ul>\n<h2><strong>Razpolo\u017eljivi okusi<\/strong><\/h2>\n<ol>\n<li>Borovnica malina<\/li>\n<li>lubenica \u010ce\u0161nja<\/li>\n<li>Borovni\u010dev led<\/li>\n<li>Led iz lubenice<\/li>\n<li>Jagodna lubenica<\/li>\n<li>jagoda kivi<\/li>\n<li>Red Bull<\/li>\n<li>lubenica Bubblegum<\/li>\n<li>Grozdni led<\/li>\n<li>breskev mango<\/li>\n<li>Ledena breskev<\/li>\n<li>Me\u0161ano sadje<\/li>\n<\/ol>\n<h2><strong>Podrobnosti o pakiranju<\/strong><\/h2>\n<ul>\n<li>1\/ ena \u0161katla<\/li>\n<li>10\/ \u0161katla za prikaz<\/li>\n<li>180\/karton, 21,5 kg<\/li>\n<\/ul>\n<figure id=\"attachment_19716\" aria-describedby=\"caption-attachment-19716\" style=\"width: 692px\" class=\"wp-caption alignnone\"><img loading=\"lazy\" decoding=\"async\" class=\"wp-image-19716 size-full\" title=\"Bang 32000 Puffs za enkratno uporabo Vape na debelo\" src=\"https:\/\/www.vape4wholesale.com\/wp-content\/uploads\/2025\/02\/Bang-32000-Puffs-Disposable-Vape-Wholesale.webp\" alt=\"Bang 32000 Puffs za enkratno uporabo Vape na debelo\" width=\"692\" height=\"1323\" srcset=\"https:\/\/www.vape4wholesale.com\/wp-content\/uploads\/2025\/02\/Bang-32000-Puffs-Disposable-Vape-Wholesale.webp 692w, https:\/\/www.vape4wholesale.com\/wp-content\/uploads\/2025\/02\/Bang-32000-Puffs-Disposable-Vape-Wholesale-510x975.webp 510w, https:\/\/www.vape4wholesale.com\/wp-content\/uploads\/2025\/02\/Bang-32000-Puffs-Disposable-Vape-Wholesale-64x122.webp 64w, https:\/\/www.vape4wholesale.com\/wp-content\/uploads\/2025\/02\/Bang-32000-Puffs-Disposable-Vape-Wholesale-157x300.webp 157w, https:\/\/www.vape4wholesale.com\/wp-content\/uploads\/2025\/02\/Bang-32000-Puffs-Disposable-Vape-Wholesale-536x1024.webp 536w, https:\/\/www.vape4wholesale.com\/wp-content\/uploads\/2025\/02\/Bang-32000-Puffs-Disposable-Vape-Wholesale-6x12.webp 6w\" sizes=\"auto, (max-width: 692px) 100vw, 692px\" \/><figcaption id=\"caption-attachment-19716\" class=\"wp-caption-text\">Bang 32000 Puffs za enkratno uporabo Vape na debelo<\/figcaption><\/figure>\n<h2>ZAKAJ MI?<\/h2>\r\n<ul>\r\n<li>Resni\u010dni, zanesljivi in strokovni vir za vape.<\/li>\r\n<li>100% Originalno jamstvo: Zavra\u010damo ponarejanje: zagotavljamo samo originalne in pristne izdelke.<\/li>\r\n<li>100% Zagotovilo za dostavo: 100%: uporabljamo najbolj\u0161i na\u010din po\u0161iljanja, da zagotovimo, da prejmete naro\u010dilo 100%.<\/li>\r\n<li>Po odpremi vam bomo posredovali \u0161tevilko za sledenje in nalepko za po\u0161iljanje ter spremljali blago, dokler ga ne podpi\u0161ete.<\/li>\r\n<li>Brez carinskih te\u017eav, brez tarif<\/li>\r\n<\/ul>","protected":false},"excerpt":{"rendered":"<div class=\"wsppc_div_block woocommerce_before_add_to_cart_form\">\r\n<p><strong><span style=\"color: #00a859;\">Clear customs<\/span> before delivery &amp; 100% Delivery Guarantee, Delivery in 19~25 days around.\u00a0<\/strong><\/p>\r\n<\/div>","protected":false},"featured_media":19730,"comment_status":"open","ping_status":"closed","template":"","meta":[],"pwb-brand":[1275],"product_cat":[873],"product_tag":[22,24,249,944,1047],"class_list":{"0":"post-19715","1":"product","2":"type-product","3":"status-publish","4":"has-post-thumbnail","6":"pwb-brand-bang","7":"product_cat-above-20k-puffs","8":"product_tag-disposable","9":"product_tag-wholesale","10":"product_tag-bang","11":"product_tag-32000-puffs","12":"product_tag-32-0ml","13":"wcpa_has_options","15":"first","16":"instock","17":"shipping-taxable","18":"purchasable","19":"product-type-variable"},"aioseo_notices":[],"brands":[{"id":1275,"name":"Bang","slug":"bang"}],"_links":{"self":[{"href":"https:\/\/www.vape4wholesale.com\/sl\/wp-json\/wp\/v2\/product\/19715","targetHints":{"allow":["GET"]}}],"collection":[{"href":"https:\/\/www.vape4wholesale.com\/sl\/wp-json\/wp\/v2\/product"}],"about":[{"href":"https:\/\/www.vape4wholesale.com\/sl\/wp-json\/wp\/v2\/types\/product"}],"replies":[{"embeddable":true,"href":"https:\/\/www.vape4wholesale.com\/sl\/wp-json\/wp\/v2\/comments?post=19715"}],"wp:featuredmedia":[{"embeddable":true,"href":"https:\/\/www.vape4wholesale.com\/sl\/wp-json\/wp\/v2\/media\/19730"}],"wp:attachment":[{"href":"https:\/\/www.vape4wholesale.com\/sl\/wp-json\/wp\/v2\/media?parent=19715"}],"wp:term":[{"taxonomy":"pwb-brand","embeddable":true,"href":"https:\/\/www.vape4wholesale.com\/sl\/wp-json\/wp\/v2\/pwb-brand?post=19715"},{"taxonomy":"product_cat","embeddable":true,"href":"https:\/\/www.vape4wholesale.com\/sl\/wp-json\/wp\/v2\/product_cat?post=19715"},{"taxonomy":"product_tag","embeddable":true,"href":"https:\/\/www.vape4wholesale.com\/sl\/wp-json\/wp\/v2\/product_tag?post=19715"}],"curies":[{"name":"wp","href":"https:\/\/api.w.org\/{rel}","templated":true}]}}