{"id":18876,"date":"2025-01-07T12:07:18","date_gmt":"2025-01-07T04:07:18","guid":{"rendered":"https:\/\/www.vape4wholesale.com\/?post_type=product&#038;p=18876"},"modified":"2026-01-27T13:47:37","modified_gmt":"2026-01-27T13:47:37","slug":"happ-bar-twin-pod-25000-puffs-enkratno-vape-debelo-2","status":"publish","type":"product","link":"https:\/\/www.vape4wholesale.com\/sl\/izdelek\/happ-bar-twin-pod-25000-puffs-enkratno-vape-debelo-2","title":{"rendered":"Happ Bar Twin Pod 25000 Puffs za enkratno uporabo Vape na debelo"},"content":{"rendered":"<p>Spletna stran <a title=\"Bar Happ\" href=\"https:\/\/www.vape4wholesale.com\/sl\/product_brand\/bar-srece\/\">Bar Happ<\/a> Twin Pod 25000 je zasnovan z vgrajenimi dvojnimi podi, zato sta v eni napravi mogo\u010da dva okusa. Za nastavitev razli\u010dnih okusov preprosto dvignite ustnik in ga zavrtite.<\/p>\n<p>Zaslon natan\u010dno prikazuje trenutno preostalo baterijo in zmogljivost teko\u010dine, zaslon pa je name\u0161\u010den v \u010drni \u010drti, ki poteka od vrha do dna ohi\u0161ja, zaradi \u010desar se celotna zasnova lepo zlije z okolico.<\/p>\n<p>Ima 2 vgrajena 16-mililitrska stroka s skupno zmogljivostjo do 32 ml teko\u010dine, 2 mre\u017eni tuljavi pa izbolj\u0161ujeta zmogljivost in izku\u0161njo vapinga naprave. Podpira do 25 000 vdihov.<\/p>\n<h2>Happ Bar Twin Pod 25000 Vape Quick Detail<\/h2>\n<ul>\n<li>Puffs: Do 25.000<\/li>\n<li>Mo\u010d nikotina: 2%, 5%<\/li>\n<li>Zmogljivost baterije: 650 mAh<\/li>\n<li>Polnilna vrata: Tippe C<\/li>\n<li>Odpornost: 1,0 ohm<\/li>\n<li>Kapaciteta Eliquid: 16ml + 16ml<\/li>\n<\/ul>\n<h2>Razpolo\u017eljivi okusi<\/h2>\n<ol>\n<li>Limonada Blue Razz in breskov led<\/li>\n<li>Borovnica, \u010de\u0161nja, brusnica in lubenica Bubble Gum<\/li>\n<li>Borovnica malina limona in \u010de\u0161njev led<\/li>\n<li>Breskev Mango Ananas in jagodni led<\/li>\n<li>Ananasov kokosov in borovni\u010dev led<\/li>\n<li>Raspberry Fudge in dvojno jabolko<\/li>\n<li>Red Bull Ice &amp; Hami Melon<\/li>\n<li>Jagodni banana in cola Ice<\/li>\n<li>Jagoda kivi &amp; Lush Ice<\/li>\n<li>jagoda Vanilla Coke in me\u0161ano jagodi\u010devje<\/li>\n<li>Melonin led in limonina apna<\/li>\n<\/ol>\n<figure id=\"attachment_18842\" aria-describedby=\"caption-attachment-18842\" style=\"width: 800px\" class=\"wp-caption alignnone\"><img loading=\"lazy\" decoding=\"async\" class=\"size-full wp-image-18842\" title=\"Happ Bar Twin Pod 25000 Puffs za enkratno uporabo Vape na debelo\" src=\"https:\/\/www.vape4wholesale.com\/wp-content\/uploads\/2025\/01\/Happ-Bar-Twin-Pod-25000-Puffs-Disposable-Vape-Wholesale.webp\" alt=\"Happ Bar Twin Pod 25000 Puffs za enkratno uporabo Vape na debelo\" width=\"800\" height=\"800\" srcset=\"https:\/\/www.vape4wholesale.com\/wp-content\/uploads\/2025\/01\/Happ-Bar-Twin-Pod-25000-Puffs-Disposable-Vape-Wholesale.webp 800w, https:\/\/www.vape4wholesale.com\/wp-content\/uploads\/2025\/01\/Happ-Bar-Twin-Pod-25000-Puffs-Disposable-Vape-Wholesale-247x247.webp 247w, https:\/\/www.vape4wholesale.com\/wp-content\/uploads\/2025\/01\/Happ-Bar-Twin-Pod-25000-Puffs-Disposable-Vape-Wholesale-100x100.webp 100w, https:\/\/www.vape4wholesale.com\/wp-content\/uploads\/2025\/01\/Happ-Bar-Twin-Pod-25000-Puffs-Disposable-Vape-Wholesale-510x510.webp 510w, https:\/\/www.vape4wholesale.com\/wp-content\/uploads\/2025\/01\/Happ-Bar-Twin-Pod-25000-Puffs-Disposable-Vape-Wholesale-64x64.webp 64w, https:\/\/www.vape4wholesale.com\/wp-content\/uploads\/2025\/01\/Happ-Bar-Twin-Pod-25000-Puffs-Disposable-Vape-Wholesale-300x300.webp 300w, https:\/\/www.vape4wholesale.com\/wp-content\/uploads\/2025\/01\/Happ-Bar-Twin-Pod-25000-Puffs-Disposable-Vape-Wholesale-150x150.webp 150w, https:\/\/www.vape4wholesale.com\/wp-content\/uploads\/2025\/01\/Happ-Bar-Twin-Pod-25000-Puffs-Disposable-Vape-Wholesale-768x768.webp 768w, https:\/\/www.vape4wholesale.com\/wp-content\/uploads\/2025\/01\/Happ-Bar-Twin-Pod-25000-Puffs-Disposable-Vape-Wholesale-12x12.webp 12w\" sizes=\"auto, (max-width: 800px) 100vw, 800px\" \/><figcaption id=\"caption-attachment-18842\" class=\"wp-caption-text\">Happ Bar Twin Pod 25000 Puffs za enkratno uporabo Vape na debelo<\/figcaption><\/figure>\n<h2>ZAKAJ MI?<\/h2>\r\n<ul>\r\n<li>Resni\u010dni, zanesljivi in strokovni vir za vape.<\/li>\r\n<li>100% Originalno jamstvo: Zavra\u010damo ponarejanje: zagotavljamo samo originalne in pristne izdelke.<\/li>\r\n<li>100% Zagotovilo za dostavo: 100%: uporabljamo najbolj\u0161i na\u010din po\u0161iljanja, da zagotovimo, da prejmete naro\u010dilo 100%.<\/li>\r\n<li>Po odpremi vam bomo posredovali \u0161tevilko za sledenje in nalepko za po\u0161iljanje ter spremljali blago, dokler ga ne podpi\u0161ete.<\/li>\r\n<li>Brez carinskih te\u017eav, brez tarif<\/li>\r\n<\/ul>\n<p>&nbsp;<\/p>","protected":false},"excerpt":{"rendered":"<p><span style=\"color: #0000ff;\"><strong>Ta izdelek ni ve\u010d na voljo, kliknite <span style=\"color: #ed1c24;\"><a style=\"color: #ed1c24;\" title=\"Happ Bar Twin Pod 35000 Vape\" href=\"https:\/\/www.vape4wholesale.com\/sl\/izdelek\/happ-bar-twin-pod-35000-enkratno-vape\/\" target=\"_blank\" rel=\"noopener\">tukaj<\/a><\/span> obi\u0161\u010dite povezavo do izdelka za novo razli\u010dico naprave 35000 Twin Pod.<\/strong><\/span><\/p>","protected":false},"featured_media":18847,"comment_status":"open","ping_status":"closed","template":"","meta":[],"pwb-brand":[1267],"product_cat":[938],"product_tag":[1035,1047,22,24,915],"class_list":{"0":"post-18876","1":"product","2":"type-product","3":"status-publish","4":"has-post-thumbnail","6":"pwb-brand-happ-bar","7":"product_cat-europe-warehouse","8":"product_tag-happ-bar","9":"product_tag-32-0ml","10":"product_tag-disposable","11":"product_tag-wholesale","12":"product_tag-25000-puffs","13":"product_shipping_class-eu-warehouse","14":"wcpa_has_options","16":"first","17":"outofstock","18":"shipping-taxable","19":"purchasable","20":"product-type-variable"},"aioseo_notices":[],"brands":[{"id":1267,"name":"Bar Happ","slug":"bar-srece"}],"_links":{"self":[{"href":"https:\/\/www.vape4wholesale.com\/sl\/wp-json\/wp\/v2\/product\/18876","targetHints":{"allow":["GET"]}}],"collection":[{"href":"https:\/\/www.vape4wholesale.com\/sl\/wp-json\/wp\/v2\/product"}],"about":[{"href":"https:\/\/www.vape4wholesale.com\/sl\/wp-json\/wp\/v2\/types\/product"}],"replies":[{"embeddable":true,"href":"https:\/\/www.vape4wholesale.com\/sl\/wp-json\/wp\/v2\/comments?post=18876"}],"wp:featuredmedia":[{"embeddable":true,"href":"https:\/\/www.vape4wholesale.com\/sl\/wp-json\/wp\/v2\/media\/18847"}],"wp:attachment":[{"href":"https:\/\/www.vape4wholesale.com\/sl\/wp-json\/wp\/v2\/media?parent=18876"}],"wp:term":[{"taxonomy":"pwb-brand","embeddable":true,"href":"https:\/\/www.vape4wholesale.com\/sl\/wp-json\/wp\/v2\/pwb-brand?post=18876"},{"taxonomy":"product_cat","embeddable":true,"href":"https:\/\/www.vape4wholesale.com\/sl\/wp-json\/wp\/v2\/product_cat?post=18876"},{"taxonomy":"product_tag","embeddable":true,"href":"https:\/\/www.vape4wholesale.com\/sl\/wp-json\/wp\/v2\/product_tag?post=18876"}],"curies":[{"name":"wp","href":"https:\/\/api.w.org\/{rel}","templated":true}]}}