{"id":18856,"date":"2025-01-07T11:31:25","date_gmt":"2025-01-07T03:31:25","guid":{"rendered":"https:\/\/www.vape4wholesale.com\/?post_type=product&#038;p=18856"},"modified":"2026-01-27T13:49:54","modified_gmt":"2026-01-27T13:49:54","slug":"happ-bar-gr20000-za-enkratno-uporabo-vape-na-debelo","status":"publish","type":"product","link":"https:\/\/www.vape4wholesale.com\/sl\/product\/happ-bar-gr20000-disposable-vape-wholesale","title":{"rendered":"Happ Bar GR20000 Vape za enkratno uporabo na debelo"},"content":{"rendered":"<p>Spletna stran <a title=\"Bar Happ\" href=\"https:\/\/www.vape4wholesale.com\/sl\/product_brand\/bar-srece\/\">Bar Happ<\/a> GR20000 je edinstveno zasnovan vape za enkratno uporabo. Ima prikazovalnik teko\u010dine in mo\u010di, hkrati pa je na voljo tudi nastavitev pretoka zraka. vgrajeno ima 25 ml teko\u010dine in 650 mAh akumulatorsko baterijo, ki lahko podpira do 20.000 vdihov.<\/p>\n<p>Opremljen je z majhnim zaslonom, ki natan\u010dno prikazuje trenutno mo\u010d baterije in preostalo koli\u010dino teko\u010dine. Ima zelo edinstven videz z dvobarvno oblikovano zasnovo in ergonomskim ohi\u0161jem. Medtem pa uporablja novo generacijo mre\u017easte tuljave, zaradi \u010desar je GR2000 bolj\u0161a izku\u0161nja in okus.<\/p>\n<h2>Happ Bar GR20000 Vape za enkratno uporabo Quick Detail<\/h2>\n<ul>\n<li>Puffs: Do 20.000<\/li>\n<li>Mo\u010d nikotina: 2%, 5%<\/li>\n<li>Zmogljivost baterije: 650 mAh<\/li>\n<li>Polnilna vrata: Tippe C<\/li>\n<li>Odpornost: 1,0 ohm<\/li>\n<li>Kapaciteta teko\u010dine: 25ml<\/li>\n<\/ul>\n<h2>Razpolo\u017eljivi okusi<\/h2>\n<ol>\n<li>Modri gumijasti medvedek Razz<\/li>\n<li>Borovnica \u010ce\u0161nja Brusnica<\/li>\n<li>Borovni\u010dev led<\/li>\n<li>Borovnica malina<\/li>\n<li>Cherry Ice<\/li>\n<li>Kokosova limona<\/li>\n<li>Hami Melon<\/li>\n<li>Kivi Pasijonka Guava<\/li>\n<li>Lemonova to\u010da<\/li>\n<li>Po\u0161astni mango<\/li>\n<li>Ananas Kokos<\/li>\n<li>Malina lubenica<\/li>\n<li>Jagoda Banana<\/li>\n<li>Jagodni led<\/li>\n<li>jagoda kivi<\/li>\n<li>Jagoda malina<\/li>\n<li>Jagodna kokakola z vaniljo<\/li>\n<li>Led iz lubenice<\/li>\n<\/ol>\n<figure id=\"attachment_18817\" aria-describedby=\"caption-attachment-18817\" style=\"width: 800px\" class=\"wp-caption alignnone\"><img loading=\"lazy\" decoding=\"async\" class=\"size-full wp-image-18817\" title=\"Happ Bar GR20000 Vape za enkratno uporabo na debelo\" src=\"https:\/\/www.vape4wholesale.com\/wp-content\/uploads\/2025\/01\/Happ-Bar-GR20000-Disposable-Vape-Wholesale.webp\" alt=\"Happ Bar GR20000 Vape za enkratno uporabo na debelo\" width=\"800\" height=\"800\" srcset=\"https:\/\/www.vape4wholesale.com\/wp-content\/uploads\/2025\/01\/Happ-Bar-GR20000-Disposable-Vape-Wholesale.webp 800w, https:\/\/www.vape4wholesale.com\/wp-content\/uploads\/2025\/01\/Happ-Bar-GR20000-Disposable-Vape-Wholesale-247x247.webp 247w, https:\/\/www.vape4wholesale.com\/wp-content\/uploads\/2025\/01\/Happ-Bar-GR20000-Disposable-Vape-Wholesale-100x100.webp 100w, https:\/\/www.vape4wholesale.com\/wp-content\/uploads\/2025\/01\/Happ-Bar-GR20000-Disposable-Vape-Wholesale-510x510.webp 510w, https:\/\/www.vape4wholesale.com\/wp-content\/uploads\/2025\/01\/Happ-Bar-GR20000-Disposable-Vape-Wholesale-64x64.webp 64w, https:\/\/www.vape4wholesale.com\/wp-content\/uploads\/2025\/01\/Happ-Bar-GR20000-Disposable-Vape-Wholesale-300x300.webp 300w, https:\/\/www.vape4wholesale.com\/wp-content\/uploads\/2025\/01\/Happ-Bar-GR20000-Disposable-Vape-Wholesale-150x150.webp 150w, https:\/\/www.vape4wholesale.com\/wp-content\/uploads\/2025\/01\/Happ-Bar-GR20000-Disposable-Vape-Wholesale-768x768.webp 768w, https:\/\/www.vape4wholesale.com\/wp-content\/uploads\/2025\/01\/Happ-Bar-GR20000-Disposable-Vape-Wholesale-12x12.webp 12w\" sizes=\"auto, (max-width: 800px) 100vw, 800px\" \/><figcaption id=\"caption-attachment-18817\" class=\"wp-caption-text\">Happ Bar GR20000 Vape za enkratno uporabo na debelo<\/figcaption><\/figure>\n<h2>ZAKAJ MI?<\/h2>\r\n<ul>\r\n<li>Resni\u010dni, zanesljivi in strokovni vir za vape.<\/li>\r\n<li>100% Originalno jamstvo: Zavra\u010damo ponarejanje: zagotavljamo samo originalne in pristne izdelke.<\/li>\r\n<li>100% Zagotovilo za dostavo: 100%: uporabljamo najbolj\u0161i na\u010din po\u0161iljanja, da zagotovimo, da prejmete naro\u010dilo 100%.<\/li>\r\n<li>Po odpremi vam bomo posredovali \u0161tevilko za sledenje in nalepko za po\u0161iljanje ter spremljali blago, dokler ga ne podpi\u0161ete.<\/li>\r\n<li>Brez carinskih te\u017eav, brez tarif<\/li>\r\n<\/ul>\n<p>&nbsp;<\/p>\n<p>&nbsp;<\/p>","protected":false},"excerpt":{"rendered":"<p><b><span style=\"color: #00a859;\">Brezpla\u010dna po\u0161tnina<\/span>\u00a0iz evropskega skladi\u0161\u010da, 7-15 delovnih dni dobavni rok.<\/b><\/p>\r\n<div class=\"wsppc_div_block woocommerce_before_add_to_cart_form\">\r\n<p><strong>Prosto carinjenje pred dostavo &amp; 100% Jamstvo dostave<\/strong><\/p>\r\n<\/div>\n<p><span style=\"color: #ff0000;\"><strong>Opomba: Ta izdelek je bil nadgrajen na <a href=\"https:\/\/www.vape4wholesale.com\/sl\/izdelek\/happ-bar-gr30000-enkratno-vape-na-debelo\/\" target=\"_blank\" rel=\"noopener\">GR30000<\/a>, \u2192 <a href=\"https:\/\/www.vape4wholesale.com\/sl\/izdelek\/happ-bar-gr30000-enkratno-vape-na-debelo\/\" target=\"_blank\" rel=\"noopener\">Kliknite za naro\u010dilo nove razli\u010dice.<\/a><\/strong><\/span><\/p>","protected":false},"featured_media":18821,"comment_status":"open","ping_status":"closed","template":"","meta":[],"pwb-brand":[1267],"product_cat":[938],"product_tag":[1035,22,24,692,794],"class_list":{"0":"post-18856","1":"product","2":"type-product","3":"status-publish","4":"has-post-thumbnail","6":"pwb-brand-happ-bar","7":"product_cat-europe-warehouse","8":"product_tag-happ-bar","9":"product_tag-disposable","10":"product_tag-wholesale","11":"product_tag-25-0ml","12":"product_tag-20000-puffs","13":"product_shipping_class-eu-warehouse","14":"wcpa_has_options","16":"first","17":"instock","18":"shipping-taxable","19":"purchasable","20":"product-type-variable"},"aioseo_notices":[],"brands":[{"id":1267,"name":"Bar Happ","slug":"bar-srece"}],"_links":{"self":[{"href":"https:\/\/www.vape4wholesale.com\/sl\/wp-json\/wp\/v2\/product\/18856","targetHints":{"allow":["GET"]}}],"collection":[{"href":"https:\/\/www.vape4wholesale.com\/sl\/wp-json\/wp\/v2\/product"}],"about":[{"href":"https:\/\/www.vape4wholesale.com\/sl\/wp-json\/wp\/v2\/types\/product"}],"replies":[{"embeddable":true,"href":"https:\/\/www.vape4wholesale.com\/sl\/wp-json\/wp\/v2\/comments?post=18856"}],"wp:featuredmedia":[{"embeddable":true,"href":"https:\/\/www.vape4wholesale.com\/sl\/wp-json\/wp\/v2\/media\/18821"}],"wp:attachment":[{"href":"https:\/\/www.vape4wholesale.com\/sl\/wp-json\/wp\/v2\/media?parent=18856"}],"wp:term":[{"taxonomy":"pwb-brand","embeddable":true,"href":"https:\/\/www.vape4wholesale.com\/sl\/wp-json\/wp\/v2\/pwb-brand?post=18856"},{"taxonomy":"product_cat","embeddable":true,"href":"https:\/\/www.vape4wholesale.com\/sl\/wp-json\/wp\/v2\/product_cat?post=18856"},{"taxonomy":"product_tag","embeddable":true,"href":"https:\/\/www.vape4wholesale.com\/sl\/wp-json\/wp\/v2\/product_tag?post=18856"}],"curies":[{"name":"wp","href":"https:\/\/api.w.org\/{rel}","templated":true}]}}