{"id":18747,"date":"2025-01-06T12:32:13","date_gmt":"2025-01-06T04:32:13","guid":{"rendered":"https:\/\/www.vape4wholesale.com\/?post_type=product&#038;p=18747"},"modified":"2026-01-26T13:39:46","modified_gmt":"2026-01-26T13:39:46","slug":"vapsolo-galaxy-30000-puffs-enkratno-vape-debelo","status":"publish","type":"product","link":"https:\/\/www.vape4wholesale.com\/sl\/izdelek\/vapsolo-galaxy-30000-puffs-enkratno-vape-debelo","title":{"rendered":"Vapsolo Galaxy 30000 Puffs za enkratno uporabo Vape na debelo"},"content":{"rendered":"<p>Vapsolo Galaxy 30000 je najnovej\u0161i izdelek v <a title=\"Vapsolo\" href=\"https:\/\/www.vape4wholesale.com\/sl\/product_brand\/vapsolo\/\">Vapsolo<\/a> ki je bil predstavljen januarja 2025, ima dva na\u010dina nastavitve za obi\u010dajni in turbo na\u010din, zaslon z vgrajenimi lu\u010dmi RGB pa prikazuje odstotek teko\u010dine in baterije.<\/p>\n<p><strong>V \u010dem je Vapsolo Galaxy druga\u010den?<\/strong><\/p>\n<ul>\n<li>Prvi\u010d, ima ve\u010dfunkcijski zaslon, s katerim lahko neposredno preklapljate med obi\u010dajnim in eksplozivnim na\u010dinom za razli\u010dne izku\u0161nje pri vapingu. Na zaslonu sta prikazana tudi odstotek preostalega teko\u010dine in odstotek baterije.<\/li>\n<li>Spet ima zadnje ohi\u0161je iz smole, ki poudari teksturo izdelka, hkrati pa prispeva k splo\u0161ni estetiki izdelka.<\/li>\n<li>Na koncu je opremljen s 40 ml teko\u010dine, akumulatorsko baterijo 650 mah. \u010ce i\u0161\u010dete vape za enkratno uporabo, ki je dovolj mo\u010dan, da deluje dlje \u010dasa, bo Vapsolo Galaxy va\u0161a najbolj\u0161a izbira.<\/li>\n<\/ul>\n<h2>Vapsolo Galaxy 30000 Puffs Vape za enkratno uporabo Hitre podrobnosti<\/h2>\n<ul>\n<li>Blagovna znamka in model: Vapsolo Galaxy<\/li>\n<li>Puffs: Do 30.000 puffov<\/li>\n<li>Digitalni zaslon<\/li>\n<li>Kapaciteta e-teko\u010dine: 40 ML<\/li>\n<li>Baterija: 850 mAh (za ponovno polnjenje)<\/li>\n<li>Polnilni priklju\u010dek: Tip C<\/li>\n<li>Vrsta tuljave: Mre\u017easta tuljava: Mre\u017easta tuljava<\/li>\n<li>Odpornost tuljave: 0,6 ohma<\/li>\n<\/ul>\n<h2>Okus na voljo<\/h2>\n<ol>\n<li>Black Ice Dragonfruit Strawberry<\/li>\n<li>Modri razz<\/li>\n<li>Lemon Lime<\/li>\n<li>Citronska breskev<\/li>\n<li>Ananas Kokos<\/li>\n<li>Malina lubenica<\/li>\n<li>Jagoda Banana<\/li>\n<li>jagoda kivi<\/li>\n<li>Jagodni malinovo-\u010de\u0161njev led<\/li>\n<li>Jagodni Red Bull<\/li>\n<li>Trojna melona<\/li>\n<li>Led iz lubenice<\/li>\n<\/ol>\n<h2>Podrobnosti o pakiranju<\/h2>\n<ul>\n<li>1\/ Posamezna \u0161katla<\/li>\n<li>10\/ Prikazna \u0161katla<\/li>\n<li>200\/karton, 26 kg<\/li>\n<\/ul>\n<figure id=\"attachment_18762\" aria-describedby=\"caption-attachment-18762\" style=\"width: 800px\" class=\"wp-caption alignnone\"><img loading=\"lazy\" decoding=\"async\" class=\"wp-image-18762 size-full\" title=\"Vapsolo Galaxy 30000 Puffs za enkratno uporabo Vape na debelo\" src=\"https:\/\/www.vape4wholesale.com\/wp-content\/uploads\/2025\/01\/Vapsolo-Galaxy-30000-Puffs-Disposable-Vape-Wholesale.webp\" alt=\"Vapsolo Galaxy 30000 Puffs za enkratno uporabo Vape na debelo\" width=\"800\" height=\"800\" srcset=\"https:\/\/www.vape4wholesale.com\/wp-content\/uploads\/2025\/01\/Vapsolo-Galaxy-30000-Puffs-Disposable-Vape-Wholesale.webp 800w, https:\/\/www.vape4wholesale.com\/wp-content\/uploads\/2025\/01\/Vapsolo-Galaxy-30000-Puffs-Disposable-Vape-Wholesale-247x247.webp 247w, https:\/\/www.vape4wholesale.com\/wp-content\/uploads\/2025\/01\/Vapsolo-Galaxy-30000-Puffs-Disposable-Vape-Wholesale-100x100.webp 100w, https:\/\/www.vape4wholesale.com\/wp-content\/uploads\/2025\/01\/Vapsolo-Galaxy-30000-Puffs-Disposable-Vape-Wholesale-510x510.webp 510w, https:\/\/www.vape4wholesale.com\/wp-content\/uploads\/2025\/01\/Vapsolo-Galaxy-30000-Puffs-Disposable-Vape-Wholesale-64x64.webp 64w, https:\/\/www.vape4wholesale.com\/wp-content\/uploads\/2025\/01\/Vapsolo-Galaxy-30000-Puffs-Disposable-Vape-Wholesale-300x300.webp 300w, https:\/\/www.vape4wholesale.com\/wp-content\/uploads\/2025\/01\/Vapsolo-Galaxy-30000-Puffs-Disposable-Vape-Wholesale-150x150.webp 150w, https:\/\/www.vape4wholesale.com\/wp-content\/uploads\/2025\/01\/Vapsolo-Galaxy-30000-Puffs-Disposable-Vape-Wholesale-768x768.webp 768w, https:\/\/www.vape4wholesale.com\/wp-content\/uploads\/2025\/01\/Vapsolo-Galaxy-30000-Puffs-Disposable-Vape-Wholesale-12x12.webp 12w\" sizes=\"auto, (max-width: 800px) 100vw, 800px\" \/><figcaption id=\"caption-attachment-18762\" class=\"wp-caption-text\">Vapsolo Galaxy 30000 Puffs za enkratno uporabo Vape na debelo<\/figcaption><\/figure>\n<p><img loading=\"lazy\" decoding=\"async\" class=\"wp-image-18763 size-full\" title=\"Vapsolo Galaxy 30000 Puffs za enkratno uporabo Vape\" src=\"https:\/\/www.vape4wholesale.com\/wp-content\/uploads\/2025\/01\/Vapsolo-Galaxy-30000-Puffs-Disposable-Vape.webp\" alt=\"Vapsolo Galaxy 30000 Puffs za enkratno uporabo Vape\" width=\"800\" height=\"800\" srcset=\"https:\/\/www.vape4wholesale.com\/wp-content\/uploads\/2025\/01\/Vapsolo-Galaxy-30000-Puffs-Disposable-Vape.webp 800w, https:\/\/www.vape4wholesale.com\/wp-content\/uploads\/2025\/01\/Vapsolo-Galaxy-30000-Puffs-Disposable-Vape-247x247.webp 247w, https:\/\/www.vape4wholesale.com\/wp-content\/uploads\/2025\/01\/Vapsolo-Galaxy-30000-Puffs-Disposable-Vape-100x100.webp 100w, https:\/\/www.vape4wholesale.com\/wp-content\/uploads\/2025\/01\/Vapsolo-Galaxy-30000-Puffs-Disposable-Vape-510x510.webp 510w, https:\/\/www.vape4wholesale.com\/wp-content\/uploads\/2025\/01\/Vapsolo-Galaxy-30000-Puffs-Disposable-Vape-64x64.webp 64w, https:\/\/www.vape4wholesale.com\/wp-content\/uploads\/2025\/01\/Vapsolo-Galaxy-30000-Puffs-Disposable-Vape-300x300.webp 300w, https:\/\/www.vape4wholesale.com\/wp-content\/uploads\/2025\/01\/Vapsolo-Galaxy-30000-Puffs-Disposable-Vape-150x150.webp 150w, https:\/\/www.vape4wholesale.com\/wp-content\/uploads\/2025\/01\/Vapsolo-Galaxy-30000-Puffs-Disposable-Vape-768x768.webp 768w, https:\/\/www.vape4wholesale.com\/wp-content\/uploads\/2025\/01\/Vapsolo-Galaxy-30000-Puffs-Disposable-Vape-12x12.webp 12w\" sizes=\"auto, (max-width: 800px) 100vw, 800px\" \/><\/p>\n<h2>ZAKAJ MI?<\/h2>\r\n<ul>\r\n<li>Resni\u010dni, zanesljivi in strokovni vir za vape.<\/li>\r\n<li>100% Originalno jamstvo: Zavra\u010damo ponarejanje: zagotavljamo samo originalne in pristne izdelke.<\/li>\r\n<li>100% Zagotovilo za dostavo: 100%: uporabljamo najbolj\u0161i na\u010din po\u0161iljanja, da zagotovimo, da prejmete naro\u010dilo 100%.<\/li>\r\n<li>Po odpremi vam bomo posredovali \u0161tevilko za sledenje in nalepko za po\u0161iljanje ter spremljali blago, dokler ga ne podpi\u0161ete.<\/li>\r\n<li>Brez carinskih te\u017eav, brez tarif<\/li>\r\n<\/ul>","protected":false},"excerpt":{"rendered":"<p><b><span style=\"color: #00a859;\">Free shipping<\/span>\u00a0from Europe warehouse, 7-15 working days delivery time.<\/b><\/p>\r\n<div class=\"wsppc_div_block woocommerce_before_add_to_cart_form\">\r\n<p><strong>Clear customs before delivery &amp; 100% Delivery Guarantee<\/strong><\/p>\r\n<\/div>","protected":false},"featured_media":18762,"comment_status":"open","ping_status":"closed","template":"","meta":[],"pwb-brand":[1271],"product_cat":[873],"product_tag":[22,24,850,899,1026],"class_list":{"0":"post-18747","1":"product","2":"type-product","3":"status-publish","4":"has-post-thumbnail","6":"pwb-brand-vapsolo","7":"product_cat-above-20k-puffs","8":"product_tag-disposable","9":"product_tag-wholesale","10":"product_tag-30000-puffs","11":"product_tag-vapsolo","12":"product_tag-40-0ml","13":"product_shipping_class-vapsolo-cn-eu","14":"wcpa_has_options","16":"first","17":"instock","18":"shipping-taxable","19":"purchasable","20":"product-type-variable"},"aioseo_notices":[],"brands":[{"id":1271,"name":"Vapsolo","slug":"vapsolo"}],"_links":{"self":[{"href":"https:\/\/www.vape4wholesale.com\/sl\/wp-json\/wp\/v2\/product\/18747","targetHints":{"allow":["GET"]}}],"collection":[{"href":"https:\/\/www.vape4wholesale.com\/sl\/wp-json\/wp\/v2\/product"}],"about":[{"href":"https:\/\/www.vape4wholesale.com\/sl\/wp-json\/wp\/v2\/types\/product"}],"replies":[{"embeddable":true,"href":"https:\/\/www.vape4wholesale.com\/sl\/wp-json\/wp\/v2\/comments?post=18747"}],"wp:featuredmedia":[{"embeddable":true,"href":"https:\/\/www.vape4wholesale.com\/sl\/wp-json\/wp\/v2\/media\/18762"}],"wp:attachment":[{"href":"https:\/\/www.vape4wholesale.com\/sl\/wp-json\/wp\/v2\/media?parent=18747"}],"wp:term":[{"taxonomy":"pwb-brand","embeddable":true,"href":"https:\/\/www.vape4wholesale.com\/sl\/wp-json\/wp\/v2\/pwb-brand?post=18747"},{"taxonomy":"product_cat","embeddable":true,"href":"https:\/\/www.vape4wholesale.com\/sl\/wp-json\/wp\/v2\/product_cat?post=18747"},{"taxonomy":"product_tag","embeddable":true,"href":"https:\/\/www.vape4wholesale.com\/sl\/wp-json\/wp\/v2\/product_tag?post=18747"}],"curies":[{"name":"wp","href":"https:\/\/api.w.org\/{rel}","templated":true}]}}