{"id":18581,"date":"2024-12-23T12:29:39","date_gmt":"2024-12-23T04:29:39","guid":{"rendered":"https:\/\/www.vape4wholesale.com\/?post_type=product&#038;p=18581"},"modified":"2026-01-26T13:39:48","modified_gmt":"2026-01-26T13:39:48","slug":"zzooy-firzen-35000-puffs-enkratno-vape-na-debelo","status":"publish","type":"product","link":"https:\/\/www.vape4wholesale.com\/sl\/product\/zzooy-firzen-35000-puffs-disposable-vape-wholesale","title":{"rendered":"Zooy Firzen 35000 Puffs za enkratno uporabo Vape na debelo"},"content":{"rendered":"<p>. <a title=\"Zooy\" href=\"https:\/\/www.vape4wholesale.com\/sl\/product_brand\/zooy\/\"><strong>Zooy<\/strong><\/a> Firzen 35000 je opremljen z nastavitvijo hladnosti in nikotina s tremi stopnjami. sestava s 30 ml ejuice podom in 650mah akumulatorsko baterijo omogo\u010da podporo do 35.000 puffov.<\/p>\n<p>Zooy Firzen je izdelan iz kovine, zaradi ravnega videza pa izstopa, saj se pri vapingu na spodnjem delu prika\u017eejo razli\u010dne barve, pri \u010demer se pri\u017ege rde\u010da lu\u010dka, ki ozna\u010duje, da ste nastavljeni na nizko ohlajanje in nizko vsebnost nikotina. Zelena lu\u010dka se pri\u017ege, kar pomeni, da uporabljate srednje hladno nastavitev s srednjo vrednostjo nikotina. Modra lu\u010dka ozna\u010duje, da uporabljate nastavitev za visoko ohlajanje z visoko vsebnostjo nikotina.<\/p>\n<p>Kako spremeniti nastavitve igre Zooy Firezen? to je zelo preprosto, samo dvakrat kliknite, da preklopite na naslednjo stopnjo.<\/p>\n<h2>Zooy Firzen 35000 Vape za enkratno uporabo Hitre podrobnosti<\/h2>\n<ul>\n<li>Puffs Podpora: 35,000<\/li>\n<li>Glavna funkcija: hladnost in nadzor nikotina<\/li>\n<li>Eliquid: 30ml<\/li>\n<li>Zmogljivost baterije: 650 mAh<\/li>\n<li>Telesna te\u017ea: 90g<\/li>\n<li>Velikost telesa: 103,5 * 45 * 21 mm<\/li>\n<li>1,0 + 1,0 ohm dvojna mre\u017ena tuljava<\/li>\n<li>3 barve LGB svetlobe<\/li>\n<li>TYPE-C za polnjenje<\/li>\n<\/ul>\n<h2>Razpolo\u017eljivi okusi<\/h2>\n<ul>\n<li>01. Lubeni\u010dni led<\/li>\n<li>02. Aloe Grape<\/li>\n<li>03. Strawberry Banana<\/li>\n<li>04. Jagoda malina kivi<\/li>\n<li>05. Borovni\u010deva malinova limonada<\/li>\n<li>06. Ananas in kokos<\/li>\n<li>07. Mentol<\/li>\n<li>08. Jagodna lubenica<\/li>\n<li>09. Me\u0161ano jagodi\u010devje<\/li>\n<li>10. Blackberry Cranberry<\/li>\n<\/ul>\n<h2>Podrobnosti o pakiranju<\/h2>\n<ul>\n<li>1 kos\/posamezna \u0161katla<\/li>\n<li>10 kosov\/razstavna \u0161katla<\/li>\n<li>200 kosov\/karton<\/li>\n<li>20 kg\/karton<\/li>\n<\/ul>\n<figure id=\"attachment_18582\" aria-describedby=\"caption-attachment-18582\" style=\"width: 800px\" class=\"wp-caption alignnone\"><img loading=\"lazy\" decoding=\"async\" class=\"size-full wp-image-18582\" title=\"Zooy Firzen 35000 Puffs za enkratno uporabo Vape na debelo\" src=\"https:\/\/www.vape4wholesale.com\/wp-content\/uploads\/2024\/12\/Zooy-Firzen-35000-Puffs-Disposable-Vape-Wholesale.webp\" alt=\"Zooy Firzen 35000 Puffs za enkratno uporabo Vape na debelo\" width=\"800\" height=\"800\" srcset=\"https:\/\/www.vape4wholesale.com\/wp-content\/uploads\/2024\/12\/Zooy-Firzen-35000-Puffs-Disposable-Vape-Wholesale.webp 800w, https:\/\/www.vape4wholesale.com\/wp-content\/uploads\/2024\/12\/Zooy-Firzen-35000-Puffs-Disposable-Vape-Wholesale-247x247.webp 247w, https:\/\/www.vape4wholesale.com\/wp-content\/uploads\/2024\/12\/Zooy-Firzen-35000-Puffs-Disposable-Vape-Wholesale-100x100.webp 100w, https:\/\/www.vape4wholesale.com\/wp-content\/uploads\/2024\/12\/Zooy-Firzen-35000-Puffs-Disposable-Vape-Wholesale-510x510.webp 510w, https:\/\/www.vape4wholesale.com\/wp-content\/uploads\/2024\/12\/Zooy-Firzen-35000-Puffs-Disposable-Vape-Wholesale-64x64.webp 64w, https:\/\/www.vape4wholesale.com\/wp-content\/uploads\/2024\/12\/Zooy-Firzen-35000-Puffs-Disposable-Vape-Wholesale-300x300.webp 300w, https:\/\/www.vape4wholesale.com\/wp-content\/uploads\/2024\/12\/Zooy-Firzen-35000-Puffs-Disposable-Vape-Wholesale-150x150.webp 150w, https:\/\/www.vape4wholesale.com\/wp-content\/uploads\/2024\/12\/Zooy-Firzen-35000-Puffs-Disposable-Vape-Wholesale-768x768.webp 768w, https:\/\/www.vape4wholesale.com\/wp-content\/uploads\/2024\/12\/Zooy-Firzen-35000-Puffs-Disposable-Vape-Wholesale-12x12.webp 12w\" sizes=\"auto, (max-width: 800px) 100vw, 800px\" \/><figcaption id=\"caption-attachment-18582\" class=\"wp-caption-text\">Zooy Firzen 35000 Puffs za enkratno uporabo Vape na debelo<\/figcaption><\/figure>\n<figure id=\"attachment_18583\" aria-describedby=\"caption-attachment-18583\" style=\"width: 800px\" class=\"wp-caption alignnone\"><img loading=\"lazy\" decoding=\"async\" class=\"wp-image-18583 size-full\" title=\"Zooy Firzen 35000 Puffs za enkratno uporabo Vape na debelo Display Box\" src=\"https:\/\/www.vape4wholesale.com\/wp-content\/uploads\/2024\/12\/Zooy-Firzen-35000-Puffs-Disposable-Vape-Wholesale-Display-Box.webp\" alt=\"Zooy Firzen 35000 Puffs za enkratno uporabo Vape na debelo Display Box\" width=\"800\" height=\"800\" srcset=\"https:\/\/www.vape4wholesale.com\/wp-content\/uploads\/2024\/12\/Zooy-Firzen-35000-Puffs-Disposable-Vape-Wholesale-Display-Box.webp 800w, https:\/\/www.vape4wholesale.com\/wp-content\/uploads\/2024\/12\/Zooy-Firzen-35000-Puffs-Disposable-Vape-Wholesale-Display-Box-247x247.webp 247w, https:\/\/www.vape4wholesale.com\/wp-content\/uploads\/2024\/12\/Zooy-Firzen-35000-Puffs-Disposable-Vape-Wholesale-Display-Box-100x100.webp 100w, https:\/\/www.vape4wholesale.com\/wp-content\/uploads\/2024\/12\/Zooy-Firzen-35000-Puffs-Disposable-Vape-Wholesale-Display-Box-510x510.webp 510w, https:\/\/www.vape4wholesale.com\/wp-content\/uploads\/2024\/12\/Zooy-Firzen-35000-Puffs-Disposable-Vape-Wholesale-Display-Box-64x64.webp 64w, https:\/\/www.vape4wholesale.com\/wp-content\/uploads\/2024\/12\/Zooy-Firzen-35000-Puffs-Disposable-Vape-Wholesale-Display-Box-300x300.webp 300w, https:\/\/www.vape4wholesale.com\/wp-content\/uploads\/2024\/12\/Zooy-Firzen-35000-Puffs-Disposable-Vape-Wholesale-Display-Box-150x150.webp 150w, https:\/\/www.vape4wholesale.com\/wp-content\/uploads\/2024\/12\/Zooy-Firzen-35000-Puffs-Disposable-Vape-Wholesale-Display-Box-768x768.webp 768w, https:\/\/www.vape4wholesale.com\/wp-content\/uploads\/2024\/12\/Zooy-Firzen-35000-Puffs-Disposable-Vape-Wholesale-Display-Box-12x12.webp 12w\" sizes=\"auto, (max-width: 800px) 100vw, 800px\" \/><figcaption id=\"caption-attachment-18583\" class=\"wp-caption-text\">Zooy Firzen 35000 Puffs za enkratno uporabo Vape na debelo Display Box<\/figcaption><\/figure>\n<h2>ZAKAJ MI?<\/h2>\r\n<ul>\r\n<li>Resni\u010dni, zanesljivi in strokovni vir za vape.<\/li>\r\n<li>100% Originalno jamstvo: Zavra\u010damo ponarejanje: zagotavljamo samo originalne in pristne izdelke.<\/li>\r\n<li>100% Zagotovilo za dostavo: 100%: uporabljamo najbolj\u0161i na\u010din po\u0161iljanja, da zagotovimo, da prejmete naro\u010dilo 100%.<\/li>\r\n<li>Po odpremi vam bomo posredovali \u0161tevilko za sledenje in nalepko za po\u0161iljanje ter spremljali blago, dokler ga ne podpi\u0161ete.<\/li>\r\n<li>Brez carinskih te\u017eav, brez tarif<\/li>\r\n<\/ul>","protected":false},"excerpt":{"rendered":"<div class=\"wsppc_div_block woocommerce_before_add_to_cart_form\">\r\n<p><strong><span style=\"color: #00a859;\">Opraviti carinsko po\u0161to<\/span> pred dostavo &amp; 100% Garancija dostave, Dostava v pribli\u017eno 19\u201325 dneh.\u00a0<\/strong><\/p>\r\n<\/div>","protected":false},"featured_media":18582,"comment_status":"open","ping_status":"closed","template":"","meta":[],"pwb-brand":[1273],"product_cat":[873],"product_tag":[1024,22,24,1022,1023],"class_list":{"0":"post-18581","1":"product","2":"type-product","3":"status-publish","4":"has-post-thumbnail","6":"pwb-brand-zooy","7":"product_cat-above-20k-puffs","8":"product_tag-30-ml","9":"product_tag-disposable","10":"product_tag-wholesale","11":"product_tag-zooy","12":"product_tag-35000-puffs","13":"wcpa_has_options","15":"first","16":"instock","17":"shipping-taxable","18":"purchasable","19":"product-type-variable"},"aioseo_notices":[],"brands":[{"id":1273,"name":"Zooy","slug":"zooy"}],"_links":{"self":[{"href":"https:\/\/www.vape4wholesale.com\/sl\/wp-json\/wp\/v2\/product\/18581","targetHints":{"allow":["GET"]}}],"collection":[{"href":"https:\/\/www.vape4wholesale.com\/sl\/wp-json\/wp\/v2\/product"}],"about":[{"href":"https:\/\/www.vape4wholesale.com\/sl\/wp-json\/wp\/v2\/types\/product"}],"replies":[{"embeddable":true,"href":"https:\/\/www.vape4wholesale.com\/sl\/wp-json\/wp\/v2\/comments?post=18581"}],"wp:featuredmedia":[{"embeddable":true,"href":"https:\/\/www.vape4wholesale.com\/sl\/wp-json\/wp\/v2\/media\/18582"}],"wp:attachment":[{"href":"https:\/\/www.vape4wholesale.com\/sl\/wp-json\/wp\/v2\/media?parent=18581"}],"wp:term":[{"taxonomy":"pwb-brand","embeddable":true,"href":"https:\/\/www.vape4wholesale.com\/sl\/wp-json\/wp\/v2\/pwb-brand?post=18581"},{"taxonomy":"product_cat","embeddable":true,"href":"https:\/\/www.vape4wholesale.com\/sl\/wp-json\/wp\/v2\/product_cat?post=18581"},{"taxonomy":"product_tag","embeddable":true,"href":"https:\/\/www.vape4wholesale.com\/sl\/wp-json\/wp\/v2\/product_tag?post=18581"}],"curies":[{"name":"wp","href":"https:\/\/api.w.org\/{rel}","templated":true}]}}