{"id":18528,"date":"2024-12-22T15:16:59","date_gmt":"2024-12-22T07:16:59","guid":{"rendered":"https:\/\/www.vape4wholesale.com\/?post_type=product&#038;p=18528"},"modified":"2026-01-27T13:55:14","modified_gmt":"2026-01-27T13:55:14","slug":"waspe-fihp-30000-30k-puffs-enkratno-vape-na-debelo-2","status":"publish","type":"product","link":"https:\/\/www.vape4wholesale.com\/sl\/product\/waspe-fihp-30000-30k-puffs-disposable-vape-wholesale","title":{"rendered":"WASPE FIHP 30000 30K Puffs Vape za enkratno uporabo na debelo"},"content":{"rendered":"<p>Spletna stran <strong><a title=\"WASPE\" href=\"https:\/\/www.vape4wholesale.com\/sl\/product_brand\/waspe\/\">WASPE<\/a> FIHP 30000 30K<\/strong> Puffs Vape za enkratno uporabo je zasnovan za vaperje, ki i\u0161\u010dejo kakovost in dolgo \u017eivljenjsko dobo. Ta inovativna naprava zagotavlja impresivnih 30 000 vdihov v obi\u010dajnem na\u010dinu in 15 000 vdihov v pulznem na\u010dinu, kar zagotavlja dolgotrajno izku\u0161njo vapanja brez potrebe po pogosti menjavi.<\/p>\n<p>WASPE FIHP 30K ima impresivno zmogljivost 28 ml e-teko\u010dine in ponuja prilagodljive nikotinske mo\u017enosti 0%, 2% in 5%, ki ustrezajo vsem \u017eeljam. Njegov sistem z dvojno mre\u017easto tuljavo (1ohm + 1ohm) izbolj\u0161a intenzivnost okusa in proizvodnjo pare za vsakokratno zadovoljivo vdihavanje.<\/p>\n<p>Naprava ima baterijo s kapaciteto 850 mAh, ki jo je mogo\u010de polniti prek vhoda Type-C za hitro in u\u010dinkovito polnjenje. Nastavljiv pretok zraka omogo\u010da enostavno prilagajanje na\u010dina vapanja, ki ustreza va\u0161emu slogu vapanja. Poleg tega vgrajeni LED-zaslon omogo\u010da enostavno spremljanje statisti\u010dnih podatkov o vapiranju, kompaktna zasnova pa zagotavlja prenosljivost.<\/p>\n<p>Ta naprava ima tudi ime WASPE FX 30000 BOX,WASPE FW 30000 BOX in WASPE FIHP 30K<\/p>\n<h2>WASPE FIHP 30000 30K Puffs Vape za enkratno uporabo Hitre podrobnosti<strong><br \/>\n<\/strong><\/h2>\n<ul>\n<li>Obi\u010dajni na\u010din: 30000 puffov<\/li>\n<li>Impulzni na\u010din: 15000 puffov<\/li>\n<li>Dvojna mre\u017ena tuljava: 1ohm+1ohm<\/li>\n<li>E-teko\u010dina: 28ml<\/li>\n<li>Nicotine:0%\/2%\/5%<\/li>\n<li>Baterija: 850 mah<\/li>\n<li>Nastavljiv pretok zraka<\/li>\n<li>Polnjenje: tip C<\/li>\n<li>Zaslon LED<\/li>\n<\/ul>\n<h2>Razpolo\u017eljivi okusi<\/h2>\n<ul>\n<li>01. Strawberry Mango<\/li>\n<li>02. Me\u0161ano jagodi\u010devje<\/li>\n<li>03. Lubeni\u010dni led<\/li>\n<li>04. Jagodna lubenica<\/li>\n<li>05. Jagodni Red Bull<\/li>\n<li>06. Kivi Pasijonka Guava<\/li>\n<li>07. Grape Ice<\/li>\n<li>08. Dvojni jabol\u010dni led<\/li>\n<li>09. Blueberry Raspberry<\/li>\n<li>10. Lubenica Mango Breskev<\/li>\n<li>11. Borovni\u010dev led<\/li>\n<li>12. Breskev jagodi\u010devje<\/li>\n<li>13. Jagodni kivi<\/li>\n<li>14. \u010ce\u0161njev led<\/li>\n<li>15. Jagoda malina \u010de\u0161nja<\/li>\n<li>16. Lubenica Bubblegum<\/li>\n<\/ul>\n<h2>Podrobnosti o pakiranju<\/h2>\n<ul>\n<li>Te\u017ea izdelka: 107 g\/kos<\/li>\n<li>Velikost izdelka: 61 * 31 * 115 mm<\/li>\n<li>Velikost \u0161katle: 650 * 330 * 240 mm<\/li>\n<li>Koli\u010dina: 200 kosov v \u0161katli, 10 kosov v \u0161katli<\/li>\n<li>Te\u017ea: 23 kg<\/li>\n<\/ul>\n<figure id=\"attachment_18529\" aria-describedby=\"caption-attachment-18529\" style=\"width: 800px\" class=\"wp-caption alignnone\"><img loading=\"lazy\" decoding=\"async\" class=\"size-full wp-image-18529\" title=\"WASPE FIHP 30000 30K Puffs Vape za enkratno uporabo na debelo\" src=\"https:\/\/www.vape4wholesale.com\/wp-content\/uploads\/2024\/12\/WASPE-FIHP-30000-30K-Puffs-Disposable-Vape-Wholesale.webp\" alt=\"WASPE FIHP 30000 30K Puffs Vape za enkratno uporabo na debelo\" width=\"800\" height=\"800\" srcset=\"https:\/\/www.vape4wholesale.com\/wp-content\/uploads\/2024\/12\/WASPE-FIHP-30000-30K-Puffs-Disposable-Vape-Wholesale.webp 800w, https:\/\/www.vape4wholesale.com\/wp-content\/uploads\/2024\/12\/WASPE-FIHP-30000-30K-Puffs-Disposable-Vape-Wholesale-247x247.webp 247w, https:\/\/www.vape4wholesale.com\/wp-content\/uploads\/2024\/12\/WASPE-FIHP-30000-30K-Puffs-Disposable-Vape-Wholesale-100x100.webp 100w, https:\/\/www.vape4wholesale.com\/wp-content\/uploads\/2024\/12\/WASPE-FIHP-30000-30K-Puffs-Disposable-Vape-Wholesale-510x510.webp 510w\" sizes=\"auto, (max-width: 800px) 100vw, 800px\" \/><figcaption id=\"caption-attachment-18529\" class=\"wp-caption-text\">WASPE FIHP 30000 30K Puffs Vape za enkratno uporabo na debelo<\/figcaption><\/figure>\n<figure id=\"attachment_18531\" aria-describedby=\"caption-attachment-18531\" style=\"width: 800px\" class=\"wp-caption alignnone\"><img loading=\"lazy\" decoding=\"async\" class=\"size-full wp-image-18531\" title=\"WASPE FIHP 30000 30K Puffs za enkratno uporabo Vape na debelo 3\" src=\"https:\/\/www.vape4wholesale.com\/wp-content\/uploads\/2024\/12\/WASPE-FIHP-30000-30K-Puffs-Disposable-Vape-Wholesale-3.webp\" alt=\"WASPE FIHP 30000 30K Puffs za enkratno uporabo Vape na debelo 3\" width=\"800\" height=\"800\" srcset=\"https:\/\/www.vape4wholesale.com\/wp-content\/uploads\/2024\/12\/WASPE-FIHP-30000-30K-Puffs-Disposable-Vape-Wholesale-3.webp 800w, https:\/\/www.vape4wholesale.com\/wp-content\/uploads\/2024\/12\/WASPE-FIHP-30000-30K-Puffs-Disposable-Vape-Wholesale-3-247x247.webp 247w, https:\/\/www.vape4wholesale.com\/wp-content\/uploads\/2024\/12\/WASPE-FIHP-30000-30K-Puffs-Disposable-Vape-Wholesale-3-100x100.webp 100w, https:\/\/www.vape4wholesale.com\/wp-content\/uploads\/2024\/12\/WASPE-FIHP-30000-30K-Puffs-Disposable-Vape-Wholesale-3-510x510.webp 510w, https:\/\/www.vape4wholesale.com\/wp-content\/uploads\/2024\/12\/WASPE-FIHP-30000-30K-Puffs-Disposable-Vape-Wholesale-3-64x64.webp 64w, https:\/\/www.vape4wholesale.com\/wp-content\/uploads\/2024\/12\/WASPE-FIHP-30000-30K-Puffs-Disposable-Vape-Wholesale-3-300x300.webp 300w, https:\/\/www.vape4wholesale.com\/wp-content\/uploads\/2024\/12\/WASPE-FIHP-30000-30K-Puffs-Disposable-Vape-Wholesale-3-150x150.webp 150w, https:\/\/www.vape4wholesale.com\/wp-content\/uploads\/2024\/12\/WASPE-FIHP-30000-30K-Puffs-Disposable-Vape-Wholesale-3-768x768.webp 768w, https:\/\/www.vape4wholesale.com\/wp-content\/uploads\/2024\/12\/WASPE-FIHP-30000-30K-Puffs-Disposable-Vape-Wholesale-3-12x12.webp 12w\" sizes=\"auto, (max-width: 800px) 100vw, 800px\" \/><figcaption id=\"caption-attachment-18531\" class=\"wp-caption-text\">WASPE FIHP 30000 30K Puffs za enkratno uporabo Vape Packing<\/figcaption><\/figure>\n<h2>ZAKAJ MI?<\/h2>\r\n<ul>\r\n<li>Resni\u010dni, zanesljivi in strokovni vir za vape.<\/li>\r\n<li>100% Originalno jamstvo: Zavra\u010damo ponarejanje: zagotavljamo samo originalne in pristne izdelke.<\/li>\r\n<li>100% Zagotovilo za dostavo: 100%: uporabljamo najbolj\u0161i na\u010din po\u0161iljanja, da zagotovimo, da prejmete naro\u010dilo 100%.<\/li>\r\n<li>Po odpremi vam bomo posredovali \u0161tevilko za sledenje in nalepko za po\u0161iljanje ter spremljali blago, dokler ga ne podpi\u0161ete.<\/li>\r\n<li>Brez carinskih te\u017eav, brez tarif<\/li>\r\n<\/ul>","protected":false},"excerpt":{"rendered":"<div class=\"wsppc_div_block woocommerce_before_add_to_cart_form\">\r\n<p><strong><span style=\"color: #00a859;\">Opraviti carinsko po\u0161to<\/span> pred dostavo &amp; 100% Garancija dostave, Dostava v pribli\u017eno 19\u201325 dneh.\u00a0<\/strong><\/p>\r\n<\/div>","protected":false},"featured_media":18529,"comment_status":"open","ping_status":"closed","template":"","meta":[],"pwb-brand":[1272],"product_cat":[873],"product_tag":[22,24,793,850,999],"class_list":{"0":"post-18528","1":"product","2":"type-product","3":"status-publish","4":"has-post-thumbnail","6":"pwb-brand-waspe","7":"product_cat-above-20k-puffs","8":"product_tag-disposable","9":"product_tag-wholesale","10":"product_tag-28-0ml","11":"product_tag-30000-puffs","12":"product_tag-waspe","13":"wcpa_has_options","15":"first","16":"outofstock","17":"shipping-taxable","18":"purchasable","19":"product-type-variable"},"aioseo_notices":[],"brands":[{"id":1272,"name":"Waspe","slug":"waspe"}],"_links":{"self":[{"href":"https:\/\/www.vape4wholesale.com\/sl\/wp-json\/wp\/v2\/product\/18528","targetHints":{"allow":["GET"]}}],"collection":[{"href":"https:\/\/www.vape4wholesale.com\/sl\/wp-json\/wp\/v2\/product"}],"about":[{"href":"https:\/\/www.vape4wholesale.com\/sl\/wp-json\/wp\/v2\/types\/product"}],"replies":[{"embeddable":true,"href":"https:\/\/www.vape4wholesale.com\/sl\/wp-json\/wp\/v2\/comments?post=18528"}],"wp:featuredmedia":[{"embeddable":true,"href":"https:\/\/www.vape4wholesale.com\/sl\/wp-json\/wp\/v2\/media\/18529"}],"wp:attachment":[{"href":"https:\/\/www.vape4wholesale.com\/sl\/wp-json\/wp\/v2\/media?parent=18528"}],"wp:term":[{"taxonomy":"pwb-brand","embeddable":true,"href":"https:\/\/www.vape4wholesale.com\/sl\/wp-json\/wp\/v2\/pwb-brand?post=18528"},{"taxonomy":"product_cat","embeddable":true,"href":"https:\/\/www.vape4wholesale.com\/sl\/wp-json\/wp\/v2\/product_cat?post=18528"},{"taxonomy":"product_tag","embeddable":true,"href":"https:\/\/www.vape4wholesale.com\/sl\/wp-json\/wp\/v2\/product_tag?post=18528"}],"curies":[{"name":"wp","href":"https:\/\/api.w.org\/{rel}","templated":true}]}}