{"id":1852,"date":"2022-07-29T10:37:10","date_gmt":"2022-07-29T02:37:10","guid":{"rendered":"https:\/\/www.vape4wholesale.com\/?post_type=product&#038;p=1852"},"modified":"2026-01-26T13:43:25","modified_gmt":"2026-01-26T13:43:25","slug":"randm-tornado-7000-puffs-enkratno-vape-na-debelo","status":"publish","type":"product","link":"https:\/\/www.vape4wholesale.com\/sl\/product\/randm-tornado-7000-puffs-disposable-vape-wholesale","title":{"rendered":"RandM Tornado 7000 Puffs za enkratno uporabo Vape na debelo"},"content":{"rendered":"<p><strong><a href=\"https:\/\/www.vape4wholesale.com\/sl\/product_brand\/randm\/\">RandM<\/a> Tornado 7000<\/strong>\u00a0je naprava za vape za enkratno uporabo z nadzorom pretoka zraka in jo je mogo\u010de polniti. Vsebuje 14 ml 5% nikotinske soli e-sok in omogo\u010da do 7000 vdihov. Izbirate lahko med 20 okusi. Z nadzorom pretoka zraka lahko izberete najbolj\u0161e mesto, ki vam ustreza, poleg tega ima na zadnji strani naprave priklju\u010dek za polnjenje tipa C, ki zagotavlja, da boste v rezervoarju vedno do konca izpilili zadnjo kapljico e-soje.<\/p>\n<h2><b data-stringify-type=\"bold\">RandM Tornado 7000 Vape za enkratno uporabo Zna\u010dilnosti<\/b><\/h2>\n<ul>\n<li>0\/2\/3\/5% Nikotinska sol<\/li>\n<li>14ML E-teko\u010dine<\/li>\n<li>7000 vdihov na napravo<\/li>\n<li>Nadzor pretoka zraka<\/li>\n<li>Tip-C Recgarge<\/li>\n<li>Baterija za polnjenje<\/li>\n<li>Vgrajena baterija 850 mAh<\/li>\n<li>Na voljo je 52 okusov<\/li>\n<li>10 kosov v \u0161katli z zaslonom<\/li>\n<li>240 kosov v \u0161katli\/ 17 kg<\/li>\n<li>velikost \u0161katle: 46,2 * 26,9 * 30,6 CM<\/li>\n<\/ul>\n<h2><b data-stringify-type=\"bold\">Razpolo\u017eljivi okusi<\/b><\/h2>\n<p>1.Cool Mint<br \/>\n2.Lush Ice<br \/>\n3.Tangerine led<br \/>\n4.Strawberry Donut<br \/>\n5.Gummy Bear<br \/>\n6.Blueberry na ledu<br \/>\n7.Mango na ledu<br \/>\n8.Peach Ice<br \/>\n9.Banana Ice<br \/>\n10.Grape Ice<br \/>\n11.Pink Lemonade<br \/>\n12.Pina Colada Rum<br \/>\n13.Mixed Berries<br \/>\n14.Banana Milkshake<br \/>\n15.Stawberry lubenica<br \/>\n16.Red Apple Lemon<br \/>\n17.Ananasov led<br \/>\n18.Cotton Candy<br \/>\n19.Jagodna banana<br \/>\n20.Jagodni led<br \/>\n21.Strawberry Kiwi<br \/>\n22.Rde\u010di energijski led<br \/>\n23.Blue razz limonada<br \/>\n24.Red jabol\u010dni led<br \/>\n25.Jagodna limonada<br \/>\n26.Blueberry bubblegum<br \/>\n27.Bluesour malina<br \/>\n28.Mr modra<br \/>\n29.Apple breskev hru\u0161ka<br \/>\n30.Blueberry granatno jabolko<br \/>\n31.Vimto<br \/>\n32.Kiwi strastno sadje guava<br \/>\n33.Cola<br \/>\n34.Kislo jabolko<br \/>\n35.\u010crni ribez mentol<br \/>\n36.Tigrova kri<br \/>\n37.Peach borovnice sladkarije<br \/>\n38.Peach mango<br \/>\n39.Strawberry Red Bull<br \/>\n40.Blackcurrant Ice<br \/>\n41.Strawberry Watermelon Lemonade<br \/>\n42.Cherry<br \/>\n43.Blue Razz Cherry<br \/>\n44.Skittles<br \/>\n45.Blueberry Raspberry<br \/>\n46. Slamnato grozdje<br \/>\n47. Borovnica \u010ce\u0161nja Brusnica<br \/>\n48.Apple Berry blast<br \/>\n49.Cherry Cola<br \/>\n50.Lemon&amp;Lime<br \/>\n51. Pink Burst<br \/>\n52. Pacific Cooler<\/p>\n<h2><strong>Pakiranje<\/strong><\/h2>\n<p>240 kosov v \u0161katli, 17 kg<\/p>\n<p><img loading=\"lazy\" decoding=\"async\" class=\"alignnone size-full wp-image-12769\" title=\"RandM Tornado 7000 polnilna kontrola pretoka zraka za enkratno uporabo Vape na debelo\" src=\"https:\/\/www.vape4wholesale.com\/wp-content\/uploads\/2022\/07\/RandM-Tornado-7000-Rechargeable-Airflow-Control-Disposable-Vape-Wholesale.jpg\" alt=\"RandM Tornado 7000 polnilna kontrola pretoka zraka za enkratno uporabo Vape na debelo\" width=\"800\" height=\"684\" srcset=\"https:\/\/www.vape4wholesale.com\/wp-content\/uploads\/2022\/07\/RandM-Tornado-7000-Rechargeable-Airflow-Control-Disposable-Vape-Wholesale.jpg 800w, https:\/\/www.vape4wholesale.com\/wp-content\/uploads\/2022\/07\/RandM-Tornado-7000-Rechargeable-Airflow-Control-Disposable-Vape-Wholesale-510x436.jpg 510w\" sizes=\"auto, (max-width: 800px) 100vw, 800px\" \/> <img loading=\"lazy\" decoding=\"async\" class=\"alignnone size-full wp-image-12770\" title=\"RandM Tornado 7000 Vape za enkratno uporabo na debelo Jagodni krof okusov\" src=\"https:\/\/www.vape4wholesale.com\/wp-content\/uploads\/2022\/07\/RandM-Tornado-7000-Disposable-Vape-Wholesale-Strawberry-Donut-Flavors.jpg\" alt=\"RandM Tornado 7000 Vape za enkratno uporabo na debelo Jagodni krof okusov\" width=\"800\" height=\"800\" srcset=\"https:\/\/www.vape4wholesale.com\/wp-content\/uploads\/2022\/07\/RandM-Tornado-7000-Disposable-Vape-Wholesale-Strawberry-Donut-Flavors.jpg 800w, https:\/\/www.vape4wholesale.com\/wp-content\/uploads\/2022\/07\/RandM-Tornado-7000-Disposable-Vape-Wholesale-Strawberry-Donut-Flavors-247x247.jpg 247w, https:\/\/www.vape4wholesale.com\/wp-content\/uploads\/2022\/07\/RandM-Tornado-7000-Disposable-Vape-Wholesale-Strawberry-Donut-Flavors-100x100.jpg 100w, https:\/\/www.vape4wholesale.com\/wp-content\/uploads\/2022\/07\/RandM-Tornado-7000-Disposable-Vape-Wholesale-Strawberry-Donut-Flavors-510x510.jpg 510w, https:\/\/www.vape4wholesale.com\/wp-content\/uploads\/2022\/07\/RandM-Tornado-7000-Disposable-Vape-Wholesale-Strawberry-Donut-Flavors-64x64.jpg 64w, https:\/\/www.vape4wholesale.com\/wp-content\/uploads\/2022\/07\/RandM-Tornado-7000-Disposable-Vape-Wholesale-Strawberry-Donut-Flavors-300x300.jpg 300w, https:\/\/www.vape4wholesale.com\/wp-content\/uploads\/2022\/07\/RandM-Tornado-7000-Disposable-Vape-Wholesale-Strawberry-Donut-Flavors-150x150.jpg 150w, https:\/\/www.vape4wholesale.com\/wp-content\/uploads\/2022\/07\/RandM-Tornado-7000-Disposable-Vape-Wholesale-Strawberry-Donut-Flavors-768x768.jpg 768w\" sizes=\"auto, (max-width: 800px) 100vw, 800px\" \/> <img loading=\"lazy\" decoding=\"async\" class=\"alignnone size-full wp-image-12771\" title=\"RandM Tornado 7000 Vape za enkratno uporabo na debelo Jagodni led Okusi\" src=\"https:\/\/www.vape4wholesale.com\/wp-content\/uploads\/2022\/07\/RandM-Tornado-7000-Disposable-Vape-Wholesale-Strawberry-ice-Flavors.jpg\" alt=\"RandM Tornado 7000 Vape za enkratno uporabo na debelo Jagodni led Okusi\" width=\"800\" height=\"800\" srcset=\"https:\/\/www.vape4wholesale.com\/wp-content\/uploads\/2022\/07\/RandM-Tornado-7000-Disposable-Vape-Wholesale-Strawberry-ice-Flavors.jpg 800w, https:\/\/www.vape4wholesale.com\/wp-content\/uploads\/2022\/07\/RandM-Tornado-7000-Disposable-Vape-Wholesale-Strawberry-ice-Flavors-247x247.jpg 247w, https:\/\/www.vape4wholesale.com\/wp-content\/uploads\/2022\/07\/RandM-Tornado-7000-Disposable-Vape-Wholesale-Strawberry-ice-Flavors-100x100.jpg 100w, https:\/\/www.vape4wholesale.com\/wp-content\/uploads\/2022\/07\/RandM-Tornado-7000-Disposable-Vape-Wholesale-Strawberry-ice-Flavors-510x510.jpg 510w, https:\/\/www.vape4wholesale.com\/wp-content\/uploads\/2022\/07\/RandM-Tornado-7000-Disposable-Vape-Wholesale-Strawberry-ice-Flavors-64x64.jpg 64w, https:\/\/www.vape4wholesale.com\/wp-content\/uploads\/2022\/07\/RandM-Tornado-7000-Disposable-Vape-Wholesale-Strawberry-ice-Flavors-300x300.jpg 300w, https:\/\/www.vape4wholesale.com\/wp-content\/uploads\/2022\/07\/RandM-Tornado-7000-Disposable-Vape-Wholesale-Strawberry-ice-Flavors-150x150.jpg 150w, https:\/\/www.vape4wholesale.com\/wp-content\/uploads\/2022\/07\/RandM-Tornado-7000-Disposable-Vape-Wholesale-Strawberry-ice-Flavors-768x768.jpg 768w\" sizes=\"auto, (max-width: 800px) 100vw, 800px\" \/> <img loading=\"lazy\" decoding=\"async\" class=\"alignnone size-full wp-image-12772\" title=\"RandM Tornado 7000 za enkratno uporabo Vape na debelo Jagoda z okusom lubenice\" src=\"https:\/\/www.vape4wholesale.com\/wp-content\/uploads\/2022\/07\/RandM-Tornado-7000-Disposable-Vape-Wholesale-Strawberry-Watermelon-Flavors.jpg\" alt=\"RandM Tornado 7000 za enkratno uporabo Vape na debelo Jagoda z okusom lubenice\" width=\"800\" height=\"800\" srcset=\"https:\/\/www.vape4wholesale.com\/wp-content\/uploads\/2022\/07\/RandM-Tornado-7000-Disposable-Vape-Wholesale-Strawberry-Watermelon-Flavors.jpg 800w, https:\/\/www.vape4wholesale.com\/wp-content\/uploads\/2022\/07\/RandM-Tornado-7000-Disposable-Vape-Wholesale-Strawberry-Watermelon-Flavors-247x247.jpg 247w, https:\/\/www.vape4wholesale.com\/wp-content\/uploads\/2022\/07\/RandM-Tornado-7000-Disposable-Vape-Wholesale-Strawberry-Watermelon-Flavors-100x100.jpg 100w, https:\/\/www.vape4wholesale.com\/wp-content\/uploads\/2022\/07\/RandM-Tornado-7000-Disposable-Vape-Wholesale-Strawberry-Watermelon-Flavors-510x510.jpg 510w, https:\/\/www.vape4wholesale.com\/wp-content\/uploads\/2022\/07\/RandM-Tornado-7000-Disposable-Vape-Wholesale-Strawberry-Watermelon-Flavors-64x64.jpg 64w, https:\/\/www.vape4wholesale.com\/wp-content\/uploads\/2022\/07\/RandM-Tornado-7000-Disposable-Vape-Wholesale-Strawberry-Watermelon-Flavors-300x300.jpg 300w, https:\/\/www.vape4wholesale.com\/wp-content\/uploads\/2022\/07\/RandM-Tornado-7000-Disposable-Vape-Wholesale-Strawberry-Watermelon-Flavors-150x150.jpg 150w, https:\/\/www.vape4wholesale.com\/wp-content\/uploads\/2022\/07\/RandM-Tornado-7000-Disposable-Vape-Wholesale-Strawberry-Watermelon-Flavors-768x768.jpg 768w\" sizes=\"auto, (max-width: 800px) 100vw, 800px\" \/> <img loading=\"lazy\" decoding=\"async\" class=\"alignnone size-full wp-image-12773\" title=\"RandM Tornado 7000 Vape za enkratno uporabo na debelo z okusom mandarininega ledu\" src=\"https:\/\/www.vape4wholesale.com\/wp-content\/uploads\/2022\/07\/RandM-Tornado-7000-Disposable-Vape-Wholesale-Tangerine-Ice-Flavors.jpg\" alt=\"RandM Tornado 7000 Vape za enkratno uporabo na debelo z okusom mandarininega ledu\" width=\"800\" height=\"800\" srcset=\"https:\/\/www.vape4wholesale.com\/wp-content\/uploads\/2022\/07\/RandM-Tornado-7000-Disposable-Vape-Wholesale-Tangerine-Ice-Flavors.jpg 800w, https:\/\/www.vape4wholesale.com\/wp-content\/uploads\/2022\/07\/RandM-Tornado-7000-Disposable-Vape-Wholesale-Tangerine-Ice-Flavors-247x247.jpg 247w, https:\/\/www.vape4wholesale.com\/wp-content\/uploads\/2022\/07\/RandM-Tornado-7000-Disposable-Vape-Wholesale-Tangerine-Ice-Flavors-100x100.jpg 100w, https:\/\/www.vape4wholesale.com\/wp-content\/uploads\/2022\/07\/RandM-Tornado-7000-Disposable-Vape-Wholesale-Tangerine-Ice-Flavors-510x510.jpg 510w\" sizes=\"auto, (max-width: 800px) 100vw, 800px\" \/> <img loading=\"lazy\" decoding=\"async\" class=\"alignnone size-full wp-image-12774\" title=\"RandM Tornado 7000 polnilna kontrola zra\u010dnega toka za enkratno uporabo Vape na debelo 3 okusi\" src=\"https:\/\/www.vape4wholesale.com\/wp-content\/uploads\/2022\/07\/RandM-Tornado-7000-Rechargeable-Airflow-Control-Disposable-Vape-Wholesale-3-Flavors.jpg\" alt=\"RandM Tornado 7000 polnilna kontrola zra\u010dnega toka za enkratno uporabo Vape na debelo 3 okusi\" width=\"800\" height=\"800\" srcset=\"https:\/\/www.vape4wholesale.com\/wp-content\/uploads\/2022\/07\/RandM-Tornado-7000-Rechargeable-Airflow-Control-Disposable-Vape-Wholesale-3-Flavors.jpg 800w, https:\/\/www.vape4wholesale.com\/wp-content\/uploads\/2022\/07\/RandM-Tornado-7000-Rechargeable-Airflow-Control-Disposable-Vape-Wholesale-3-Flavors-247x247.jpg 247w, https:\/\/www.vape4wholesale.com\/wp-content\/uploads\/2022\/07\/RandM-Tornado-7000-Rechargeable-Airflow-Control-Disposable-Vape-Wholesale-3-Flavors-100x100.jpg 100w, https:\/\/www.vape4wholesale.com\/wp-content\/uploads\/2022\/07\/RandM-Tornado-7000-Rechargeable-Airflow-Control-Disposable-Vape-Wholesale-3-Flavors-510x510.jpg 510w, https:\/\/www.vape4wholesale.com\/wp-content\/uploads\/2022\/07\/RandM-Tornado-7000-Rechargeable-Airflow-Control-Disposable-Vape-Wholesale-3-Flavors-64x64.jpg 64w, https:\/\/www.vape4wholesale.com\/wp-content\/uploads\/2022\/07\/RandM-Tornado-7000-Rechargeable-Airflow-Control-Disposable-Vape-Wholesale-3-Flavors-300x300.jpg 300w, https:\/\/www.vape4wholesale.com\/wp-content\/uploads\/2022\/07\/RandM-Tornado-7000-Rechargeable-Airflow-Control-Disposable-Vape-Wholesale-3-Flavors-150x150.jpg 150w, https:\/\/www.vape4wholesale.com\/wp-content\/uploads\/2022\/07\/RandM-Tornado-7000-Rechargeable-Airflow-Control-Disposable-Vape-Wholesale-3-Flavors-768x768.jpg 768w\" sizes=\"auto, (max-width: 800px) 100vw, 800px\" \/> <img loading=\"lazy\" decoding=\"async\" class=\"alignnone size-full wp-image-12775\" title=\"RandM Tornado 7000 polnilna kontrola pretoka zraka za enkratno uporabo Vape na debelo 20 okusov\" src=\"https:\/\/www.vape4wholesale.com\/wp-content\/uploads\/2022\/07\/RandM-Tornado-7000-Rechargeable-Airflow-Control-Disposable-Vape-Wholesale-20-Flavors.jpg\" alt=\"RandM Tornado 7000 polnilna kontrola pretoka zraka za enkratno uporabo Vape na debelo 20 okusov\" width=\"800\" height=\"800\" srcset=\"https:\/\/www.vape4wholesale.com\/wp-content\/uploads\/2022\/07\/RandM-Tornado-7000-Rechargeable-Airflow-Control-Disposable-Vape-Wholesale-20-Flavors.jpg 800w, https:\/\/www.vape4wholesale.com\/wp-content\/uploads\/2022\/07\/RandM-Tornado-7000-Rechargeable-Airflow-Control-Disposable-Vape-Wholesale-20-Flavors-247x247.jpg 247w, https:\/\/www.vape4wholesale.com\/wp-content\/uploads\/2022\/07\/RandM-Tornado-7000-Rechargeable-Airflow-Control-Disposable-Vape-Wholesale-20-Flavors-100x100.jpg 100w, https:\/\/www.vape4wholesale.com\/wp-content\/uploads\/2022\/07\/RandM-Tornado-7000-Rechargeable-Airflow-Control-Disposable-Vape-Wholesale-20-Flavors-510x510.jpg 510w, https:\/\/www.vape4wholesale.com\/wp-content\/uploads\/2022\/07\/RandM-Tornado-7000-Rechargeable-Airflow-Control-Disposable-Vape-Wholesale-20-Flavors-64x64.jpg 64w, https:\/\/www.vape4wholesale.com\/wp-content\/uploads\/2022\/07\/RandM-Tornado-7000-Rechargeable-Airflow-Control-Disposable-Vape-Wholesale-20-Flavors-300x300.jpg 300w, https:\/\/www.vape4wholesale.com\/wp-content\/uploads\/2022\/07\/RandM-Tornado-7000-Rechargeable-Airflow-Control-Disposable-Vape-Wholesale-20-Flavors-150x150.jpg 150w, https:\/\/www.vape4wholesale.com\/wp-content\/uploads\/2022\/07\/RandM-Tornado-7000-Rechargeable-Airflow-Control-Disposable-Vape-Wholesale-20-Flavors-768x768.jpg 768w\" sizes=\"auto, (max-width: 800px) 100vw, 800px\" \/> <img loading=\"lazy\" decoding=\"async\" class=\"alignnone size-full wp-image-12776\" title=\"RandM Tornado 7000 polnilna kontrola zra\u010dnega toka za enkratno uporabo Vape na debelo Okusi\" src=\"https:\/\/www.vape4wholesale.com\/wp-content\/uploads\/2022\/07\/RandM-Tornado-7000-Rechargeable-Airflow-Control-Disposable-Vape-Wholesale-Flavors.jpg\" alt=\"RandM Tornado 7000 polnilna kontrola zra\u010dnega toka za enkratno uporabo Vape na debelo Okusi\" width=\"800\" height=\"450\" srcset=\"https:\/\/www.vape4wholesale.com\/wp-content\/uploads\/2022\/07\/RandM-Tornado-7000-Rechargeable-Airflow-Control-Disposable-Vape-Wholesale-Flavors.jpg 800w, https:\/\/www.vape4wholesale.com\/wp-content\/uploads\/2022\/07\/RandM-Tornado-7000-Rechargeable-Airflow-Control-Disposable-Vape-Wholesale-Flavors-510x287.jpg 510w, https:\/\/www.vape4wholesale.com\/wp-content\/uploads\/2022\/07\/RandM-Tornado-7000-Rechargeable-Airflow-Control-Disposable-Vape-Wholesale-Flavors-64x36.jpg 64w, https:\/\/www.vape4wholesale.com\/wp-content\/uploads\/2022\/07\/RandM-Tornado-7000-Rechargeable-Airflow-Control-Disposable-Vape-Wholesale-Flavors-300x169.jpg 300w, https:\/\/www.vape4wholesale.com\/wp-content\/uploads\/2022\/07\/RandM-Tornado-7000-Rechargeable-Airflow-Control-Disposable-Vape-Wholesale-Flavors-768x432.jpg 768w\" sizes=\"auto, (max-width: 800px) 100vw, 800px\" \/> <img loading=\"lazy\" decoding=\"async\" class=\"alignnone size-full wp-image-12777\" title=\"RandM Tornado 7000 za enkratno uporabo Vape na debelo Jagoda Banana Okusi\" src=\"https:\/\/www.vape4wholesale.com\/wp-content\/uploads\/2022\/07\/RandM-Tornado-7000-Disposable-Vape-Wholesale-Strawberry-Banana-Flavors.jpg\" alt=\"RandM Tornado 7000 za enkratno uporabo Vape na debelo Jagoda Banana Okusi\" width=\"800\" height=\"800\" srcset=\"https:\/\/www.vape4wholesale.com\/wp-content\/uploads\/2022\/07\/RandM-Tornado-7000-Disposable-Vape-Wholesale-Strawberry-Banana-Flavors.jpg 800w, https:\/\/www.vape4wholesale.com\/wp-content\/uploads\/2022\/07\/RandM-Tornado-7000-Disposable-Vape-Wholesale-Strawberry-Banana-Flavors-247x247.jpg 247w, https:\/\/www.vape4wholesale.com\/wp-content\/uploads\/2022\/07\/RandM-Tornado-7000-Disposable-Vape-Wholesale-Strawberry-Banana-Flavors-100x100.jpg 100w, https:\/\/www.vape4wholesale.com\/wp-content\/uploads\/2022\/07\/RandM-Tornado-7000-Disposable-Vape-Wholesale-Strawberry-Banana-Flavors-510x510.jpg 510w, https:\/\/www.vape4wholesale.com\/wp-content\/uploads\/2022\/07\/RandM-Tornado-7000-Disposable-Vape-Wholesale-Strawberry-Banana-Flavors-64x64.jpg 64w, https:\/\/www.vape4wholesale.com\/wp-content\/uploads\/2022\/07\/RandM-Tornado-7000-Disposable-Vape-Wholesale-Strawberry-Banana-Flavors-300x300.jpg 300w, https:\/\/www.vape4wholesale.com\/wp-content\/uploads\/2022\/07\/RandM-Tornado-7000-Disposable-Vape-Wholesale-Strawberry-Banana-Flavors-150x150.jpg 150w, https:\/\/www.vape4wholesale.com\/wp-content\/uploads\/2022\/07\/RandM-Tornado-7000-Disposable-Vape-Wholesale-Strawberry-Banana-Flavors-768x768.jpg 768w\" sizes=\"auto, (max-width: 800px) 100vw, 800px\" \/><\/p>","protected":false},"excerpt":{"rendered":"[scf-template id=&#8217;11434&#8242;]\n<table class=\"woocommerce-product-attributes shop_attributes\" aria-label=\"Podrobnosti o izdelku\">\n\t\t\t<tr class=\"woocommerce-product-attributes-item woocommerce-product-attributes-item--weight\">\n\t\t\t<th class=\"woocommerce-product-attributes-item__label\" scope=\"row\">Te\u017ea<\/th>\n\t\t\t<td class=\"woocommerce-product-attributes-item__value\">0.075 kg<\/td>\n\t\t<\/tr>\n\t<\/table>\n\n","protected":false},"featured_media":12769,"comment_status":"open","ping_status":"closed","template":"","meta":[],"pwb-brand":[1270],"product_cat":[869],"product_tag":[22,24,177,178,180],"class_list":{"0":"post-1852","1":"product","2":"type-product","3":"status-publish","4":"has-post-thumbnail","6":"pwb-brand-randm","7":"product_cat-5000-8000-puffs","8":"product_tag-disposable","9":"product_tag-wholesale","10":"product_tag-14-0ml","11":"product_tag-7000-puffs","12":"product_tag-randm-tornado","13":"wcpa_has_options","15":"first","16":"outofstock","17":"shipping-taxable","18":"purchasable","19":"product-type-variable","20":"has-default-attributes"},"aioseo_notices":[],"brands":[{"id":1270,"name":"Randm","slug":"randm"}],"_links":{"self":[{"href":"https:\/\/www.vape4wholesale.com\/sl\/wp-json\/wp\/v2\/product\/1852","targetHints":{"allow":["GET"]}}],"collection":[{"href":"https:\/\/www.vape4wholesale.com\/sl\/wp-json\/wp\/v2\/product"}],"about":[{"href":"https:\/\/www.vape4wholesale.com\/sl\/wp-json\/wp\/v2\/types\/product"}],"replies":[{"embeddable":true,"href":"https:\/\/www.vape4wholesale.com\/sl\/wp-json\/wp\/v2\/comments?post=1852"}],"wp:featuredmedia":[{"embeddable":true,"href":"https:\/\/www.vape4wholesale.com\/sl\/wp-json\/wp\/v2\/media\/12769"}],"wp:attachment":[{"href":"https:\/\/www.vape4wholesale.com\/sl\/wp-json\/wp\/v2\/media?parent=1852"}],"wp:term":[{"taxonomy":"pwb-brand","embeddable":true,"href":"https:\/\/www.vape4wholesale.com\/sl\/wp-json\/wp\/v2\/pwb-brand?post=1852"},{"taxonomy":"product_cat","embeddable":true,"href":"https:\/\/www.vape4wholesale.com\/sl\/wp-json\/wp\/v2\/product_cat?post=1852"},{"taxonomy":"product_tag","embeddable":true,"href":"https:\/\/www.vape4wholesale.com\/sl\/wp-json\/wp\/v2\/product_tag?post=1852"}],"curies":[{"name":"wp","href":"https:\/\/api.w.org\/{rel}","templated":true}]}}