{"id":18489,"date":"2024-12-22T14:17:51","date_gmt":"2024-12-22T06:17:51","guid":{"rendered":"https:\/\/www.vape4wholesale.com\/?post_type=product&#038;p=18489"},"modified":"2026-03-30T11:16:09","modified_gmt":"2026-03-30T03:16:09","slug":"waspe-fihp-40000-puffs-40k-vape-za-enkratno-uporabo-na-debelo","status":"publish","type":"product","link":"https:\/\/www.vape4wholesale.com\/sl\/product\/waspe-fihp-40000-puffs-40k-disposable-vape-wholesale","title":{"rendered":"Waspe FIHP 40000 Puffs 40K Vape za enkratno uporabo na debelo"},"content":{"rendered":"<p>Spletna stran <strong><a title=\"WASPE\" href=\"https:\/\/www.vape4wholesale.com\/sl\/product_brand\/waspe\/\">WASPE<\/a> FIHP 40000 40K Puffs<\/strong> Vape za enkratno uporabo je vrhunska naprava za uparjanje, zasnovana za tiste, ki i\u0161\u010dejo inovacije in vrhunsko zmogljivost. Zagotavlja do 40.000 vdihov, dolgotrajno uporabo in dosledno zadovoljstvo pri vsakem potegu. Prilo\u017eena sta 2 kapsuli z razli\u010dnimi okusi, zato lahko kadar koli u\u017eivate v dveh razli\u010dnih okusih, hkrati pa imate eno napravo za vapiranje. Preprosto izvlecite \u0161obo in jo zavrtite ter lahko takoj u\u017eivate v drugem okusu.<\/p>\n<p>WASPE FIHP 40000 40K Puffs ima dve mre\u017eni tuljavi 0,9ohm, ki zagotavljata gladko in aromati\u010dno proizvodnjo pare, bogat okus in zadovoljiv ob\u010dutek v grlu. Dvojne tuljave zagotavljajo, da je vsak puh poln in aromati\u010den, kar izbolj\u0161a va\u0161o izku\u0161njo uparjanja.<\/p>\n<p>Zmogljivost 36 ml e-teko\u010dine zagotavlja dolge seanse vapinga in zmanj\u0161uje potrebo po pogostem polnjenju, medtem ko 850 mAh akumulatorska baterija zagotavlja dovolj energije za dalj\u0161o uporabo. S hitrim polnjenjem tipa C je polnjenje hitro in enostavno.<\/p>\n<p>Pametni zaslon LED vam omogo\u010da takoj\u0161nje posodobitve o trajanju baterije in nivoju e-teko\u010dine, tako da boste imeli pregled nad stanjem naprave. Funkcija Dual Flavor Experience vam omogo\u010da preklapljanje med dvema razli\u010dnima okusoma za prilagojeno izku\u0161njo vapinga z neskon\u010dnimi mo\u017enostmi.<\/p>\n<p>WASPE FIHP 40000 40K Puffs so na voljo v nikotinskih stopnjah 0%, 2% in 5%, kar zagotavlja prilagodljivost tako prilo\u017enostnim kot izku\u0161enim vaperjem. S 16 razli\u010dnimi okusi, med katerimi lahko izbirate, boste imeli na voljo veliko mo\u017enosti za zadovoljitev va\u0161ih okusov.<\/p>\n<h2>VASPE FIHP 40000 40K Vape za enkratno uporabo Hitre podrobnosti<\/h2>\n<ul>\n<li>Dvojni podi, dvojni okusi<\/li>\n<li>Mo\u010d nikotina: 0%\/2%\/5%<\/li>\n<li>Puffs Deliers: 40000 Puffs<\/li>\n<li>Kapaciteta e-teko\u010dine: 36 ml<\/li>\n<li>Dvojne 0,9ohm mre\u017easte tuljave za gladko in aromati\u010dno vle\u010denje<\/li>\n<li>Tip C za hitro polnjenje<\/li>\n<li>850 mAh akumulatorska baterija<\/li>\n<li>Pametni zaslon LED prikazuje \u017eivljenjsko dobo baterije in raven e-teko\u010dine<\/li>\n<li>16 okusov, med katerimi lahko izbirate<\/li>\n<\/ul>\n<h2>Razpolo\u017eljivi okusi<\/h2>\n<ul>\n<li>01. Lubeni\u010dni led in limonina limeta<\/li>\n<li>02. Fizzy Cherry Ice &amp; Blueberry Cotton Candy<\/li>\n<li>03. Jagoda lubenica in borovnica malina<\/li>\n<li>04. Red Bull Ice &amp; Strawberry Mango<\/li>\n<li>05. Breskov led in ananas mango breskev<\/li>\n<li>06. Grozdni led in jagodni kivi<\/li>\n<li>07. Me\u0161ano jagodi\u010devje in dvojni jabol\u010dni led<\/li>\n<li>08. Blue Razz Lemonade &amp; Watermelon Bubblegum<\/li>\n<li>09. Jagoda malina \u010de\u0161nja in ljubezen 666<\/li>\n<li>10. Jagodni bananast in ananasov kokosov led<\/li>\n<li>11. Jagoda lubenica Bubblegum in me\u0161ano sadje<\/li>\n<li>12. Cherry Cola Ice &amp; Strawberry Raspberry Candy<\/li>\n<li>13. Kislo jabolko, malina in jagoda Big Bang<\/li>\n<li>14. Breskev jagodi\u010devje in lubenica Mango breskev<\/li>\n<li>15. Borovni\u010dev led in led \u010drnega zmaja<\/li>\n<li>16. Jagoda, \u010de\u0161nja in kivi pasijonka<\/li>\n<li>17. Gumijasti medvedek in jagodna kola<\/li>\n<li>18. Banana Ananas Ice &amp; Red Bull Ice<\/li>\n<li>19. Red Bull Strwaberry &amp; Blackcurrant Ice<\/li>\n<li>20. Trojni melonin led in malinova lubenica<\/li>\n<\/ul>\n<h2>Podrobnosti o pakiranju<\/h2>\n<ul>\n<li>Te\u017ea izdelka: 120 g\/kos<\/li>\n<li>Velikost izdelka: 61 * 31 * 115 mm<\/li>\n<li>1PC \/ ena \u0161katla<\/li>\n<li>10PCS \/ prikazovalnik<\/li>\n<li>Koli\u010dina: 160 kosov v \u0161katli, 10 kosov v \u0161katli<\/li>\n<li>G.W.: 20 kg<\/li>\n<\/ul>\n<figure id=\"attachment_18490\" aria-describedby=\"caption-attachment-18490\" style=\"width: 1200px\" class=\"wp-caption alignnone\"><img loading=\"lazy\" decoding=\"async\" class=\"size-full wp-image-18490\" title=\"WASPE FIHP 40000 Puffs 40K Vape za enkratno uporabo na debelo\" src=\"https:\/\/www.vape4wholesale.com\/wp-content\/uploads\/2024\/12\/WASPE-FIHP-40000-Puffs-40K-Disposable-Vape-Wholesale.webp\" alt=\"WASPE FIHP 40000 Puffs 40K Vape za enkratno uporabo na debelo\" width=\"1200\" height=\"1200\" srcset=\"https:\/\/www.vape4wholesale.com\/wp-content\/uploads\/2024\/12\/WASPE-FIHP-40000-Puffs-40K-Disposable-Vape-Wholesale.webp 1200w, https:\/\/www.vape4wholesale.com\/wp-content\/uploads\/2024\/12\/WASPE-FIHP-40000-Puffs-40K-Disposable-Vape-Wholesale-247x247.webp 247w, https:\/\/www.vape4wholesale.com\/wp-content\/uploads\/2024\/12\/WASPE-FIHP-40000-Puffs-40K-Disposable-Vape-Wholesale-100x100.webp 100w, https:\/\/www.vape4wholesale.com\/wp-content\/uploads\/2024\/12\/WASPE-FIHP-40000-Puffs-40K-Disposable-Vape-Wholesale-510x510.webp 510w\" sizes=\"auto, (max-width: 1200px) 100vw, 1200px\" \/><figcaption id=\"caption-attachment-18490\" class=\"wp-caption-text\">WASPE FIHP 40000 Puffs 40K Vape za enkratno uporabo na debelo<\/figcaption><\/figure>\n<h2>ZAKAJ MI?<\/h2>\r\n<ul>\r\n<li>Resni\u010dni, zanesljivi in strokovni vir za vape.<\/li>\r\n<li>100% Originalno jamstvo: Zavra\u010damo ponarejanje: zagotavljamo samo originalne in pristne izdelke.<\/li>\r\n<li>100% Zagotovilo za dostavo: 100%: uporabljamo najbolj\u0161i na\u010din po\u0161iljanja, da zagotovimo, da prejmete naro\u010dilo 100%.<\/li>\r\n<li>Po odpremi vam bomo posredovali \u0161tevilko za sledenje in nalepko za po\u0161iljanje ter spremljali blago, dokler ga ne podpi\u0161ete.<\/li>\r\n<li>Brez carinskih te\u017eav, brez tarif<\/li>\r\n<\/ul>","protected":false},"excerpt":{"rendered":"<div class=\"wsppc_div_block woocommerce_before_add_to_cart_form\">\r\n<p><strong><span style=\"color: #00a859;\">Clear customs<\/span> before delivery &amp; 100% Delivery Guarantee, Delivery in 19~25 days around.\u00a0<\/strong><\/p>\r\n<\/div>","protected":false},"featured_media":18490,"comment_status":"open","ping_status":"closed","template":"","meta":[],"pwb-brand":[1272],"product_cat":[873],"product_tag":[22,24,849,999,1016],"class_list":{"0":"post-18489","1":"product","2":"type-product","3":"status-publish","4":"has-post-thumbnail","6":"pwb-brand-waspe","7":"product_cat-above-20k-puffs","8":"product_tag-disposable","9":"product_tag-wholesale","10":"product_tag-36-0ml","11":"product_tag-waspe","12":"product_tag-40000-puffs","13":"wcpa_has_options","15":"first","16":"instock","17":"featured","18":"shipping-taxable","19":"purchasable","20":"product-type-variable"},"aioseo_notices":[],"brands":[{"id":1272,"name":"Waspe","slug":"waspe"}],"_links":{"self":[{"href":"https:\/\/www.vape4wholesale.com\/sl\/wp-json\/wp\/v2\/product\/18489","targetHints":{"allow":["GET"]}}],"collection":[{"href":"https:\/\/www.vape4wholesale.com\/sl\/wp-json\/wp\/v2\/product"}],"about":[{"href":"https:\/\/www.vape4wholesale.com\/sl\/wp-json\/wp\/v2\/types\/product"}],"replies":[{"embeddable":true,"href":"https:\/\/www.vape4wholesale.com\/sl\/wp-json\/wp\/v2\/comments?post=18489"}],"wp:featuredmedia":[{"embeddable":true,"href":"https:\/\/www.vape4wholesale.com\/sl\/wp-json\/wp\/v2\/media\/18490"}],"wp:attachment":[{"href":"https:\/\/www.vape4wholesale.com\/sl\/wp-json\/wp\/v2\/media?parent=18489"}],"wp:term":[{"taxonomy":"pwb-brand","embeddable":true,"href":"https:\/\/www.vape4wholesale.com\/sl\/wp-json\/wp\/v2\/pwb-brand?post=18489"},{"taxonomy":"product_cat","embeddable":true,"href":"https:\/\/www.vape4wholesale.com\/sl\/wp-json\/wp\/v2\/product_cat?post=18489"},{"taxonomy":"product_tag","embeddable":true,"href":"https:\/\/www.vape4wholesale.com\/sl\/wp-json\/wp\/v2\/product_tag?post=18489"}],"curies":[{"name":"wp","href":"https:\/\/api.w.org\/{rel}","templated":true}]}}