{"id":18450,"date":"2024-12-22T12:10:02","date_gmt":"2024-12-22T04:10:02","guid":{"rendered":"https:\/\/www.vape4wholesale.com\/?post_type=product&#038;p=18450"},"modified":"2026-01-29T05:32:28","modified_gmt":"2026-01-29T05:32:28","slug":"waspe-aiviou-25000-puffs-enkratno-vape-na-debelo-2","status":"publish","type":"product","link":"https:\/\/www.vape4wholesale.com\/sl\/product\/waspe-aiviou-25000-puffs-disposable-vape-wholesale","title":{"rendered":"WASPE Aiviou 25000 Puffs Vape za enkratno uporabo na debelo"},"content":{"rendered":"<p>Spletna stran <strong><a title=\"WASPE\" href=\"https:\/\/www.vape4wholesale.com\/sl\/product_brand\/waspe\/\">WASPE<\/a> Aiviou 25000 Vape za enkratno uporabo<\/strong> je vnaprej napolnjen s 25 ml e-soksa in omogo\u010da do 25.000 izpuhov. Vgrajeni klasi\u010dni zaslon je nefunkcionalen in uporaben ter vas za vsak primer opomni, da napolnite svoj vape. Dvojne mre\u017easte tuljave utele\u0161ajo sodobno tehnologijo in seveda ta vape podpira priljubljen na\u010din Boost. Za odgovorno uporabo je na voljo tudi otro\u0161ka klju\u010davnica, ki prepre\u010duje uporabo mladoletnikov, WASPE 25000 pa ponuja veliko sesalne mo\u010di in dober okus brez navlake.<\/p>\n<p>WASPE Aiviou 25000 25K Puffs je opremljen s prikazovalnikom LCD in je napredna naprava za uparjanje, zasnovana za vrhunsko zmogljivost in udobje. Ta vape za enkratno uporabo ima veliko zmogljivost do 25.000 puhov, kar zagotavlja dolgotrajno uporabo in zadovoljstvo.<\/p>\n<p>WASPE Aiviou 25000 ima veliko kapaciteto 25 ml e-teko\u010dine in je na voljo v nikotinskih razli\u010dicah 0%, 2% in 5%, ki ustrezajo razli\u010dnim \u017eeljam. Naprava je opremljena z dvojnimi mre\u017eastimi tuljavami, ki izbolj\u0161ajo proizvodnjo pare in dostavo okusa za gladko in prijetno izku\u0161njo vapljanja.<\/p>\n<p>WASPE Aiviou 25000 je zasnovan tako, da je enostaven za uporabo, z zaslonom LCD, ki zagotavlja podrobne informacije na prvi pogled, in polnilnim priklju\u010dkom Type-C, ki zagotavlja hitro in u\u010dinkovito polnjenje, da se \u010dim bolj skraj\u0161a \u010das izpada. Z zmogljivostjo baterije 650 mAh ta model zagotavlja zanesljivo napajanje za dolgotrajno uporabo.<\/p>\n<p>WASPE Aiviou 25000 25K Puffs Original Edition LCD Display Vape za enkratno uporabo je popolna kombinacija inovacij in kakovosti. Ne glede na to, ali ste za\u010detnik ali izku\u0161en vaper, vam WASPE zagotavlja kakovostno izku\u0161njo vapinga, ki bo izpolnila va\u0161a pri\u010dakovanja.<\/p>\n<p>&nbsp;<\/p>\n<h2>WASPE Aiviou 25000 25K Vape za enkratno uporabo Hitre podrobnosti<\/h2>\n<ul>\n<li>Vgrajena baterija za polnjenje 650 mAh<\/li>\n<li>Predhodno napolnjen s 25 ml e-soksa<\/li>\n<li>Dvojna mre\u017easta tuljava z dvema na\u010dinoma uparjanja: Na\u010din ECO\/Boost<\/li>\n<li>Digitalni zaslon prikazuje na\u010din delovanja, trajanje baterije in koli\u010dino e-soje.<\/li>\n<li>Puffs podpira. 25000 pristani\u0161\u010d<\/li>\n<li>Otro\u0161ka klju\u010davnica<\/li>\n<li>5% (50 mg) koncentracija nikotina<\/li>\n<li>Polnjenje prek USB tipa C<\/li>\n<\/ul>\n<h2>Razpolo\u017eljivi okusi<\/h2>\n<ul>\n<li>1. Led iz lubenice<\/li>\n<li>2. Borovnice na ledu<\/li>\n<li>3. Jagodna lubenica<\/li>\n<li>4. Limonada iz borovnic in malin<\/li>\n<li>5. \u010ce\u0161njev led<\/li>\n<li>6. Breskev Mango lubenica<\/li>\n<li>7. Me\u0161ano jagodi\u010devje<\/li>\n<li>8. Breskov led<\/li>\n<li>9. Jagodni kivi<\/li>\n<li>10. Grozdni led<\/li>\n<\/ul>\n<h2>Podrobnosti o pakiranju<\/h2>\n<ul>\n<li>1 kos\/posamezna \u0161katla<\/li>\n<li>10 kosov\/razstavna \u0161katla<\/li>\n<li>200 kosov v \u0161katli<\/li>\n<li>Vsaka \u0161katla 21 kg<\/li>\n<\/ul>\n<figure id=\"attachment_18476\" aria-describedby=\"caption-attachment-18476\" style=\"width: 800px\" class=\"wp-caption alignnone\"><img loading=\"lazy\" decoding=\"async\" class=\"wp-image-18476 size-full\" title=\"WASPE Aiviou 25000 Puffs Vape za enkratno uporabo na debelo\" src=\"https:\/\/www.vape4wholesale.com\/wp-content\/uploads\/2024\/12\/WSAPE-Aiviou-25000-Puffs-Disposable-Vape-Wholesale.jpg\" alt=\"WASPE Aiviou 25000 Puffs Vape za enkratno uporabo na debelo\" width=\"800\" height=\"800\" srcset=\"https:\/\/www.vape4wholesale.com\/wp-content\/uploads\/2024\/12\/WSAPE-Aiviou-25000-Puffs-Disposable-Vape-Wholesale.jpg 800w, https:\/\/www.vape4wholesale.com\/wp-content\/uploads\/2024\/12\/WSAPE-Aiviou-25000-Puffs-Disposable-Vape-Wholesale-247x247.jpg 247w, https:\/\/www.vape4wholesale.com\/wp-content\/uploads\/2024\/12\/WSAPE-Aiviou-25000-Puffs-Disposable-Vape-Wholesale-100x100.jpg 100w, https:\/\/www.vape4wholesale.com\/wp-content\/uploads\/2024\/12\/WSAPE-Aiviou-25000-Puffs-Disposable-Vape-Wholesale-510x510.jpg 510w, https:\/\/www.vape4wholesale.com\/wp-content\/uploads\/2024\/12\/WSAPE-Aiviou-25000-Puffs-Disposable-Vape-Wholesale-64x64.jpg 64w, https:\/\/www.vape4wholesale.com\/wp-content\/uploads\/2024\/12\/WSAPE-Aiviou-25000-Puffs-Disposable-Vape-Wholesale-300x300.jpg 300w, https:\/\/www.vape4wholesale.com\/wp-content\/uploads\/2024\/12\/WSAPE-Aiviou-25000-Puffs-Disposable-Vape-Wholesale-150x150.jpg 150w, https:\/\/www.vape4wholesale.com\/wp-content\/uploads\/2024\/12\/WSAPE-Aiviou-25000-Puffs-Disposable-Vape-Wholesale-768x768.jpg 768w, https:\/\/www.vape4wholesale.com\/wp-content\/uploads\/2024\/12\/WSAPE-Aiviou-25000-Puffs-Disposable-Vape-Wholesale-12x12.jpg 12w\" sizes=\"auto, (max-width: 800px) 100vw, 800px\" \/><figcaption id=\"caption-attachment-18476\" class=\"wp-caption-text\">WASPE Aiviou 25000 Puffs Vape za enkratno uporabo na debelo<\/figcaption><\/figure>\n<h2>ZAKAJ MI?<\/h2>\r\n<ul>\r\n<li>Resni\u010dni, zanesljivi in strokovni vir za vape.<\/li>\r\n<li>100% Originalno jamstvo: Zavra\u010damo ponarejanje: zagotavljamo samo originalne in pristne izdelke.<\/li>\r\n<li>100% Zagotovilo za dostavo: 100%: uporabljamo najbolj\u0161i na\u010din po\u0161iljanja, da zagotovimo, da prejmete naro\u010dilo 100%.<\/li>\r\n<li>Po odpremi vam bomo posredovali \u0161tevilko za sledenje in nalepko za po\u0161iljanje ter spremljali blago, dokler ga ne podpi\u0161ete.<\/li>\r\n<li>Brez carinskih te\u017eav, brez tarif<\/li>\r\n<\/ul>","protected":false},"excerpt":{"rendered":"<div class=\"wsppc_div_block woocommerce_before_add_to_cart_form\">\r\n<p><strong><span style=\"color: #00a859;\">Opraviti carinsko po\u0161to<\/span> pred dostavo &amp; 100% Garancija dostave, Dostava v pribli\u017eno 19\u201325 dneh.\u00a0<\/strong><\/p>\r\n<\/div>","protected":false},"featured_media":18476,"comment_status":"open","ping_status":"closed","template":"","meta":[],"pwb-brand":[1272],"product_cat":[873],"product_tag":[22,24,692,915,999],"class_list":{"0":"post-18450","1":"product","2":"type-product","3":"status-publish","4":"has-post-thumbnail","6":"pwb-brand-waspe","7":"product_cat-above-20k-puffs","8":"product_tag-disposable","9":"product_tag-wholesale","10":"product_tag-25-0ml","11":"product_tag-25000-puffs","12":"product_tag-waspe","13":"wcpa_has_options","15":"first","16":"outofstock","17":"shipping-taxable","18":"purchasable","19":"product-type-variable"},"aioseo_notices":[],"brands":[{"id":1272,"name":"Waspe","slug":"waspe"}],"_links":{"self":[{"href":"https:\/\/www.vape4wholesale.com\/sl\/wp-json\/wp\/v2\/product\/18450","targetHints":{"allow":["GET"]}}],"collection":[{"href":"https:\/\/www.vape4wholesale.com\/sl\/wp-json\/wp\/v2\/product"}],"about":[{"href":"https:\/\/www.vape4wholesale.com\/sl\/wp-json\/wp\/v2\/types\/product"}],"replies":[{"embeddable":true,"href":"https:\/\/www.vape4wholesale.com\/sl\/wp-json\/wp\/v2\/comments?post=18450"}],"wp:featuredmedia":[{"embeddable":true,"href":"https:\/\/www.vape4wholesale.com\/sl\/wp-json\/wp\/v2\/media\/18476"}],"wp:attachment":[{"href":"https:\/\/www.vape4wholesale.com\/sl\/wp-json\/wp\/v2\/media?parent=18450"}],"wp:term":[{"taxonomy":"pwb-brand","embeddable":true,"href":"https:\/\/www.vape4wholesale.com\/sl\/wp-json\/wp\/v2\/pwb-brand?post=18450"},{"taxonomy":"product_cat","embeddable":true,"href":"https:\/\/www.vape4wholesale.com\/sl\/wp-json\/wp\/v2\/product_cat?post=18450"},{"taxonomy":"product_tag","embeddable":true,"href":"https:\/\/www.vape4wholesale.com\/sl\/wp-json\/wp\/v2\/product_tag?post=18450"}],"curies":[{"name":"wp","href":"https:\/\/api.w.org\/{rel}","templated":true}]}}