{"id":18353,"date":"2024-12-19T14:43:33","date_gmt":"2024-12-19T06:43:33","guid":{"rendered":"https:\/\/www.vape4wholesale.com\/?post_type=product&#038;p=18353"},"modified":"2026-01-27T13:58:08","modified_gmt":"2026-01-27T13:58:08","slug":"bang-36000-puffs-pametni-celozaslonski-vape-za-enkratno-uporabo-na-debelo-2","status":"publish","type":"product","link":"https:\/\/www.vape4wholesale.com\/sl\/product\/bang-36000-puffs-smart-full-screen-disposable-vape-wholesale","title":{"rendered":"Bang 36000 Puffs Smart Full Screen Vape za enkratno uporabo na debelo"},"content":{"rendered":"<p><strong><a title=\"Bang\" href=\"https:\/\/www.vape4wholesale.com\/sl\/product_brand\/bang\/\">Bang<\/a> 36000 Puffs Smart Celoten zaslon<\/strong> Vape za enkratno uporabo je najsodobnej\u0161a naprava, zasnovana za vaperje, ki cenijo inovativnost in nadzor. Ta napredni vape omogo\u010da do 36 000 vdihov in zagotavlja dolgotrajno zadovoljstvo in odli\u010dno delovanje.<\/p>\n<p>Ta naprava zagotavlja neprekosljivo izku\u0161njo vapinga in je namenjena \u0161irokemu krogu uporabnikov, saj ponuja mo\u017enosti za ljubitelje nikotina in tiste, ki i\u0161\u010dejo izku\u0161njo brez nikotina.<\/p>\n<p>Bang 36000, ki ga poganja 850 mAh polnilna baterija s polnjenjem tipa C, zagotavlja neprekinjeno vapiranje. Senzor prstnih odtisov dodaja stopnjo varnosti in sodobno funkcionalnost, zato je tako oseben kot uporabniku prijazen.<\/p>\n<p>Ta naprava je na voljo v nikotinskih stopnjah 0%, 2%, 3% in 5% ter ponuja 12 \u010dudovitih okusov, zato ustreza najrazli\u010dnej\u0161im okusom in nikotinskim preferencam.<\/p>\n<p>Veleprodajno naro\u010dite na\u0161 \u0161irok izbor 12 okusov Bang 36000 Puffs za enkratno uporabo Vape z najbolj\u0161o ceno in hitro dostavo, oglejte si <a title=\"videoposnetek Bang 36K\" href=\"https:\/\/youtu.be\/o42OkKkQv0o?si=_WOO-oAe1LgSc6AM\" target=\"_blank\" rel=\"noopener\">videoposnetek Bang 36K<\/a><\/p>\n<h2>Bang 36000 Puffs Vape za enkratno uporabo Hitre podrobnosti<\/h2>\n<ul>\n<li>Mo\u010d nikotina: 0\/2\/3\/5%<\/li>\n<li>PUFFS: do 36000<\/li>\n<li>Kapaciteta e-teko\u010dine: 36ml<\/li>\n<li>Dvojna mre\u017ena tuljava<\/li>\n<li>Prikazovalnik LED za stanje baterije in teko\u010dine<\/li>\n<li>Odpornost: 1,0 ohm<\/li>\n<li>Kapaciteta baterije: 850 mAh za ponovno polnjenje<\/li>\n<li>Vrsta polnjenja: Tip C<\/li>\n<li>Telesna te\u017ea: 124,6 g<\/li>\n<\/ul>\n<h2>Razpolo\u017eljivi okusi<\/h2>\n<ol>\n<li>Zme\u0161ajte sadje<\/li>\n<li>Trojni jagodi\u010devje<\/li>\n<li>Breskev mango lubenica<\/li>\n<li>Borovnica malina<\/li>\n<li>Black Dragon Ice<\/li>\n<li>Grozdni led<\/li>\n<li>Borovni\u010dev led<\/li>\n<li>Jagodna lubenica<\/li>\n<li>Jagoda Banana<\/li>\n<li>jagoda kivi<\/li>\n<li>Jagoda Mango<\/li>\n<li>Led iz lubenice<\/li>\n<\/ol>\n<h2>Informacije o pakiranju<\/h2>\n<ul>\n<li>124,6 g\/ en sam vape<\/li>\n<li>10 kosov \/ prikazna \u0161katla<\/li>\n<li>160 kosov v \u0161katli<\/li>\n<li>Te\u017ea: 21,38 kg<\/li>\n<li>49,6 * 36 * 27,7 CM<\/li>\n<\/ul>\n<figure id=\"attachment_20325\" aria-describedby=\"caption-attachment-20325\" style=\"width: 800px\" class=\"wp-caption alignnone\"><img loading=\"lazy\" decoding=\"async\" class=\"size-full wp-image-20325\" title=\"Bang 36000 Puffs Smart Full Screen za enkratno uporabo Vape na debelo Strawberry Kiwi\" src=\"https:\/\/www.vape4wholesale.com\/wp-content\/uploads\/2024\/12\/Bang-36000-Puffs-Smart-Full-Screen-Disposable-Vape-Wholesale-Strawberry-Kiwi-1.webp\" alt=\"Bang 36000 Puffs Smart Full Screen za enkratno uporabo Vape na debelo Strawberry Kiwi\" width=\"800\" height=\"800\" srcset=\"https:\/\/www.vape4wholesale.com\/wp-content\/uploads\/2024\/12\/Bang-36000-Puffs-Smart-Full-Screen-Disposable-Vape-Wholesale-Strawberry-Kiwi-1.webp 800w, https:\/\/www.vape4wholesale.com\/wp-content\/uploads\/2024\/12\/Bang-36000-Puffs-Smart-Full-Screen-Disposable-Vape-Wholesale-Strawberry-Kiwi-1-247x247.webp 247w, https:\/\/www.vape4wholesale.com\/wp-content\/uploads\/2024\/12\/Bang-36000-Puffs-Smart-Full-Screen-Disposable-Vape-Wholesale-Strawberry-Kiwi-1-100x100.webp 100w, https:\/\/www.vape4wholesale.com\/wp-content\/uploads\/2024\/12\/Bang-36000-Puffs-Smart-Full-Screen-Disposable-Vape-Wholesale-Strawberry-Kiwi-1-510x510.webp 510w, https:\/\/www.vape4wholesale.com\/wp-content\/uploads\/2024\/12\/Bang-36000-Puffs-Smart-Full-Screen-Disposable-Vape-Wholesale-Strawberry-Kiwi-1-64x64.webp 64w, https:\/\/www.vape4wholesale.com\/wp-content\/uploads\/2024\/12\/Bang-36000-Puffs-Smart-Full-Screen-Disposable-Vape-Wholesale-Strawberry-Kiwi-1-300x300.webp 300w, https:\/\/www.vape4wholesale.com\/wp-content\/uploads\/2024\/12\/Bang-36000-Puffs-Smart-Full-Screen-Disposable-Vape-Wholesale-Strawberry-Kiwi-1-150x150.webp 150w, https:\/\/www.vape4wholesale.com\/wp-content\/uploads\/2024\/12\/Bang-36000-Puffs-Smart-Full-Screen-Disposable-Vape-Wholesale-Strawberry-Kiwi-1-768x768.webp 768w, https:\/\/www.vape4wholesale.com\/wp-content\/uploads\/2024\/12\/Bang-36000-Puffs-Smart-Full-Screen-Disposable-Vape-Wholesale-Strawberry-Kiwi-1-12x12.webp 12w\" sizes=\"auto, (max-width: 800px) 100vw, 800px\" \/><figcaption id=\"caption-attachment-20325\" class=\"wp-caption-text\">Bang 36000 Puffs Smart Full Screen Vape za enkratno uporabo na debelo<\/figcaption><\/figure>\n<figure id=\"attachment_20330\" aria-describedby=\"caption-attachment-20330\" style=\"width: 1020px\" class=\"wp-caption alignnone\"><img loading=\"lazy\" decoding=\"async\" class=\"size-large wp-image-20330\" title=\"Bang 36000 Puffs Smart Celozaslonski paket za enkratno uporabo Vape\" src=\"https:\/\/www.vape4wholesale.com\/wp-content\/uploads\/2024\/12\/Bang-36000-Puffs-Smart-Full-Screen-Disposable-Vape-Package-1024x479.webp\" alt=\"Bang 36000 Puffs Smart Celozaslonski paket za enkratno uporabo Vape\" width=\"1020\" height=\"477\" srcset=\"https:\/\/www.vape4wholesale.com\/wp-content\/uploads\/2024\/12\/Bang-36000-Puffs-Smart-Full-Screen-Disposable-Vape-Package-1024x479.webp 1024w, https:\/\/www.vape4wholesale.com\/wp-content\/uploads\/2024\/12\/Bang-36000-Puffs-Smart-Full-Screen-Disposable-Vape-Package-510x238.webp 510w, https:\/\/www.vape4wholesale.com\/wp-content\/uploads\/2024\/12\/Bang-36000-Puffs-Smart-Full-Screen-Disposable-Vape-Package-64x30.webp 64w, https:\/\/www.vape4wholesale.com\/wp-content\/uploads\/2024\/12\/Bang-36000-Puffs-Smart-Full-Screen-Disposable-Vape-Package-300x140.webp 300w, https:\/\/www.vape4wholesale.com\/wp-content\/uploads\/2024\/12\/Bang-36000-Puffs-Smart-Full-Screen-Disposable-Vape-Package-768x359.webp 768w, https:\/\/www.vape4wholesale.com\/wp-content\/uploads\/2024\/12\/Bang-36000-Puffs-Smart-Full-Screen-Disposable-Vape-Package-18x8.webp 18w, https:\/\/www.vape4wholesale.com\/wp-content\/uploads\/2024\/12\/Bang-36000-Puffs-Smart-Full-Screen-Disposable-Vape-Package.webp 1200w\" sizes=\"auto, (max-width: 1020px) 100vw, 1020px\" \/><figcaption id=\"caption-attachment-20330\" class=\"wp-caption-text\">Bang 36000 Puffs Smart Celozaslonski paket za enkratno uporabo Vape<\/figcaption><\/figure>\n<h2>ZAKAJ MI?<\/h2>\r\n<ul>\r\n<li>Resni\u010dni, zanesljivi in strokovni vir za vape.<\/li>\r\n<li>100% Originalno jamstvo: Zavra\u010damo ponarejanje: zagotavljamo samo originalne in pristne izdelke.<\/li>\r\n<li>100% Zagotovilo za dostavo: 100%: uporabljamo najbolj\u0161i na\u010din po\u0161iljanja, da zagotovimo, da prejmete naro\u010dilo 100%.<\/li>\r\n<li>Po odpremi vam bomo posredovali \u0161tevilko za sledenje in nalepko za po\u0161iljanje ter spremljali blago, dokler ga ne podpi\u0161ete.<\/li>\r\n<li>Brez carinskih te\u017eav, brez tarif<\/li>\r\n<\/ul>","protected":false},"excerpt":{"rendered":"<div class=\"wsppc_div_block woocommerce_before_add_to_cart_form\">\r\n<p><strong><span style=\"color: #00a859;\">Opraviti carinsko po\u0161to<\/span> pred dostavo &amp; 100% Garancija dostave, Dostava v pribli\u017eno 19\u201325 dneh.\u00a0<\/strong><\/p>\r\n<\/div>","protected":false},"featured_media":18382,"comment_status":"open","ping_status":"closed","template":"","meta":[],"pwb-brand":[1275],"product_cat":[873],"product_tag":[22,24,249,849,988],"class_list":{"0":"post-18353","1":"product","2":"type-product","3":"status-publish","4":"has-post-thumbnail","6":"pwb-brand-bang","7":"product_cat-above-20k-puffs","8":"product_tag-disposable","9":"product_tag-wholesale","10":"product_tag-bang","11":"product_tag-36-0ml","12":"product_tag-36000-puffs","13":"wcpa_has_options","15":"first","16":"instock","17":"shipping-taxable","18":"purchasable","19":"product-type-variable"},"aioseo_notices":[],"brands":[{"id":1275,"name":"Bang","slug":"bang"}],"_links":{"self":[{"href":"https:\/\/www.vape4wholesale.com\/sl\/wp-json\/wp\/v2\/product\/18353","targetHints":{"allow":["GET"]}}],"collection":[{"href":"https:\/\/www.vape4wholesale.com\/sl\/wp-json\/wp\/v2\/product"}],"about":[{"href":"https:\/\/www.vape4wholesale.com\/sl\/wp-json\/wp\/v2\/types\/product"}],"replies":[{"embeddable":true,"href":"https:\/\/www.vape4wholesale.com\/sl\/wp-json\/wp\/v2\/comments?post=18353"}],"wp:featuredmedia":[{"embeddable":true,"href":"https:\/\/www.vape4wholesale.com\/sl\/wp-json\/wp\/v2\/media\/18382"}],"wp:attachment":[{"href":"https:\/\/www.vape4wholesale.com\/sl\/wp-json\/wp\/v2\/media?parent=18353"}],"wp:term":[{"taxonomy":"pwb-brand","embeddable":true,"href":"https:\/\/www.vape4wholesale.com\/sl\/wp-json\/wp\/v2\/pwb-brand?post=18353"},{"taxonomy":"product_cat","embeddable":true,"href":"https:\/\/www.vape4wholesale.com\/sl\/wp-json\/wp\/v2\/product_cat?post=18353"},{"taxonomy":"product_tag","embeddable":true,"href":"https:\/\/www.vape4wholesale.com\/sl\/wp-json\/wp\/v2\/product_tag?post=18353"}],"curies":[{"name":"wp","href":"https:\/\/api.w.org\/{rel}","templated":true}]}}