{"id":18017,"date":"2024-12-10T10:25:05","date_gmt":"2024-12-10T02:25:05","guid":{"rendered":"https:\/\/www.vape4wholesale.com\/?post_type=product&#038;p=18017"},"modified":"2026-02-10T06:11:00","modified_gmt":"2026-02-09T22:11:00","slug":"vapsolo-trojni-3v1-30000-puffs-enkratno-vape-na-debelo","status":"publish","type":"product","link":"https:\/\/www.vape4wholesale.com\/sl\/product\/vapsolo-triple-3in1-30000-puffs-disposable-vape-wholesale","title":{"rendered":"Vapsolo Triple 3in1 30000 Puffs Vape za enkratno uporabo na debelo"},"content":{"rendered":"<p>Spletna stran <a title=\"Vapsolo\" href=\"\/sl\/product_brand\/vapsolo\/\">Vapsolo<\/a> Triple 3v1 s 3 okusi v eni napravi za enkratno uporabo z LCD zaslonom, ki podpira do 30000 Puffs.<\/p>\n<p>Je trikotne oblike, zgornjo \u0161obo pa je mogo\u010de obra\u010dati in tako preklapljati med razli\u010dnimi okusi.<\/p>\n<p>Veleprodajno naro\u010dite na\u0161 \u0161irok izbor 10 okusov Vapsolo Triple 3in1 30K puffs za enkratno uporabo vape z najbolj\u0161o ceno in hitro dostavo.<\/p>\n<p>Oglejte si <a title=\"Vapesolo Triple 3in1 video\" href=\"https:\/\/youtu.be\/-PFrvuWt1GQ?si=f67BAwgB0PaSDQy0\" target=\"_blank\" rel=\"noopener\">Vapesolo Triple 3in1 video<\/a> \u010de \u017eelite izvedeti ve\u010d o funkcijah tega izdelka.<\/p>\n<h2>Vapsolo Triple 3in1 30000 Puffs Vape za enkratno uporabo Hitre podrobnosti<\/h2>\n<ul>\n<li>E-teko\u010dina: 45ml<\/li>\n<li>Nikotin: 2%, 5%<\/li>\n<li>Baterija: 850 mAh<\/li>\n<li>Polnjenje tipa C<\/li>\n<li>10 kosov v \u0161katli za prikazovanje<\/li>\n<\/ul>\n<h2>Razpolo\u017eljivi okusi<\/h2>\n<p>1.Watermelon ice&amp; Red Bull&amp; Strawberry kiwi<br \/>\n2.Lemon limeto &amp; jagoda lubenica &amp; borovnica led<br \/>\n3.Strawberry banana &amp; Raspberry watermelon &amp; Lemon limeto<br \/>\n4.Strawberry kivi &amp; Sour mango ananas &amp; Red Bull<br \/>\n5.Tropsko sadje in jagoda lubenica in breskev z limono<br \/>\n6.Ananas kokos &amp; jagoda banana &amp; Blue razz<br \/>\n7.Strawberry malina &amp; trojna melona &amp; kisel mango ananas<br \/>\n8.Raspberry lubenica&amp; Mango breskev&amp; Jagoda kivi<br \/>\n9.Strawberry vanilije koka in borovnice malina in limonska limeta<br \/>\n10.Watermelon ice&amp; Jagodni sladoled&amp; Triple melona<\/p>\n<p><span style=\"color: #00a859;\"><strong>Dodatni okusi<\/strong><\/span><\/p>\n<p>11.Kiwi Passions Sadje in ljubezen 66&amp; Vanilija<br \/>\n12.Peach Ice &amp; Dragon Fruit Ice &amp; Mix Fruit<br \/>\n13.Peach Berry&amp; Black Ice&amp; Starwberry Vanilla Cola<br \/>\n14.Bluberry Sour Rasberry&amp; Strawberry Mango&amp; Lemon Cola<br \/>\n15.Blackcurrant Ice&amp; Pink Lemonade&amp; Kiwi Passion Fruit Guava<\/p>\n<h2>Podrobnosti o pakiranju<\/h2>\n<ul>\n<li>1\/samostojna \u0161katla<\/li>\n<li>10\/ pakiranje<\/li>\n<li>200\/karton<\/li>\n<li>26 kg \/ \u0161katla<\/li>\n<\/ul>\n<figure id=\"attachment_18139\" aria-describedby=\"caption-attachment-18139\" style=\"width: 800px\" class=\"wp-caption alignnone\"><img loading=\"lazy\" decoding=\"async\" class=\"size-full wp-image-18139\" title=\"Vapsolo Triple 3in1 30000 Puffs Vape za enkratno uporabo na debelo WATERMELON ICE RED BULL STRAWBERRY KIWI\" src=\"https:\/\/www.vape4wholesale.com\/wp-content\/uploads\/2024\/12\/Vapsolo-Triple-3in1-30000-Puffs-Disposable-Vape-Wholesale-WATERMELON-ICE-RED-BULL-STRAWBERRY-KIWI.jpg\" alt=\"Vapsolo Triple 3in1 30000 Puffs Vape za enkratno uporabo na debelo WATERMELON ICE RED BULL STRAWBERRY KIWI\" width=\"800\" height=\"800\" srcset=\"https:\/\/www.vape4wholesale.com\/wp-content\/uploads\/2024\/12\/Vapsolo-Triple-3in1-30000-Puffs-Disposable-Vape-Wholesale-WATERMELON-ICE-RED-BULL-STRAWBERRY-KIWI.jpg 800w, https:\/\/www.vape4wholesale.com\/wp-content\/uploads\/2024\/12\/Vapsolo-Triple-3in1-30000-Puffs-Disposable-Vape-Wholesale-WATERMELON-ICE-RED-BULL-STRAWBERRY-KIWI-247x247.jpg 247w, https:\/\/www.vape4wholesale.com\/wp-content\/uploads\/2024\/12\/Vapsolo-Triple-3in1-30000-Puffs-Disposable-Vape-Wholesale-WATERMELON-ICE-RED-BULL-STRAWBERRY-KIWI-100x100.jpg 100w, https:\/\/www.vape4wholesale.com\/wp-content\/uploads\/2024\/12\/Vapsolo-Triple-3in1-30000-Puffs-Disposable-Vape-Wholesale-WATERMELON-ICE-RED-BULL-STRAWBERRY-KIWI-510x510.jpg 510w, https:\/\/www.vape4wholesale.com\/wp-content\/uploads\/2024\/12\/Vapsolo-Triple-3in1-30000-Puffs-Disposable-Vape-Wholesale-WATERMELON-ICE-RED-BULL-STRAWBERRY-KIWI-64x64.jpg 64w, https:\/\/www.vape4wholesale.com\/wp-content\/uploads\/2024\/12\/Vapsolo-Triple-3in1-30000-Puffs-Disposable-Vape-Wholesale-WATERMELON-ICE-RED-BULL-STRAWBERRY-KIWI-300x300.jpg 300w, https:\/\/www.vape4wholesale.com\/wp-content\/uploads\/2024\/12\/Vapsolo-Triple-3in1-30000-Puffs-Disposable-Vape-Wholesale-WATERMELON-ICE-RED-BULL-STRAWBERRY-KIWI-150x150.jpg 150w, https:\/\/www.vape4wholesale.com\/wp-content\/uploads\/2024\/12\/Vapsolo-Triple-3in1-30000-Puffs-Disposable-Vape-Wholesale-WATERMELON-ICE-RED-BULL-STRAWBERRY-KIWI-768x768.jpg 768w, https:\/\/www.vape4wholesale.com\/wp-content\/uploads\/2024\/12\/Vapsolo-Triple-3in1-30000-Puffs-Disposable-Vape-Wholesale-WATERMELON-ICE-RED-BULL-STRAWBERRY-KIWI-12x12.jpg 12w\" sizes=\"auto, (max-width: 800px) 100vw, 800px\" \/><figcaption id=\"caption-attachment-18139\" class=\"wp-caption-text\">Vapsolo Triple 3in1 30000 Puffs Vape za enkratno uporabo na debelo<\/figcaption><\/figure>\n<figure id=\"attachment_18018\" aria-describedby=\"caption-attachment-18018\" style=\"width: 800px\" class=\"wp-caption alignnone\"><img loading=\"lazy\" decoding=\"async\" class=\"size-full wp-image-18018\" title=\"Vapsolo Triple 3in1 30000 Puffs Vape za enkratno uporabo na debelo (2)\" src=\"https:\/\/www.vape4wholesale.com\/wp-content\/uploads\/2024\/12\/Vapsolo-Triple-3in1-30000-Puffs-Disposable-Vape-Wholesale-2.jpg\" alt=\"Vapsolo Triple 3in1 30000 Puffs Vape za enkratno uporabo na debelo (2)\" width=\"800\" height=\"800\" srcset=\"https:\/\/www.vape4wholesale.com\/wp-content\/uploads\/2024\/12\/Vapsolo-Triple-3in1-30000-Puffs-Disposable-Vape-Wholesale-2.jpg 800w, https:\/\/www.vape4wholesale.com\/wp-content\/uploads\/2024\/12\/Vapsolo-Triple-3in1-30000-Puffs-Disposable-Vape-Wholesale-2-247x247.jpg 247w, https:\/\/www.vape4wholesale.com\/wp-content\/uploads\/2024\/12\/Vapsolo-Triple-3in1-30000-Puffs-Disposable-Vape-Wholesale-2-100x100.jpg 100w, https:\/\/www.vape4wholesale.com\/wp-content\/uploads\/2024\/12\/Vapsolo-Triple-3in1-30000-Puffs-Disposable-Vape-Wholesale-2-510x510.jpg 510w, https:\/\/www.vape4wholesale.com\/wp-content\/uploads\/2024\/12\/Vapsolo-Triple-3in1-30000-Puffs-Disposable-Vape-Wholesale-2-64x64.jpg 64w, https:\/\/www.vape4wholesale.com\/wp-content\/uploads\/2024\/12\/Vapsolo-Triple-3in1-30000-Puffs-Disposable-Vape-Wholesale-2-300x300.jpg 300w, https:\/\/www.vape4wholesale.com\/wp-content\/uploads\/2024\/12\/Vapsolo-Triple-3in1-30000-Puffs-Disposable-Vape-Wholesale-2-150x150.jpg 150w, https:\/\/www.vape4wholesale.com\/wp-content\/uploads\/2024\/12\/Vapsolo-Triple-3in1-30000-Puffs-Disposable-Vape-Wholesale-2-768x768.jpg 768w, https:\/\/www.vape4wholesale.com\/wp-content\/uploads\/2024\/12\/Vapsolo-Triple-3in1-30000-Puffs-Disposable-Vape-Wholesale-2-12x12.jpg 12w\" sizes=\"auto, (max-width: 800px) 100vw, 800px\" \/><figcaption id=\"caption-attachment-18018\" class=\"wp-caption-text\">Vapsolo Triple 3in1 30000 Puffs Vape za enkratno uporabo na debelo<\/figcaption><\/figure>\n<h2>ZAKAJ MI?<\/h2>\r\n<ul>\r\n<li>Resni\u010dni, zanesljivi in strokovni vir za vape.<\/li>\r\n<li>100% Originalno jamstvo: Zavra\u010damo ponarejanje: zagotavljamo samo originalne in pristne izdelke.<\/li>\r\n<li>100% Zagotovilo za dostavo: 100%: uporabljamo najbolj\u0161i na\u010din po\u0161iljanja, da zagotovimo, da prejmete naro\u010dilo 100%.<\/li>\r\n<li>Po odpremi vam bomo posredovali \u0161tevilko za sledenje in nalepko za po\u0161iljanje ter spremljali blago, dokler ga ne podpi\u0161ete.<\/li>\r\n<li>Brez carinskih te\u017eav, brez tarif<\/li>\r\n<\/ul>","protected":false},"excerpt":{"rendered":"<p>Ta izdelek je bil nadgrajen na 60K (60000 Puffs), zato bomo poslali <strong><span style=\"color: #ff6600;\">Vapsolo Triple 60K<\/span><\/strong> \u010de naro\u010dite to povezavo.<\/p>\n<p><b><span style=\"color: #00a859;\">Brezpla\u010dna po\u0161tnina<\/span>\u00a0iz evropskega skladi\u0161\u010da, 7-15 delovnih dni dobavni rok.<\/b><\/p>\r\n<div class=\"wsppc_div_block woocommerce_before_add_to_cart_form\">\r\n<p><strong>Prosto carinjenje pred dostavo &amp; 100% Jamstvo dostave<\/strong><\/p>\r\n<\/div>","protected":false},"featured_media":21019,"comment_status":"open","ping_status":"closed","template":"","meta":[],"pwb-brand":[1271],"product_cat":[938],"product_tag":[850,899,964,22,24],"class_list":{"0":"post-18017","1":"product","2":"type-product","3":"status-publish","4":"has-post-thumbnail","6":"pwb-brand-vapsolo","7":"product_cat-europe-warehouse","8":"product_tag-30000-puffs","9":"product_tag-vapsolo","10":"product_tag-45-0ml","11":"product_tag-disposable","12":"product_tag-wholesale","13":"product_shipping_class-eu-warehouse","14":"wcpa_has_options","16":"first","17":"instock","18":"shipping-taxable","19":"purchasable","20":"product-type-variable"},"aioseo_notices":[],"brands":[{"id":1271,"name":"Vapsolo","slug":"vapsolo"}],"_links":{"self":[{"href":"https:\/\/www.vape4wholesale.com\/sl\/wp-json\/wp\/v2\/product\/18017","targetHints":{"allow":["GET"]}}],"collection":[{"href":"https:\/\/www.vape4wholesale.com\/sl\/wp-json\/wp\/v2\/product"}],"about":[{"href":"https:\/\/www.vape4wholesale.com\/sl\/wp-json\/wp\/v2\/types\/product"}],"replies":[{"embeddable":true,"href":"https:\/\/www.vape4wholesale.com\/sl\/wp-json\/wp\/v2\/comments?post=18017"}],"wp:featuredmedia":[{"embeddable":true,"href":"https:\/\/www.vape4wholesale.com\/sl\/wp-json\/wp\/v2\/media\/21019"}],"wp:attachment":[{"href":"https:\/\/www.vape4wholesale.com\/sl\/wp-json\/wp\/v2\/media?parent=18017"}],"wp:term":[{"taxonomy":"pwb-brand","embeddable":true,"href":"https:\/\/www.vape4wholesale.com\/sl\/wp-json\/wp\/v2\/pwb-brand?post=18017"},{"taxonomy":"product_cat","embeddable":true,"href":"https:\/\/www.vape4wholesale.com\/sl\/wp-json\/wp\/v2\/product_cat?post=18017"},{"taxonomy":"product_tag","embeddable":true,"href":"https:\/\/www.vape4wholesale.com\/sl\/wp-json\/wp\/v2\/product_tag?post=18017"}],"curies":[{"name":"wp","href":"https:\/\/api.w.org\/{rel}","templated":true}]}}