{"id":17549,"date":"2024-11-17T00:36:25","date_gmt":"2024-11-16T16:36:25","guid":{"rendered":"https:\/\/www.vape4wholesale.com\/?post_type=product&#038;p=17549"},"modified":"2026-04-16T23:33:00","modified_gmt":"2026-04-16T15:33:00","slug":"uwin-kristal-10000-puffs-enkratno-vape","status":"publish","type":"product","link":"https:\/\/www.vape4wholesale.com\/sl\/product\/uwin-crystal-10000-puffs-disposable-vape","title":{"rendered":"Uwin Crystal 10000 Puffs za enkratno uporabo Vape"},"content":{"rendered":"<p>Spletna stran\u00a0<strong><a href=\"\/sl\/product_brand\/uwin\/\">Uwin<\/a>\u00a0Kristal 10000<\/strong> Puffs Disposable Vape je kompakten, vnaprej napolnjen uparjalnik, ki ponuja do 10 000 vpihov aromati\u010dne pare. Njegova elegantna oblika zagotavlja prenosljivost, raznolikost okusov pa je prilagojena individualnim okusom. Za priro\u010dno izku\u0161njo uparjanja ga preprosto uporabite in po uporabi zavrzite.<\/p>\n<p>Veleprodajno naro\u010dite na\u0161o \u0161iroko izbiro 15 okusov Uwin Crystal 10000 z na\u0161o najbolj\u0161o ceno in hitro dostavo.<\/p>\n<h2><strong>Lastnosti naprave Uwin Crystal 10000<\/strong><\/h2>\n<ul>\n<li>0% 2% 3% 5% Nikotin<\/li>\n<li>Obla\u010dki: 10000<\/li>\n<li>Zmogljivost: 18 ml<\/li>\n<li>200 kosov \/ \u0161katla<\/li>\n<li>10 kosov \/ \u0161katla<\/li>\n<li>Na voljo je 15 okusov<\/li>\n<li>650 mAh Polnilna kobaltna vrata tipa C<\/li>\n<li>Tuljava :0,8 ohm mesh tuljava<\/li>\n<li>Vsaka \u0161katla: 17,3 kg<\/li>\n<li>Velikost \u0161katle: 36,5 * 36,7 * 31,5 CM<\/li>\n<li>RGB LU\u010cI<\/li>\n<\/ul>\n<h2><strong>Pregled izdelka in lastnosti<\/strong><\/h2>\n<p>UWIN CRYSTAL 10000 Puffs Vape za enkratno uporabo je pomemben tekmec na trgu vape za enkratno uporabo, namenjen tako za\u010detnikom kot izku\u0161enim uporabnikom. Ena od njegovih najbolj impresivnih lastnosti je veliko \u0161tevilo izpuhov, saj ponuja do 10000 izpuhov na napravo. Ta lastnost ne le izbolj\u0161a splo\u0161no izku\u0161njo vapinga, temve\u010d tudi zagotavlja odli\u010dno vrednost za uporabnike, ki i\u0161\u010dejo dolgo \u017eivljenjsko dobo pri izbiri vape za enkratno uporabo.<\/p>\n<p>UWIN CRYSTAL se pona\u0161a z bogato izbiro okusov, saj ponuja kar 50 razli\u010dnih okusov. Ta \u0161iroka paleta ustreza razli\u010dnim okusom in je privla\u010dna za uporabnike, ki radi eksperimentirajo z razli\u010dnimi okusi. Od sadnih me\u0161anic do tradicionalnih toba\u010dnih me\u0161anic - ponudba zagotavlja, da lahko vsak uporabnik najde svoj idealen okus. Zaradi zanimivih kombinacij in kakovosti okusov se CRYSTAL razlikuje od \u0161tevilnih konkurentov v istem tr\u017enem segmentu.<\/p>\n<p>Uporabniku prijazna zasnova naprave \u0161e pove\u010duje njeno privla\u010dnost. CRYSTAL je izdelan z mislijo na prenosljivost, zato se udobno dr\u017ei v roki in je priro\u010den za uporabnike na poti. Zaradi elegantne in lahke zasnove jo je mogo\u010de tudi preprosto prena\u0161ati, kar uporabnikom omogo\u010da, da brez te\u017eav u\u017eivajo v izku\u0161njah vapinga. Poleg tega naprava vklju\u010duje napredno tehnologijo uparjanja, ki zagotavlja gladko in dosledno proizvajanje pare pri vsakem izdihu.<\/p>\n<p>\u017divljenjska doba baterije UWIN CRYSTAL je \u0161e ena pomembna lastnost, saj je zasnovana tako, da omogo\u010da impresivno \u0161tevilo izpuhov, ne da bi jo bilo treba pogosto polniti. Zaradi te funkcionalnosti je idealen za uporabnike, ki imajo raje zanesljivo in neprekinjeno vapiranje. Na splo\u0161no UWIN CRYSTAL 10000 Puffs Disposable Vape zdru\u017euje inovativno obliko, raznolikost okusov in dolgotrajno delovanje, kar ga odlikuje kot najbolj\u0161o izbiro med vapeji za enkratno uporabo, ki so danes na voljo na trgu.<\/p>\n<h2><strong>Raznolikost okusov in uporabni\u0161ka izku\u0161nja<\/strong><\/h2>\n<p>UWIN CRYSTAL 10000 Puffs Vape za enkratno uporabo slovi po impresivnem naboru okusov, ki zadovoljuje raznoliko ob\u010dinstvo navdu\u0161encev nad vapingom. Uporabniki si lahko privo\u0161\u010dijo vrsto profilov, ki segajo od \u017eivahnih sadnih me\u0161anic do dekadentnih sladic. Raznolikost zagotavlja, da lahko tako za\u010detniki kot izku\u0161eni uporabniki najdejo okuse, ki ustrezajo njihovim osebnim preferencam, kar izbolj\u0161a celotno izku\u0161njo vapljanja.<\/p>\n<p>Med priljubljenimi sadnimi okusi so na primer lubenica, mango in me\u0161ano jagodi\u010devje, ki dajejo osve\u017eilno in po\u017eivljajo\u010do izku\u0161njo. Za te okuse je pogosto zna\u010dilna mamljiva sladkost, uravnote\u017eena z \u017eivahnostjo, ki spodbuja brbon\u010dice. Uporabniki pogosto poro\u010dajo o prijetnem ob\u010dutku v ustih, kjer se naravne sadne note ob vdihavanju gladko razkrijejo. Poleg tega je pookus obi\u010dajno \u010dist, kar uporabnikom omogo\u010da, da u\u017eivajo v dolgotrajni esenci izbranega okusa brez neprijetnih ostankov.<\/p>\n<p>Na drugi strani pa so sladice z okusom vaniljeve kreme in \u010dokoladnega preliva, ki bodo zadovoljile sladkosnede. Ti okusi so pogosto bogatej\u0161i in bolj kremasti ter predstavljajo kontrast la\u017ejim sadnim okusom. Povratne informacije strank poudarjajo, da je pri okusih sladic pogosto mo\u010dnej\u0161i u\u010dinek v grlu, kar je ugodno za tiste, ki i\u0161\u010dejo globlji ob\u010dutek pri vapingu. Tak\u0161ne izku\u0161nje so lahko \u0161e posebej koristne, zlasti med prilo\u017enostnimi ali prosto\u010dasnimi vappingi.<\/p>\n<p>Poleg tega je splo\u0161na kakovost risanja UWIN CRYSTAL 10000 pohvalna. Uporabniki pogosto izra\u017eajo zadovoljstvo z ravnovesjem med proizvodnjo pare in zadr\u017eevanjem okusa, kar prispeva k celostni izku\u0161nji vapinga. Zmo\u017enost naprave, da zagotavlja konsistenten okus skozi celotno \u017eivljenjsko dobo, jo odlikuje na prenatrpanem trgu. UWIN CRYSTAL 10000 je prepri\u010dljiv razlog za raziskovanje razli\u010dnih okusov, ne glede na to, ali \u017eelite eksperimentirati z novimi okusi ali se ustaliti na priljubljenih, saj ponuja \u0161tevilne okuse.<\/p>\n<h2><strong>Uwin Crystal 10000 <\/strong><strong>Razpolo\u017eljivi okusi<\/strong><\/h2>\n<table width=\"333\">\n<tbody>\n<tr>\n<td width=\"333\">1.Blueberry Raspberry<\/td>\n<\/tr>\n<tr>\n<td>2.Grape ice<\/td>\n<\/tr>\n<tr>\n<td>3.Strawberry lubenica<\/td>\n<\/tr>\n<tr>\n<td>4.Blueberry on ice<\/td>\n<\/tr>\n<tr>\n<td>5.Watermelon ice<\/td>\n<\/tr>\n<tr>\n<td>6.Cherry ice<\/td>\n<\/tr>\n<tr>\n<td>7.Strawberry raspberry cherry<\/td>\n<\/tr>\n<tr>\n<td>8.Kiwi Passion fruit guava<\/td>\n<\/tr>\n<tr>\n<td>9.Jagodni led<\/td>\n<\/tr>\n<tr>\n<td>10.Peach ice<\/td>\n<\/tr>\n<tr>\n<td>11.Strawberry kiwi<\/td>\n<\/tr>\n<tr>\n<td>12.Peach berry<\/td>\n<\/tr>\n<tr>\n<td>13.Cherry cola<\/td>\n<\/tr>\n<tr>\n<td>14.Mixed berry<\/td>\n<\/tr>\n<tr>\n<td>15.Mr blue<\/td>\n<\/tr>\n<tr>\n<td>16.Lady Killa<\/td>\n<\/tr>\n<tr>\n<td>17.Love 66<\/td>\n<\/tr>\n<tr>\n<td>18.Strawberry Cranberry cherry<\/td>\n<\/tr>\n<tr>\n<td>19.Jagodna banana<\/td>\n<\/tr>\n<tr>\n<td>20.Peach mango pineapple<\/td>\n<\/tr>\n<tr>\n<td>21.Blue razz lemonade<\/td>\n<\/tr>\n<tr>\n<td>22.Red Bull<\/td>\n<\/tr>\n<tr>\n<td>23.Strawberry grape<\/td>\n<\/tr>\n<tr>\n<td>24.Cherry berry<\/td>\n<\/tr>\n<tr>\n<td>25.Miami Mint<\/td>\n<\/tr>\n<tr>\n<td>26.Cola ice<\/td>\n<\/tr>\n<tr>\n<td>27.Two Apple<\/td>\n<\/tr>\n<tr>\n<td>28.Vanilla ice<\/td>\n<\/tr>\n<tr>\n<td>29.Passion Fruit ice<\/td>\n<\/tr>\n<tr>\n<td>30.Lemon lime<\/td>\n<\/tr>\n<\/tbody>\n<\/table>\n<figure id=\"attachment_17544\" aria-describedby=\"caption-attachment-17544\" style=\"width: 800px\" class=\"wp-caption alignnone\"><img loading=\"lazy\" decoding=\"async\" class=\"wp-image-17544 size-full\" title=\"Uwin Crystal 10000 Puffs za enkratno uporabo Vape Watermelon Ice\" src=\"https:\/\/www.vape4wholesale.com\/wp-content\/uploads\/2024\/11\/Uwin-Crystal-10000-Puffs-Disposable-Vape-Watermelon-Ice.jpg\" alt=\"Uwin Crystal 10000 Puffs za enkratno uporabo Vape Watermelon Ice\" width=\"800\" height=\"800\" srcset=\"https:\/\/www.vape4wholesale.com\/wp-content\/uploads\/2024\/11\/Uwin-Crystal-10000-Puffs-Disposable-Vape-Watermelon-Ice.jpg 800w, https:\/\/www.vape4wholesale.com\/wp-content\/uploads\/2024\/11\/Uwin-Crystal-10000-Puffs-Disposable-Vape-Watermelon-Ice-247x247.jpg 247w, https:\/\/www.vape4wholesale.com\/wp-content\/uploads\/2024\/11\/Uwin-Crystal-10000-Puffs-Disposable-Vape-Watermelon-Ice-100x100.jpg 100w, https:\/\/www.vape4wholesale.com\/wp-content\/uploads\/2024\/11\/Uwin-Crystal-10000-Puffs-Disposable-Vape-Watermelon-Ice-510x510.jpg 510w, https:\/\/www.vape4wholesale.com\/wp-content\/uploads\/2024\/11\/Uwin-Crystal-10000-Puffs-Disposable-Vape-Watermelon-Ice-64x64.jpg 64w, https:\/\/www.vape4wholesale.com\/wp-content\/uploads\/2024\/11\/Uwin-Crystal-10000-Puffs-Disposable-Vape-Watermelon-Ice-300x300.jpg 300w, https:\/\/www.vape4wholesale.com\/wp-content\/uploads\/2024\/11\/Uwin-Crystal-10000-Puffs-Disposable-Vape-Watermelon-Ice-150x150.jpg 150w, https:\/\/www.vape4wholesale.com\/wp-content\/uploads\/2024\/11\/Uwin-Crystal-10000-Puffs-Disposable-Vape-Watermelon-Ice-768x768.jpg 768w, https:\/\/www.vape4wholesale.com\/wp-content\/uploads\/2024\/11\/Uwin-Crystal-10000-Puffs-Disposable-Vape-Watermelon-Ice-12x12.jpg 12w\" sizes=\"auto, (max-width: 800px) 100vw, 800px\" \/><figcaption id=\"caption-attachment-17544\" class=\"wp-caption-text\">Uwin Crystal 10000 Puffs za enkratno uporabo Vape na debelo<\/figcaption><\/figure>\n<p><img loading=\"lazy\" decoding=\"async\" class=\"alignnone size-full wp-image-17548\" title=\"Uwin Crystal 10000 Puffs za enkratno uporabo Vape Banner\" src=\"https:\/\/www.vape4wholesale.com\/wp-content\/uploads\/2024\/11\/Uwin-Crystal-10000-Puffs-Disposable-Vape-Banner.jpg\" alt=\"Uwin Crystal 10000 Puffs za enkratno uporabo Vape Banner\" width=\"800\" height=\"500\" srcset=\"https:\/\/www.vape4wholesale.com\/wp-content\/uploads\/2024\/11\/Uwin-Crystal-10000-Puffs-Disposable-Vape-Banner.jpg 800w, https:\/\/www.vape4wholesale.com\/wp-content\/uploads\/2024\/11\/Uwin-Crystal-10000-Puffs-Disposable-Vape-Banner-510x319.jpg 510w, https:\/\/www.vape4wholesale.com\/wp-content\/uploads\/2024\/11\/Uwin-Crystal-10000-Puffs-Disposable-Vape-Banner-64x40.jpg 64w, https:\/\/www.vape4wholesale.com\/wp-content\/uploads\/2024\/11\/Uwin-Crystal-10000-Puffs-Disposable-Vape-Banner-300x188.jpg 300w, https:\/\/www.vape4wholesale.com\/wp-content\/uploads\/2024\/11\/Uwin-Crystal-10000-Puffs-Disposable-Vape-Banner-768x480.jpg 768w, https:\/\/www.vape4wholesale.com\/wp-content\/uploads\/2024\/11\/Uwin-Crystal-10000-Puffs-Disposable-Vape-Banner-18x12.jpg 18w\" sizes=\"auto, (max-width: 800px) 100vw, 800px\" \/> <img loading=\"lazy\" decoding=\"async\" class=\"alignnone size-full wp-image-17547\" title=\"Uwin Crystal 10000 Puffs za enkratno uporabo Vape Banner 2\" src=\"https:\/\/www.vape4wholesale.com\/wp-content\/uploads\/2024\/11\/Uwin-Crystal-10000-Puffs-Disposable-Vape-Banner-2.jpg\" alt=\"Uwin Crystal 10000 Puffs za enkratno uporabo Vape Banner 2\" width=\"800\" height=\"500\" srcset=\"https:\/\/www.vape4wholesale.com\/wp-content\/uploads\/2024\/11\/Uwin-Crystal-10000-Puffs-Disposable-Vape-Banner-2.jpg 800w, https:\/\/www.vape4wholesale.com\/wp-content\/uploads\/2024\/11\/Uwin-Crystal-10000-Puffs-Disposable-Vape-Banner-2-510x319.jpg 510w, https:\/\/www.vape4wholesale.com\/wp-content\/uploads\/2024\/11\/Uwin-Crystal-10000-Puffs-Disposable-Vape-Banner-2-64x40.jpg 64w, https:\/\/www.vape4wholesale.com\/wp-content\/uploads\/2024\/11\/Uwin-Crystal-10000-Puffs-Disposable-Vape-Banner-2-300x188.jpg 300w, https:\/\/www.vape4wholesale.com\/wp-content\/uploads\/2024\/11\/Uwin-Crystal-10000-Puffs-Disposable-Vape-Banner-2-768x480.jpg 768w, https:\/\/www.vape4wholesale.com\/wp-content\/uploads\/2024\/11\/Uwin-Crystal-10000-Puffs-Disposable-Vape-Banner-2-18x12.jpg 18w\" sizes=\"auto, (max-width: 800px) 100vw, 800px\" \/><\/p>\n<h2>ZAKAJ MI?<\/h2>\r\n<ul>\r\n<li>Resni\u010dni, zanesljivi in strokovni vir za vape.<\/li>\r\n<li>100% Originalno jamstvo: Zavra\u010damo ponarejanje: zagotavljamo samo originalne in pristne izdelke.<\/li>\r\n<li>100% Zagotovilo za dostavo: 100%: uporabljamo najbolj\u0161i na\u010din po\u0161iljanja, da zagotovimo, da prejmete naro\u010dilo 100%.<\/li>\r\n<li>Po odpremi vam bomo posredovali \u0161tevilko za sledenje in nalepko za po\u0161iljanje ter spremljali blago, dokler ga ne podpi\u0161ete.<\/li>\r\n<li>Brez carinskih te\u017eav, brez tarif<\/li>\r\n<\/ul>","protected":false},"excerpt":{"rendered":"<div class=\"wsppc_div_block woocommerce_before_add_to_cart_form\">\r\n<p><strong><span style=\"color: #00a859;\">Clear customs<\/span> before delivery &amp; 100% Delivery Guarantee, Delivery in 19~25 days around.\u00a0<\/strong><\/p>\r\n<\/div>","protected":false},"featured_media":17540,"comment_status":"open","ping_status":"closed","template":"","meta":[],"pwb-brand":[1274],"product_cat":[871],"product_tag":[24,244,324,936,22],"class_list":{"0":"post-17549","1":"product","2":"type-product","3":"status-publish","4":"has-post-thumbnail","6":"pwb-brand-uwin","7":"product_cat-10-15k-puffs","8":"product_tag-wholesale","9":"product_tag-18-0ml","10":"product_tag-10000-puffs","11":"product_tag-uwin","12":"product_tag-disposable","13":"wcpa_has_options","15":"first","16":"instock","17":"shipping-taxable","18":"purchasable","19":"product-type-variable"},"aioseo_notices":[],"brands":[{"id":1274,"name":"Uwin","slug":"uwin"}],"_links":{"self":[{"href":"https:\/\/www.vape4wholesale.com\/sl\/wp-json\/wp\/v2\/product\/17549","targetHints":{"allow":["GET"]}}],"collection":[{"href":"https:\/\/www.vape4wholesale.com\/sl\/wp-json\/wp\/v2\/product"}],"about":[{"href":"https:\/\/www.vape4wholesale.com\/sl\/wp-json\/wp\/v2\/types\/product"}],"replies":[{"embeddable":true,"href":"https:\/\/www.vape4wholesale.com\/sl\/wp-json\/wp\/v2\/comments?post=17549"}],"wp:featuredmedia":[{"embeddable":true,"href":"https:\/\/www.vape4wholesale.com\/sl\/wp-json\/wp\/v2\/media\/17540"}],"wp:attachment":[{"href":"https:\/\/www.vape4wholesale.com\/sl\/wp-json\/wp\/v2\/media?parent=17549"}],"wp:term":[{"taxonomy":"pwb-brand","embeddable":true,"href":"https:\/\/www.vape4wholesale.com\/sl\/wp-json\/wp\/v2\/pwb-brand?post=17549"},{"taxonomy":"product_cat","embeddable":true,"href":"https:\/\/www.vape4wholesale.com\/sl\/wp-json\/wp\/v2\/product_cat?post=17549"},{"taxonomy":"product_tag","embeddable":true,"href":"https:\/\/www.vape4wholesale.com\/sl\/wp-json\/wp\/v2\/product_tag?post=17549"}],"curies":[{"name":"wp","href":"https:\/\/api.w.org\/{rel}","templated":true}]}}