{"id":17032,"date":"2024-10-18T22:01:00","date_gmt":"2024-10-18T14:01:00","guid":{"rendered":"https:\/\/www.vape4wholesale.com\/?post_type=product&#038;p=17032"},"modified":"2026-01-27T14:35:14","modified_gmt":"2026-01-27T14:35:14","slug":"fumot-tornado-30k-glasba-za-enkratno-uporabo-vape-na-debelo","status":"publish","type":"product","link":"https:\/\/www.vape4wholesale.com\/sl\/product\/fumot-tornado-30k-music-disposable-vape-wholesale","title":{"rendered":"Fumot Tornado 30K Glasba za enkratno uporabo Vape na debelo"},"content":{"rendered":"<p>Fumot Tornado 30K Music je naprava za vapiranje za enkratno uporabo s 30 tiso\u010d pufi, ki jo poganja RandM. Tornado 30K Music uporablja 1,0\u03a9 mre\u017easto tuljavo in vgrajeno 600mAh baterijo za ponovno polnjenje. Na voljo je 30 okusov in 4 jakosti nikotina, med katerimi lahko izbirate.<\/p>\n<p>Najzanimivej\u0161a lastnost naprave Tornado 30K Music je, da lahko svetloba RGB utripa v ritmu glasbe. Predstavljajte si, da jo uporabljate v baru, kjer lahko celo ple\u0161ete na svoj vape.<\/p>\n<h2><strong>Fumot Tornado 30K Podrobnosti o glasbi:<\/strong><\/h2>\n<p>\u2611 0% 2% 3% 5% Nikotin<br \/>\n\u2611 Puffs: 30000<br \/>\n\u2611 Na voljo je 30 okusov<br \/>\n\u2611 600mah za polnjenje<br \/>\n\u2611 1,0\u03a9 mre\u017ena tuljava<br \/>\n\u2611 Tip C<br \/>\n\u2611 vsaka \u0161katla kg<br \/>\n\u2611 Lu\u010di se spreminjajo z glasbo<\/p>\n<h2><strong>Fumot Tornado 30K Glasba Izbirni okusi:<\/strong><\/h2>\n<p>1. Banana Ice<br \/>\n2. \u010crni led<br \/>\n3. Blue Razz Ice<br \/>\n4. Borovnice na ledu<br \/>\n5. Borovnica malina<br \/>\n6. Borovnica kisla malina<br \/>\n7. \u010ce\u0161njev led<br \/>\n8. Cherry Cola<br \/>\n9. Cola Ice<br \/>\n10. Hladna meta<br \/>\n11. Dvojno jabolko<br \/>\n12. Dr. Blue<br \/>\n13. Grozdni led<br \/>\n14. Ice Pop<br \/>\n15. Kivi Pasijonka Guava<br \/>\n16. Ljubezen 66<br \/>\n17. Bujni led<br \/>\n18. Me\u0161ano jagodi\u010devje<br \/>\n19. Peach Berry<br \/>\n20. Breskov led<br \/>\n21. Peachy Mango Ananas<br \/>\n22. Ananasov led<br \/>\n23. Roza limonada<br \/>\n24. Skittles<br \/>\n25. Jagodna banana<br \/>\n26. Grozdje jagode<br \/>\n27. Jagodni led<br \/>\n28. Jagodna lubenica<br \/>\n29. Trojni mango<br \/>\n30. Vimto<\/p>\n<p>&nbsp;<\/p>\n<h2>Podrobnosti o pakiranju<\/h2>\n<ul>\n<li>160 kosov\/karton<\/li>\n<li>te\u017ea 20,07 kg<\/li>\n<li>Velikost \u0161katle: 412 * 332 * 325MM<\/li>\n<\/ul>\n<figure id=\"attachment_17096\" aria-describedby=\"caption-attachment-17096\" style=\"width: 800px\" class=\"wp-caption alignnone\"><img loading=\"lazy\" decoding=\"async\" class=\"wp-image-17096 size-full\" title=\"Fumot Tornado 30K Music Vape za enkratno uporabo na debelo (1)\" src=\"https:\/\/www.vape4wholesale.com\/wp-content\/uploads\/2024\/10\/Fumot-Tornado-30K-Music-Disposable-Vape-Wholesale-1.jpg\" alt=\"Fumot Tornado 30K Music Vape za enkratno uporabo na debelo (1)\" width=\"800\" height=\"800\" srcset=\"https:\/\/www.vape4wholesale.com\/wp-content\/uploads\/2024\/10\/Fumot-Tornado-30K-Music-Disposable-Vape-Wholesale-1.jpg 800w, https:\/\/www.vape4wholesale.com\/wp-content\/uploads\/2024\/10\/Fumot-Tornado-30K-Music-Disposable-Vape-Wholesale-1-247x247.jpg 247w, https:\/\/www.vape4wholesale.com\/wp-content\/uploads\/2024\/10\/Fumot-Tornado-30K-Music-Disposable-Vape-Wholesale-1-100x100.jpg 100w, https:\/\/www.vape4wholesale.com\/wp-content\/uploads\/2024\/10\/Fumot-Tornado-30K-Music-Disposable-Vape-Wholesale-1-510x510.jpg 510w\" sizes=\"auto, (max-width: 800px) 100vw, 800px\" \/><figcaption id=\"caption-attachment-17096\" class=\"wp-caption-text\">Fumot Tornado 30K Glasba za enkratno uporabo Vape na debelo<\/figcaption><\/figure>\n<p><img loading=\"lazy\" decoding=\"async\" class=\"alignnone size-full wp-image-17094\" title=\"Fumot Tornado 30K Music za enkratno uporabo Vape na debelo (2)\" src=\"https:\/\/www.vape4wholesale.com\/wp-content\/uploads\/2024\/10\/Fumot-Tornado-30K-Music-Disposable-Vape-Wholesale-2.jpg\" alt=\"Fumot Tornado 30K Music za enkratno uporabo Vape na debelo (2)\" width=\"800\" height=\"800\" srcset=\"https:\/\/www.vape4wholesale.com\/wp-content\/uploads\/2024\/10\/Fumot-Tornado-30K-Music-Disposable-Vape-Wholesale-2.jpg 800w, https:\/\/www.vape4wholesale.com\/wp-content\/uploads\/2024\/10\/Fumot-Tornado-30K-Music-Disposable-Vape-Wholesale-2-247x247.jpg 247w, https:\/\/www.vape4wholesale.com\/wp-content\/uploads\/2024\/10\/Fumot-Tornado-30K-Music-Disposable-Vape-Wholesale-2-100x100.jpg 100w, https:\/\/www.vape4wholesale.com\/wp-content\/uploads\/2024\/10\/Fumot-Tornado-30K-Music-Disposable-Vape-Wholesale-2-510x510.jpg 510w, https:\/\/www.vape4wholesale.com\/wp-content\/uploads\/2024\/10\/Fumot-Tornado-30K-Music-Disposable-Vape-Wholesale-2-64x64.jpg 64w, https:\/\/www.vape4wholesale.com\/wp-content\/uploads\/2024\/10\/Fumot-Tornado-30K-Music-Disposable-Vape-Wholesale-2-300x300.jpg 300w, https:\/\/www.vape4wholesale.com\/wp-content\/uploads\/2024\/10\/Fumot-Tornado-30K-Music-Disposable-Vape-Wholesale-2-150x150.jpg 150w, https:\/\/www.vape4wholesale.com\/wp-content\/uploads\/2024\/10\/Fumot-Tornado-30K-Music-Disposable-Vape-Wholesale-2-768x768.jpg 768w, https:\/\/www.vape4wholesale.com\/wp-content\/uploads\/2024\/10\/Fumot-Tornado-30K-Music-Disposable-Vape-Wholesale-2-12x12.jpg 12w\" sizes=\"auto, (max-width: 800px) 100vw, 800px\" \/> <img loading=\"lazy\" decoding=\"async\" class=\"alignnone size-full wp-image-17095\" title=\"Fumot Tornado 30K Music za enkratno uporabo Vape na debelo (3)\" src=\"https:\/\/www.vape4wholesale.com\/wp-content\/uploads\/2024\/10\/Fumot-Tornado-30K-Music-Disposable-Vape-Wholesale-3.jpg\" alt=\"Fumot Tornado 30K Music za enkratno uporabo Vape na debelo (3)\" width=\"800\" height=\"800\" srcset=\"https:\/\/www.vape4wholesale.com\/wp-content\/uploads\/2024\/10\/Fumot-Tornado-30K-Music-Disposable-Vape-Wholesale-3.jpg 800w, https:\/\/www.vape4wholesale.com\/wp-content\/uploads\/2024\/10\/Fumot-Tornado-30K-Music-Disposable-Vape-Wholesale-3-247x247.jpg 247w, https:\/\/www.vape4wholesale.com\/wp-content\/uploads\/2024\/10\/Fumot-Tornado-30K-Music-Disposable-Vape-Wholesale-3-100x100.jpg 100w, https:\/\/www.vape4wholesale.com\/wp-content\/uploads\/2024\/10\/Fumot-Tornado-30K-Music-Disposable-Vape-Wholesale-3-510x510.jpg 510w\" sizes=\"auto, (max-width: 800px) 100vw, 800px\" \/><\/p>\n<h2>ZAKAJ MI?<\/h2>\r\n<ul>\r\n<li>Resni\u010dni, zanesljivi in strokovni vir za vape.<\/li>\r\n<li>100% Originalno jamstvo: Zavra\u010damo ponarejanje: zagotavljamo samo originalne in pristne izdelke.<\/li>\r\n<li>100% Zagotovilo za dostavo: 100%: uporabljamo najbolj\u0161i na\u010din po\u0161iljanja, da zagotovimo, da prejmete naro\u010dilo 100%.<\/li>\r\n<li>Po odpremi vam bomo posredovali \u0161tevilko za sledenje in nalepko za po\u0161iljanje ter spremljali blago, dokler ga ne podpi\u0161ete.<\/li>\r\n<li>Brez carinskih te\u017eav, brez tarif<\/li>\r\n<\/ul>","protected":false},"excerpt":{"rendered":"<p><strong><span style=\"color: #d83131;\">OPOMBA: Ta izdelek je bil ukinjen in ni ve\u010d na voljo. Podoben izdelek lahko kupite s spodnjim gumbom<\/span><\/strong><\/p>\n<a href=\"\/sl\/izdelek\/uwin-randm-tornado-beat-35k-enkratno-vape\/\" class=\"button secondary is-secondary is-medium\" >\n\t\t<span>\u2192Naro\u010dite podoben izdelek<\/span>\n\t<\/a>","protected":false},"featured_media":17095,"comment_status":"open","ping_status":"closed","template":"","meta":[],"pwb-brand":[1269],"product_cat":[873],"product_tag":[22,24,592,692,850],"class_list":{"0":"post-17032","1":"product","2":"type-product","3":"status-publish","4":"has-post-thumbnail","6":"pwb-brand-fumot","7":"product_cat-above-20k-puffs","8":"product_tag-disposable","9":"product_tag-wholesale","10":"product_tag-fumot","11":"product_tag-25-0ml","12":"product_tag-30000-puffs","13":"wcpa_has_options","15":"first","16":"outofstock","17":"featured","18":"shipping-taxable","19":"purchasable","20":"product-type-variable"},"aioseo_notices":[],"brands":[{"id":1269,"name":"Fumot","slug":"fumot"}],"_links":{"self":[{"href":"https:\/\/www.vape4wholesale.com\/sl\/wp-json\/wp\/v2\/product\/17032","targetHints":{"allow":["GET"]}}],"collection":[{"href":"https:\/\/www.vape4wholesale.com\/sl\/wp-json\/wp\/v2\/product"}],"about":[{"href":"https:\/\/www.vape4wholesale.com\/sl\/wp-json\/wp\/v2\/types\/product"}],"replies":[{"embeddable":true,"href":"https:\/\/www.vape4wholesale.com\/sl\/wp-json\/wp\/v2\/comments?post=17032"}],"wp:featuredmedia":[{"embeddable":true,"href":"https:\/\/www.vape4wholesale.com\/sl\/wp-json\/wp\/v2\/media\/17095"}],"wp:attachment":[{"href":"https:\/\/www.vape4wholesale.com\/sl\/wp-json\/wp\/v2\/media?parent=17032"}],"wp:term":[{"taxonomy":"pwb-brand","embeddable":true,"href":"https:\/\/www.vape4wholesale.com\/sl\/wp-json\/wp\/v2\/pwb-brand?post=17032"},{"taxonomy":"product_cat","embeddable":true,"href":"https:\/\/www.vape4wholesale.com\/sl\/wp-json\/wp\/v2\/product_cat?post=17032"},{"taxonomy":"product_tag","embeddable":true,"href":"https:\/\/www.vape4wholesale.com\/sl\/wp-json\/wp\/v2\/product_tag?post=17032"}],"curies":[{"name":"wp","href":"https:\/\/api.w.org\/{rel}","templated":true}]}}