{"id":16797,"date":"2024-07-23T10:59:00","date_gmt":"2024-07-23T02:59:00","guid":{"rendered":"https:\/\/www.vape4wholesale.com\/?post_type=product&#038;p=16797"},"modified":"2026-01-27T14:44:18","modified_gmt":"2026-01-27T14:44:18","slug":"vapsolo-feed-bar-shisha-15000-enkratno-vape-debelo-2","status":"publish","type":"product","link":"https:\/\/www.vape4wholesale.com\/sl\/izdelek\/vapsolo-feed-bar-shisha-15000-enkratno-vape-debelo-2","title":{"rendered":"Vapsolo Feed Bar Shisha 15000 Vape za enkratno uporabo na debelo"},"content":{"rendered":"<p>Vapsolo Feed Bar Shisha 15000 je prefinjen in izjemen vape za enkratno uporabo tipa Shisha, ki je ovit v usnje in ima digitalni zaslon, ki prikazuje trenutno raven mo\u010di in odstotek preostalega eliquida.<\/p>\n<p>Na voljo je 25 ml teko\u010dine, 650 mAh akumulatorska baterija z upornostjo 0,6 ohma, ki vam zagotavlja najbolj\u0161i okus in ve\u010d dima. Podpira do 15.000 puhov.<\/p>\n<p>Veleprodajno naro\u010dite na\u0161 \u0161irok izbor 10 okusov Vapsolo DG18000 z najbolj\u0161o ceno in hitro dostavo.<\/p>\n<h2><strong>Vapsolo Feed Bar Shisha 15000 Puffs Hitre podrobnosti:<\/strong><\/h2>\n<ul>\n<li>Vgrajena baterija 650 mAh<\/li>\n<li>Baterija za polnjenje (vrata tipa C)<\/li>\n<li>Zmogljivost soka: 25 ml<\/li>\n<li>U\u010dinkovita in dosledna dobava energije<\/li>\n<li>Odpornost tuljave: 0.6\u03a9<\/li>\n<li>0% , 2% Raven nikotina<\/li>\n<li>Zadovolji skoraj 15.000 Puffs<\/li>\n<li>O\u010desna tuljava<\/li>\n<li>Dvojni podi<\/li>\n<li>Za\u0161\u010dita: Pregrevanje, kratek stik<\/li>\n<\/ul>\n<h2><strong>Na voljo so okusi:<\/strong><\/h2>\n<ol>\n<li>Jagodni led<\/li>\n<li>Led iz \u010drnega ribeza<\/li>\n<li>Modra limonada Razz<\/li>\n<li>Borovni\u010dev \u017eve\u010dilni gumi<\/li>\n<li>Fiesta s \u010de\u0161njami<\/li>\n<li>Grozdna meta<\/li>\n<li>Citronska meta<\/li>\n<li>Bujni led<\/li>\n<li>\u010carobna ljubezen<\/li>\n<li>Mango Ice<\/li>\n<li>Ledena breskev<\/li>\n<li>jagoda kivi<\/li>\n<li>Jagodni pun\u010d<\/li>\n<li>Sadje Sweetpassion<\/li>\n<li>Dva jabolka<\/li>\n<\/ol>\n<h2><strong>Podrobnosti o pakiranju:<\/strong><\/h2>\n<p>1 kos vsake posamezne \u0161katle<br data-filtered=\"filtered\" \/>10 kosov vsake srednje \u0161katle<br data-filtered=\"filtered\" \/>200 kosov v vsaki \u0161katli \/ 19 kg<\/p>\n<figure id=\"attachment_16798\" aria-describedby=\"caption-attachment-16798\" style=\"width: 600px\" class=\"wp-caption alignnone\"><img loading=\"lazy\" decoding=\"async\" class=\"size-full wp-image-16798\" title=\"Vapsolo Feed Bar Shisha 15000 Vape za enkratno uporabo na debelo GRAPE MINT\" src=\"https:\/\/www.vape4wholesale.com\/wp-content\/uploads\/2024\/09\/Vapsolo-Feed-Bar-Shisha-15000-Disposable-Vape-Wholesale-GRAPE-MINT.png\" alt=\"Vapsolo Feed Bar Shisha 15000 Vape za enkratno uporabo na debelo GRAPE MINT\" width=\"600\" height=\"600\" srcset=\"https:\/\/www.vape4wholesale.com\/wp-content\/uploads\/2024\/09\/Vapsolo-Feed-Bar-Shisha-15000-Disposable-Vape-Wholesale-GRAPE-MINT.png 600w, https:\/\/www.vape4wholesale.com\/wp-content\/uploads\/2024\/09\/Vapsolo-Feed-Bar-Shisha-15000-Disposable-Vape-Wholesale-GRAPE-MINT-247x247.png 247w, https:\/\/www.vape4wholesale.com\/wp-content\/uploads\/2024\/09\/Vapsolo-Feed-Bar-Shisha-15000-Disposable-Vape-Wholesale-GRAPE-MINT-100x100.png 100w, https:\/\/www.vape4wholesale.com\/wp-content\/uploads\/2024\/09\/Vapsolo-Feed-Bar-Shisha-15000-Disposable-Vape-Wholesale-GRAPE-MINT-510x510.png 510w, https:\/\/www.vape4wholesale.com\/wp-content\/uploads\/2024\/09\/Vapsolo-Feed-Bar-Shisha-15000-Disposable-Vape-Wholesale-GRAPE-MINT-64x64.png 64w, https:\/\/www.vape4wholesale.com\/wp-content\/uploads\/2024\/09\/Vapsolo-Feed-Bar-Shisha-15000-Disposable-Vape-Wholesale-GRAPE-MINT-300x300.png 300w, https:\/\/www.vape4wholesale.com\/wp-content\/uploads\/2024\/09\/Vapsolo-Feed-Bar-Shisha-15000-Disposable-Vape-Wholesale-GRAPE-MINT-150x150.png 150w, https:\/\/www.vape4wholesale.com\/wp-content\/uploads\/2024\/09\/Vapsolo-Feed-Bar-Shisha-15000-Disposable-Vape-Wholesale-GRAPE-MINT-12x12.png 12w\" sizes=\"auto, (max-width: 600px) 100vw, 600px\" \/><figcaption id=\"caption-attachment-16798\" class=\"wp-caption-text\">Vapsolo Feed Bar Shisha 15000 Vape za enkratno uporabo na debelo<\/figcaption><\/figure>\n<h2>ZAKAJ MI?<\/h2>\r\n<ul>\r\n<li>Resni\u010dni, zanesljivi in strokovni vir za vape.<\/li>\r\n<li>100% Originalno jamstvo: Zavra\u010damo ponarejanje: zagotavljamo samo originalne in pristne izdelke.<\/li>\r\n<li>100% Zagotovilo za dostavo: 100%: uporabljamo najbolj\u0161i na\u010din po\u0161iljanja, da zagotovimo, da prejmete naro\u010dilo 100%.<\/li>\r\n<li>Po odpremi vam bomo posredovali \u0161tevilko za sledenje in nalepko za po\u0161iljanje ter spremljali blago, dokler ga ne podpi\u0161ete.<\/li>\r\n<li>Brez carinskih te\u017eav, brez tarif<\/li>\r\n<\/ul>\n<p>&nbsp;<\/p>","protected":false},"excerpt":{"rendered":"<p><b><span style=\"color: #00a859;\">Free shipping<\/span>\u00a0from Europe warehouse, 7-15 working days delivery time.<\/b><\/p>\r\n<div class=\"wsppc_div_block woocommerce_before_add_to_cart_form\">\r\n<p><strong>Clear customs before delivery &amp; 100% Delivery Guarantee<\/strong><\/p>\r\n<\/div>","protected":false},"featured_media":16798,"comment_status":"open","ping_status":"closed","template":"","meta":[],"pwb-brand":[1271],"product_cat":[872],"product_tag":[22,24,684,692,726,899],"class_list":{"0":"post-16797","1":"product","2":"type-product","3":"status-publish","4":"has-post-thumbnail","6":"pwb-brand-vapsolo","7":"product_cat-15k-20k-puffs","8":"product_tag-disposable","9":"product_tag-wholesale","10":"product_tag-15000-puffs","11":"product_tag-25-0ml","12":"product_tag-shisha","13":"product_tag-vapsolo","14":"product_shipping_class-vapsolo-cn-eu","15":"wcpa_has_options","17":"first","18":"instock","19":"shipping-taxable","20":"purchasable","21":"product-type-variable"},"aioseo_notices":[],"brands":[{"id":1271,"name":"Vapsolo","slug":"vapsolo"}],"_links":{"self":[{"href":"https:\/\/www.vape4wholesale.com\/sl\/wp-json\/wp\/v2\/product\/16797","targetHints":{"allow":["GET"]}}],"collection":[{"href":"https:\/\/www.vape4wholesale.com\/sl\/wp-json\/wp\/v2\/product"}],"about":[{"href":"https:\/\/www.vape4wholesale.com\/sl\/wp-json\/wp\/v2\/types\/product"}],"replies":[{"embeddable":true,"href":"https:\/\/www.vape4wholesale.com\/sl\/wp-json\/wp\/v2\/comments?post=16797"}],"wp:featuredmedia":[{"embeddable":true,"href":"https:\/\/www.vape4wholesale.com\/sl\/wp-json\/wp\/v2\/media\/16798"}],"wp:attachment":[{"href":"https:\/\/www.vape4wholesale.com\/sl\/wp-json\/wp\/v2\/media?parent=16797"}],"wp:term":[{"taxonomy":"pwb-brand","embeddable":true,"href":"https:\/\/www.vape4wholesale.com\/sl\/wp-json\/wp\/v2\/pwb-brand?post=16797"},{"taxonomy":"product_cat","embeddable":true,"href":"https:\/\/www.vape4wholesale.com\/sl\/wp-json\/wp\/v2\/product_cat?post=16797"},{"taxonomy":"product_tag","embeddable":true,"href":"https:\/\/www.vape4wholesale.com\/sl\/wp-json\/wp\/v2\/product_tag?post=16797"}],"curies":[{"name":"wp","href":"https:\/\/api.w.org\/{rel}","templated":true}]}}