{"id":16776,"date":"2024-07-23T10:20:13","date_gmt":"2024-07-23T02:20:13","guid":{"rendered":"https:\/\/www.vape4wholesale.com\/?post_type=product&#038;p=16776"},"modified":"2026-01-27T14:46:39","modified_gmt":"2026-01-27T14:46:39","slug":"vapsolo-dg18000-vape-za-enkratno-uporabo-na-debelo","status":"publish","type":"product","link":"https:\/\/www.vape4wholesale.com\/sl\/product\/vapsolo-dg18000-disposable-vape-wholesale","title":{"rendered":"Vapsolo DG18000 Vape za enkratno uporabo na debelo"},"content":{"rendered":"<p>Vapsolo DG18000 je digitalni zaslon za enkratno uporabo, Njegovo telo je izdelano iz 2 podobnih barv, ki so se\u0161ite skupaj, zgraditi z 28ml eliquid in s 650mah akumulatorsko baterijo, ki podpira do 18000 Puffs.<\/p>\n<p>Vapsolo DG18000 ima sistem za nadzor pretoka zraka in 2 na\u010dina: pametni na\u010din in na\u010din pove\u010danja.<\/p>\n<p>Zaslon LCD v realnem \u010dasu prikazuje stanje baterije in teko\u010dine.<\/p>\n<p>Veleprodajno naro\u010dite na\u0161 \u0161irok izbor 10 okusov Vapsolo DG18000 z najbolj\u0161o ceno in hitro dostavo.<\/p>\n<h2>Vapsolo DG18000 Hitre podrobnosti<\/h2>\n<ul>\n<li>Baterija za polnjenje 650 mAh<\/li>\n<li>28ml vnaprej napolnjenega e-teko\u010dina<\/li>\n<li>2%\/5% mo\u010d nikotina<\/li>\n<li>Doseganje do 18.000 vpihov<\/li>\n<li>Oblikovanje brez mo\u017enosti ponovnega polnjenja<\/li>\n<li>Dvojna mre\u017ena tuljava<\/li>\n<li>Vrata za polnjenje tipa C<\/li>\n<li>Na voljo je 10 okusov<\/li>\n<\/ul>\n<h2><strong>Na voljo so okusi:<\/strong><\/h2>\n<ul>\n<li>Breskev Mango Ananas<\/li>\n<li>Pasijonka in kivi Ice<\/li>\n<li>Borovnica \u010ce\u0161nja Brusnica<\/li>\n<li>Led iz lubenice<\/li>\n<li>jagoda kivi<\/li>\n<li>Limona limeta<\/li>\n<li>Jagoda Banana<\/li>\n<li>Red bull<\/li>\n<li>Me\u0161ano jagodi\u010devje<\/li>\n<li>Glavna jagoda lubenica<\/li>\n<\/ul>\n<h2><strong>Podrobnosti o pakiranju:<\/strong><\/h2>\n<ul>\n<li>Enotni z majhnim paketom<\/li>\n<li>10 kosov v srednje veliki \u0161katli<\/li>\n<li>200 kosov v \u0161katli \/19KG<\/li>\n<\/ul>\n<figure id=\"attachment_16777\" aria-describedby=\"caption-attachment-16777\" style=\"width: 600px\" class=\"wp-caption alignnone\"><img loading=\"lazy\" decoding=\"async\" class=\"size-full wp-image-16777\" title=\"Vapsolo DG18000 Vape za enkratno uporabo na debelo blueberry cherry cranberr\" src=\"https:\/\/www.vape4wholesale.com\/wp-content\/uploads\/2024\/09\/Vapsolo-DG18000-Disposable-Vape-Wholesale-blueberry-cherry-cranberr.png\" alt=\"Vapsolo DG18000 Vape za enkratno uporabo na debelo blueberry cherry cranberr\" width=\"600\" height=\"600\" srcset=\"https:\/\/www.vape4wholesale.com\/wp-content\/uploads\/2024\/09\/Vapsolo-DG18000-Disposable-Vape-Wholesale-blueberry-cherry-cranberr.png 600w, https:\/\/www.vape4wholesale.com\/wp-content\/uploads\/2024\/09\/Vapsolo-DG18000-Disposable-Vape-Wholesale-blueberry-cherry-cranberr-247x247.png 247w, https:\/\/www.vape4wholesale.com\/wp-content\/uploads\/2024\/09\/Vapsolo-DG18000-Disposable-Vape-Wholesale-blueberry-cherry-cranberr-100x100.png 100w, https:\/\/www.vape4wholesale.com\/wp-content\/uploads\/2024\/09\/Vapsolo-DG18000-Disposable-Vape-Wholesale-blueberry-cherry-cranberr-510x510.png 510w, https:\/\/www.vape4wholesale.com\/wp-content\/uploads\/2024\/09\/Vapsolo-DG18000-Disposable-Vape-Wholesale-blueberry-cherry-cranberr-64x64.png 64w, https:\/\/www.vape4wholesale.com\/wp-content\/uploads\/2024\/09\/Vapsolo-DG18000-Disposable-Vape-Wholesale-blueberry-cherry-cranberr-300x300.png 300w, https:\/\/www.vape4wholesale.com\/wp-content\/uploads\/2024\/09\/Vapsolo-DG18000-Disposable-Vape-Wholesale-blueberry-cherry-cranberr-150x150.png 150w, https:\/\/www.vape4wholesale.com\/wp-content\/uploads\/2024\/09\/Vapsolo-DG18000-Disposable-Vape-Wholesale-blueberry-cherry-cranberr-12x12.png 12w\" sizes=\"auto, (max-width: 600px) 100vw, 600px\" \/><figcaption id=\"caption-attachment-16777\" class=\"wp-caption-text\">Vapsolo DG18000 Vape za enkratno uporabo na debelo<\/figcaption><\/figure>\n<h2>ZAKAJ MI?<\/h2>\r\n<ul>\r\n<li>Resni\u010dni, zanesljivi in strokovni vir za vape.<\/li>\r\n<li>100% Originalno jamstvo: Zavra\u010damo ponarejanje: zagotavljamo samo originalne in pristne izdelke.<\/li>\r\n<li>100% Zagotovilo za dostavo: 100%: uporabljamo najbolj\u0161i na\u010din po\u0161iljanja, da zagotovimo, da prejmete naro\u010dilo 100%.<\/li>\r\n<li>Po odpremi vam bomo posredovali \u0161tevilko za sledenje in nalepko za po\u0161iljanje ter spremljali blago, dokler ga ne podpi\u0161ete.<\/li>\r\n<li>Brez carinskih te\u017eav, brez tarif<\/li>\r\n<\/ul>","protected":false},"excerpt":{"rendered":"<p><b><span style=\"color: #00a859;\">Brezpla\u010dna po\u0161tnina<\/span>\u00a0iz evropskega skladi\u0161\u010da, 7-15 delovnih dni dobavni rok.<\/b><\/p>\r\n<div class=\"wsppc_div_block woocommerce_before_add_to_cart_form\">\r\n<p><strong>Prosto carinjenje pred dostavo &amp; 100% Jamstvo dostave<\/strong><\/p>\r\n<\/div>","protected":false},"featured_media":16777,"comment_status":"open","ping_status":"closed","template":"","meta":[],"pwb-brand":[1271],"product_cat":[872],"product_tag":[719,793,899,22,24],"class_list":{"0":"post-16776","1":"product","2":"type-product","3":"status-publish","4":"has-post-thumbnail","6":"pwb-brand-vapsolo","7":"product_cat-15k-20k-puffs","8":"product_tag-18000-puffs","9":"product_tag-28-0ml","10":"product_tag-vapsolo","11":"product_tag-disposable","12":"product_tag-wholesale","13":"product_shipping_class-vapsolo-cn-eu","14":"wcpa_has_options","16":"first","17":"instock","18":"shipping-taxable","19":"purchasable","20":"product-type-variable"},"aioseo_notices":[],"brands":[{"id":1271,"name":"Vapsolo","slug":"vapsolo"}],"_links":{"self":[{"href":"https:\/\/www.vape4wholesale.com\/sl\/wp-json\/wp\/v2\/product\/16776","targetHints":{"allow":["GET"]}}],"collection":[{"href":"https:\/\/www.vape4wholesale.com\/sl\/wp-json\/wp\/v2\/product"}],"about":[{"href":"https:\/\/www.vape4wholesale.com\/sl\/wp-json\/wp\/v2\/types\/product"}],"replies":[{"embeddable":true,"href":"https:\/\/www.vape4wholesale.com\/sl\/wp-json\/wp\/v2\/comments?post=16776"}],"wp:featuredmedia":[{"embeddable":true,"href":"https:\/\/www.vape4wholesale.com\/sl\/wp-json\/wp\/v2\/media\/16777"}],"wp:attachment":[{"href":"https:\/\/www.vape4wholesale.com\/sl\/wp-json\/wp\/v2\/media?parent=16776"}],"wp:term":[{"taxonomy":"pwb-brand","embeddable":true,"href":"https:\/\/www.vape4wholesale.com\/sl\/wp-json\/wp\/v2\/pwb-brand?post=16776"},{"taxonomy":"product_cat","embeddable":true,"href":"https:\/\/www.vape4wholesale.com\/sl\/wp-json\/wp\/v2\/product_cat?post=16776"},{"taxonomy":"product_tag","embeddable":true,"href":"https:\/\/www.vape4wholesale.com\/sl\/wp-json\/wp\/v2\/product_tag?post=16776"}],"curies":[{"name":"wp","href":"https:\/\/api.w.org\/{rel}","templated":true}]}}