{"id":16608,"date":"2024-08-06T10:57:00","date_gmt":"2024-08-06T02:57:00","guid":{"rendered":"https:\/\/www.vape4wholesale.com\/?post_type=product&#038;p=16608"},"modified":"2026-01-26T13:40:16","modified_gmt":"2026-01-26T13:40:16","slug":"bang-king-coloor-20000-puffs-dvojni-kristalni-vape-za-enkratno-uporabo-na-debelo-2","status":"publish","type":"product","link":"https:\/\/www.vape4wholesale.com\/sl\/product\/bang-king-coloor-20000-puffs-double-crystal-disposable-vape-wholesale","title":{"rendered":"Bang King Coloor 20000 Puffs Double Crystal Vape za enkratno uporabo na debelo"},"content":{"rendered":"<p class=\"detail_name themes_products_title\">Bang King Coloor 20000 Double Crystal Vape je opremljen s pametnim LED zaslonom, ki je lepo oblikovan, zgrajen s 25 ml eliquida in z baterijo za polnjenje 650 mah, ki podpira do 20.000 puffov.<\/p>\n<p>Zaslon LED prikazuje mo\u010d in raven teko\u010dine, 0% 2% 3% 5% nikotin za izbiro.<\/p>\n<p>Veleprodajno naro\u010dite na\u0161o \u0161iroko izbiro 12 okusov Bang King Coloor 20000 dvojni kristal z najbolj\u0161o ceno in hitro dostavo.<\/p>\n<h2>Bang King Coloor 20000 Puffs Double Crystal Hitre podrobnosti<\/h2>\n<ul>\n<li>Nikotin: 0% 2% 3% 5%<\/li>\n<li>Puffi: 20000<\/li>\n<li>Zmogljivost: 25 ml<\/li>\n<li>Na voljo je 12 okusov<\/li>\n<li>1,0ohm mre\u017easta tuljava<\/li>\n<li>650mah za polnjenje<\/li>\n<li>Funkcije zaslona Led: prikazovalnik teko\u010dine in prikazovalnik mo\u010di<\/li>\n<li>200 kosov v \u0161katli.<\/li>\n<\/ul>\n<h2>Okusi na voljo<\/h2>\n<p>1.Sour Apple Raspberry<br \/>\n2.Peach Ice<br \/>\n3.Mixed Fruit<br \/>\n4.Strawberry lubenica<br \/>\n5.Watermelon Ice<br \/>\n6.Grape Ice<br \/>\n7.Blueberry Ice<br \/>\n8.Blue Razz<br \/>\n9.Strawberry Mango<br \/>\n10.Kiwi Passion Fruit Guava<br \/>\n11.Energy Drink<br \/>\n12.Strawberry Kiwi<\/p>\n<figure id=\"attachment_16614\" aria-describedby=\"caption-attachment-16614\" style=\"width: 800px\" class=\"wp-caption alignnone\"><img loading=\"lazy\" decoding=\"async\" class=\"wp-image-16614 size-full\" title=\"Bang King Coloor 20000 Puffs Double Crystal Vape za enkratno uporabo na debelo Sour Apple Raspberry\" src=\"https:\/\/www.vape4wholesale.com\/wp-content\/uploads\/2024\/08\/Bang-King-Coloor-20000-Puffs-Double-Crystal-Disposable-Vape-Wholesale-Sour-Apple-Raspberry.webp\" alt=\"Bang King Coloor 20000 Puffs Double Crystal Vape za enkratno uporabo na debelo Sour Apple Raspberry\" width=\"800\" height=\"800\" srcset=\"https:\/\/www.vape4wholesale.com\/wp-content\/uploads\/2024\/08\/Bang-King-Coloor-20000-Puffs-Double-Crystal-Disposable-Vape-Wholesale-Sour-Apple-Raspberry.webp 800w, https:\/\/www.vape4wholesale.com\/wp-content\/uploads\/2024\/08\/Bang-King-Coloor-20000-Puffs-Double-Crystal-Disposable-Vape-Wholesale-Sour-Apple-Raspberry-247x247.webp 247w, https:\/\/www.vape4wholesale.com\/wp-content\/uploads\/2024\/08\/Bang-King-Coloor-20000-Puffs-Double-Crystal-Disposable-Vape-Wholesale-Sour-Apple-Raspberry-100x100.webp 100w, https:\/\/www.vape4wholesale.com\/wp-content\/uploads\/2024\/08\/Bang-King-Coloor-20000-Puffs-Double-Crystal-Disposable-Vape-Wholesale-Sour-Apple-Raspberry-510x510.webp 510w, https:\/\/www.vape4wholesale.com\/wp-content\/uploads\/2024\/08\/Bang-King-Coloor-20000-Puffs-Double-Crystal-Disposable-Vape-Wholesale-Sour-Apple-Raspberry-64x64.webp 64w, https:\/\/www.vape4wholesale.com\/wp-content\/uploads\/2024\/08\/Bang-King-Coloor-20000-Puffs-Double-Crystal-Disposable-Vape-Wholesale-Sour-Apple-Raspberry-300x300.webp 300w, https:\/\/www.vape4wholesale.com\/wp-content\/uploads\/2024\/08\/Bang-King-Coloor-20000-Puffs-Double-Crystal-Disposable-Vape-Wholesale-Sour-Apple-Raspberry-150x150.webp 150w, https:\/\/www.vape4wholesale.com\/wp-content\/uploads\/2024\/08\/Bang-King-Coloor-20000-Puffs-Double-Crystal-Disposable-Vape-Wholesale-Sour-Apple-Raspberry-768x768.webp 768w, https:\/\/www.vape4wholesale.com\/wp-content\/uploads\/2024\/08\/Bang-King-Coloor-20000-Puffs-Double-Crystal-Disposable-Vape-Wholesale-Sour-Apple-Raspberry-12x12.webp 12w\" sizes=\"auto, (max-width: 800px) 100vw, 800px\" \/><figcaption id=\"caption-attachment-16614\" class=\"wp-caption-text\">Bang King Coloor 20000 Puffs Double Crystal Vape za enkratno uporabo na debelo<\/figcaption><\/figure>\n<figure id=\"attachment_16615\" aria-describedby=\"caption-attachment-16615\" style=\"width: 800px\" class=\"wp-caption alignnone\"><img loading=\"lazy\" decoding=\"async\" class=\"wp-image-16615 size-full\" title=\"Bang King Coloor 20000 Puffs Double Crystal Vape za enkratno uporabo na debelo Pakirna \u0161katla\" src=\"https:\/\/www.vape4wholesale.com\/wp-content\/uploads\/2024\/08\/Bang-King-Coloor-20000-Puffs-Double-Crystal-Disposable-Vape-Wholesale-Packing-box.webp\" alt=\"Bang King Coloor 20000 Puffs Double Crystal Vape za enkratno uporabo na debelo Pakirna \u0161katla\" width=\"800\" height=\"800\" srcset=\"https:\/\/www.vape4wholesale.com\/wp-content\/uploads\/2024\/08\/Bang-King-Coloor-20000-Puffs-Double-Crystal-Disposable-Vape-Wholesale-Packing-box.webp 800w, https:\/\/www.vape4wholesale.com\/wp-content\/uploads\/2024\/08\/Bang-King-Coloor-20000-Puffs-Double-Crystal-Disposable-Vape-Wholesale-Packing-box-247x247.webp 247w, https:\/\/www.vape4wholesale.com\/wp-content\/uploads\/2024\/08\/Bang-King-Coloor-20000-Puffs-Double-Crystal-Disposable-Vape-Wholesale-Packing-box-100x100.webp 100w, https:\/\/www.vape4wholesale.com\/wp-content\/uploads\/2024\/08\/Bang-King-Coloor-20000-Puffs-Double-Crystal-Disposable-Vape-Wholesale-Packing-box-510x510.webp 510w\" sizes=\"auto, (max-width: 800px) 100vw, 800px\" \/><figcaption id=\"caption-attachment-16615\" class=\"wp-caption-text\">Bang King Coloor 20000 Puffs Double Crystal za enkratno uporabo Vape Packing box<\/figcaption><\/figure>\n<h2>ZAKAJ MI?<\/h2>\r\n<ul>\r\n<li>Resni\u010dni, zanesljivi in strokovni vir za vape.<\/li>\r\n<li>100% Originalno jamstvo: Zavra\u010damo ponarejanje: zagotavljamo samo originalne in pristne izdelke.<\/li>\r\n<li>100% Zagotovilo za dostavo: 100%: uporabljamo najbolj\u0161i na\u010din po\u0161iljanja, da zagotovimo, da prejmete naro\u010dilo 100%.<\/li>\r\n<li>Po odpremi vam bomo posredovali \u0161tevilko za sledenje in nalepko za po\u0161iljanje ter spremljali blago, dokler ga ne podpi\u0161ete.<\/li>\r\n<li>Brez carinskih te\u017eav, brez tarif<\/li>\r\n<\/ul>","protected":false},"excerpt":{"rendered":"<div class=\"wsppc_div_block woocommerce_before_add_to_cart_form\">\r\n<p><strong><span style=\"color: #00a859;\">Opraviti carinsko po\u0161to<\/span> pred dostavo &amp; 100% Garancija dostave, Dostava v pribli\u017eno 19\u201325 dneh.\u00a0<\/strong><\/p>\r\n<\/div>","protected":false},"featured_media":16618,"comment_status":"open","ping_status":"closed","template":"","meta":[],"pwb-brand":[1275],"product_cat":[873],"product_tag":[22,24,249,692,794],"class_list":{"0":"post-16608","1":"product","2":"type-product","3":"status-publish","4":"has-post-thumbnail","6":"pwb-brand-bang","7":"product_cat-above-20k-puffs","8":"product_tag-disposable","9":"product_tag-wholesale","10":"product_tag-bang","11":"product_tag-25-0ml","12":"product_tag-20000-puffs","13":"wcpa_has_options","15":"first","16":"instock","17":"shipping-taxable","18":"purchasable","19":"product-type-variable"},"aioseo_notices":[],"brands":[{"id":1275,"name":"Bang","slug":"bang"}],"_links":{"self":[{"href":"https:\/\/www.vape4wholesale.com\/sl\/wp-json\/wp\/v2\/product\/16608","targetHints":{"allow":["GET"]}}],"collection":[{"href":"https:\/\/www.vape4wholesale.com\/sl\/wp-json\/wp\/v2\/product"}],"about":[{"href":"https:\/\/www.vape4wholesale.com\/sl\/wp-json\/wp\/v2\/types\/product"}],"replies":[{"embeddable":true,"href":"https:\/\/www.vape4wholesale.com\/sl\/wp-json\/wp\/v2\/comments?post=16608"}],"wp:featuredmedia":[{"embeddable":true,"href":"https:\/\/www.vape4wholesale.com\/sl\/wp-json\/wp\/v2\/media\/16618"}],"wp:attachment":[{"href":"https:\/\/www.vape4wholesale.com\/sl\/wp-json\/wp\/v2\/media?parent=16608"}],"wp:term":[{"taxonomy":"pwb-brand","embeddable":true,"href":"https:\/\/www.vape4wholesale.com\/sl\/wp-json\/wp\/v2\/pwb-brand?post=16608"},{"taxonomy":"product_cat","embeddable":true,"href":"https:\/\/www.vape4wholesale.com\/sl\/wp-json\/wp\/v2\/product_cat?post=16608"},{"taxonomy":"product_tag","embeddable":true,"href":"https:\/\/www.vape4wholesale.com\/sl\/wp-json\/wp\/v2\/product_tag?post=16608"}],"curies":[{"name":"wp","href":"https:\/\/api.w.org\/{rel}","templated":true}]}}