{"id":16538,"date":"2024-08-01T08:35:00","date_gmt":"2024-08-01T00:35:00","guid":{"rendered":"https:\/\/www.vape4wholesale.com\/?post_type=product&#038;p=16538"},"modified":"2026-01-26T13:40:18","modified_gmt":"2026-01-26T13:40:18","slug":"bang-king-25000-enkratno-vape-na-debelo-2","status":"publish","type":"product","link":"https:\/\/www.vape4wholesale.com\/sl\/product\/bang-king-25000-disposable-vape-wholesale","title":{"rendered":"Bang King 25000 Vape za enkratno uporabo na debelo"},"content":{"rendered":"<p>Bang King 25000 je zasnovan za vaperje, ki i\u0161\u010dejo izjemno zmogljivost in udobje. ki podpira do 25.000 izpihov in z dvema 23-mililitrskima podoma. Na voljo z nikotinom 2% in 5%. Sistem dvojnih kapsul za zmanj\u0161anje kopi\u010denja ogljika in obnovitev okusa. z uporabo polnjenja tipa C.<\/p>\n<p>Izbirate lahko med nikotinskimi mo\u017enostmi 0%, 2%, 3% ali 5% in u\u017eivate v gladkih zadetkih z mre\u017easto tuljavo 1,0-ohm. Vhod za polnjenje tipa C zagotavlja hitro polnjenje, na voljo pa je 12 okusov.<\/p>\n<p>Veleprodajno naro\u010dite na\u0161o \u0161iroko izbiro 12 okusov Bang King 25000 s hitro dostavo in najbolj\u0161o ceno.<\/p>\n<h2><strong>Bang King 25000 Vape za enkratno uporabo <\/strong><strong>Zna\u010dilnosti<\/strong><\/h2>\n<ul>\n<li>Puffi: 25000 puffov<\/li>\n<li>Baterija: 650 mah za ponovno polnjenje<\/li>\n<li>23 ml vnaprej napolnjenega e-teko\u010dina (2 PODA, 11,5ml+11,5ml)<\/li>\n<li>0%, 2%, 3%, 5% Vsebnost nikotina<\/li>\n<li>1,0 ohm mre\u017easta tuljava<\/li>\n<li>Vrata za polnjenje tipa C<\/li>\n<li>Na voljo je 12 okusov<\/li>\n<\/ul>\n<h2><strong>Seznam okusov<\/strong><\/h2>\n<ol>\n<li>Blue Razz Ice<\/li>\n<li>So\u010dni breskov led<\/li>\n<li>Jagodna lubenica<\/li>\n<li>Led iz lubenice<\/li>\n<li>Jagoda Banana<\/li>\n<li>Kisli jabol\u010dni led<\/li>\n<li>Trojni jagodni led<\/li>\n<li>Tropsko sadje<\/li>\n<li>Cherry Bomb<\/li>\n<li>Grozdni led<\/li>\n<li>breskev mango<\/li>\n<li>Jagoda Mango<\/li>\n<\/ol>\n<figure id=\"attachment_16589\" aria-describedby=\"caption-attachment-16589\" style=\"width: 800px\" class=\"wp-caption alignnone\"><img loading=\"lazy\" decoding=\"async\" class=\"size-full wp-image-16589\" title=\"Bang King 25000 Puffs za enkratno uporabo Vape na debelo TROPICAL FRUIT\" src=\"https:\/\/www.vape4wholesale.com\/wp-content\/uploads\/2024\/08\/Bang-King-25000-Puffs-Disposable-Vape-Wholesale-TROPICAL-FRUIT.jpg\" alt=\"Bang King 25000 Puffs za enkratno uporabo Vape na debelo TROPICAL FRUIT\" width=\"800\" height=\"800\" srcset=\"https:\/\/www.vape4wholesale.com\/wp-content\/uploads\/2024\/08\/Bang-King-25000-Puffs-Disposable-Vape-Wholesale-TROPICAL-FRUIT.jpg 800w, https:\/\/www.vape4wholesale.com\/wp-content\/uploads\/2024\/08\/Bang-King-25000-Puffs-Disposable-Vape-Wholesale-TROPICAL-FRUIT-247x247.jpg 247w, https:\/\/www.vape4wholesale.com\/wp-content\/uploads\/2024\/08\/Bang-King-25000-Puffs-Disposable-Vape-Wholesale-TROPICAL-FRUIT-100x100.jpg 100w, https:\/\/www.vape4wholesale.com\/wp-content\/uploads\/2024\/08\/Bang-King-25000-Puffs-Disposable-Vape-Wholesale-TROPICAL-FRUIT-510x510.jpg 510w, https:\/\/www.vape4wholesale.com\/wp-content\/uploads\/2024\/08\/Bang-King-25000-Puffs-Disposable-Vape-Wholesale-TROPICAL-FRUIT-64x64.jpg 64w, https:\/\/www.vape4wholesale.com\/wp-content\/uploads\/2024\/08\/Bang-King-25000-Puffs-Disposable-Vape-Wholesale-TROPICAL-FRUIT-300x300.jpg 300w, https:\/\/www.vape4wholesale.com\/wp-content\/uploads\/2024\/08\/Bang-King-25000-Puffs-Disposable-Vape-Wholesale-TROPICAL-FRUIT-150x150.jpg 150w, https:\/\/www.vape4wholesale.com\/wp-content\/uploads\/2024\/08\/Bang-King-25000-Puffs-Disposable-Vape-Wholesale-TROPICAL-FRUIT-768x768.jpg 768w, https:\/\/www.vape4wholesale.com\/wp-content\/uploads\/2024\/08\/Bang-King-25000-Puffs-Disposable-Vape-Wholesale-TROPICAL-FRUIT-12x12.jpg 12w\" sizes=\"auto, (max-width: 800px) 100vw, 800px\" \/><figcaption id=\"caption-attachment-16589\" class=\"wp-caption-text\">Bang King 25000 Puffs za enkratno uporabo Vape na debelo<\/figcaption><\/figure>\n<h2>ZAKAJ MI?<\/h2>\r\n<ul>\r\n<li>Resni\u010dni, zanesljivi in strokovni vir za vape.<\/li>\r\n<li>100% Originalno jamstvo: Zavra\u010damo ponarejanje: zagotavljamo samo originalne in pristne izdelke.<\/li>\r\n<li>100% Zagotovilo za dostavo: 100%: uporabljamo najbolj\u0161i na\u010din po\u0161iljanja, da zagotovimo, da prejmete naro\u010dilo 100%.<\/li>\r\n<li>Po odpremi vam bomo posredovali \u0161tevilko za sledenje in nalepko za po\u0161iljanje ter spremljali blago, dokler ga ne podpi\u0161ete.<\/li>\r\n<li>Brez carinskih te\u017eav, brez tarif<\/li>\r\n<\/ul>","protected":false},"excerpt":{"rendered":"<div class=\"wsppc_div_block woocommerce_before_add_to_cart_form\">\r\n<p><strong><span style=\"color: #00a859;\">Opraviti carinsko po\u0161to<\/span> pred dostavo &amp; 100% Garancija dostave, Dostava v pribli\u017eno 19\u201325 dneh.\u00a0<\/strong><\/p>\r\n<\/div>","protected":false},"featured_media":16579,"comment_status":"open","ping_status":"closed","template":"","meta":[],"pwb-brand":[1275],"product_cat":[873],"product_tag":[22,24,249,557,915],"class_list":{"0":"post-16538","1":"product","2":"type-product","3":"status-publish","4":"has-post-thumbnail","6":"pwb-brand-bang","7":"product_cat-above-20k-puffs","8":"product_tag-disposable","9":"product_tag-wholesale","10":"product_tag-bang","11":"product_tag-23-0ml","12":"product_tag-25000-puffs","13":"wcpa_has_options","15":"first","16":"instock","17":"featured","18":"shipping-taxable","19":"purchasable","20":"product-type-variable"},"aioseo_notices":[],"brands":[{"id":1275,"name":"Bang","slug":"bang"}],"_links":{"self":[{"href":"https:\/\/www.vape4wholesale.com\/sl\/wp-json\/wp\/v2\/product\/16538","targetHints":{"allow":["GET"]}}],"collection":[{"href":"https:\/\/www.vape4wholesale.com\/sl\/wp-json\/wp\/v2\/product"}],"about":[{"href":"https:\/\/www.vape4wholesale.com\/sl\/wp-json\/wp\/v2\/types\/product"}],"replies":[{"embeddable":true,"href":"https:\/\/www.vape4wholesale.com\/sl\/wp-json\/wp\/v2\/comments?post=16538"}],"wp:featuredmedia":[{"embeddable":true,"href":"https:\/\/www.vape4wholesale.com\/sl\/wp-json\/wp\/v2\/media\/16579"}],"wp:attachment":[{"href":"https:\/\/www.vape4wholesale.com\/sl\/wp-json\/wp\/v2\/media?parent=16538"}],"wp:term":[{"taxonomy":"pwb-brand","embeddable":true,"href":"https:\/\/www.vape4wholesale.com\/sl\/wp-json\/wp\/v2\/pwb-brand?post=16538"},{"taxonomy":"product_cat","embeddable":true,"href":"https:\/\/www.vape4wholesale.com\/sl\/wp-json\/wp\/v2\/product_cat?post=16538"},{"taxonomy":"product_tag","embeddable":true,"href":"https:\/\/www.vape4wholesale.com\/sl\/wp-json\/wp\/v2\/product_tag?post=16538"}],"curies":[{"name":"wp","href":"https:\/\/api.w.org\/{rel}","templated":true}]}}