{"id":16479,"date":"2024-07-29T13:00:24","date_gmt":"2024-07-29T05:00:24","guid":{"rendered":"https:\/\/www.vape4wholesale.com\/?post_type=product&#038;p=16479"},"modified":"2026-01-26T13:40:24","modified_gmt":"2026-01-26T13:40:24","slug":"stara-sola-rrd-za-ponovno-polnjenje-vape-na-debelo","status":"publish","type":"product","link":"https:\/\/www.vape4wholesale.com\/sl\/product\/old-school-rrd-refillable-vape-wholesale","title":{"rendered":"Old School RRD za ponovno polnjenje Vape na debelo"},"content":{"rendered":"<p>Old School RRD vape je obnovljiv in ima dvobarvno barvno gradientno zasnovo, opremljen je z akumulatorsko baterijo 650 mAh, v pod lahko shranite najve\u010d 4 ml eliquid.<\/p>\n<h2><strong>Old School RRD Informacije o izdelku<\/strong><\/h2>\n<ul>\n<li>Funkcija vklopa in izklopa: Pred vklopom\/izklopom 5 klikov v 2 sekundah in rde\u010da lu\u010dka petkrat utripa<\/li>\n<li>Funkcija uravnavanja tlaka: 3 zaporedni kliki za prestavljanje prestav<\/li>\n<li>Rde\u010da lu\u010d: 3,0 V<\/li>\n<li>MODRA SVETLOBA: 3,5 V<\/li>\n<li>Zelena lu\u010d: 4.0v<\/li>\n<li>Baterija: 650 mAh za ponovno polnjenje<\/li>\n<li>Kapaciteta podov: 4ml<\/li>\n<\/ul>\n<h2><strong>Barve, ki so na voljo<\/strong><\/h2>\n<ul>\n<li>Rde\u010da in oran\u017ena barva<\/li>\n<li>Modra in vijoli\u010dna<\/li>\n<li>Zelena in siva<\/li>\n<li>Vijoli\u010dna in modra<\/li>\n<li>Modra in rumena barva<\/li>\n<li>Zelena in rde\u010da barva<\/li>\n<\/ul>\n<h2><strong>Specifikacije izdelka<\/strong><\/h2>\n<ul>\n<li>Darilna \u0161katla: 49*17*100mm 1PCS 45g<\/li>\n<li>Velika \u0161katla: Vrhunska \u0161katla: 101*91*103mm 10 kosov 477g<\/li>\n<li>Zunanja \u0161katla: 325 * 479 * 237 mm 300 kosov 16,3 kg<\/li>\n<\/ul>\n<figure id=\"attachment_16472\" aria-describedby=\"caption-attachment-16472\" style=\"width: 1000px\" class=\"wp-caption alignnone\"><img loading=\"lazy\" decoding=\"async\" class=\"wp-image-16472 size-full\" title=\"Old School RRD za ponovno polnjenje Vape na debelo (8)\" src=\"https:\/\/www.vape4wholesale.com\/wp-content\/uploads\/2024\/07\/Old-School-RRD-Refillable-Vape-Wholesale-8.webp\" alt=\"Old School RRD za ponovno polnjenje Vape na debelo (8)\" width=\"1000\" height=\"1000\" srcset=\"https:\/\/www.vape4wholesale.com\/wp-content\/uploads\/2024\/07\/Old-School-RRD-Refillable-Vape-Wholesale-8.webp 1000w, https:\/\/www.vape4wholesale.com\/wp-content\/uploads\/2024\/07\/Old-School-RRD-Refillable-Vape-Wholesale-8-247x247.webp 247w, https:\/\/www.vape4wholesale.com\/wp-content\/uploads\/2024\/07\/Old-School-RRD-Refillable-Vape-Wholesale-8-100x100.webp 100w, https:\/\/www.vape4wholesale.com\/wp-content\/uploads\/2024\/07\/Old-School-RRD-Refillable-Vape-Wholesale-8-510x510.webp 510w, https:\/\/www.vape4wholesale.com\/wp-content\/uploads\/2024\/07\/Old-School-RRD-Refillable-Vape-Wholesale-8-64x64.webp 64w, https:\/\/www.vape4wholesale.com\/wp-content\/uploads\/2024\/07\/Old-School-RRD-Refillable-Vape-Wholesale-8-300x300.webp 300w, https:\/\/www.vape4wholesale.com\/wp-content\/uploads\/2024\/07\/Old-School-RRD-Refillable-Vape-Wholesale-8-150x150.webp 150w, https:\/\/www.vape4wholesale.com\/wp-content\/uploads\/2024\/07\/Old-School-RRD-Refillable-Vape-Wholesale-8-768x768.webp 768w, https:\/\/www.vape4wholesale.com\/wp-content\/uploads\/2024\/07\/Old-School-RRD-Refillable-Vape-Wholesale-8-12x12.webp 12w\" sizes=\"auto, (max-width: 1000px) 100vw, 1000px\" \/><figcaption id=\"caption-attachment-16472\" class=\"wp-caption-text\">Old School RRD za ponovno polnjenje Vape na debelo<\/figcaption><\/figure>\n<p><img loading=\"lazy\" decoding=\"async\" class=\"alignnone size-full wp-image-16474\" title=\"Old School RRD za ponovno polnjenje Vape na debelo (10)\" src=\"https:\/\/www.vape4wholesale.com\/wp-content\/uploads\/2024\/07\/Old-School-RRD-Refillable-Vape-Wholesale-10.webp\" alt=\"Old School RRD za ponovno polnjenje Vape na debelo (10)\" width=\"1000\" height=\"1000\" srcset=\"https:\/\/www.vape4wholesale.com\/wp-content\/uploads\/2024\/07\/Old-School-RRD-Refillable-Vape-Wholesale-10.webp 1000w, https:\/\/www.vape4wholesale.com\/wp-content\/uploads\/2024\/07\/Old-School-RRD-Refillable-Vape-Wholesale-10-247x247.webp 247w, https:\/\/www.vape4wholesale.com\/wp-content\/uploads\/2024\/07\/Old-School-RRD-Refillable-Vape-Wholesale-10-100x100.webp 100w, https:\/\/www.vape4wholesale.com\/wp-content\/uploads\/2024\/07\/Old-School-RRD-Refillable-Vape-Wholesale-10-510x510.webp 510w\" sizes=\"auto, (max-width: 1000px) 100vw, 1000px\" \/><\/p>\n<h2>ZAKAJ MI?<\/h2>\r\n<ul>\r\n<li>Resni\u010dni, zanesljivi in strokovni vir za vape.<\/li>\r\n<li>100% Originalno jamstvo: Zavra\u010damo ponarejanje: zagotavljamo samo originalne in pristne izdelke.<\/li>\r\n<li>100% Zagotovilo za dostavo: 100%: uporabljamo najbolj\u0161i na\u010din po\u0161iljanja, da zagotovimo, da prejmete naro\u010dilo 100%.<\/li>\r\n<li>Po odpremi vam bomo posredovali \u0161tevilko za sledenje in nalepko za po\u0161iljanje ter spremljali blago, dokler ga ne podpi\u0161ete.<\/li>\r\n<li>Brez carinskih te\u017eav, brez tarif<\/li>\r\n<\/ul>","protected":false},"excerpt":{"rendered":"<div class=\"wsppc_div_block woocommerce_before_add_to_cart_form\">\r\n<p><strong><span style=\"color: #00a859;\">Clear customs<\/span> before delivery &amp; 100% Delivery Guarantee, Delivery in 19~25 days around.\u00a0<\/strong><\/p>\r\n<\/div>\n<p>Ta izdelek je na voljo brez eliquid<\/p>\n<p>MOQ: 200 kosov\/barva<\/p>","protected":false},"featured_media":16473,"comment_status":"open","ping_status":"closed","template":"","meta":[],"pwb-brand":[1289],"product_cat":[15],"product_tag":[],"class_list":{"0":"post-16479","1":"product","2":"type-product","3":"status-publish","4":"has-post-thumbnail","6":"pwb-brand-others","7":"product_cat-others","9":"first","10":"instock","11":"shipping-taxable","12":"purchasable","13":"product-type-variable"},"aioseo_notices":[],"brands":[{"id":1289,"name":"Drugo","slug":"drugi"}],"_links":{"self":[{"href":"https:\/\/www.vape4wholesale.com\/sl\/wp-json\/wp\/v2\/product\/16479","targetHints":{"allow":["GET"]}}],"collection":[{"href":"https:\/\/www.vape4wholesale.com\/sl\/wp-json\/wp\/v2\/product"}],"about":[{"href":"https:\/\/www.vape4wholesale.com\/sl\/wp-json\/wp\/v2\/types\/product"}],"replies":[{"embeddable":true,"href":"https:\/\/www.vape4wholesale.com\/sl\/wp-json\/wp\/v2\/comments?post=16479"}],"wp:featuredmedia":[{"embeddable":true,"href":"https:\/\/www.vape4wholesale.com\/sl\/wp-json\/wp\/v2\/media\/16473"}],"wp:attachment":[{"href":"https:\/\/www.vape4wholesale.com\/sl\/wp-json\/wp\/v2\/media?parent=16479"}],"wp:term":[{"taxonomy":"pwb-brand","embeddable":true,"href":"https:\/\/www.vape4wholesale.com\/sl\/wp-json\/wp\/v2\/pwb-brand?post=16479"},{"taxonomy":"product_cat","embeddable":true,"href":"https:\/\/www.vape4wholesale.com\/sl\/wp-json\/wp\/v2\/product_cat?post=16479"},{"taxonomy":"product_tag","embeddable":true,"href":"https:\/\/www.vape4wholesale.com\/sl\/wp-json\/wp\/v2\/product_tag?post=16479"}],"curies":[{"name":"wp","href":"https:\/\/api.w.org\/{rel}","templated":true}]}}